{"id":2063,"date":"2014-04-28T10:55:31","date_gmt":"2014-04-28T13:55:31","guid":{"rendered":"https:\/\/wp.ufpel.edu.br\/prppg\/?page_id=2063"},"modified":"2014-04-28T10:56:01","modified_gmt":"2014-04-28T13:56:01","slug":"instrucoes-para-elaboracao-de-projetos-de-pesquisa","status":"publish","type":"page","link":"https:\/\/wp.ufpel.edu.br\/prppg\/instrucoes-para-elaboracao-de-projetos-de-pesquisa\/","title":{"rendered":"Instru\u00e7\u00f5es para Elabora\u00e7\u00e3o de Projetos de Pesquisa"},"content":{"rendered":"<p><span style=\"color: #000000\"><a href=\"https:\/\/wp.ufpel.edu.br\/prppg\/files\/2014\/04\/Modelo-Projeto-Pesquisa.doc\"><span style=\"color: #000000\">Modelo Projeto Pesquisa<\/span><\/a><\/span><\/p>\n<p><span style=\"color: #000000\"><a href=\"https:\/\/wp.ufpel.edu.br\/prppg\/files\/2014\/04\/Termo-de-Consentimento-Livre-e-Esclarecido.pdf\"><span style=\"color: #000000\">Termo de Consentimento Livre e Esclarecido<\/span><\/a><\/span><\/p>\n","protected":false},"excerpt":{"rendered":"<p>Modelo Projeto Pesquisa Termo de Consentimento Livre e Esclarecido<\/p>\n","protected":false},"author":45,"featured_media":0,"parent":0,"menu_order":0,"comment_status":"closed","ping_status":"open","template":"","meta":{"footnotes":""},"class_list":["post-2063","page","type-page","status-publish","hentry"],"_links":{"self":[{"href":"https:\/\/wp.ufpel.edu.br\/prppg\/wp-json\/wp\/v2\/pages\/2063","targetHints":{"allow":["GET"]}}],"collection":[{"href":"https:\/\/wp.ufpel.edu.br\/prppg\/wp-json\/wp\/v2\/pages"}],"about":[{"href":"https:\/\/wp.ufpel.edu.br\/prppg\/wp-json\/wp\/v2\/types\/page"}],"author":[{"embeddable":true,"href":"https:\/\/wp.ufpel.edu.br\/prppg\/wp-json\/wp\/v2\/users\/45"}],"replies":[{"embeddable":true,"href":"https:\/\/wp.ufpel.edu.br\/prppg\/wp-json\/wp\/v2\/comments?post=2063"}],"version-history":[{"count":1,"href":"https:\/\/wp.ufpel.edu.br\/prppg\/wp-json\/wp\/v2\/pages\/2063\/revisions"}],"predecessor-version":[{"id":2066,"href":"https:\/\/wp.ufpel.edu.br\/prppg\/wp-json\/wp\/v2\/pages\/2063\/revisions\/2066"}],"wp:attachment":[{"href":"https:\/\/wp.ufpel.edu.br\/prppg\/wp-json\/wp\/v2\/media?parent=2063"}],"curies":[{"name":"wp","href":"https:\/\/api.w.org\/{rel}","templated":true}]}}