{"id":2042,"date":"2014-04-24T14:23:49","date_gmt":"2014-04-24T17:23:49","guid":{"rendered":"https:\/\/wp.ufpel.edu.br\/prppg\/?page_id=2042"},"modified":"2020-02-12T10:33:58","modified_gmt":"2020-02-12T13:33:58","slug":"plataforma-brasil","status":"publish","type":"page","link":"https:\/\/wp.ufpel.edu.br\/prppg\/plataforma-brasil\/","title":{"rendered":"Plataforma Brasil"},"content":{"rendered":"<p><span style=\"color: #000000\"><strong>SUBMISS\u00c3O DE PROJETOS DE PESQUISA \u2013 PLATAFORMA BRASIL<\/strong><\/span><\/p>\n<p><span style=\"color: #000000\">A Plataforma Brasil \u00e9 uma base nacional e unificada de registros de pesquisas envolvendo seres humanos para todo o sistema CEP\/CONEP.<\/span><br \/>\n<span style=\"color: #000000\"> Ela permite que as pesquisas sejam acompanhadas em seus diferentes est\u00e1gios &#8211; desde sua submiss\u00e3o at\u00e9 a aprova\u00e7\u00e3o final pelo CEP e pela CONEP, quando necess\u00e1rio &#8211; possibilitando inclusive o acompanhamento da fase de campo, o envio de relat\u00f3rios parciais e dos relat\u00f3rios finais das pesquisas (quando conclu\u00eddas).<\/span><\/p>\n<p><span style=\"color: #000000\">O sistema permite, ainda, a apresenta\u00e7\u00e3o de documentos tamb\u00e9m em meio digital, propiciando ainda \u00e0 sociedade o acesso aos dados p\u00fablicos de todas as pesquisas aprovadas. Pela Internet \u00e9 poss\u00edvel a todos os envolvidos o acesso, por meio de um ambiente compartilhado, \u00e0s informa\u00e7\u00f5es em conjunto, diminuindo de forma significativa o tempo de tr\u00e2mite dos projetos em todo o sistema CEP\/CONEP. Sendo assim, todo pesquisador que desejar submeter o seu Projeto de Pesquisa dever\u00e1 obrigatoriamente cadastrar-se como pesquisador na referida base de dados, e submeter o Projeto de Pesquisa diretamente pela Plataforma.<\/span><\/p>\n<p><span style=\"color: #000000\">PARA A REALIZA\u00c7\u00c3O DO CADASTRO, \u00c9 OBRIGAT\u00d3RIO TER EM M\u00c3OS OS SEGUINTES ITENS:<\/span><\/p>\n<ul>\n<li><span style=\"color: #000000\">N\u00famero do CPF.<\/span><\/li>\n<li><span style=\"color: #000000\">Curriculum Vitae do pesquisador (em formato doc, docx, odt ou pdf) ou o endere\u00e7o eletr\u00f4nico do Curr\u00edculo na Plataforma Lattes.<\/span><\/li>\n<li><span style=\"color: #000000\">Documento com foto digitalizado (Carteira de identidade, identidade Profissional, Carteira de Motorista, em formato jpg ou pdf).<\/span><\/li>\n<li><span style=\"color: #000000\">Conta de e-mail ativa.<\/span><\/li>\n<\/ul>\n<p><span style=\"color: #000000\">Para cadastrar-se, por favor, acesse o site da Plataforma Brasil:<\/span><br \/>\n<a href=\"http:\/\/plataformabrasil.saude.gov.br\/login.jsf\"><span style=\"color: #000000\">http:\/\/plataformabrasil.saude.gov.br\/<\/span><\/a><\/p>\n<ul>\n<li><span style=\"color: #000000\"><a href=\"https:\/\/wp.ufpel.edu.br\/prppg\/files\/2014\/04\/Orienta\u00e7\u00f5es-B\u00e1sicas-para-Submiss\u00e3o-de-Projeto-de-Pesquisa.pdf\"><span style=\"color: #000000\">Orienta\u00e7\u00f5es B\u00e1sicas para Submiss\u00e3o de Projeto de Pesquisa<\/span><\/a><\/span><\/li>\n<li><span style=\"color: #000000\"><a href=\"http:\/\/aplicacao.saude.gov.br\/plataformabrasil\/login.jsf\"><span style=\"color: #000000\">Plataforma Brasil<\/span><\/a><\/span><\/li>\n<li><span style=\"color: #000000\"><a href=\"https:\/\/wp.ufpel.edu.br\/prppg\/files\/2014\/04\/ABA_ALTERAR_MEUS_DADOS.pdf\"><span style=\"color: #000000\">Aba &#8220;ALTERAR_MEUS_DADOS&#8221;<\/span><\/a><\/span><\/li>\n<li><span style=\"color: #000000\"><a href=\"https:\/\/wp.ufpel.edu.br\/prppg\/files\/2014\/04\/AN\u00c1LISE_E_TRAMITA\u00c7\u00c3O_DE_PROJETOS_NOS_CEPs.pdf\"><span style=\"color: #000000\">An\u00e1lise e_Tramita\u00e7\u00e3o de Projetos nos CEPs<\/span><\/a><\/span><\/li>\n<li><span style=\"color: #000000\"><a href=\"https:\/\/wp.ufpel.edu.br\/prppg\/files\/2014\/04\/CADASTRO_DE_USU\u00c1RIO.pdf\"><span style=\"color: #000000\">Cadastro de Usu\u00e1rio<\/span><\/a><\/span><\/li>\n<li><span style=\"color: #000000\"><a href=\"https:\/\/wp.ufpel.edu.br\/prppg\/files\/2014\/04\/ENVIAR_NOTIFICA\u00c7\u00c3O.pdf\"><span style=\"color: #000000\">Enviar Notifica\u00e7\u00e3o<\/span><\/a><\/span><\/li>\n<li><span style=\"color: #000000\"><a href=\"https:\/\/wp.ufpel.edu.br\/prppg\/files\/2014\/04\/FUNCIONALIDADES_DA_ABA_CEP.pdf\"><span style=\"color: #000000\">Funcionalidades da ABA CEP<\/span><\/a><\/span><\/li>\n<li><span style=\"color: #000000\"><a href=\"https:\/\/wp.ufpel.edu.br\/prppg\/files\/2014\/04\/FUNCIONALIDADES_DA_ABA_PESQUISADOR.pdf\"><span style=\"color: #000000\">Funcionalidades da ABA Pesquisador<\/span><\/a><\/span><\/li>\n<li><span style=\"color: #000000\"><a href=\"https:\/\/wp.ufpel.edu.br\/prppg\/files\/2014\/04\/SOLICITA\u00c7\u00c3O_DE_CADASTRO_DE_INSTITUI\u00c7\u00c3O.pdf\"><span style=\"color: #000000\">Solicita\u00e7\u00e3o de Cadastro de Institui\u00e7\u00e3o<\/span><\/a><\/span><\/li>\n<li><span style=\"color: #000000\"><a href=\"https:\/\/wp.ufpel.edu.br\/prppg\/files\/2014\/04\/SUBMETER_EMENDA_AO_PROJETO.pdf\"><span style=\"color: #000000\">Submeter Emenda ao Projeto<\/span><\/a><\/span><\/li>\n<\/ul>\n","protected":false},"excerpt":{"rendered":"<p>SUBMISS\u00c3O DE PROJETOS DE PESQUISA \u2013 PLATAFORMA BRASIL A Plataforma Brasil \u00e9 uma base nacional e unificada de registros de pesquisas envolvendo seres humanos para todo o sistema CEP\/CONEP. Ela permite que as pesquisas sejam acompanhadas em seus diferentes est\u00e1gios &#8211; desde sua submiss\u00e3o at\u00e9 a aprova\u00e7\u00e3o final pelo CEP e pela CONEP, quando necess\u00e1rio [&hellip;]<\/p>\n","protected":false},"author":45,"featured_media":0,"parent":0,"menu_order":0,"comment_status":"closed","ping_status":"closed","template":"","meta":{"footnotes":""},"class_list":["post-2042","page","type-page","status-publish","hentry"],"_links":{"self":[{"href":"https:\/\/wp.ufpel.edu.br\/prppg\/wp-json\/wp\/v2\/pages\/2042","targetHints":{"allow":["GET"]}}],"collection":[{"href":"https:\/\/wp.ufpel.edu.br\/prppg\/wp-json\/wp\/v2\/pages"}],"about":[{"href":"https:\/\/wp.ufpel.edu.br\/prppg\/wp-json\/wp\/v2\/types\/page"}],"author":[{"embeddable":true,"href":"https:\/\/wp.ufpel.edu.br\/prppg\/wp-json\/wp\/v2\/users\/45"}],"replies":[{"embeddable":true,"href":"https:\/\/wp.ufpel.edu.br\/prppg\/wp-json\/wp\/v2\/comments?post=2042"}],"version-history":[{"count":14,"href":"https:\/\/wp.ufpel.edu.br\/prppg\/wp-json\/wp\/v2\/pages\/2042\/revisions"}],"predecessor-version":[{"id":6650,"href":"https:\/\/wp.ufpel.edu.br\/prppg\/wp-json\/wp\/v2\/pages\/2042\/revisions\/6650"}],"wp:attachment":[{"href":"https:\/\/wp.ufpel.edu.br\/prppg\/wp-json\/wp\/v2\/media?parent=2042"}],"curies":[{"name":"wp","href":"https:\/\/api.w.org\/{rel}","templated":true}]}}