{"id":2040,"date":"2014-04-24T14:23:21","date_gmt":"2014-04-24T17:23:21","guid":{"rendered":"https:\/\/wp.ufpel.edu.br\/prppg\/?page_id=2040"},"modified":"2020-10-08T19:12:17","modified_gmt":"2020-10-08T22:12:17","slug":"conep","status":"publish","type":"page","link":"https:\/\/wp.ufpel.edu.br\/prppg\/conep\/","title":{"rendered":"CONEP"},"content":{"rendered":"<ul>\n<li><span style=\"color: #000000\"><a href=\"https:\/\/wp.ufpel.edu.br\/prppg\/files\/2014\/04\/Capacita\u00e7\u00e3o-para-Comit\u00eas-de-\u00c9tica-em-Pesquisas-Volume-1.pdf\"><span style=\"color: #000000\">Capacita\u00e7\u00e3o para Comit\u00eas de \u00c9tica em Pesquisas &#8211; Volume 1<\/span><\/a><\/span><\/li>\n<li><span style=\"color: #000000\"><a href=\"https:\/\/wp.ufpel.edu.br\/prppg\/files\/2014\/04\/Capacita\u00e7\u00e3o-para-Comit\u00eas-de-\u00c9tica-em-Pesquisas-Volume-2.pdf\"><span style=\"color: #000000\">Capacita\u00e7\u00e3o para Comit\u00eas de \u00c9tica em Pesquisas &#8211; Volume 2<\/span><\/a><\/span><\/li>\n<li><span style=\"color: #000000\"><a href=\"https:\/\/wp.ufpel.edu.br\/prppg\/files\/2014\/04\/Resolu\u00e7\u00e3o-441-11-Armazenamento-Material-Biol\u00f3gico-Humano.pdf\"><span style=\"color: #000000\">Resolu\u00e7\u00e3o 441 11 &#8211; Armazenamento Material Biol\u00f3gico Humano<\/span><\/a><\/span><\/li>\n<li><span style=\"color: #000000\"><a href=\"https:\/\/wp.ufpel.edu.br\/prppg\/files\/2014\/04\/Resolu\u00e7\u00e3o-466-12-Normas-e-Diretrizes-Regulamentadoras-de-Pesquisas-Envolvendo-Seres-Humanos.pdf\"><span style=\"color: #000000\">Resolu\u00e7\u00e3o 466 12 &#8211; Normas e Diretrizes Regulamentadoras de Pesquisas Envolvendo Seres Humanos<\/span><\/a><\/span><\/li>\n<li><span style=\"color: #000000\"><a href=\"https:\/\/wp.ufpel.edu.br\/prppg\/files\/2014\/04\/DESCRI\u00c7\u00c3O_DAS_CONTAS_DE_EMAIL_DA_CONEP.pdf\"><span style=\"color: #000000\">Descri\u00e7\u00e3o das contas de email da CONEP<\/span><\/a><\/span><\/li>\n<li><span style=\"color: #000000\"><a href=\"https:\/\/wp.ufpel.edu.br\/prppg\/files\/2014\/04\/Resolucao-346-05-tramita\u00e7\u00e3o-de-projetos-multic\u00eantricos.doc\"><span style=\"color: #000000\">Resoluc\u00e3o 346 05 &#8211; Tramita\u00e7\u00e3o de Projetos Multic\u00eantricos<\/span><\/a><\/span><\/li>\n<li><span style=\"color: #000000\"><a href=\"https:\/\/wp.ufpel.edu.br\/prppg\/files\/2014\/04\/Resolu\u00e7\u00e3o-446-11-Sistema-CEP-CONEP-CNS-MS.doc\"><span style=\"color: #000000\">Resolu\u00e7\u00e3o 446 11 &#8211; Sistema CEP CONEP CNS MS<\/span><\/a><\/span><\/li>\n<li><span style=\"color: #000000\"><a href=\"https:\/\/wp.ufpel.edu.br\/prppg\/files\/2014\/04\/Norma-Operacional-01-13-Organiza\u00e7\u00e3o-e-funcionamento-do-Sistema-CEP-CONEP1.pdf\"><span style=\"color: #000000\">Norma Operacional &#8211; 01 13 Organiza\u00e7\u00e3o e funcionamento do Sistema CEP CONEP<\/span><\/a><\/span><\/li>\n<li><a href=\"https:\/\/wp.ufpel.edu.br\/prppgi\/files\/2020\/10\/Resolucao-240-1997-Representacao-de-usuarios-no-CEP.pdf\">Resolu\u00e7\u00e3o 240 1997 Representa\u00e7\u00e3o de usu\u00e1rios no CEP<\/a><\/li>\n<li><a href=\"https:\/\/wp.ufpel.edu.br\/prppgi\/files\/2020\/10\/Resolucao-251-1997-Novos-farmacos-medicamentos-vacinas-e-testes-diagnosticos.pdf\">Resolu\u00e7\u00e3o 251 1997 Novos f\u00e1rmacos, medicamentos, vacinas e testes diagn\u00f3sticos<\/a><\/li>\n<li><a href=\"https:\/\/wp.ufpel.edu.br\/prppgi\/files\/2020\/10\/Resolucao-292-1999-Cooperacao-estrangeira.pdf\">Resolu\u00e7\u00e3o 292 1999 Coopera\u00e7\u00e3o estrangeira<\/a><\/li>\n<li><a href=\"https:\/\/wp.ufpel.edu.br\/prppgi\/files\/2020\/10\/Resolucao-304-2000-Povos-indigenas.pdf\">Resolu\u00e7\u00e3o 304 2000 Povos ind\u00edgenas<\/a><\/li>\n<li><a href=\"https:\/\/wp.ufpel.edu.br\/prppgi\/files\/2020\/10\/Resolucao-340-2004-Area-Tematica-Especial-de-Genetica-Humana.pdf\">Resolu\u00e7\u00e3o 340 2004 \u00c1rea Tem\u00e1tica Especial de Gen\u00e9tica Humana<\/a><\/li>\n<li><a href=\"https:\/\/wp.ufpel.edu.br\/prppgi\/files\/2020\/10\/Resolucao-370-2007-Registro-e-credenciamento-ou-renovacao-de-regitro-e-credenciamneto-do-CEP.pdf\">Resolu\u00e7\u00e3o 370 2007 Registro e credenciamento ou renova\u00e7\u00e3o de registro e credenciamento do CEP<\/a><\/li>\n<li><a href=\"https:\/\/wp.ufpel.edu.br\/prppgi\/files\/2020\/10\/Resolucao-506-2016-Acreditacao-do-CEP.pdf\">Resolu\u00e7\u00e3o 506 2016 Acredita\u00e7\u00e3o do CEP<\/a><\/li>\n<li><a href=\"https:\/\/wp.ufpel.edu.br\/prppgi\/files\/2020\/10\/Resolucao-510-2016-Normas-aplicaveis-a-pesquisas-Ciencias-Humanas-e-Sociais.pdf\">Resolu\u00e7\u00e3o 510 2016 Normas aplic\u00e1veis a pesquisas Ci\u00eancias Humanas e Sociais<\/a><\/li>\n<li><a href=\"https:\/\/wp.ufpel.edu.br\/prppgi\/files\/2020\/10\/Resolucao-563-2017-Doencas-ultrarraras.pdf\">Resolu\u00e7\u00e3o 563 2017 Doen\u00e7as ultrarraras<\/a><\/li>\n<li><a href=\"https:\/\/wp.ufpel.edu.br\/prppgi\/files\/2020\/10\/Resolucao-580-2018-Promocao-proteccao-e-recupracao-da-saude.pdf\">Resolu\u00e7\u00e3o 580 2018 Promo\u00e7\u00e3o, prote\u00e7\u00e3o e recupera\u00e7\u00e3o da sa\u00fade<\/a><\/li>\n<li><a href=\"https:\/\/wp.ufpel.edu.br\/prppgi\/files\/2020\/10\/guia-de-perfis-da-Plat-Brasil.pdf\">Guia de perfis da Plataforma Brasil<\/a><\/li>\n<li><a href=\"https:\/\/wp.ufpel.edu.br\/prppgi\/files\/2020\/10\/manual-do-cep.pdf\">Manual do CEP<\/a><\/li>\n<li><a href=\"https:\/\/wp.ufpel.edu.br\/prppgi\/files\/2020\/10\/manual-do-usuario.pdf\">Manual do Usu\u00e1rio do CEP (Pesquisador)<\/a><\/li>\n<li><a href=\"https:\/\/wp.ufpel.edu.br\/prppgi\/files\/2020\/10\/MANUAL_ORIENTACAO_PENDENCIAS_FREQUENTES_PROTOCOLOS_PESQUISA_CLINICA_V1.pdf\">MANUAL DE ORIENTA\u00c7\u00c3O: PEND\u00caNCIAS FREQUENTES EM PROTOCOLOS DE PESQUISA CL\u00cdNICA<\/a><\/li>\n<li><a href=\"https:\/\/wp.ufpel.edu.br\/prppgi\/files\/2020\/10\/Manual-Envio-de-Notificacao.pdf\">Manual de Envio de Notifica\u00e7\u00e3o<\/a><\/li>\n<li><a href=\"https:\/\/wp.ufpel.edu.br\/prppgi\/files\/2020\/10\/Manual-Submissao-de-Emenda.pdf\">Manual de Submiss\u00e3o de Emenda de Projetos<\/a><\/li>\n<\/ul>\n","protected":false},"excerpt":{"rendered":"<p>Capacita\u00e7\u00e3o para Comit\u00eas de \u00c9tica em Pesquisas &#8211; Volume 1 Capacita\u00e7\u00e3o para Comit\u00eas de \u00c9tica em Pesquisas &#8211; Volume 2 Resolu\u00e7\u00e3o 441 11 &#8211; Armazenamento Material Biol\u00f3gico Humano Resolu\u00e7\u00e3o 466 12 &#8211; Normas e Diretrizes Regulamentadoras de Pesquisas Envolvendo Seres Humanos Descri\u00e7\u00e3o das contas de email da CONEP Resoluc\u00e3o 346 05 &#8211; Tramita\u00e7\u00e3o de Projetos [&hellip;]<\/p>\n","protected":false},"author":45,"featured_media":0,"parent":0,"menu_order":0,"comment_status":"closed","ping_status":"closed","template":"","meta":{"footnotes":""},"class_list":["post-2040","page","type-page","status-publish","hentry"],"_links":{"self":[{"href":"https:\/\/wp.ufpel.edu.br\/prppg\/wp-json\/wp\/v2\/pages\/2040","targetHints":{"allow":["GET"]}}],"collection":[{"href":"https:\/\/wp.ufpel.edu.br\/prppg\/wp-json\/wp\/v2\/pages"}],"about":[{"href":"https:\/\/wp.ufpel.edu.br\/prppg\/wp-json\/wp\/v2\/types\/page"}],"author":[{"embeddable":true,"href":"https:\/\/wp.ufpel.edu.br\/prppg\/wp-json\/wp\/v2\/users\/45"}],"replies":[{"embeddable":true,"href":"https:\/\/wp.ufpel.edu.br\/prppg\/wp-json\/wp\/v2\/comments?post=2040"}],"version-history":[{"count":11,"href":"https:\/\/wp.ufpel.edu.br\/prppg\/wp-json\/wp\/v2\/pages\/2040\/revisions"}],"predecessor-version":[{"id":7056,"href":"https:\/\/wp.ufpel.edu.br\/prppg\/wp-json\/wp\/v2\/pages\/2040\/revisions\/7056"}],"wp:attachment":[{"href":"https:\/\/wp.ufpel.edu.br\/prppg\/wp-json\/wp\/v2\/media?parent=2040"}],"curies":[{"name":"wp","href":"https:\/\/api.w.org\/{rel}","templated":true}]}}