{"id":1686,"date":"2014-02-07T11:26:39","date_gmt":"2014-02-07T13:26:39","guid":{"rendered":"https:\/\/wp.ufpel.edu.br\/prppg\/?page_id=1686"},"modified":"2025-08-13T16:35:16","modified_gmt":"2025-08-13T19:35:16","slug":"substituicao-de-bolsistas","status":"publish","type":"page","link":"https:\/\/wp.ufpel.edu.br\/prppg\/substituicao-de-bolsistas\/","title":{"rendered":"Bolsistas de Inicia\u00e7\u00e3o Cient\u00edfica e Tecnol\u00f3gica"},"content":{"rendered":"<p><span style=\"font-size: 14pt\"><strong>Bolsas de Inicia\u00e7\u00e3o Cient\u00edfica<\/strong><\/span><\/p>\n<p style=\"text-align: justify\">Os Programas Institucionais de Bolsas de Inicia\u00e7\u00e3o Cient\u00edfica <strong>PIBIC\/CNPq, PIBIC-AF\/CNPq, PROBIC\/FAPERGS e PROBIC-AF\/FAPERGS<\/strong> visam apoiar a pol\u00edtica de Inicia\u00e7\u00e3o Cient\u00edfica desenvolvida nas Institui\u00e7\u00f5es de Ensino, por meio da concess\u00e3o de bolsas de Inicia\u00e7\u00e3o Cient\u00edfica (IC) a estudantes de gradua\u00e7\u00e3o integrados na pesquisa cient\u00edfica. Os programas visam:<\/p>\n<p style=\"text-align: justify\">(1) despertar voca\u00e7\u00e3o cient\u00edfica e incentivar novos talentos entre estudantes de gradua\u00e7\u00e3o;<\/p>\n<p style=\"text-align: justify\">(2) contribuir para reduzir o tempo m\u00e9dio de titula\u00e7\u00e3o de mestres e doutores(as);<\/p>\n<p style=\"text-align: justify\">(3) contribuir para a forma\u00e7\u00e3o cient\u00edfica de recursos humanos que se dedicar\u00e3o a qualquer atividade profissional;<\/p>\n<p style=\"text-align: justify\">(4) estimular uma maior articula\u00e7\u00e3o entre gradua\u00e7\u00e3o e p\u00f3s-gradua\u00e7\u00e3o;<\/p>\n<p style=\"text-align: justify\">(5) contribuir para a forma\u00e7\u00e3o de recursos humanos para a pesquisa;<\/p>\n<p style=\"text-align: justify\">(6) estimular pesquisadores(as) produtivos(as) a envolverem alunos(as) de gradua\u00e7\u00e3o nas atividades cient\u00edfica, tecnol\u00f3gica e art\u00edstico-cultural;<\/p>\n<p style=\"text-align: justify\">(7) proporcionar ao(\u00e0) bolsista, orientado(a) por pesquisador(a) qualificado(a), a aprendizagem de t\u00e9cnicas e m\u00e9todos de pesquisa, bem como estimular o desenvolvimento do pensar cientificamente e da criatividade, decorrentes das condi\u00e7\u00f5es criadas pelo confronto direto com os problemas de pesquisa;<\/p>\n<p style=\"text-align: justify\">(8) ampliar o acesso e a integra\u00e7\u00e3o do(a) estudante \u00e0 cultura cient\u00edfica, e<\/p>\n<p style=\"text-align: justify\">(9) ampliar a possibilidade de participa\u00e7\u00e3o de estudantes benefici\u00e1rios de pol\u00edticas afirmativas em atividades acad\u00eamicas de inicia\u00e7\u00e3o cient\u00edfica.<\/p>\n<p style=\"text-align: justify\">O Programa de Bolsas de Inicia\u00e7\u00e3o \u00e0 Pesquisa \u2013 A\u00e7\u00f5es Afirmativas <strong>PBIP-AF\/UFPel<\/strong>, \u00e9 um programa que tem como miss\u00e3o complementar as a\u00e7\u00f5es afirmativas existentes na universidade. Seu objetivo \u00e9 oferecer aos estudantes benefici\u00e1rios dessas pol\u00edticas a possibilidade de participa\u00e7\u00e3o em atividades acad\u00eamicas de inicia\u00e7\u00e3o cient\u00edfica. O programa visa:<\/p>\n<p style=\"text-align: justify\">(1) ampliar a oportunidade de forma\u00e7\u00e3o t\u00e9cnico-cient\u00edfica de estudantes cuja inser\u00e7\u00e3o ou perman\u00eancia no ambiente acad\u00eamico \u00e9 fun\u00e7\u00e3o de uma a\u00e7\u00e3o afirmativa;<\/p>\n<p style=\"text-align: justify\">(2) contribuir para a forma\u00e7\u00e3o cient\u00edfica de recursos humanos entre os benefici\u00e1rios de pol\u00edticas de a\u00e7\u00f5es afirmativas de qualquer atividade profissional;<\/p>\n<p style=\"text-align: justify\">(3) ampliar o acesso e a integra\u00e7\u00e3o dos estudantes benefici\u00e1rios de pol\u00edticas de a\u00e7\u00f5es afirmativas \u00e0 cultura cient\u00edfica, e<\/p>\n<p style=\"text-align: justify\">(4) fortalecer a pol\u00edtica de a\u00e7\u00e3o afirmativa existente na UFPel.<\/p>\n<p style=\"text-align: justify\">O Programa de Bolsas de Inicia\u00e7\u00e3o \u00e0 Pesquisa para Diversidade e Inclus\u00e3o <strong>PBIPDIV\/UFPel<\/strong> \u00e9 um programa que tem como objetivo, al\u00e9m dos j\u00e1 listados , apoiar, com 01 (uma) cota de bolsa de Inicia\u00e7\u00e3o Cient\u00edfica, pesquisadores da UFPel que tenham ingressado por vagas reservadas \u00e0 pessoa com defici\u00eancia (PCD) ou \u00e0 cota racial (destina a negros &#8211; pretos ou pardos), visando estimular estabelecimento de condi\u00e7\u00f5es necess\u00e1rias para desenvolvimento de seus projetos de pesquisa na UFPel. A prioridade de distribui\u00e7\u00e3o ser\u00e1 da seguinte forma:<\/p>\n<p style=\"text-align: justify\">1\u00aa) pesquisadoras PCD e\/ou negras (pretas ou pardas) e<\/p>\n<p style=\"text-align: justify\">2\u00aa) demais candidatos ingressantes como PCD ou por cotas raciais.<\/p>\n<p>&nbsp;<\/p>\n<p><span style=\"font-size: 14pt\"><strong>Bolsas de Inova\u00e7\u00e3o Tecnol\u00f3gica<\/strong><\/span><\/p>\n<p>O Programa Institucional de Bolsas de Inicia\u00e7\u00e3o em Desenvolvimento Tecnol\u00f3gico e Inova\u00e7\u00e3o <strong>PIBITI\/CNPq <\/strong>e o Programa Institucional de Bolsas de Inicia\u00e7\u00e3o Tecnol\u00f3gica <strong>PROBITI\/FAPERGS<\/strong><strong>\u00a0<\/strong>t\u00eam por objetivo estimular os jovens do ensino superior nas atividades, metodologias, conhecimentos e pr\u00e1ticas pr\u00f3prias ao desenvolvimento tecnol\u00f3gico e processos de inova\u00e7\u00e3o. Os programas visam:<\/p>\n<p>(1) contribuir para a forma\u00e7\u00e3o e inser\u00e7\u00e3o de estudantes em atividades de pesquisa, desenvolvimento tecnol\u00f3gico e inova\u00e7\u00e3o;<\/p>\n<p>(2) contribuir para a forma\u00e7\u00e3o de recursos humanos que se dedicar\u00e3o ao fortalecimento da capacidade inovadora do Pa\u00eds no setor produtivo, na economia criativa ou na economia solid\u00e1ria; e<\/p>\n<p>(3) contribuir para a forma\u00e7\u00e3o do cidad\u00e3o pleno, com condi\u00e7\u00f5es de participar de forma criativa e empreendedora na sua comunidade.<\/p>\n<p>O Programa Institucional de Bolsas de Inicia\u00e7\u00e3o em Desenvolvimento Tecnol\u00f3gico e Inova\u00e7\u00e3o <strong>PBIP-IT\/UFPel<\/strong> \u00e9 um programa que tem como miss\u00e3o complementar as a\u00e7\u00f5es afirmativas j\u00e1 existentes na universidade. Seu objetivo \u00e9 oferecer aos alunos benefici\u00e1rios dessas pol\u00edticas a possibilidade de participa\u00e7\u00e3o em atividades acad\u00eamicas de inova\u00e7\u00e3o tecnol\u00f3gica. O programa visa:<\/p>\n<p>(1) ampliar a oportunidade de forma\u00e7\u00e3o t\u00e9cnico-cient\u00edfica e tecnol\u00f3gica de estudantes cuja inser\u00e7\u00e3o ou perman\u00eancia no ambiente acad\u00eamico \u00e9 fun\u00e7\u00e3o de uma a\u00e7\u00e3o afirmativa;<\/p>\n<p>(2) contribuir para a forma\u00e7\u00e3o cient\u00edfica, em desenvolvimento tecnol\u00f3gico e inova\u00e7\u00e3o, de recursos humanos entre os benefici\u00e1rios de pol\u00edticas de a\u00e7\u00f5es afirmativas de qualquer atividade profissional;<\/p>\n<p>(3) ampliar o acesso e a integra\u00e7\u00e3o dos estudantes benefici\u00e1rios de pol\u00edticas de a\u00e7\u00f5es afirmativas \u00e0 cultura cient\u00edfica e de inova\u00e7\u00e3o tecnol\u00f3gica, e<\/p>\n<p>(4) fortalecer a pol\u00edtica de a\u00e7\u00e3o afirmativa existente na UFPel.<\/p>\n<p>O Programa Institucional de Bolsas para Empreendedorismo Inovador <strong>PBEI\/UFPel<\/strong> t\u00eam por objetivo oferecer aos alunos bolsistas a possibilidade de participa\u00e7\u00e3o em atividades de pesquisa e desenvolvimento em empresas vinculadas \u00e0 Conectar, a incubadora de base tecnol\u00f3gica da UFPel, seja na modalidade de incuba\u00e7\u00e3o ou p\u00f3s-incuba\u00e7\u00e3o e tamb\u00e9m empresas que possuam contratos, acordos ou termos de coopera\u00e7\u00e3o com a UFPel\u00a0 visando:<\/p>\n<p>(1) contribuir para a forma\u00e7\u00e3o e inser\u00e7\u00e3o de estudantes em atividades de pesquisa, desenvolvimento tecnol\u00f3gico e inova\u00e7\u00e3o;<\/p>\n<p>(2) contribuir para a forma\u00e7\u00e3o de recursos humanos que se dedicar\u00e3o ao fortalecimento da capacidade inovadora do Pa\u00eds no setor produtivo, na economia criativa ou na economia solid\u00e1ria; e<\/p>\n<p>(3) contribuir para a forma\u00e7\u00e3o do cidad\u00e3o pleno, com condi\u00e7\u00f5es de participar de forma criativa e empreendedora na sua comunidade.<\/p>\n<p>&nbsp;<\/p>\n<p><span style=\"font-size: 14pt\"><strong>Bolsas de Inicia\u00e7\u00e3o Cient\u00edfica para o Ensino M\u00e9dio<\/strong><\/span><\/p>\n<p>Os Programas Institucionais de Bolsas de Inicia\u00e7\u00e3o \u00e0 Pesquisa para o Ensino M\u00e9dio <strong>PIBIC-Jr\/CNPq<\/strong> e <strong>PBIP-EM\/UFPel <\/strong>visam apoiar a pol\u00edtica de Inicia\u00e7\u00e3o Cient\u00edfica desenvolvida na UFPel e aproximar a Universidade dos estudantes de escolas p\u00fablicas de ensino m\u00e9dio, por meio da concess\u00e3o de bolsas de Inicia\u00e7\u00e3o Cient\u00edfica no Ensino M\u00e9dio. O programa tem por objetivo:<\/p>\n<p>(1) despertar a voca\u00e7\u00e3o cient\u00edfica e incentivar novos talentos para a pesquisa, mediante a participa\u00e7\u00e3o de estudantes de ensino m\u00e9dio em projetos de pesquisa desenvolvidos pelos professores\/pesquisadores da UFPel;<\/p>\n<p>(2) incentivar o pensamento cr\u00edtico e cient\u00edfico entre os estudantes do ensino m\u00e9dio participantes do programa;<\/p>\n<p>(3) melhorar a intera\u00e7\u00e3o entre Universidade e escolas da rede p\u00fablica de ensino;<\/p>\n<p>(4) propiciar ao estudante de ensino m\u00e9dio a experi\u00eancia de desenvolver um projeto de pesquisa adequado ao seu n\u00edvel de conhecimento, assim como a viv\u00eancia em laborat\u00f3rios e ambientes de pesquisa da Universidade;<\/p>\n<p>(5) fortalecer o processo de dissemina\u00e7\u00e3o das informa\u00e7\u00f5es e conhecimento cient\u00edfico e tecnol\u00f3gico b\u00e1sico entre estudantes do Ensino M\u00e9dio das escolas p\u00fablicas.<\/p>\n<p style=\"text-align: justify\">Os editais para concorrer \u00e0s bolsas s\u00e3o divulgados pela Pr\u00f3-Reitoria de Pesquisa e P\u00f3s-Gradua\u00e7\u00e3o (PRPPG), anualmente. Podem se candidatar aos editais os servidores que se enquadrem nos requisitos estabelecidos em cada edital. Ap\u00f3s a divulga\u00e7\u00e3o dos resultados, os pesquisadores ir\u00e3o indicar os bolsistas \u00e0 PRPPG para a implementa\u00e7\u00e3o das bolsas.<\/p>\n<p>O per\u00edodo das bolsas de Inicia\u00e7\u00e3o Cient\u00edfica e Tecnol\u00f3gica \u00e9 de 01\/09 a 31\/08 do ano seguinte.<\/p>\n","protected":false},"excerpt":{"rendered":"<p>Bolsas de Inicia\u00e7\u00e3o Cient\u00edfica Os Programas Institucionais de Bolsas de Inicia\u00e7\u00e3o Cient\u00edfica PIBIC\/CNPq, PIBIC-AF\/CNPq, PROBIC\/FAPERGS e PROBIC-AF\/FAPERGS visam apoiar a pol\u00edtica de Inicia\u00e7\u00e3o Cient\u00edfica desenvolvida nas Institui\u00e7\u00f5es de Ensino, por meio da concess\u00e3o de bolsas de Inicia\u00e7\u00e3o Cient\u00edfica (IC) a estudantes de gradua\u00e7\u00e3o integrados na pesquisa cient\u00edfica. Os programas visam: (1) despertar voca\u00e7\u00e3o cient\u00edfica e [&hellip;]<\/p>\n","protected":false},"author":45,"featured_media":0,"parent":0,"menu_order":0,"comment_status":"closed","ping_status":"closed","template":"","meta":{"footnotes":""},"class_list":["post-1686","page","type-page","status-publish","hentry"],"_links":{"self":[{"href":"https:\/\/wp.ufpel.edu.br\/prppg\/wp-json\/wp\/v2\/pages\/1686","targetHints":{"allow":["GET"]}}],"collection":[{"href":"https:\/\/wp.ufpel.edu.br\/prppg\/wp-json\/wp\/v2\/pages"}],"about":[{"href":"https:\/\/wp.ufpel.edu.br\/prppg\/wp-json\/wp\/v2\/types\/page"}],"author":[{"embeddable":true,"href":"https:\/\/wp.ufpel.edu.br\/prppg\/wp-json\/wp\/v2\/users\/45"}],"replies":[{"embeddable":true,"href":"https:\/\/wp.ufpel.edu.br\/prppg\/wp-json\/wp\/v2\/comments?post=1686"}],"version-history":[{"count":4,"href":"https:\/\/wp.ufpel.edu.br\/prppg\/wp-json\/wp\/v2\/pages\/1686\/revisions"}],"predecessor-version":[{"id":12137,"href":"https:\/\/wp.ufpel.edu.br\/prppg\/wp-json\/wp\/v2\/pages\/1686\/revisions\/12137"}],"wp:attachment":[{"href":"https:\/\/wp.ufpel.edu.br\/prppg\/wp-json\/wp\/v2\/media?parent=1686"}],"curies":[{"name":"wp","href":"https:\/\/api.w.org\/{rel}","templated":true}]}}