{"id":12518,"date":"2025-12-23T07:42:52","date_gmt":"2025-12-23T10:42:52","guid":{"rendered":"https:\/\/wp.ufpel.edu.br\/prppg\/?page_id=12518"},"modified":"2026-03-24T12:39:08","modified_gmt":"2026-03-24T15:39:08","slug":"edital-pib-m-d","status":"publish","type":"page","link":"https:\/\/wp.ufpel.edu.br\/prppg\/bolsas-pib-tt\/edital-pib-m-d\/","title":{"rendered":"EDITAL PIB M\/D 2026"},"content":{"rendered":"<h1 class=\"corTexto\">Bolsas de Mestrado e Doutorado para estudantes ingressantes via acesso afirmativo, conforme Resolu\u00e7\u00f5es CONSUN no\u00a05\/2017 e 16\/2017.<\/h1>\n<p>A Pr\u00f3-Reitoria de Pesquisa e P\u00f3s-Gradua\u00e7\u00e3o da Universidade Federal de Pelotas torna p\u00fablico que est\u00e3o abertas as solicita\u00e7\u00f5es de cotas de bolsas de mestrado e doutorado alocadas na PRPPG, oriundas do Programa DS\/CAPES e\/ou do Programa PIB M\/D UFPel, com distribui\u00e7\u00e3o priorit\u00e1ria para alunos ingressantes via acesso afirmativo, conforme Resolu\u00e7\u00f5es CONSUN no\u00a05\/2017 e 16\/2017.<\/p>\n<p>O per\u00edodo de inscri\u00e7\u00e3o \u00e9 de 23\/12\/2025 a 23\/01\/2026.<\/p>\n<ul>\n<li><a href=\"https:\/\/wp.ufpel.edu.br\/prppg\/files\/2025\/12\/SEI_3568372_Edital_de_selecao_PRPPG_5.pdf\">Edital de sele\u00e7\u00e3o 5-2025<\/a><\/li>\n<li><a href=\"https:\/\/wp.ufpel.edu.br\/prppg\/files\/2025\/12\/Formulario-de-Inscricao.docx.pdf\">Formul\u00e1rio de Inscri\u00e7\u00e3o.docx<\/a><\/li>\n<li><a href=\"https:\/\/wp.ufpel.edu.br\/prppg\/files\/2025\/12\/Declaracao-de-Etnia-Autodeclaracao-de-Pessoa-Negra.pdf\">Declara\u00e7\u00e3o de Etnia (Autodeclara\u00e7\u00e3o de Pessoa Negra)<\/a><\/li>\n<li><a href=\"https:\/\/wp.ufpel.edu.br\/prppg\/files\/2025\/12\/Declaracao-de-Pertencimento-Etnico-Estudante-Indigena.pdf\">Declara\u00e7\u00e3o de Pertencimento \u00c9tnico (Estudante Ind\u00edgena)<\/a><\/li>\n<li><a href=\"https:\/\/wp.ufpel.edu.br\/prppg\/files\/2025\/12\/Autodeclaracao-Estudante-Indigena.pdf\">Autodeclara\u00e7\u00e3o (Estudante Ind\u00edgena)<\/a><\/li>\n<li><a href=\"https:\/\/wp.ufpel.edu.br\/prppg\/files\/2025\/12\/Declaracao-de-Pertencimento-Etnico-Estudante-Quilombola.pdf\">Declara\u00e7\u00e3o de Pertencimento \u00c9tnico (Estudante Quilombola)<\/a><\/li>\n<li><a href=\"https:\/\/wp.ufpel.edu.br\/prppg\/files\/2025\/12\/Autodeclaracao-Estudante-Quilombola.pdf\">Autodeclara\u00e7\u00e3o (Estudante Quilombola)<\/a><\/li>\n<li><a href=\"https:\/\/wp.ufpel.edu.br\/prppg\/files\/2025\/12\/Declaracao_de_Deficiencia.docx\">Declaracao de Defici\u00eancia<\/a><\/li>\n<\/ul>\n<p>&nbsp;<\/p>\n<p>&nbsp;<\/p>\n<p><span style=\"color: #993300\"><strong><span style=\"font-size: 24pt\">Homologa\u00e7\u00e3o das inscri\u00e7\u00f5es PIB MD 2026<\/span><\/strong><\/span><\/p>\n<p><strong>EDITAL PRPPG N.\u00ba 05\/2025<\/strong><\/p>\n<p><strong>(Bolsas PIB \u2013 MD \u2013 Cotas PRPPG)<\/strong><\/p>\n<p>&nbsp;<\/p>\n<p><em>A Pr\u00f3-Reitoria de Pesquisa e P\u00f3s-Gradua\u00e7\u00e3o da Universidade Federal de Pelotas torna p\u00fablica a homologa\u00e7\u00e3o <strong><u>das inscri\u00e7\u00f5es<\/u><\/strong> de solicita\u00e7\u00e3o de bolsas de mestrado e doutorado alocadas na PRPPG, com distribui\u00e7\u00e3o priorit\u00e1ria para alunos ingressantes via acesso afirmativo, conforme Resolu\u00e7\u00f5es CONSUN no 5\/2017 e 16\/2017.<\/em><\/p>\n<p>&nbsp;<\/p>\n<p><em>Para consultar o arquivo: <a href=\"https:\/\/wp.ufpel.edu.br\/prppg\/files\/2026\/01\/Homologacao-das-inscricoes-PIB-MD-2026.pdf\">Homologa\u00e7\u00e3o das inscri\u00e7\u00f5es PIB MD 2026<\/a><\/em><\/p>\n<p>&nbsp;<\/p>\n<p>Obs.: a interposi\u00e7\u00e3o de eventuais recursos deve ser feita conforme regramento do Edital N\u00ba 5\/2025.<\/p>\n<p>As etapas seguem o cronograma previsto no item 4 do Edital N\u00ba 5\/2025.<\/p>\n<p>&nbsp;<\/p>\n<p>Pelotas, 28 de janeiro de 2025.<\/p>\n<p>CPG\/PRPPG\/UFPel.<\/p>\n<p>&nbsp;<\/p>\n<p>&nbsp;<\/p>\n<p><span style=\"font-size: 24pt;color: #993300\"><strong>Resultado da aprecia\u00e7\u00e3o dos recursos referentes \u00e0 homologa\u00e7\u00e3o das inscri\u00e7\u00f5es \u2013 PIB MD 2026<\/strong><\/span><\/p>\n<p>A Pr\u00f3-Reitoria de Pesquisa e P\u00f3s-Gradua\u00e7\u00e3o da Universidade Federal de Pelotas\u00a0torna \u00a0 p\u00fablico o resultado da an\u00e1lise de recursos interpostos na fase de homologa\u00e7\u00e3o.<\/p>\n<p>Resultado da aprecia\u00e7\u00e3o de recursos referentes \u00e0 homologa\u00e7\u00e3o das inscri\u00e7\u00f5es: <a href=\"https:\/\/wp.ufpel.edu.br\/prppg\/files\/2026\/02\/RESULTADO-DOS-RECURSOS-PIB-MD-2026.pdf\">RESULTADO DOS RECURSOS PIB MD 2026<\/a><\/p>\n<p>Retifica\u00e7\u00e3o do resultado da aprecia\u00e7\u00e3o dos recursos referentes \u00e0 homologa\u00e7\u00e3o das inscri\u00e7\u00f5es \u2013 PIB MD 2026: <a href=\"https:\/\/wp.ufpel.edu.br\/prppg\/files\/2026\/02\/RETIFICACAO-DO-RESULTADO-DOS-RECURSOS-PIB-MD-2026-04-de-fevereiro-de-2026.pdf\">RETIFICA\u00c7\u00c3O DO RESULTADO DOS RECURSOS PIB MD 2026 (04 de fevereiro de 2026)<\/a><\/p>\n<p>&nbsp;<\/p>\n<p>Pelotas, 03 de fevereiro de 2026.<\/p>\n<p>CPG\/PRPPG\/UFPel<\/p>\n<p>&nbsp;<\/p>\n<p>&nbsp;<\/p>\n<p><span style=\"font-size: 24pt;color: #993300\"><strong>Banca de Heteroidentifica\u00e7\u00e3o PIB-MD 2026<\/strong><\/span><\/p>\n<p>A PROAFE informa, e a PRPPG encaminha, o local e hor\u00e1rio que os\/as estudantes elencados\/as na tabela abaixo, devem comparecer para realiza\u00e7\u00e3o de banca de heteroidentifica\u00e7\u00e3o.<\/p>\n<p><strong>Data: 11\/02\/2026;\u00a0<\/strong><\/p>\n<p><strong>Hor\u00e1rio: 13:15;<\/strong><\/p>\n<p><strong>Local: Audit\u00f3rio Acad\u00eamico (Andrew Valad\u00e3o), localizado no 4\u00ba andar do Campus Anglo da UFPel. Endere\u00e7o:\u00a0Rua Gomes Carneiro, 1. Centro &#8211; Pelotas.\u00a0<\/strong><\/p>\n<p><strong>Os\/as candidatos\/as devem comparecer no hor\u00e1rio estipulado portando caneta e documento oficial, original com foto.\u00a0<\/strong><\/p>\n<table width=\"472\">\n<tbody>\n<tr>\n<td style=\"width: 290.451px\"><strong>Nome<\/strong><\/td>\n<td style=\"width: 167.587px\"><strong>PPG<\/strong><\/td>\n<\/tr>\n<tr>\n<td style=\"width: 290.451px\">BARBARA CALIXTO DOS SANTOS<\/td>\n<td style=\"width: 167.587px\">ARTES<\/td>\n<\/tr>\n<tr>\n<td style=\"width: 290.451px\">ANDR\u00c9 LUIS FERREIRA BARBOSA<\/td>\n<td style=\"width: 167.587px\">ANTROPOLOGIA<\/td>\n<\/tr>\n<tr>\n<td style=\"width: 290.451px\">ANDREINA GABRIELLE SANTIAGO DA SILVA<\/td>\n<td style=\"width: 167.587px\">ANTROPOLOGIA<\/td>\n<\/tr>\n<tr>\n<td style=\"width: 290.451px\">ANDRESSA SODR\u00c9 TAVARES<\/td>\n<td style=\"width: 167.587px\">ORGANIZA\u00c7\u00d5ES E MERCADOS<\/td>\n<\/tr>\n<tr>\n<td style=\"width: 290.451px\">DANDARA VIEIRA SANTOS<\/td>\n<td style=\"width: 167.587px\">CI\u00caNCIA POL\u00cdTICA<\/td>\n<\/tr>\n<tr>\n<td style=\"width: 290.451px\">PRISCILA FERREIRA<\/td>\n<td style=\"width: 167.587px\">ANTROPOLOGIA<\/td>\n<\/tr>\n<tr>\n<td style=\"width: 290.451px\">SERGIO DA SILVA LE\u00c3O<\/td>\n<td style=\"width: 167.587px\">CI\u00caNCIAS AMBIENTAIS<\/td>\n<\/tr>\n<tr>\n<td style=\"width: 290.451px\">LAURA SOUSA ASSIS<\/td>\n<td style=\"width: 167.587px\">EDUCA\u00c7\u00c3O<\/td>\n<\/tr>\n<tr>\n<td style=\"width: 290.451px\">VALDENIR PEREIRA MORAIS<\/td>\n<td style=\"width: 167.587px\">SPAF<\/td>\n<\/tr>\n<\/tbody>\n<\/table>\n<p style=\"font-weight: 400\">Lembramos a previs\u00e3o do edital 05\/2025 do item 3.1.6.\u00a0<em>Para as\/os candidatas\/os que se autodeclararem negras\/os e n\u00e3o tenham tido autodeclara\u00e7\u00f5es verificadas no processo de concess\u00e3o de bolsas anterior, a autodeclara\u00e7\u00e3o ser\u00e1 analisada por banca de heteroidentifica\u00e7\u00e3o, designada pela Pr\u00f3-Reitoria de A\u00e7\u00f5es Afirmativas e Equidade (PROAFE), e ser\u00e1 realizada na presen\u00e7a do\/a candidato\/a de forma presencial, no dia 11 de fevereiro de 2026, em hor\u00e1rio a ser avisado no site da PRPPG. O n\u00e3o comparecimento na banca ou o indeferimento da autodeclara\u00e7\u00e3o eliminam a\/o candidata\/o.<\/em><\/p>\n<p>Pelotas, 05 de fevereiro de 2026.<\/p>\n<p>&nbsp;<\/p>\n<p>&nbsp;<\/p>\n<p><span style=\"color: #993300;font-size: 24pt\"><strong>Resultado de Heteroidentifica\u00e7\u00e3o \u2013 Bolsas PIB-MD 2026<\/strong><\/span><\/p>\n<p>A PROAFE informa, e a PRPPG divulga,\u00a0o resultado parcial das bancas de heteroidentifica\u00e7\u00e3o realizadas em 11 de fevereiro de 2026.<\/p>\n<p>Acesse aqui o relat\u00f3rio: <a href=\"https:\/\/wp.ufpel.edu.br\/prppg\/files\/2026\/02\/Relatorio-de-Heteroidentificacao-\u2013-PIB-MD-2026.pdf\">Relat\u00f3rio de Heteroidentifica\u00e7\u00e3o \u2013 PIB MD 2026<\/a><\/p>\n<p class=\"Texto_Justificado_Recuo_Primeira_Linha\">Conforme registro do documento da PROAFE compartilhado acima, considerando que todas as pessoas da listagem foram deferidas, este resultado pode ser considerado como resultado final das bancas de heteroidentifica\u00e7\u00e3o realizadas em 11 de fevereiro de 2026.<\/p>\n<p>&nbsp;<\/p>\n<p>Pelotas, 20 de fevereiro de 2026.<\/p>\n<p>CPG\/PRPPG\/UFPel.<\/p>\n<p>&nbsp;<\/p>\n<p>&nbsp;<\/p>\n<p><span style=\"font-size: 24pt;color: #993300\"><strong>Resultado Preliminar PIB MD 2026: candidaturas <u>contempladas<\/u><\/strong><\/span><\/p>\n<p><strong>EDITAL PRPPG N.\u00ba 05\/2025<\/strong><\/p>\n<p><strong>(Bolsas PIB \u2013 MD \u2013 Cotas PRPPG)<\/strong><\/p>\n<p>&nbsp;<\/p>\n<p><em>A Pr\u00f3-Reitoria de Pesquisa e P\u00f3s-Gradua\u00e7\u00e3o da Universidade Federal de Pelotas torna p\u00fablico o <strong><u>resultado PRELIMINAR<\/u><\/strong>\u00a0com as candidaturas contempladas na an\u00e1lise de solicita\u00e7\u00f5es de bolsas de mestrado e doutorado alocadas na PRPPG, com distribui\u00e7\u00e3o priorit\u00e1ria para alunos ingressantes via acesso afirmativo, conforme Resolu\u00e7\u00f5es CONSUN no 5\/2017 e 16\/2017.<\/em><\/p>\n<p>&nbsp;<\/p>\n<p>Acesse aqui o resultado: <a href=\"https:\/\/wp.ufpel.edu.br\/prppg\/files\/2026\/03\/Resultado-Preliminar-PIB-MD-candidaturas-contempladas.pdf\">Resultado Preliminar PIB MD &#8211; candidaturas contempladas<\/a><\/p>\n<p>&nbsp;<\/p>\n<p>Obs.: em observ\u00e2ncia \u00e0 previs\u00e3o do edital 05\/2025, ser\u00e1 aberto per\u00edodo de interposi\u00e7\u00e3o de recursos <strong><u>ao resultado preliminar<\/u><\/strong> de 18\/03\/26 a 19\/03\/26. A interposi\u00e7\u00e3o de eventuais recursos deve ser feita conforme regramento do edital 05\/2025.<\/p>\n<p>&nbsp;<\/p>\n<p>Pelotas, 17 de mar\u00e7o de 2026.<\/p>\n<p>&nbsp;<\/p>\n<p>&nbsp;<\/p>\n<p><span style=\"font-size: 24pt;color: #993300\"><strong>Resultado Final PIB MD 2026: candidaturas <u>contempladas<\/u><\/strong><\/span><\/p>\n<p><strong>EDITAL PRPPG N.\u00ba 05\/2025<\/strong><\/p>\n<p><strong>(Bolsas PIB \u2013 MD \u2013 Cotas PRPPG)<\/strong><\/p>\n<p>&nbsp;<\/p>\n<p><em>A Pr\u00f3-Reitoria de Pesquisa e P\u00f3s-Gradua\u00e7\u00e3o da Universidade Federal de Pelotas torna p\u00fablico o <strong><u>resultado FINAL<\/u> <\/strong>com as candidaturas contempladas na an\u00e1lise de solicita\u00e7\u00f5es de bolsas de mestrado e doutorado alocadas na PRPPG, com distribui\u00e7\u00e3o priorit\u00e1ria para alunos ingressantes via acesso afirmativo, conforme Resolu\u00e7\u00f5es CONSUN no 5\/2017 e 16\/2017.<\/em><\/p>\n<p>&nbsp;<\/p>\n<p>Acesse aqui o resultado: <a href=\"https:\/\/wp.ufpel.edu.br\/prppg\/files\/2026\/03\/RETIFICACAO-Resultado-Final-PIB-MD-candidaturas-contempladas-24-03-26.pdf\">RETIFICA\u00c7\u00c3O &#8211; Resultado Final PIB MD &#8211; candidaturas contempladas (24-03-26)<\/a><\/p>\n<p><em>Ler com aten\u00e7\u00e3o o quadro &#8220;Informa\u00e7\u00f5es importantes&#8221; do arquivo. <span style=\"color: #ff0000\">Informa\u00e7\u00e3o retificada em 24\/03\/26.<\/span><\/em><\/p>\n<p>&nbsp;<\/p>\n<p><em>De modo a implementar a concess\u00e3o, as\/os candidatas\/os com situa\u00e7\u00e3o \u201cconcedida\u201d devem enviar o Formul\u00e1rio de Cadastro e o Termo de Compromisso <strong>para o NPG via e-mail (npg@ufpel.edu.br) <\/strong><\/em><strong><em><u>at\u00e9 27\/03\/26<\/u><\/em><\/strong><em>, conforme item 4, letra \u201cj\u201d, do Edital 05\/2025.<\/em><\/p>\n<p>&nbsp;<\/p>\n<p><a href=\"https:\/\/wp.ufpel.edu.br\/prppg\/files\/2026\/03\/Formulario-de-Cadastro-de-Bolsa.xls\">Formul\u00e1rio de Cadastro de Bolsa<\/a><\/p>\n<p><a href=\"https:\/\/wp.ufpel.edu.br\/prppg\/files\/2026\/03\/Termo-de-Compromisso.pdf\">Termo de Compromisso<\/a><\/p>\n<p><span style=\"color: #ff0000\">ATEN\u00c7\u00c3O: O Formul\u00e1rio de Cadastro e o Termo de Compromisso devem ser assinados <strong>pelo bolsista e pelo coordenador do curso<\/strong> (no formul\u00e1rio, o coordenador assina no campo \u201cAssinatura do Presidente da Comiss\u00e3o de Bolsas\u201d). Motivo: necessidade de ci\u00eancia da coordena\u00e7\u00e3o do PPG de que a\/o estudante \u00e9 bolsista PIB (cota da pr\u00f3-reitoria). Informa\u00e7\u00e3o retificada em 24\/03\/26.<\/span><\/p>\n<p>&nbsp;<\/p>\n<p>Pelotas, 23 de mar\u00e7o de 2026.<\/p>\n","protected":false},"excerpt":{"rendered":"<p>Bolsas de Mestrado e Doutorado para estudantes ingressantes via acesso afirmativo, conforme Resolu\u00e7\u00f5es CONSUN no\u00a05\/2017 e 16\/2017. A Pr\u00f3-Reitoria de Pesquisa e P\u00f3s-Gradua\u00e7\u00e3o da Universidade Federal de Pelotas torna p\u00fablico que est\u00e3o abertas as solicita\u00e7\u00f5es de cotas de bolsas de mestrado e doutorado alocadas na PRPPG, oriundas do Programa DS\/CAPES e\/ou do Programa PIB M\/D [&hellip;]<\/p>\n","protected":false},"author":45,"featured_media":0,"parent":9107,"menu_order":0,"comment_status":"closed","ping_status":"closed","template":"","meta":{"footnotes":""},"class_list":["post-12518","page","type-page","status-publish","hentry"],"_links":{"self":[{"href":"https:\/\/wp.ufpel.edu.br\/prppg\/wp-json\/wp\/v2\/pages\/12518","targetHints":{"allow":["GET"]}}],"collection":[{"href":"https:\/\/wp.ufpel.edu.br\/prppg\/wp-json\/wp\/v2\/pages"}],"about":[{"href":"https:\/\/wp.ufpel.edu.br\/prppg\/wp-json\/wp\/v2\/types\/page"}],"author":[{"embeddable":true,"href":"https:\/\/wp.ufpel.edu.br\/prppg\/wp-json\/wp\/v2\/users\/45"}],"replies":[{"embeddable":true,"href":"https:\/\/wp.ufpel.edu.br\/prppg\/wp-json\/wp\/v2\/comments?post=12518"}],"version-history":[{"count":3,"href":"https:\/\/wp.ufpel.edu.br\/prppg\/wp-json\/wp\/v2\/pages\/12518\/revisions"}],"predecessor-version":[{"id":12872,"href":"https:\/\/wp.ufpel.edu.br\/prppg\/wp-json\/wp\/v2\/pages\/12518\/revisions\/12872"}],"up":[{"embeddable":true,"href":"https:\/\/wp.ufpel.edu.br\/prppg\/wp-json\/wp\/v2\/pages\/9107"}],"wp:attachment":[{"href":"https:\/\/wp.ufpel.edu.br\/prppg\/wp-json\/wp\/v2\/media?parent=12518"}],"curies":[{"name":"wp","href":"https:\/\/api.w.org\/{rel}","templated":true}]}}