{"id":12512,"date":"2025-12-23T07:35:39","date_gmt":"2025-12-23T10:35:39","guid":{"rendered":"https:\/\/wp.ufpel.edu.br\/prppg\/?page_id=12512"},"modified":"2026-03-24T12:43:20","modified_gmt":"2026-03-24T15:43:20","slug":"edital-pib-tt","status":"publish","type":"page","link":"https:\/\/wp.ufpel.edu.br\/prppg\/bolsas-pib-tt\/edital-pib-tt\/","title":{"rendered":"EDITAL PIB TT 2026"},"content":{"rendered":"<h1 class=\"corTexto\">Bolsas de Mestrado e Doutorado para estudantes travestis e transexuais<\/h1>\n<p>A Pr\u00f3-reitoria de Pesquisa e P\u00f3s-Gradua\u00e7\u00e3o da Universidade Federal de Pelotas torna p\u00fablico que est\u00e3o abertas as solicita\u00e7\u00f5es de cotas de bolsas de mestrado e doutorado alocadas na PRPPG, oriundas do Programa DS\/CAPES, com distribui\u00e7\u00e3o para estudantes travestis e transexuais, conforme Resolu\u00e7\u00f5es<br \/>\nCONSUN n<sup>o<\/sup>. 54\/2021 e 65\/2021 e Portaria n<sup>o<\/sup>. 475\/2022.<\/p>\n<p>Maiores informa\u00e7\u00f5es sobre prazo de inscri\u00e7\u00e3o, procedimentos e documentos necess\u00e1rios para submiss\u00e3o de pedidos pelas estudantes est\u00e3o dispon\u00edveis no Edital abaixo e anexos.<\/p>\n<p>As inscri\u00e7\u00f5es est\u00e3o abertas de de 23\/12\/2025 a 23\/01\/2026.<\/p>\n<p>&nbsp;<\/p>\n<ul>\n<li><a href=\"https:\/\/wp.ufpel.edu.br\/prppg\/files\/2025\/12\/SEI_3568392_Edital_de_selecao_PRPPG_6.pdf\">Edital de sele\u00e7\u00e3o 6-2025<\/a><\/li>\n<li>\u00a0<a href=\"https:\/\/wp.ufpel.edu.br\/prppg\/files\/2025\/12\/Formulario_de_Inscricao.docx\">Formul\u00e1rio de Inscri\u00e7\u00e3o<\/a><\/li>\n<li><a href=\"https:\/\/wp.ufpel.edu.br\/prppg\/files\/2025\/12\/Declaracao_de_Identidade_de_Genero.docx\">Declara\u00e7\u00e3o de Identidade de G\u00eanero<\/a><\/li>\n<\/ul>\n<p>&nbsp;<\/p>\n<p>&nbsp;<\/p>\n<p><span style=\"color: #993300\"><strong><span style=\"font-size: 24pt\">Homologa\u00e7\u00e3o das inscri\u00e7\u00f5es PIB TT 2026<\/span><\/strong><\/span><\/p>\n<p><strong>EDITAL PRPPG N.\u00ba 06\/2025<\/strong><\/p>\n<p><strong>(Bolsas PIB \u2013 TT \u2013 Cotas PRPPG)<\/strong><\/p>\n<p>&nbsp;<\/p>\n<p><em>A Pr\u00f3-Reitoria de Pesquisa e P\u00f3s-Gradua\u00e7\u00e3o da Universidade Federal de Pelotas torna p\u00fablica a homologa\u00e7\u00e3o\u00a0<strong><u>das inscri\u00e7\u00f5es<\/u><\/strong>\u00a0de solicita\u00e7\u00e3o de bolsas de mestrado e doutorado alocadas na PRPPG, com distribui\u00e7\u00e3o para estudantes travestis e transexuais, conforme Resolu\u00e7\u00f5es CONSUN no. 54\/2021 e 65\/2021 e Portaria n\u00ba475\/2022.<\/em><\/p>\n<p>&nbsp;<\/p>\n<p>&nbsp;<\/p>\n<p><em>Para consultar o arquivo: <a href=\"https:\/\/wp.ufpel.edu.br\/prppg\/files\/2026\/02\/Homologacao-das-inscricoes-PIB-TT-2026-2.pdf\">Homologa\u00e7\u00e3o das inscri\u00e7\u00f5es PIB TT 2026<\/a><\/em><\/p>\n<p>&nbsp;<\/p>\n<p>Obs.: a interposi\u00e7\u00e3o de eventuais recursos deve ser feita conforme regramento do Edital N\u00ba 6\/2025.<\/p>\n<p>As etapas seguem o cronograma previsto no item 4 do Edital N\u00ba 6\/2025.<\/p>\n<p>&nbsp;<\/p>\n<p>Pelotas, 11 de fevereiro de 2026.<\/p>\n<p>CPG\/PRPPG\/UFPel.<\/p>\n<p>&nbsp;<\/p>\n<p>&nbsp;<\/p>\n<p><span style=\"font-size: 24pt;color: #993300\"><strong>Resultado da aprecia\u00e7\u00e3o dos recursos referentes \u00e0 homologa\u00e7\u00e3o das inscri\u00e7\u00f5es \u2013 PIB TT 2026<\/strong><\/span><\/p>\n<p>A Pr\u00f3-Reitoria de Pesquisa e P\u00f3s-Gradua\u00e7\u00e3o da Universidade Federal de Pelotas\u00a0torna \u00a0 p\u00fablico o resultado da an\u00e1lise de recursos interpostos na fase de homologa\u00e7\u00e3o.<\/p>\n<p>Resultado da aprecia\u00e7\u00e3o de recursos referentes \u00e0 homologa\u00e7\u00e3o das inscri\u00e7\u00f5es: <a href=\"https:\/\/wp.ufpel.edu.br\/prppg\/files\/2026\/02\/RESULTADO-DOS-RECURSOS-PIB-TT-2026.pdf\">RESULTADO DOS RECURSOS PIB TT 2026<\/a><\/p>\n<p>&nbsp;<\/p>\n<p>Pelotas, 19 de fevereiro de 2026.<\/p>\n<p>CPG\/PRPPG\/UFPel<\/p>\n<p>&nbsp;<\/p>\n<p>&nbsp;<\/p>\n<p><span style=\"font-size: 24pt;color: #993300\"><strong>Resultado Preliminar PIB TT 2026: candidaturas <u>contempladas<\/u><\/strong><\/span><\/p>\n<p><strong>EDITAL PRPPG N.\u00ba 06\/2025<\/strong><\/p>\n<p><strong>(Bolsas PIB \u2013 TT \u2013 Cotas PRPPG)<\/strong><\/p>\n<p>&nbsp;<\/p>\n<p>A Pr\u00f3-Reitoria de Pesquisa e P\u00f3s-Gradua\u00e7\u00e3o da Universidade Federal de Pelotas torna p\u00fablico o <strong>resultado <u>PRELIMINAR<\/u><\/strong> com as candidaturas contempladas na an\u00e1lise de solicita\u00e7\u00f5es de bolsas alocadas na PRPPG, oriundas do Programa DS\/CAPES, com distribui\u00e7\u00e3o para estudantes travestis e transexuais, conforme Resolu\u00e7\u00f5es CONSUN no 54\/2021 e 65\/2021 e Portaria no 475\/2022.<\/p>\n<p>&nbsp;<\/p>\n<p>Acesse aqui o resultado: <a href=\"https:\/\/wp.ufpel.edu.br\/prppg\/files\/2026\/03\/Resultado-Preliminar-PIB-TT-candidaturas-contempladas-1.pdf\">Resultado Preliminar PIB TT &#8211; candidaturas contempladas<\/a><\/p>\n<p>&nbsp;<\/p>\n<p>Obs.: em observ\u00e2ncia \u00e0 previs\u00e3o do edital 06\/2025, ser\u00e1 aberto per\u00edodo de interposi\u00e7\u00e3o de recursos <strong><u>ao resultado preliminar<\/u><\/strong> de 18\/03\/26 a 19\/03\/26. A interposi\u00e7\u00e3o de eventuais recursos deve ser feita conforme regramento do edital 06\/2025.<\/p>\n<p>&nbsp;<\/p>\n<p>&nbsp;<\/p>\n<p>Pelotas, 17 de mar\u00e7o de 2026.<\/p>\n<p>CPG\/PRPPG\/UFPel.<\/p>\n<p>&nbsp;<\/p>\n<p>&nbsp;<\/p>\n<p><span style=\"font-size: 24pt;color: #993300\"><strong>Resultado Final PIB TT 2026: candidaturas <u>contempladas<\/u><\/strong><\/span><\/p>\n<p><strong>EDITAL PRPPG N.\u00ba 06\/2025<\/strong><\/p>\n<p><strong>(Bolsas PIB \u2013 TT \u2013 Cotas PRPPG)<\/strong><\/p>\n<p>&nbsp;<\/p>\n<p><em>A Pr\u00f3-Reitoria de Pesquisa e P\u00f3s-Gradua\u00e7\u00e3o da Universidade Federal de Pelotas torna p\u00fablico o <strong>resultado <u>FINAL<\/u><\/strong> com as candidaturas contempladas na an\u00e1lise de solicita\u00e7\u00f5es de bolsas alocadas na PRPPG, oriundas do Programa DS\/CAPES, com distribui\u00e7\u00e3o para estudantes travestis e transexuais, conforme Resolu\u00e7\u00f5es CONSUN no 54\/2021 e 65\/2021 e Portaria no 475\/2022.<\/em><\/p>\n<p>&nbsp;<\/p>\n<p>Acesse aqui o resultado: <a href=\"https:\/\/wp.ufpel.edu.br\/prppg\/files\/2026\/03\/RETIFICACAO-Resultado-Final-PIB-TT-candidaturas-contempladas-24-03-26.pdf\">RETIFICA\u00c7\u00c3O &#8211; Resultado Final PIB TT &#8211; candidaturas contempladas (24-03-26)<\/a><\/p>\n<p><em>Ler com aten\u00e7\u00e3o o quadro \u201cInforma\u00e7\u00f5es importantes\u201d do arquivo. <span style=\"color: #ff0000\">Informa\u00e7\u00e3o retificada em 24\/03\/26.<\/span><\/em><\/p>\n<p><em>\u00a0<\/em><\/p>\n<p><em>De modo a implementar a concess\u00e3o, as\/os candidatas\/os com situa\u00e7\u00e3o \u201cconcedida\u201d devem enviar o Formul\u00e1rio de Cadastro e o Termo de Compromisso em formato \u201c.PDF\u201d <strong>para o NPG via e-mail (npg@ufpel.edu.br) <\/strong><\/em><strong><em><u>at\u00e9 27\/03\/26<\/u><\/em><\/strong><em>, conforme item 4, letra \u201ch\u201d, do Edital 06\/2025.<\/em><\/p>\n<p>&nbsp;<\/p>\n<p><a href=\"https:\/\/wp.ufpel.edu.br\/prppg\/files\/2026\/03\/Formulario-de-Cadastro-de-Bolsa-1.xls\">Formul\u00e1rio de Cadastro de Bolsa<\/a><\/p>\n<p><a href=\"https:\/\/wp.ufpel.edu.br\/prppg\/files\/2026\/03\/Termo-de-Compromisso-1.pdf\">Termo de Compromisso<\/a><\/p>\n<p><span style=\"color: #ff0000\">ATEN\u00c7\u00c3O: O Formul\u00e1rio de Cadastro e o Termo de Compromisso devem ser assinados\u00a0<strong>pelo bolsista e pelo coordenador do curso<\/strong>\u00a0(no formul\u00e1rio, o coordenador assina no campo \u201cAssinatura do Presidente da Comiss\u00e3o de Bolsas\u201d). Motivo: necessidade de ci\u00eancia da coordena\u00e7\u00e3o do PPG de que a\/o estudante \u00e9 bolsista PIB (cota da pr\u00f3-reitoria). Informa\u00e7\u00e3o retificada em 24\/03\/26.<\/span><\/p>\n<p>&nbsp;<\/p>\n<p>Pelotas, 23 de mar\u00e7o de 2026.<\/p>\n<p>CPG\/PRPPG\/UFPel.<\/p>\n","protected":false},"excerpt":{"rendered":"<p>Bolsas de Mestrado e Doutorado para estudantes travestis e transexuais A Pr\u00f3-reitoria de Pesquisa e P\u00f3s-Gradua\u00e7\u00e3o da Universidade Federal de Pelotas torna p\u00fablico que est\u00e3o abertas as solicita\u00e7\u00f5es de cotas de bolsas de mestrado e doutorado alocadas na PRPPG, oriundas do Programa DS\/CAPES, com distribui\u00e7\u00e3o para estudantes travestis e transexuais, conforme Resolu\u00e7\u00f5es CONSUN no. 54\/2021 [&hellip;]<\/p>\n","protected":false},"author":45,"featured_media":0,"parent":9107,"menu_order":0,"comment_status":"closed","ping_status":"closed","template":"","meta":{"footnotes":""},"class_list":["post-12512","page","type-page","status-publish","hentry"],"_links":{"self":[{"href":"https:\/\/wp.ufpel.edu.br\/prppg\/wp-json\/wp\/v2\/pages\/12512","targetHints":{"allow":["GET"]}}],"collection":[{"href":"https:\/\/wp.ufpel.edu.br\/prppg\/wp-json\/wp\/v2\/pages"}],"about":[{"href":"https:\/\/wp.ufpel.edu.br\/prppg\/wp-json\/wp\/v2\/types\/page"}],"author":[{"embeddable":true,"href":"https:\/\/wp.ufpel.edu.br\/prppg\/wp-json\/wp\/v2\/users\/45"}],"replies":[{"embeddable":true,"href":"https:\/\/wp.ufpel.edu.br\/prppg\/wp-json\/wp\/v2\/comments?post=12512"}],"version-history":[{"count":3,"href":"https:\/\/wp.ufpel.edu.br\/prppg\/wp-json\/wp\/v2\/pages\/12512\/revisions"}],"predecessor-version":[{"id":12874,"href":"https:\/\/wp.ufpel.edu.br\/prppg\/wp-json\/wp\/v2\/pages\/12512\/revisions\/12874"}],"up":[{"embeddable":true,"href":"https:\/\/wp.ufpel.edu.br\/prppg\/wp-json\/wp\/v2\/pages\/9107"}],"wp:attachment":[{"href":"https:\/\/wp.ufpel.edu.br\/prppg\/wp-json\/wp\/v2\/media?parent=12512"}],"curies":[{"name":"wp","href":"https:\/\/api.w.org\/{rel}","templated":true}]}}