{"id":12141,"date":"2025-08-13T16:47:49","date_gmt":"2025-08-13T19:47:49","guid":{"rendered":"https:\/\/wp.ufpel.edu.br\/prppg\/?page_id=12141"},"modified":"2025-08-13T16:48:18","modified_gmt":"2025-08-13T19:48:18","slug":"boas-praticas-em-pesquisa","status":"publish","type":"page","link":"https:\/\/wp.ufpel.edu.br\/prppg\/pesquisa\/boas-praticas-em-pesquisa\/boas-praticas-em-pesquisa\/","title":{"rendered":"Boas pr\u00e1ticas em pesquisa"},"content":{"rendered":"<p>As boas pr\u00e1ticas em pesquisa devem ser o fundamento desde a concep\u00e7\u00e3o do projeto de pesquisa. T\u00e3o ou mais importante do que a execu\u00e7\u00e3o experimental propriamente dita, a concep\u00e7\u00e3o do projeto, embasada na detec\u00e7\u00e3o de tem\u00e1ticas, fen\u00f4menos, problem\u00e1ticas, gera\u00e7\u00e3o de ideias, formula\u00e7\u00e3o de quest\u00f5es, hip\u00f3teses e constru\u00e7\u00e3o de procedimentos experimentais, \u00e9 uma interven\u00e7\u00e3o provedora de intelectualidade nos projetos de pesquisa. Princ\u00edpios b\u00e1sicos devem reger a conduta dos(as) pesquisadores(as) em todo esse processo cient\u00edfico.<\/p>\n<p>Esses princ\u00edpios incluem:<\/p>\n<p>a) o zelo pelo m\u00e9todo cient\u00edfico;<\/p>\n<p>b) a integridade;<\/p>\n<p>c) o respeito \u00e0 dignidade, seguran\u00e7a, direitos e bem estar de todos(as) os(as) envolvidos(as) na pesquisa;<\/p>\n<p>d) a honestidade e transpar\u00eancia;<\/p>\n<p>e) a abertura \u00e0 discuss\u00e3o de processos e ideias com a comunidade cient\u00edfica e com o p\u00fablico em geral;<\/p>\n<p>f) a efici\u00eancia;<\/p>\n<p>g) a capacidade de desenvolvimento do projeto e de treinamento de toda a equipe que participar\u00e1 no desenvolvimento, da concep\u00e7\u00e3o \u00e0s repercuss\u00f5es do conhecimento.<\/p>\n","protected":false},"excerpt":{"rendered":"<p>As boas pr\u00e1ticas em pesquisa devem ser o fundamento desde a concep\u00e7\u00e3o do projeto de pesquisa. T\u00e3o ou mais importante do que a execu\u00e7\u00e3o experimental propriamente dita, a concep\u00e7\u00e3o do projeto, embasada na detec\u00e7\u00e3o de tem\u00e1ticas, fen\u00f4menos, problem\u00e1ticas, gera\u00e7\u00e3o de ideias, formula\u00e7\u00e3o de quest\u00f5es, hip\u00f3teses e constru\u00e7\u00e3o de procedimentos experimentais, \u00e9 uma interven\u00e7\u00e3o provedora de [&hellip;]<\/p>\n","protected":false},"author":45,"featured_media":0,"parent":7012,"menu_order":0,"comment_status":"closed","ping_status":"closed","template":"","meta":{"footnotes":""},"class_list":["post-12141","page","type-page","status-publish","hentry"],"_links":{"self":[{"href":"https:\/\/wp.ufpel.edu.br\/prppg\/wp-json\/wp\/v2\/pages\/12141","targetHints":{"allow":["GET"]}}],"collection":[{"href":"https:\/\/wp.ufpel.edu.br\/prppg\/wp-json\/wp\/v2\/pages"}],"about":[{"href":"https:\/\/wp.ufpel.edu.br\/prppg\/wp-json\/wp\/v2\/types\/page"}],"author":[{"embeddable":true,"href":"https:\/\/wp.ufpel.edu.br\/prppg\/wp-json\/wp\/v2\/users\/45"}],"replies":[{"embeddable":true,"href":"https:\/\/wp.ufpel.edu.br\/prppg\/wp-json\/wp\/v2\/comments?post=12141"}],"version-history":[{"count":1,"href":"https:\/\/wp.ufpel.edu.br\/prppg\/wp-json\/wp\/v2\/pages\/12141\/revisions"}],"predecessor-version":[{"id":12143,"href":"https:\/\/wp.ufpel.edu.br\/prppg\/wp-json\/wp\/v2\/pages\/12141\/revisions\/12143"}],"up":[{"embeddable":true,"href":"https:\/\/wp.ufpel.edu.br\/prppg\/wp-json\/wp\/v2\/pages\/7012"}],"wp:attachment":[{"href":"https:\/\/wp.ufpel.edu.br\/prppg\/wp-json\/wp\/v2\/media?parent=12141"}],"curies":[{"name":"wp","href":"https:\/\/api.w.org\/{rel}","templated":true}]}}