{"id":11753,"date":"2025-06-06T14:55:46","date_gmt":"2025-06-06T17:55:46","guid":{"rendered":"https:\/\/wp.ufpel.edu.br\/prppg\/?page_id=11753"},"modified":"2025-08-13T17:01:19","modified_gmt":"2025-08-13T20:01:19","slug":"alteracao-de-coordenador-em-projetos-de-pesquisa","status":"publish","type":"page","link":"https:\/\/wp.ufpel.edu.br\/prppg\/alteracao-de-coordenador-em-projetos-de-pesquisa\/","title":{"rendered":"Altera\u00e7\u00e3o de Coordenador em Projetos de Pesquisa"},"content":{"rendered":"<p>A solicita\u00e7\u00e3o de substitui\u00e7\u00e3o de coordenador em projetos unificados com \u00eanfase em pesquisa deve ser encaminhada por meio de memorando do SEI, informando os dados do projeto, o coordenador a ser substitu\u00eddo, o novo coordenador, a carga hor\u00e1ria do mesmo e a data de in\u00edcio do coordenador substituto. O referido memorando deve ser assinado pelo atual coordenador do projeto, pelo novo coordenador e pelo diretor da unidade. O processo do SEI deve ser enviado ao N\u00facleo de Apoio \u00e0 Pesquisa e Inicia\u00e7\u00e3o Cient\u00edfica (NAPIC).<\/p>\n","protected":false},"excerpt":{"rendered":"<p>A solicita\u00e7\u00e3o de substitui\u00e7\u00e3o de coordenador em projetos unificados com \u00eanfase em pesquisa deve ser encaminhada por meio de memorando do SEI, informando os dados do projeto, o coordenador a ser substitu\u00eddo, o novo coordenador, a carga hor\u00e1ria do mesmo e a data de in\u00edcio do coordenador substituto. O referido memorando deve ser assinado pelo [&hellip;]<\/p>\n","protected":false},"author":45,"featured_media":0,"parent":0,"menu_order":0,"comment_status":"closed","ping_status":"closed","template":"","meta":{"footnotes":""},"class_list":["post-11753","page","type-page","status-publish","hentry"],"_links":{"self":[{"href":"https:\/\/wp.ufpel.edu.br\/prppg\/wp-json\/wp\/v2\/pages\/11753","targetHints":{"allow":["GET"]}}],"collection":[{"href":"https:\/\/wp.ufpel.edu.br\/prppg\/wp-json\/wp\/v2\/pages"}],"about":[{"href":"https:\/\/wp.ufpel.edu.br\/prppg\/wp-json\/wp\/v2\/types\/page"}],"author":[{"embeddable":true,"href":"https:\/\/wp.ufpel.edu.br\/prppg\/wp-json\/wp\/v2\/users\/45"}],"replies":[{"embeddable":true,"href":"https:\/\/wp.ufpel.edu.br\/prppg\/wp-json\/wp\/v2\/comments?post=11753"}],"version-history":[{"count":3,"href":"https:\/\/wp.ufpel.edu.br\/prppg\/wp-json\/wp\/v2\/pages\/11753\/revisions"}],"predecessor-version":[{"id":12147,"href":"https:\/\/wp.ufpel.edu.br\/prppg\/wp-json\/wp\/v2\/pages\/11753\/revisions\/12147"}],"wp:attachment":[{"href":"https:\/\/wp.ufpel.edu.br\/prppg\/wp-json\/wp\/v2\/media?parent=11753"}],"curies":[{"name":"wp","href":"https:\/\/api.w.org\/{rel}","templated":true}]}}