{"id":1166,"date":"2013-10-10T16:53:20","date_gmt":"2013-10-10T19:53:20","guid":{"rendered":"https:\/\/wp.ufpel.edu.br\/prppg\/?page_id=1166"},"modified":"2025-07-30T14:21:32","modified_gmt":"2025-07-30T17:21:32","slug":"editais-da-pesquisa","status":"publish","type":"page","link":"https:\/\/wp.ufpel.edu.br\/prppg\/editais-da-pesquisa\/","title":{"rendered":"Editais da Pesquisa"},"content":{"rendered":"<h3><span style=\"color: #000000\">Editais Abertos<\/span><\/h3>\n<div>\n<h1><\/h1>\n<div><a href=\"https:\/\/wp.ufpel.edu.br\/prppg\/files\/2025\/05\/SEI_3089621_Edital_002.pdf\" target=\"_blank\" rel=\"noopener\">Edital n\u00ba 002\/2025 &#8211; Bolsas de Inicia\u00e7\u00e3o Cient\u00edfica (PIBIC, PIBIC-AF, PROBIC, PROBIC-AF, PBIP-AF e PBIP-DIV)<\/a><\/div>\n<\/div>\n<div><\/div>\n<h1><\/h1>\n<div>\n<div><a href=\"https:\/\/wp.ufpel.edu.br\/prppg\/files\/2025\/05\/SEI_3089626_Edital_003.pdf\" target=\"_blank\" rel=\"noopener\">Edital n\u00ba 003\/2025 &#8211; Bolsas de Inicia\u00e7\u00e3o Cient\u00edfica no Ensino M\u00e9dio (PIBIC-Jr e PBIP-EM)<\/a><\/div>\n<\/div>\n<div><\/div>\n<h1><\/h1>\n<div>\n<div>\n<div><a href=\"https:\/\/wp.ufpel.edu.br\/prppg\/files\/2025\/05\/SEI_3091313_Edital_004.pdf\" target=\"_blank\" rel=\"noopener\">Edital n\u00ba 004\/2025 &#8211; Bolsas de Inicia\u00e7\u00e3o Tecnol\u00f3gica (PIBITI, PROBITI, PBIP-IT e PBEI)<\/a><\/div>\n<\/div>\n<\/div>\n<h1><\/h1>\n<h3><span style=\"color: #000000\">Editais Encerrados<\/span><\/h3>\n<p><strong>EDITAIS 2025<\/strong><\/p>\n<p>Edital 001\/2025<\/p>\n<p><a href=\"https:\/\/wp.ufpel.edu.br\/prppg\/files\/2025\/02\/SEI_2941046_Edital_001.pdf\">Edital 001\/2025 &#8211; Comit\u00ea institucional de bolsas de inicia\u00e7\u00e3o cient\u00edfica e tecnol\u00f3gica<\/a><\/p>\n<p><a href=\"https:\/\/wp.ufpel.edu.br\/prppg\/files\/2025\/02\/Votantes.pdf\">Lista de votantes edital 001\/2025<\/a><\/p>\n<p><a href=\"https:\/\/wp.ufpel.edu.br\/prppg\/files\/2025\/03\/Candidaturas-homologadas.pdf\">Lista de candidaturas homologadas<\/a><\/p>\n<p>Sala para acompanhar a vota\u00e7\u00e3o, dia 19\/03\/2025 as 17:30: <a href=\"https:\/\/webconf.ufpel.edu.br\/b\/luc-apy-jcj-bnj\">https:\/\/webconf.ufpel.edu.br\/b\/luc-apy-jcj-bnj<\/a><\/p>\n<p><a href=\"https:\/\/wp.ufpel.edu.br\/prppg\/2025\/03\/20\/resultado-das-eleicoes-para-membro-do-comite-institucional-de-bolsas-de-iniciacao-cientifica-e-tecnologica-edital-001-2025\/\">Resultado das elei\u00e7\u00f5es &#8211; Edital 001\/2025<\/a><\/p>\n<p><strong>EDITAIS 2024<\/strong><\/p>\n<p><a href=\"https:\/\/wp.ufpel.edu.br\/prppg\/files\/2024\/08\/SEI_UFPel-2629987-Edital-02.2024.pdf\">Edital 002\/2024 Bolsas de Inicia\u00e7\u00e3o Cient\u00edfica (PIBIC,PROBIC, PBIP-AF e PBIP-JC)<\/a><\/p>\n<p><a href=\"https:\/\/wp.ufpel.edu.br\/prppg\/files\/2024\/08\/SEI_UFPel-2630106-Edital-03.2024.pdf\">Edital 003\/2024 Bolsas de Inicia\u00e7\u00e3o Tecnol\u00f3gica (PIBITI, PROBITI, PBIP-IT e PBEI)<\/a><\/p>\n<p><a href=\"https:\/\/wp.ufpel.edu.br\/prppg\/files\/2024\/07\/Lattes-final.xlsx\">Planilha com extra\u00e7\u00e3o dos dados do curr\u00edculo Lattes p\u00f3s recursos<\/a><\/p>\n<p><a href=\"https:\/\/wp.ufpel.edu.br\/prppg\/files\/2024\/07\/Lattes-publicar.xlsx\">Planilha com extra\u00e7\u00e3o dos dados do curr\u00edculo Lattes para confer\u00eancia<\/a><\/p>\n<p><a href=\"https:\/\/wp.ufpel.edu.br\/prppg\/files\/2024\/08\/Producao-Eventos-Computacao-Editais-IC_IT-2024.pdf\">Planilha com avalia\u00e7\u00e3o de trabalhos completos em evento qualis COMPUTA\u00c7\u00c3O<\/a><\/p>\n<p><a href=\"https:\/\/wp.ufpel.edu.br\/prppg\/files\/2024\/07\/Planilha-producao-artes.xls\">Planilha com avalia\u00e7\u00e3o da PRODU\u00c7\u00c3O ART\u00cdSTICA<\/a> (divulgada em 23\/07\/2024 &#8211; prazo para recursos: 3 dias da data de divulga\u00e7\u00e3o)<\/p>\n<p><a href=\"https:\/\/wp.ufpel.edu.br\/prppg\/2024\/06\/13\/informacoes-sobre-projetos-e-solicitacao-de-bolsas\/\" target=\"_blank\" rel=\"noopener\">Informa\u00e7\u00f5es sobre projetos e solicita\u00e7\u00e3o de bolsas<\/a><\/p>\n<p><a href=\"https:\/\/wp.ufpel.edu.br\/prppg\/files\/2024\/08\/SEI_UFPel-2582979-Edital.pdf\">Edital 001\/2024 Bolsas de Inicia\u00e7\u00e3o \u00e0 Pesquisa para o Ensino M\u00e9dio (PBIP-EM)<\/a><\/p>\n<p><strong>EDITAIS 2023<\/strong><\/p>\n<p><a href=\"https:\/\/wp.ufpel.edu.br\/prppg\/files\/2023\/05\/Edital-IC.pdf\"><span style=\"font-size: 12pt;background-color: #ffffff\">Edital 001\/2023 Bolsas de Inicia\u00e7\u00e3o Cient\u00edfica (PIBIC,PROBIC, PBIP-AF e PBIP-JC)<\/span><\/a><\/p>\n<p><a href=\"https:\/\/wp.ufpel.edu.br\/prppg\/files\/2023\/05\/Edital-IT.pdf\">Edital 002\/2023 Bolsas de Inicia\u00e7\u00e3o Tecnol\u00f3gica (PIBITI, PROBITI, PBIP-IT e PBEI)<\/a><\/p>\n<p><a href=\"https:\/\/wp.ufpel.edu.br\/prppg\/files\/2023\/06\/planilha-extracao-lattes-1.xlsx\">Planilha com extra\u00e7\u00e3o dos dados do curr\u00edculo Lattes para confer\u00eancia<\/a><\/p>\n<p><a href=\"https:\/\/wp.ufpel.edu.br\/prppg\/files\/2023\/06\/Planilha-producao-artistica_completa.xlsx\">Planilha com avalia\u00e7\u00e3o da produ\u00e7\u00e3o art\u00edstica (somente pesquisadores \u00c1rea ARTES\/M\u00daSICA)<\/a><\/p>\n<p><a href=\"https:\/\/wp.ufpel.edu.br\/prppg\/files\/2023\/06\/Producao-Eventos-Computacao-2018-2023_completo.xlsx\">Planilha com avalia\u00e7\u00e3o de trabalhos completos em evento qualis COMPUTA\u00c7\u00c3O<\/a><\/p>\n<p><strong>EDITAIS 001 e 002 (2022)<\/strong><\/p>\n<p><a href=\"https:\/\/wp.ufpel.edu.br\/prppgi\/files\/2022\/05\/SEI_UFPel-1708314-Edital-001-IC.pdf\">Edital 001\/2022 Bolsas de Inicia\u00e7\u00e3o Cient\u00edfica (PIBIC,PROBIC, PBIP-AF e PBIP-JC)<\/a><\/p>\n<p><a href=\"https:\/\/wp.ufpel.edu.br\/prppgi\/files\/2022\/05\/SEI_UFPel-1708324-Edital-002-IT.pdf\">Edital 002\/2022 Bolsas de Inicia\u00e7\u00e3o Tecnol\u00f3gica (PIBITI, PROBITI, PBIP-IT e PBEI)<\/a><\/p>\n<p><a href=\"https:\/\/wp.ufpel.edu.br\/prppg\/files\/2023\/06\/relatorio_resultado_bolsas_PIBIC-2.pdf\">Resultados Bolsas PIBIC CNPq<\/a><\/p>\n<p><a href=\"https:\/\/wp.ufpel.edu.br\/prppg\/files\/2023\/06\/relatorio_resultado_bolsas_PROBIC-1.pdf\">Resultados Bolsas PROBIC FAPERGS<\/a><\/p>\n<p><a href=\"https:\/\/wp.ufpel.edu.br\/prppg\/files\/2023\/06\/relatorio_resultado_bolsas_PBIP-AF-1.pdf\">Resultados Bolsas PBIP-AF UFPel<\/a><\/p>\n<p><a href=\"https:\/\/wp.ufpel.edu.br\/prppg\/files\/2023\/06\/relatorio_resultado_bolsas_PBIP-JC.pdf\">Resultados Bolsas PBIP-JC UFPel<\/a><\/p>\n<p><a href=\"https:\/\/wp.ufpel.edu.br\/prppg\/files\/2023\/06\/relatorio_resultado_bolsas_PIBITI.pdf\">Resultados Bolsas PIBITI CNPq<\/a><\/p>\n<p><a href=\"https:\/\/wp.ufpel.edu.br\/prppg\/files\/2023\/06\/relatorio_resultado_bolsas_PROBITI.pdf\">Resultados Bolsas PROBITI FAPERGS<\/a><\/p>\n<p><a href=\"https:\/\/wp.ufpel.edu.br\/prppg\/files\/2023\/06\/relatorio_resultado_bolsas_PBIP_IT.pdf\">Resultados Bolsas PBIP-IT UFPel<\/a><\/p>\n<p><a href=\"https:\/\/wp.ufpel.edu.br\/prppg\/files\/2023\/06\/relatorio_resultado_bolsas_PBEI.pdf\">Resultados Bolsas PBEI UFPel<\/a><\/p>\n<p><strong>EDITAIS 2021<\/strong><\/p>\n<p><a href=\"https:\/\/wp.ufpel.edu.br\/prppgi\/files\/2021\/05\/SEI_UFPel-1283800-Edital.pdf\">Edital 001\/2021 Bolsas de Inicia\u00e7\u00e3o Cient\u00edfica<\/a> (PIBIC,PROBIC, PBIP-AF e PBIP-JC)<\/p>\n<p><a href=\"https:\/\/wp.ufpel.edu.br\/prppgi\/files\/2021\/05\/SEI_UFPel-1295232-Edital.pdf\">Edital 002\/2021 Bolsas de Inicia\u00e7\u00e3o Tecnol\u00f3gica<\/a> (PIBITI, PROBITI, PBIP-IT e PBEI)<\/p>\n<p><strong>EDITAIS 2020<\/strong><\/p>\n<p><a href=\"https:\/\/wp.ufpel.edu.br\/prppgi\/files\/2020\/05\/Edital-PIBIC-01.pdf\">Edital 01\/2020 PIBIC (IC CNPq)<\/a><\/p>\n<p><a href=\"https:\/\/wp.ufpel.edu.br\/prppgi\/files\/2020\/05\/Edital-PIBITI-02.pdf\">Edital 02\/2020 PIBITI (IT CNPq)<\/a><\/p>\n<p><a href=\"https:\/\/wp.ufpel.edu.br\/prppgi\/files\/2020\/05\/Edital-PROBIC-03.pdf\">Edital 03\/2020 PROBIC (IC FAPERGS)<\/a><\/p>\n<p><a href=\"https:\/\/wp.ufpel.edu.br\/prppgi\/files\/2020\/05\/Edital-PROBITI-04.pdf\">Edital 04\/2020 PROBITI (IT FAPERGS)<\/a><\/p>\n<p><a href=\"https:\/\/wp.ufpel.edu.br\/prppgi\/files\/2020\/05\/Edital-PBIP_AF-05.pdf\">Edital 05\/2020 PBIP-AF (IC A\u00e7\u00f5es Afirmativas UFPel)<\/a><\/p>\n<p><a href=\"https:\/\/wp.ufpel.edu.br\/prppgi\/files\/2020\/05\/Edital-PBIP_IT-06.pdf\">Edital 06\/2020 PBIP-IT (IT UFPel)<\/a><\/p>\n<p><a href=\"https:\/\/wp.ufpel.edu.br\/prppgi\/files\/2020\/05\/Edital-PBEI.pdf\">Edital 07\/2020 PBEI (Empreendedorismo Inovador UFPel)<\/a><\/p>\n<p><a href=\"https:\/\/wp.ufpel.edu.br\/prppgi\/files\/2020\/05\/SEI_UFPel-0941944-Edital-de-Retificac\u0327a\u0303o-001-PBEI.pdf\">Edital de Retifica\u00e7\u00e3o 01 &#8211; Edital 07\/2020 &#8211; PBEI<\/a><\/p>\n<p><a href=\"https:\/\/wp.ufpel.edu.br\/prppgi\/files\/2020\/05\/Edital-PBIP_AE-08.pdf\">Edital 08\/2020 PBIP-AE (IC \u00c1reas Estrat\u00e9gicas UFPel)<\/a><\/p>\n<p><a href=\"https:\/\/wp.ufpel.edu.br\/prppgi\/files\/2020\/07\/SEI_UFPel-0992260-Edital.pdf\">Edital 09\/2020 PVIP\/UFPel (Programa Volunt\u00e1rio de Inicia\u00e7\u00e3o a Pesquisa)<\/a><\/p>\n<p><a href=\"https:\/\/wp.ufpel.edu.br\/prppgi\/files\/2019\/08\/SEI_UFPel-0603377-Edital.pdf\">Edital 007\/2019 PVIP 2019-2020 <\/a><\/p>\n<p><a href=\"https:\/\/wp.ufpel.edu.br\/prppgi\/files\/2019\/05\/PBIP-IT-006.pdf\">Edital 006\/2019 PBIP-IT\/UFPel 2019-2020<\/a><\/p>\n<p><a href=\"https:\/\/wp.ufpel.edu.br\/prppgi\/files\/2019\/05\/PBIP-AF-005.pdf\">Edital 005\/2019 PBIP-AF\/UFPel 2019-2020<\/a><\/p>\n<p><a href=\"https:\/\/wp.ufpel.edu.br\/prppgi\/files\/2019\/05\/PROBITI-004.pdf\">Edital 004\/2019 PROBITI\/FAPERGS 2019-2020<\/a><\/p>\n<p><a href=\"https:\/\/wp.ufpel.edu.br\/prppgi\/files\/2019\/05\/PROBIC-003.pdf\">Edital 003\/2019 PROBIC\/FAPERGS 2019-2020<\/a><\/p>\n<p><a href=\"https:\/\/wp.ufpel.edu.br\/prppgi\/files\/2019\/05\/PIBITI-002.pdf\">Edital 002\/2019 PIBITI\/CNPq 2019-2020<\/a><\/p>\n<p><a href=\"https:\/\/wp.ufpel.edu.br\/prppgi\/files\/2019\/05\/PIBIC-001.pdf\">Edital 001\/2019 PIBIC\/CNPq 2019-2020<\/a><\/p>\n<p>&nbsp;<\/p>\n<p><strong>EDITAIS 2019<\/strong><\/p>\n<p><a href=\"https:\/\/wp.ufpel.edu.br\/prppgi\/files\/2019\/02\/SEI_UFPel-0449039-Edital-001-2019-PRPPGI.pdf\">Edital 001\/2019 &#8211; Comit\u00ea Institucional de Bolsas de Inicia\u00e7\u00e3o Cient\u00edfica e Tecnol\u00f3gica<\/a><\/p>\n<p><span style=\"color: #000000\"><a style=\"color: #000000\" href=\"https:\/\/wp.ufpel.edu.br\/prppgi\/files\/2018\/04\/Edital_003_PIBIC_2018_2019.pdf\">Edital_003_PIBIC_2018_2019<\/a><\/span><\/p>\n<p><span style=\"color: #000000\"><a style=\"color: #000000\" href=\"https:\/\/wp.ufpel.edu.br\/prppgi\/files\/2018\/04\/Edital_004_PIBITI_2018_2019.pdf\">Edital_004_PIBITI_2018_2019<\/a><\/span><\/p>\n<p><span style=\"color: #000000\"><a style=\"color: #000000\" href=\"https:\/\/wp.ufpel.edu.br\/prppgi\/files\/2018\/04\/Edital_005_PROBIC_2018_2019.pdf\">Edital_005_PROBIC_2018_2019<\/a><\/span><\/p>\n<p><span style=\"color: #000000\"><a style=\"color: #000000\" href=\"https:\/\/wp.ufpel.edu.br\/prppgi\/files\/2018\/04\/Edital_006_PROBITI_2018_2019.pdf\">Edital_006_PROBITI_2018_2019<\/a><\/span><\/p>\n<p><span style=\"color: #000000\"><a style=\"color: #000000\" href=\"https:\/\/wp.ufpel.edu.br\/prppgi\/files\/2018\/04\/Edital_007_PBIP-AF_2018_2019.pdf\">Edital_007_PBIP-AF_2018_2019<\/a><\/span><\/p>\n<p><span style=\"color: #000000\"><a style=\"color: #000000\" href=\"https:\/\/wp.ufpel.edu.br\/prppgi\/files\/2018\/04\/Edital_008_PBIP-IT_2018_2019.pdf\">Edital_008_PBIP-IT_2018_2019<\/a><\/span><\/p>\n<p><span style=\"color: #000000\"><a style=\"color: #000000\" href=\"https:\/\/wp.ufpel.edu.br\/prppgi\/files\/2018\/07\/Edital_009_PVIP_2018_2019.pdf\">Edital_009_PVIP_2018_2019<\/a><\/span><\/p>\n<p><span style=\"color: #000000\"><a style=\"color: #000000\" href=\"https:\/\/wp.ufpel.edu.br\/prppgi\/files\/2018\/06\/SEI_UFPel-0171096-Edital-BolsasdaConectar.pdf\">Edital_003\/2018 &#8211; Empreendedorismo_Inovador &#8211; Conectar_2018_2019<\/a><\/span><\/p>\n<p><strong>EDITAIS 2018<\/strong><\/p>\n<p><span style=\"color: #000000\"><a style=\"color: #000000\" title=\"229 KB\" href=\"http:\/\/www.ufpel.edu.br\/prppg\/bolsas\/noticias\/arq\/Edital_003_PIBIC_2017_2018.pdf\">Edital_003_PIBIC_2017_2018.pdf<\/a><\/span><\/p>\n<p><span style=\"color: #000000\"><a style=\"color: #000000\" title=\"415 KB\" href=\"http:\/\/www.ufpel.edu.br\/prppg\/bolsas\/noticias\/arq\/Edital_004_PIBITI_2017_2018.pdf\">Edital_004_PIBITI_2017_2018.pdf<\/a><\/span><\/p>\n<p><span style=\"color: #000000\"><a style=\"color: #000000\" title=\"227 KB\" href=\"http:\/\/www.ufpel.edu.br\/prppg\/bolsas\/noticias\/arq\/Edital_005_PROBIC_2017_2018.pdf\">Edital_005_PROBIC_2017_2018.pdf<\/a><\/span><\/p>\n<p><span style=\"color: #000000\"><a style=\"color: #000000\" title=\"410 KB\" href=\"http:\/\/www.ufpel.edu.br\/prppg\/bolsas\/noticias\/arq\/Edital_006_PROBITI_2017_2018.pdf\">Edital_006_PROBITI_2017_2018.pdf<\/a><\/span><\/p>\n<p><span style=\"color: #000000\"><a style=\"color: #000000\" title=\"334 KB\" href=\"http:\/\/www.ufpel.edu.br\/prppg\/bolsas\/noticias\/arq\/Edital_007_PBIP-AF_2017_2018.pdf\">Edital_007_PBIP-AF_2017_2018.pdf<\/a><\/span><\/p>\n<p><span style=\"color: #000000\"><a style=\"color: #000000\" title=\"500 KB\" href=\"http:\/\/www.ufpel.edu.br\/prppg\/bolsas\/noticias\/arq\/Edital_008_PBIP-IT_2017_2018.pdf\">Edital_008_PBIP-IT_2017_2018.pdf<\/a><\/span><\/p>\n<p><span style=\"color: #000000\"><a style=\"color: #000000\" title=\"210 KB\" href=\"http:\/\/www.ufpel.edu.br\/prppg\/bolsas\/noticias\/arq\/Edital_009_PVIP_UFPel.pdf\">Edital_009_PVIP_UFPel.pdf<\/a><\/span><\/p>\n<p><strong>EDITAIS 2017<\/strong><\/p>\n<p><span style=\"color: #000000\"><a style=\"color: #000000\" href=\"https:\/\/wp.ufpel.edu.br\/prppg\/files\/2017\/02\/Edital-001_2017-Composic\u0327a\u0303o-comite\u0302-bolsas-IC-IT-1.doc\">Edital 001_2017 Composic\u0327a\u0303o comite\u0302 bolsas IC-IT<\/a><\/span><\/p>\n<p><span style=\"color: #000000\"><a style=\"color: #000000\" href=\"https:\/\/wp.ufpel.edu.br\/prppgi\/files\/2018\/03\/Edital-PIBIC_2016_2017.pdf\">Edital PIBIC_2016_2017<\/a><\/span><\/p>\n<p><span style=\"color: #000000\"><a style=\"color: #000000\" href=\"https:\/\/wp.ufpel.edu.br\/prppgi\/files\/2018\/03\/Edital-PIBITI_2016_2017.pdf\">Edital PIBITI_2016_2017<\/a><\/span><\/p>\n<p><span style=\"color: #000000\"><a style=\"color: #000000\" href=\"https:\/\/wp.ufpel.edu.br\/prppgi\/files\/2018\/03\/Edital-PROBIC_2016_2017.pdf\">Edital PROBIC_2016_2017<\/a><\/span><\/p>\n<p><span style=\"color: #000000\"><a style=\"color: #000000\" href=\"https:\/\/wp.ufpel.edu.br\/prppgi\/files\/2018\/03\/Edital-PROBITI_2016_2017.pdf\">Edital PROBITI_2016_2017<\/a><\/span><\/p>\n<p><span style=\"color: #000000\"><a style=\"color: #000000\" href=\"https:\/\/wp.ufpel.edu.br\/prppgi\/files\/2018\/03\/Edital-PBIP-AF_2016_2017.pdf\">Edital PBIP-AF_2016_2017<\/a><\/span><\/p>\n<p><span style=\"color: #000000\"><a style=\"color: #000000\" href=\"https:\/\/wp.ufpel.edu.br\/prppgi\/files\/2018\/03\/Edital-PBIP_2016_2017.pdf\">Edital PBIP_2016_2017<\/a><\/span><\/p>\n<p><span style=\"color: #000000\"><a style=\"color: #000000\" href=\"https:\/\/wp.ufpel.edu.br\/prppgi\/files\/2018\/03\/Edital-PBIP-DA_2016_2017.pdf\">Edital PBIP-DA_2016_2017<\/a><\/span><\/p>\n<p><span style=\"color: #000000;font-size: 12pt\"> <a style=\"color: #000000\" href=\"https:\/\/wp.ufpel.edu.br\/prppg\/files\/2013\/10\/Programa-volunt\u00e1rio-de-pesquisa-UFPel.pdf\">Programa volunt\u00e1rio de Inicia\u00e7\u00e3o a Pesquisa (PVIP) 2016 2017<\/a><\/span><\/p>\n<p><strong>EDITAIS 2016<\/strong><\/p>\n<p><span style=\"color: #000000\"><a style=\"color: #000000\" href=\"https:\/\/wp.ufpel.edu.br\/prppg\/files\/2013\/10\/Edital-PIBIC_2015_20161.pdf\">Edital PIBIC_2015_2016<\/a><\/span><\/p>\n<p><span style=\"color: #000000\"><a style=\"color: #000000\" href=\"https:\/\/wp.ufpel.edu.br\/prppg\/files\/2013\/10\/Edital-PROBIC_2015_20161.pdf\">Edital PROBIC_2015_2016<\/a><\/span><\/p>\n<p><span style=\"color: #000000\"><a style=\"color: #000000\" href=\"https:\/\/wp.ufpel.edu.br\/prppg\/files\/2013\/10\/Edital-PBIP_2015_2016.pdf\">Edital PBIP_2015_2016<\/a><\/span><\/p>\n<p><span style=\"color: #000000\"><a style=\"color: #000000\" href=\"https:\/\/wp.ufpel.edu.br\/prppg\/files\/2013\/10\/Edital-PBIP-AF_2015_2016.pdf\">Edital PBIP-AF_2015_2016<\/a><\/span><\/p>\n<p><span style=\"color: #000000\"><a style=\"color: #000000\" href=\"https:\/\/wp.ufpel.edu.br\/prppg\/files\/2013\/10\/Edital-PBIP-DA_2015_20161.pdf\">Edital PBIP-DA_2015_2016<\/a><\/span><\/p>\n<p><span style=\"color: #000000\"><a style=\"color: #000000\" href=\"https:\/\/wp.ufpel.edu.br\/prppg\/files\/2013\/10\/Edital-PIBITI_2015_2016.pdf\">Edital PIBITI_2015_2016<\/a><\/span><\/p>\n<p><span style=\"color: #000000\"><a style=\"color: #000000\" href=\"https:\/\/wp.ufpel.edu.br\/prppg\/files\/2013\/10\/Edital-PROBITI_2015_2016.pdf\">Edital PROBITI_2015_2016<\/a><\/span><\/p>\n<p><strong>EDITAIS 2015<\/strong><\/p>\n<p><span style=\"color: #000000\"><a style=\"color: #000000\" href=\"https:\/\/wp.ufpel.edu.br\/prppg\/files\/2013\/10\/Ficha_de_avaliacao_bolsas_ic_2015.xls\">Ficha_de_avaliacao_bolsas_ic_2015<\/a><\/span><\/p>\n<p><span style=\"color: #000000\"><a style=\"color: #000000\" href=\"https:\/\/wp.ufpel.edu.br\/prppg\/files\/2013\/10\/Ficha_de_avaliacao_bolsas_it_2015.xls\">Ficha_de_avaliacao_bolsas_it_2015<\/a><\/span><\/p>\n<p><span style=\"color: #000000\"><a style=\"color: #000000\" href=\"https:\/\/wp.ufpel.edu.br\/prppg\/files\/2013\/10\/Tabela_Areas_Conhecimento.pdf\">Tabela_Areas_Conhecimento<\/a><\/span><\/p>\n<p><span style=\"color: #000000\"><a style=\"color: #000000\" href=\"https:\/\/wp.ufpel.edu.br\/prppg\/files\/2013\/10\/Edital-02_2015-CT-INFRA.pdf\">Edital 02_2015 CT-INFRA<\/a><\/span><\/p>\n<p><span style=\"color: #000000\"><a style=\"color: #000000\" href=\"https:\/\/wp.ufpel.edu.br\/prppg\/files\/2013\/10\/Formul\u00e1rio-CT-INFRA.doc\">Formul\u00e1rio CT-INFRA<\/a><\/span><\/p>\n<p><span style=\"color: #000000\"><a style=\"color: #000000\" href=\"https:\/\/wp.ufpel.edu.br\/prppg\/files\/2013\/10\/PPGs-10-04-20151.doc\">PPGs 10-04-2015<\/a><\/span><\/p>\n<p><span style=\"color: #000000\"><a style=\"color: #000000\" href=\"https:\/\/wp.ufpel.edu.br\/prppg\/files\/2013\/08\/PQs-e-DTs-Atualizado-em-10-04-20151.doc\">PQs e DTs &#8211; Atualizado em 10-04-2015<\/a><\/span><\/p>\n","protected":false},"excerpt":{"rendered":"<p>Editais Abertos Edital n\u00ba 002\/2025 &#8211; Bolsas de Inicia\u00e7\u00e3o Cient\u00edfica (PIBIC, PIBIC-AF, PROBIC, PROBIC-AF, PBIP-AF e PBIP-DIV) Edital n\u00ba 003\/2025 &#8211; Bolsas de Inicia\u00e7\u00e3o Cient\u00edfica no Ensino M\u00e9dio (PIBIC-Jr e PBIP-EM) Edital n\u00ba 004\/2025 &#8211; Bolsas de Inicia\u00e7\u00e3o Tecnol\u00f3gica (PIBITI, PROBITI, PBIP-IT e PBEI) Editais Encerrados EDITAIS 2025 Edital 001\/2025 Edital 001\/2025 &#8211; Comit\u00ea institucional [&hellip;]<\/p>\n","protected":false},"author":45,"featured_media":0,"parent":0,"menu_order":0,"comment_status":"closed","ping_status":"closed","template":"","meta":{"footnotes":""},"class_list":["post-1166","page","type-page","status-publish","hentry"],"_links":{"self":[{"href":"https:\/\/wp.ufpel.edu.br\/prppg\/wp-json\/wp\/v2\/pages\/1166","targetHints":{"allow":["GET"]}}],"collection":[{"href":"https:\/\/wp.ufpel.edu.br\/prppg\/wp-json\/wp\/v2\/pages"}],"about":[{"href":"https:\/\/wp.ufpel.edu.br\/prppg\/wp-json\/wp\/v2\/types\/page"}],"author":[{"embeddable":true,"href":"https:\/\/wp.ufpel.edu.br\/prppg\/wp-json\/wp\/v2\/users\/45"}],"replies":[{"embeddable":true,"href":"https:\/\/wp.ufpel.edu.br\/prppg\/wp-json\/wp\/v2\/comments?post=1166"}],"version-history":[{"count":115,"href":"https:\/\/wp.ufpel.edu.br\/prppg\/wp-json\/wp\/v2\/pages\/1166\/revisions"}],"predecessor-version":[{"id":12066,"href":"https:\/\/wp.ufpel.edu.br\/prppg\/wp-json\/wp\/v2\/pages\/1166\/revisions\/12066"}],"wp:attachment":[{"href":"https:\/\/wp.ufpel.edu.br\/prppg\/wp-json\/wp\/v2\/media?parent=1166"}],"curies":[{"name":"wp","href":"https:\/\/api.w.org\/{rel}","templated":true}]}}