{"id":11549,"date":"2025-04-07T08:47:59","date_gmt":"2025-04-07T11:47:59","guid":{"rendered":"https:\/\/wp.ufpel.edu.br\/prppg\/?page_id=11549"},"modified":"2025-04-07T08:52:14","modified_gmt":"2025-04-07T11:52:14","slug":"cancelamento-de-bolsas-2","status":"publish","type":"page","link":"https:\/\/wp.ufpel.edu.br\/prppg\/cancelamento-de-bolsas-2\/","title":{"rendered":"Cancelamento de bolsas"},"content":{"rendered":"<div>\n<p><strong>Instru\u00e7\u00f5es para cancelamento de bolsas:<\/strong><\/p>\n<p>&nbsp;<\/p>\n<p><strong style=\"color: var(--cor-texto);font-family: var(--fonte-corpo)\">PIBIC-EM CNPq\/PBIP-EM UFPel<\/strong><span style=\"color: var(--cor-texto);font-family: var(--fonte-corpo)\"> \u2013 (via SEI)<\/span><\/p>\n<\/div>\n<div>\n<p><strong><span style=\"background-color: #ffff00\">Prazo:<\/span><\/strong> At\u00e9 o dia 10 para que possa ser realizado dentro do m\u00eas de solicita\u00e7\u00e3o, com exce\u00e7\u00e3o de dezembro quando a solicita\u00e7\u00e3o deve ser encaminhada at\u00e9 o dia 01\/12.<\/p>\n<p><strong>Forma de envio:<\/strong> processo enviado ao NAPIC (N\u00facleo de Inicia\u00e7\u00e3o Cient\u00edfica) atrav\u00e9s do SEI.<\/p>\n<p><strong>Documentos necess\u00e1rios:<\/strong><\/p>\n<p>\u2013 Abrir um processo do tipo \u201cInicia\u00e7\u00e3o Cient\u00edfica e Tecnol\u00f3gica\u201d, dentro do processo incluir o documento \u201cPRPPG Cadastro de Bolsista EM\u201d preenchendo as informa\u00e7\u00f5es referentes a CANCELAMENTO. O documento deve ser assinado pelo(a) orientador(a) via SEI;<\/p>\n<p><strong>O cancelamento de bolsista sem indica\u00e7\u00e3o de substituto(a) imediato implica em cancelamento da cota do(a) orientador(a) e imediata convoca\u00e7\u00e3o do(a) suplente.<\/strong><\/p>\n<\/div>\n","protected":false},"excerpt":{"rendered":"<p>Instru\u00e7\u00f5es para cancelamento de bolsas: &nbsp; PIBIC-EM CNPq\/PBIP-EM UFPel \u2013 (via SEI) Prazo: At\u00e9 o dia 10 para que possa ser realizado dentro do m\u00eas de solicita\u00e7\u00e3o, com exce\u00e7\u00e3o de dezembro quando a solicita\u00e7\u00e3o deve ser encaminhada at\u00e9 o dia 01\/12. Forma de envio: processo enviado ao NAPIC (N\u00facleo de Inicia\u00e7\u00e3o Cient\u00edfica) atrav\u00e9s do SEI. [&hellip;]<\/p>\n","protected":false},"author":45,"featured_media":0,"parent":0,"menu_order":0,"comment_status":"closed","ping_status":"closed","template":"","meta":{"footnotes":""},"class_list":["post-11549","page","type-page","status-publish","hentry"],"_links":{"self":[{"href":"https:\/\/wp.ufpel.edu.br\/prppg\/wp-json\/wp\/v2\/pages\/11549","targetHints":{"allow":["GET"]}}],"collection":[{"href":"https:\/\/wp.ufpel.edu.br\/prppg\/wp-json\/wp\/v2\/pages"}],"about":[{"href":"https:\/\/wp.ufpel.edu.br\/prppg\/wp-json\/wp\/v2\/types\/page"}],"author":[{"embeddable":true,"href":"https:\/\/wp.ufpel.edu.br\/prppg\/wp-json\/wp\/v2\/users\/45"}],"replies":[{"embeddable":true,"href":"https:\/\/wp.ufpel.edu.br\/prppg\/wp-json\/wp\/v2\/comments?post=11549"}],"version-history":[{"count":2,"href":"https:\/\/wp.ufpel.edu.br\/prppg\/wp-json\/wp\/v2\/pages\/11549\/revisions"}],"predecessor-version":[{"id":11556,"href":"https:\/\/wp.ufpel.edu.br\/prppg\/wp-json\/wp\/v2\/pages\/11549\/revisions\/11556"}],"wp:attachment":[{"href":"https:\/\/wp.ufpel.edu.br\/prppg\/wp-json\/wp\/v2\/media?parent=11549"}],"curies":[{"name":"wp","href":"https:\/\/api.w.org\/{rel}","templated":true}]}}