{"id":11543,"date":"2025-04-07T08:45:14","date_gmt":"2025-04-07T11:45:14","guid":{"rendered":"https:\/\/wp.ufpel.edu.br\/prppg\/?page_id=11543"},"modified":"2025-11-12T09:05:15","modified_gmt":"2025-11-12T12:05:15","slug":"instrucoes-para-cancelamento-de-bolsas","status":"publish","type":"page","link":"https:\/\/wp.ufpel.edu.br\/prppg\/instrucoes-para-cancelamento-de-bolsas\/","title":{"rendered":"Cancelamento de bolsas"},"content":{"rendered":"<p><strong>Instru\u00e7\u00f5es para cancelamento de bolsas:<\/strong><\/p>\n<p>&nbsp;<\/p>\n<p><strong>PROBIC\/PROBITI FAPERGS<\/strong> \u2013 (envio de documento digital por e-mail)<\/p>\n<p><strong><span style=\"background-color: #ffff00\">Prazo:<\/span><\/strong> At\u00e9 o dia 05 para que possa ser realizado dentro do m\u00eas de solicita\u00e7\u00e3o.<\/p>\n<p><strong>Forma de envio:<\/strong> O orientador dever\u00e1 encaminhar at\u00e9 o dia 05 do m\u00eas a documenta\u00e7\u00e3o em formato pdf para o email: <a href=\"mailto:cpesqufpel@gmail.com\" target=\"_blank\" rel=\"noopener\">cpesqufpel@gmail.com<\/a>.<\/p>\n<p><strong>Documentos necess\u00e1rios:<\/strong><\/p>\n<p>\u2013 01 via do formul\u00e1rio de substitui\u00e7\u00e3o (dispon\u00edvel em\u00a0<a href=\"https:\/\/wp.ufpel.edu.br\/prppg\/documentos\/\" target=\"_blank\" rel=\"noopener\" data-saferedirecturl=\"https:\/\/www.google.com\/url?q=https:\/\/wp.ufpel.edu.br\/prppg\/documentos\/&amp;source=gmail&amp;ust=1743768104343000&amp;usg=AOvVaw3HtPoW1Db3IiolgbfIpbKZ\">https:\/\/wp.ufpel.edu.br\/prppg\/documentos\/<\/a>);<\/p>\n<p>Instru\u00e7\u00f5es para preenchimento do formul\u00e1rio: o formul\u00e1rio deve ser assinado digitalmente pelo orientador(a) e bolsista cancelado.<\/p>\n<p><strong>O cancelamento de bolsista sem indica\u00e7\u00e3o de substituto(a) imediato implica em cancelamento da cota do orientador e imediata convoca\u00e7\u00e3o do suplente.<\/strong><\/p>\n","protected":false},"excerpt":{"rendered":"<p>Instru\u00e7\u00f5es para cancelamento de bolsas: &nbsp; PROBIC\/PROBITI FAPERGS \u2013 (envio de documento digital por e-mail) Prazo: At\u00e9 o dia 05 para que possa ser realizado dentro do m\u00eas de solicita\u00e7\u00e3o. Forma de envio: O orientador dever\u00e1 encaminhar at\u00e9 o dia 05 do m\u00eas a documenta\u00e7\u00e3o em formato pdf para o email: cpesqufpel@gmail.com. Documentos necess\u00e1rios: \u2013 [&hellip;]<\/p>\n","protected":false},"author":45,"featured_media":0,"parent":0,"menu_order":0,"comment_status":"closed","ping_status":"closed","template":"","meta":{"footnotes":""},"class_list":["post-11543","page","type-page","status-publish","hentry"],"_links":{"self":[{"href":"https:\/\/wp.ufpel.edu.br\/prppg\/wp-json\/wp\/v2\/pages\/11543","targetHints":{"allow":["GET"]}}],"collection":[{"href":"https:\/\/wp.ufpel.edu.br\/prppg\/wp-json\/wp\/v2\/pages"}],"about":[{"href":"https:\/\/wp.ufpel.edu.br\/prppg\/wp-json\/wp\/v2\/types\/page"}],"author":[{"embeddable":true,"href":"https:\/\/wp.ufpel.edu.br\/prppg\/wp-json\/wp\/v2\/users\/45"}],"replies":[{"embeddable":true,"href":"https:\/\/wp.ufpel.edu.br\/prppg\/wp-json\/wp\/v2\/comments?post=11543"}],"version-history":[{"count":3,"href":"https:\/\/wp.ufpel.edu.br\/prppg\/wp-json\/wp\/v2\/pages\/11543\/revisions"}],"predecessor-version":[{"id":12397,"href":"https:\/\/wp.ufpel.edu.br\/prppg\/wp-json\/wp\/v2\/pages\/11543\/revisions\/12397"}],"wp:attachment":[{"href":"https:\/\/wp.ufpel.edu.br\/prppg\/wp-json\/wp\/v2\/media?parent=11543"}],"curies":[{"name":"wp","href":"https:\/\/api.w.org\/{rel}","templated":true}]}}