{"id":11531,"date":"2025-04-03T11:33:10","date_gmt":"2025-04-03T14:33:10","guid":{"rendered":"https:\/\/wp.ufpel.edu.br\/prppg\/?page_id=11531"},"modified":"2025-11-27T15:30:45","modified_gmt":"2025-11-27T18:30:45","slug":"substituicao-de-bolsistas-4","status":"publish","type":"page","link":"https:\/\/wp.ufpel.edu.br\/prppg\/substituicao-de-bolsistas-4\/","title":{"rendered":"Substitui\u00e7\u00e3o de Bolsistas"},"content":{"rendered":"<div>\n<p><strong>Instru\u00e7\u00f5es para a substitui\u00e7\u00e3o de bolsistas:<\/strong><\/p>\n<p><b style=\"color: var(--cor-texto);font-family: var(--fonte-corpo)\">PIBIC-Jr CNPq\/PBIP-EM UFPel<\/b><span style=\"color: var(--cor-texto);font-family: var(--fonte-corpo)\"> \u2013 (via SEI)<\/span><\/p>\n<\/div>\n<div>\n<p><strong><span style=\"background-color: #ffff00\">Prazo:<\/span><\/strong> At\u00e9 o dia 10 para que possa ser realizado dentro do m\u00eas de solicita\u00e7\u00e3o, com exce\u00e7\u00e3o de dezembro quando a solicita\u00e7\u00e3o deve ser encaminhada at\u00e9 o dia 01\/12.<\/p>\n<p><strong>Forma de envio:<\/strong> processo enviado ao NAPIC (<span class=\"OYPEnA font-feature-liga-off font-feature-clig-off font-feature-calt-off font-size-modifier text-decoration-none text-strikethrough-none\">N\u00facleo de Apoio \u00e0 Pesquisa e Inicia\u00e7\u00e3o Cient\u00edfica<\/span>) atrav\u00e9s do SEI.<\/p>\n<p><strong>Documentos necess\u00e1rios:<\/strong><\/p>\n<p>\u2013 Abrir um processo do tipo \u201cInicia\u00e7\u00e3o Cient\u00edfica e Tecnol\u00f3gica\u201d, dentro do processo incluir o documento \u201cPRPPG Cadastro de Bolsista EM\u201d. O documento deve ser assinado pelo orientador via SEI;<\/p>\n<\/div>\n<div><span style=\"color: var(--cor-texto);font-family: var(--fonte-corpo)\">O bolsista PBIP-EM\/UFPel deve ter conta corrente no banco de sua prefer\u00eancia.<\/span><\/div>\n<div>\n<div>O bolsista PIBIC-Jr\/CNPq deve ter conta corrente no Banco do Brasil e Curr\u00edculo Lattes. Ap\u00f3s a substitui\u00e7\u00e3o, bolsistas CNPq precisam dar aceite no termo atrav\u00e9s de e-mail para que a bolsa fique ativa.<\/div>\n<\/div>\n","protected":false},"excerpt":{"rendered":"<p>Instru\u00e7\u00f5es para a substitui\u00e7\u00e3o de bolsistas: PIBIC-Jr CNPq\/PBIP-EM UFPel \u2013 (via SEI) Prazo: At\u00e9 o dia 10 para que possa ser realizado dentro do m\u00eas de solicita\u00e7\u00e3o, com exce\u00e7\u00e3o de dezembro quando a solicita\u00e7\u00e3o deve ser encaminhada at\u00e9 o dia 01\/12. Forma de envio: processo enviado ao NAPIC (N\u00facleo de Apoio \u00e0 Pesquisa e Inicia\u00e7\u00e3o [&hellip;]<\/p>\n","protected":false},"author":45,"featured_media":0,"parent":0,"menu_order":0,"comment_status":"closed","ping_status":"closed","template":"","meta":{"footnotes":""},"class_list":["post-11531","page","type-page","status-publish","hentry"],"_links":{"self":[{"href":"https:\/\/wp.ufpel.edu.br\/prppg\/wp-json\/wp\/v2\/pages\/11531","targetHints":{"allow":["GET"]}}],"collection":[{"href":"https:\/\/wp.ufpel.edu.br\/prppg\/wp-json\/wp\/v2\/pages"}],"about":[{"href":"https:\/\/wp.ufpel.edu.br\/prppg\/wp-json\/wp\/v2\/types\/page"}],"author":[{"embeddable":true,"href":"https:\/\/wp.ufpel.edu.br\/prppg\/wp-json\/wp\/v2\/users\/45"}],"replies":[{"embeddable":true,"href":"https:\/\/wp.ufpel.edu.br\/prppg\/wp-json\/wp\/v2\/comments?post=11531"}],"version-history":[{"count":3,"href":"https:\/\/wp.ufpel.edu.br\/prppg\/wp-json\/wp\/v2\/pages\/11531\/revisions"}],"predecessor-version":[{"id":12427,"href":"https:\/\/wp.ufpel.edu.br\/prppg\/wp-json\/wp\/v2\/pages\/11531\/revisions\/12427"}],"wp:attachment":[{"href":"https:\/\/wp.ufpel.edu.br\/prppg\/wp-json\/wp\/v2\/media?parent=11531"}],"curies":[{"name":"wp","href":"https:\/\/api.w.org\/{rel}","templated":true}]}}