{"id":11528,"date":"2025-04-03T11:30:39","date_gmt":"2025-04-03T14:30:39","guid":{"rendered":"https:\/\/wp.ufpel.edu.br\/prppg\/?page_id=11528"},"modified":"2025-11-12T09:04:10","modified_gmt":"2025-11-12T12:04:10","slug":"substituicao-de-bolsistas-3","status":"publish","type":"page","link":"https:\/\/wp.ufpel.edu.br\/prppg\/substituicao-de-bolsistas-3\/","title":{"rendered":"Substitui\u00e7\u00e3o de Bolsistas"},"content":{"rendered":"<p><strong>Instru\u00e7\u00f5es para a substitui\u00e7\u00e3o de bolsistas<\/strong><\/p>\n<div>\n<p><b>PBIP-AF\/PBIP-DIV\/PBIP-IT\/PBEI UFPel<\/b>\u00a0\u2013 (via SEI)<\/p>\n<p><strong><span style=\"background-color: #ffff00\">Prazo:<\/span><\/strong> At\u00e9 o dia 10 para que possa ser realizado dentro do m\u00eas de solicita\u00e7\u00e3o, com exce\u00e7\u00e3o de dezembro quando a solicita\u00e7\u00e3o deve ser encaminhada at\u00e9 o dia 01\/12.<\/p>\n<p><strong>Forma de envio:<\/strong> processo enviado ao NAPIC (<span class=\"OYPEnA font-feature-liga-off font-feature-clig-off font-feature-calt-off font-size-modifier text-decoration-none text-strikethrough-none\">N\u00facleo de Apoio \u00e0 Pesquisa e Inicia\u00e7\u00e3o Cient\u00edfica<\/span>) atrav\u00e9s do SEI.<\/p>\n<p><strong>Documentos necess\u00e1rios:<\/strong><\/p>\n<p>\u2013 Abrir um processo do tipo \u201cInicia\u00e7\u00e3o Cient\u00edfica e Tecnol\u00f3gica\u201d, dentro do processo incluir o documento \u201cPRPPG Cadastro de Bolsista IC e IT\u201d. O documento deve ser assinado pelo orientador via SEI;<\/p>\n<p>\u2013 Para bolsistas PBIP-AF \u00a0e PBIP-DIV \u00e9 necess\u00e1rio incluir ao processo um dos seguintes documentos:<\/p>\n<p>\u2013 No caso de estudante em vulnerabilidade social, apresentar atestado emitido pela Pr\u00f3-Reitoria de Assuntos Estudantis (PRAE), comprovando o v\u00ednculo do(a) bolsista com um ou mais programas de aux\u00edlio da PRAE ou comprovante de acesso a universidade por cota.<\/p>\n<p>\u2013 No caso de estudantes negros, apresentar autodeclara\u00e7\u00e3o ou informa\u00e7\u00e3o cadastrada no cobalto.<\/p>\n<p>\u2013 Os candidatos ind\u00edgenas devem apresentar c\u00f3pia do Registro Administrativo de Nascimento de Ind\u00edgena (RANI) ou declara\u00e7\u00e3o da FUNAI e declara\u00e7\u00e3o de lideran\u00e7a do grupo ao qual pertence.<\/p>\n<p>\u2013 No caso de pessoa com defici\u00eancia, apresentar laudo m\u00e9dico com C\u00f3digo da Defici\u00eancia nos termos da Classifica\u00e7\u00e3o Internacional de Doen\u00e7as \u2013 CID.<\/p>\n<p>O novo bolsista deve ter conta corrente no banco de sua prefer\u00eancia.<\/p>\n<\/div>\n<div><\/div>\n","protected":false},"excerpt":{"rendered":"<p>Instru\u00e7\u00f5es para a substitui\u00e7\u00e3o de bolsistas PBIP-AF\/PBIP-DIV\/PBIP-IT\/PBEI UFPel\u00a0\u2013 (via SEI) Prazo: At\u00e9 o dia 10 para que possa ser realizado dentro do m\u00eas de solicita\u00e7\u00e3o, com exce\u00e7\u00e3o de dezembro quando a solicita\u00e7\u00e3o deve ser encaminhada at\u00e9 o dia 01\/12. Forma de envio: processo enviado ao NAPIC (N\u00facleo de Apoio \u00e0 Pesquisa e Inicia\u00e7\u00e3o Cient\u00edfica) atrav\u00e9s [&hellip;]<\/p>\n","protected":false},"author":45,"featured_media":0,"parent":0,"menu_order":0,"comment_status":"closed","ping_status":"closed","template":"","meta":{"footnotes":""},"class_list":["post-11528","page","type-page","status-publish","hentry"],"_links":{"self":[{"href":"https:\/\/wp.ufpel.edu.br\/prppg\/wp-json\/wp\/v2\/pages\/11528","targetHints":{"allow":["GET"]}}],"collection":[{"href":"https:\/\/wp.ufpel.edu.br\/prppg\/wp-json\/wp\/v2\/pages"}],"about":[{"href":"https:\/\/wp.ufpel.edu.br\/prppg\/wp-json\/wp\/v2\/types\/page"}],"author":[{"embeddable":true,"href":"https:\/\/wp.ufpel.edu.br\/prppg\/wp-json\/wp\/v2\/users\/45"}],"replies":[{"embeddable":true,"href":"https:\/\/wp.ufpel.edu.br\/prppg\/wp-json\/wp\/v2\/comments?post=11528"}],"version-history":[{"count":3,"href":"https:\/\/wp.ufpel.edu.br\/prppg\/wp-json\/wp\/v2\/pages\/11528\/revisions"}],"predecessor-version":[{"id":12396,"href":"https:\/\/wp.ufpel.edu.br\/prppg\/wp-json\/wp\/v2\/pages\/11528\/revisions\/12396"}],"wp:attachment":[{"href":"https:\/\/wp.ufpel.edu.br\/prppg\/wp-json\/wp\/v2\/media?parent=11528"}],"curies":[{"name":"wp","href":"https:\/\/api.w.org\/{rel}","templated":true}]}}