{"id":11524,"date":"2025-04-03T11:27:43","date_gmt":"2025-04-03T14:27:43","guid":{"rendered":"https:\/\/wp.ufpel.edu.br\/prppg\/?page_id=11524"},"modified":"2025-12-11T17:06:24","modified_gmt":"2025-12-11T20:06:24","slug":"substituicoes-de-bolsistas","status":"publish","type":"page","link":"https:\/\/wp.ufpel.edu.br\/prppg\/substituicoes-de-bolsistas\/","title":{"rendered":"Substitui\u00e7\u00f5es de Bolsistas"},"content":{"rendered":"<p><strong>Instru\u00e7\u00f5es para a substitui\u00e7\u00e3o de bolsistas:<\/strong><\/p>\n<p><b>PIBIC\/PIBITI CNPq<\/b>\u00a0\u2013 (via SEI)<\/p>\n<p><strong><span style=\"background-color: #ffff00\">Prazo:<\/span><\/strong> At\u00e9 o dia 10 para que possa ser realizado dentro do m\u00eas de solicita\u00e7\u00e3o, com exce\u00e7\u00e3o de dezembro quando a solicita\u00e7\u00e3o deve ser encaminhada at\u00e9 o dia 01\/12.<\/p>\n<p><strong>Forma de envio:<\/strong> processo enviado ao NAPIC (<span class=\"OYPEnA font-feature-liga-off font-feature-clig-off font-feature-calt-off font-size-modifier text-decoration-none text-strikethrough-none\">N\u00facleo de Apoio \u00e0 Pesquisa e Inicia\u00e7\u00e3o Cient\u00edfica<\/span>) atrav\u00e9s do SEI.<\/p>\n<p><strong>Documentos necess\u00e1rios:<\/strong><\/p>\n<p>\u2013 Abrir um processo do tipo \u201cInicia\u00e7\u00e3o Cient\u00edfica e Tecnol\u00f3gica\u201d, dentro do processo incluir o documento \u201cPRPPG Cadastro de Bolsista IC e IT\u201d. O documento deve ser assinado pelo orientador via SEI;<\/p>\n<p>O novo bolsista deve ter conta corrente no Banco do Brasil e Curr\u00edculo Lattes. Os dados banc\u00e1rios (Banco do Brasil) devem ser informados no e-mail que o bolsista recebe do CNPq.<\/p>\n<p>Ap\u00f3s realizar atualiza\u00e7\u00f5es no Lattes o bolsista deve atentar para que as atualiza\u00e7\u00f5es sejam enviadas ao CNPq para publica\u00e7\u00e3o, sem o envio da atualiza\u00e7\u00e3o o Lattes ficar\u00e1 em preenchimento, o que impede a indica\u00e7\u00e3o do bolsista.<\/p>\n","protected":false},"excerpt":{"rendered":"<p>Instru\u00e7\u00f5es para a substitui\u00e7\u00e3o de bolsistas: PIBIC\/PIBITI CNPq\u00a0\u2013 (via SEI) Prazo: At\u00e9 o dia 10 para que possa ser realizado dentro do m\u00eas de solicita\u00e7\u00e3o, com exce\u00e7\u00e3o de dezembro quando a solicita\u00e7\u00e3o deve ser encaminhada at\u00e9 o dia 01\/12. Forma de envio: processo enviado ao NAPIC (N\u00facleo de Apoio \u00e0 Pesquisa e Inicia\u00e7\u00e3o Cient\u00edfica) atrav\u00e9s [&hellip;]<\/p>\n","protected":false},"author":45,"featured_media":0,"parent":0,"menu_order":0,"comment_status":"closed","ping_status":"closed","template":"","meta":{"footnotes":""},"class_list":["post-11524","page","type-page","status-publish","hentry"],"_links":{"self":[{"href":"https:\/\/wp.ufpel.edu.br\/prppg\/wp-json\/wp\/v2\/pages\/11524","targetHints":{"allow":["GET"]}}],"collection":[{"href":"https:\/\/wp.ufpel.edu.br\/prppg\/wp-json\/wp\/v2\/pages"}],"about":[{"href":"https:\/\/wp.ufpel.edu.br\/prppg\/wp-json\/wp\/v2\/types\/page"}],"author":[{"embeddable":true,"href":"https:\/\/wp.ufpel.edu.br\/prppg\/wp-json\/wp\/v2\/users\/45"}],"replies":[{"embeddable":true,"href":"https:\/\/wp.ufpel.edu.br\/prppg\/wp-json\/wp\/v2\/comments?post=11524"}],"version-history":[{"count":4,"href":"https:\/\/wp.ufpel.edu.br\/prppg\/wp-json\/wp\/v2\/pages\/11524\/revisions"}],"predecessor-version":[{"id":12476,"href":"https:\/\/wp.ufpel.edu.br\/prppg\/wp-json\/wp\/v2\/pages\/11524\/revisions\/12476"}],"wp:attachment":[{"href":"https:\/\/wp.ufpel.edu.br\/prppg\/wp-json\/wp\/v2\/media?parent=11524"}],"curies":[{"name":"wp","href":"https:\/\/api.w.org\/{rel}","templated":true}]}}