{"id":11518,"date":"2025-04-03T11:25:07","date_gmt":"2025-04-03T14:25:07","guid":{"rendered":"https:\/\/wp.ufpel.edu.br\/prppg\/?page_id=11518"},"modified":"2026-04-06T09:19:21","modified_gmt":"2026-04-06T12:19:21","slug":"substituicao-de-bolsistas-2","status":"publish","type":"page","link":"https:\/\/wp.ufpel.edu.br\/prppg\/substituicao-de-bolsistas-2\/","title":{"rendered":"Substitui\u00e7\u00e3o de Bolsistas"},"content":{"rendered":"<p><strong>Instru\u00e7\u00f5es para a substitui\u00e7\u00e3o de bolsistas:<\/strong><\/p>\n<p><b>PROBIC\/PROBIC-AF\/PROBITI FAPERGS\u00a0 <\/b>(via e-mail)<\/p>\n<p><strong><span style=\"background-color: #ffff00\">Prazo:<\/span><\/strong>\u00a0At\u00e9 o dia 09 para que possa ser realizado dentro do m\u00eas de solicita\u00e7\u00e3o.<\/p>\n<p><strong>Forma de envio:<\/strong> O orientador dever\u00e1 encaminhar at\u00e9 o dia 09 do m\u00eas a documenta\u00e7\u00e3o em formato pdf para o email <a href=\"mailto:cpesqufpel@gmail.com\" target=\"_blank\" rel=\"noopener\">cpesqufpel@gmail.com<\/a>.<\/p>\n<p><strong>Documentos necess\u00e1rios:<\/strong><\/p>\n<p>\u2013 1 via do termo de outorga (dispon\u00edvel em\u00a0<a href=\"https:\/\/wp.ufpel.edu.br\/prppg\/documentos\/\" target=\"_blank\" rel=\"noopener\" data-saferedirecturl=\"https:\/\/www.google.com\/url?q=https:\/\/wp.ufpel.edu.br\/prppg\/documentos\/&amp;source=gmail&amp;ust=1743768089632000&amp;usg=AOvVaw2mjFq2XQ53S5j_eWVaWWwv\">https:\/\/wp.ufpel.edu.br\/prppg\/documentos\/<\/a>);<\/p>\n<p>Instru\u00e7\u00f5es para preenchimento do termo de outorga: O termo\u00a0<span style=\"background-color: #ffff00\">N\u00c3O<\/span> dever\u00e1 ser assinado nem datado.<\/p>\n<p>\u2013 01 via do formul\u00e1rio de substitui\u00e7\u00e3o (dispon\u00edvel em\u00a0<a href=\"https:\/\/wp.ufpel.edu.br\/prppg\/documentos\/\" target=\"_blank\" rel=\"noopener\" data-saferedirecturl=\"https:\/\/www.google.com\/url?q=https:\/\/wp.ufpel.edu.br\/prppg\/documentos\/&amp;source=gmail&amp;ust=1743768089632000&amp;usg=AOvVaw2mjFq2XQ53S5j_eWVaWWwv\">https:\/\/wp.ufpel.edu.br\/prppg\/documentos\/<\/a>);<\/p>\n<p><strong>Instru\u00e7\u00f5es para preenchimento do formul\u00e1rio:<\/strong> o formul\u00e1rio deve ser assinado digitalmente pelo orientador, bolsista e bolsista substituto.<\/p>\n<p>\u2013 O novo bolsista deve ter conta no Banrisul e cadastro no SigFapergs (p\u00e1gina da FAPERGS). No SigFapergs dever\u00e1 anexar, at\u00e9 o dia 10 do m\u00eas de substitui\u00e7\u00e3o, c\u00f3pia de RG, CPF, comprovante de matr\u00edcula do semestre em curso e comprovante banc\u00e1rio (conta corrente no Banrisul).<\/p>\n<p>&#8211; No caso de bolsas PROBIC-AF,<span style=\"color: #333333\"> tamb\u00e9m anexar <\/span>no SigFapergs c\u00f3pia do comprovante de ingresso na Instiutui\u00e7\u00e3o por Programa de A\u00e7\u00f5es Afirmativas.<\/p>\n<p>\u2013 O bolsista substitu\u00eddo dever\u00e1 entregar ao orientador o relat\u00f3rio final da bolsa referente ao per\u00edodo de suas atividades, para que seja incorporado ao relat\u00f3rio final da bolsa em agosto.<\/p>\n<p>A substitui\u00e7\u00e3o de bolsistas da FAPERGS \u00e9 feita mensalmente, a partir de outubro at\u00e9 09 de julho.<\/p>\n","protected":false},"excerpt":{"rendered":"<p>Instru\u00e7\u00f5es para a substitui\u00e7\u00e3o de bolsistas: PROBIC\/PROBIC-AF\/PROBITI FAPERGS\u00a0 (via e-mail) Prazo:\u00a0At\u00e9 o dia 09 para que possa ser realizado dentro do m\u00eas de solicita\u00e7\u00e3o. Forma de envio: O orientador dever\u00e1 encaminhar at\u00e9 o dia 09 do m\u00eas a documenta\u00e7\u00e3o em formato pdf para o email cpesqufpel@gmail.com. Documentos necess\u00e1rios: \u2013 1 via do termo de outorga [&hellip;]<\/p>\n","protected":false},"author":45,"featured_media":0,"parent":0,"menu_order":0,"comment_status":"closed","ping_status":"closed","template":"","meta":{"footnotes":""},"class_list":["post-11518","page","type-page","status-publish","hentry"],"_links":{"self":[{"href":"https:\/\/wp.ufpel.edu.br\/prppg\/wp-json\/wp\/v2\/pages\/11518","targetHints":{"allow":["GET"]}}],"collection":[{"href":"https:\/\/wp.ufpel.edu.br\/prppg\/wp-json\/wp\/v2\/pages"}],"about":[{"href":"https:\/\/wp.ufpel.edu.br\/prppg\/wp-json\/wp\/v2\/types\/page"}],"author":[{"embeddable":true,"href":"https:\/\/wp.ufpel.edu.br\/prppg\/wp-json\/wp\/v2\/users\/45"}],"replies":[{"embeddable":true,"href":"https:\/\/wp.ufpel.edu.br\/prppg\/wp-json\/wp\/v2\/comments?post=11518"}],"version-history":[{"count":3,"href":"https:\/\/wp.ufpel.edu.br\/prppg\/wp-json\/wp\/v2\/pages\/11518\/revisions"}],"predecessor-version":[{"id":12895,"href":"https:\/\/wp.ufpel.edu.br\/prppg\/wp-json\/wp\/v2\/pages\/11518\/revisions\/12895"}],"wp:attachment":[{"href":"https:\/\/wp.ufpel.edu.br\/prppg\/wp-json\/wp\/v2\/media?parent=11518"}],"curies":[{"name":"wp","href":"https:\/\/api.w.org\/{rel}","templated":true}]}}