{"id":11491,"date":"2025-04-01T11:53:42","date_gmt":"2025-04-01T14:53:42","guid":{"rendered":"https:\/\/wp.ufpel.edu.br\/prppg\/?page_id=11491"},"modified":"2025-11-12T08:51:59","modified_gmt":"2025-11-12T11:51:59","slug":"cancelamento-de-bolsas","status":"publish","type":"page","link":"https:\/\/wp.ufpel.edu.br\/prppg\/substituicao-de-bolsistas\/cancelamento-de-bolsas\/","title":{"rendered":"Cancelamento de bolsas"},"content":{"rendered":"<div>\n<p><strong>Ver instru\u00e7\u00f5es para cancelamento de acordo com seu tipo de bolsa:<\/strong><\/p>\n<p>&nbsp;<\/p>\n<p><strong><a href=\"https:\/\/wp.ufpel.edu.br\/prppg\/instrucoes-para-cancelamento-de-bolsas\/\">PROBIC\/PROBITI FAPERGS<\/a><\/strong><\/p>\n<p><strong><a href=\"https:\/\/wp.ufpel.edu.br\/prppg\/cancelamento-de-bolsas\/\">PIBIC\/PIBITI\/PIBIC-AF CNPq; PBIP-AF\/PBIP-DIV\/PBIP-IT\/PBEI UFPel<\/a><\/strong><\/p>\n<p><strong style=\"color: var(--cor-texto);font-family: var(--fonte-corpo)\"><a href=\"https:\/\/wp.ufpel.edu.br\/prppg\/cancelamento-de-bolsas-2\/\">PIBIC-EM CNPq\/PBIP-EM UFPel<\/a><\/strong><\/p>\n<\/div>\n<div><\/div>\n<div><strong style=\"text-align: justify;color: var(--cor-texto);font-family: var(--fonte-corpo)\">O cancelamento de bolsista sem indica\u00e7\u00e3o de substituto(a) imediato implica em cancelamento da cota do(a) orientador(a) e imediata convoca\u00e7\u00e3o do(a) suplente.<\/strong><\/div>\n<p>&nbsp;<\/p>\n","protected":false},"excerpt":{"rendered":"<p>Ver instru\u00e7\u00f5es para cancelamento de acordo com seu tipo de bolsa: &nbsp; PROBIC\/PROBITI FAPERGS PIBIC\/PIBITI\/PIBIC-AF CNPq; PBIP-AF\/PBIP-DIV\/PBIP-IT\/PBEI UFPel PIBIC-EM CNPq\/PBIP-EM UFPel O cancelamento de bolsista sem indica\u00e7\u00e3o de substituto(a) imediato implica em cancelamento da cota do(a) orientador(a) e imediata convoca\u00e7\u00e3o do(a) suplente. &nbsp;<\/p>\n","protected":false},"author":45,"featured_media":0,"parent":1686,"menu_order":0,"comment_status":"closed","ping_status":"closed","template":"","meta":{"footnotes":""},"class_list":["post-11491","page","type-page","status-publish","hentry"],"_links":{"self":[{"href":"https:\/\/wp.ufpel.edu.br\/prppg\/wp-json\/wp\/v2\/pages\/11491","targetHints":{"allow":["GET"]}}],"collection":[{"href":"https:\/\/wp.ufpel.edu.br\/prppg\/wp-json\/wp\/v2\/pages"}],"about":[{"href":"https:\/\/wp.ufpel.edu.br\/prppg\/wp-json\/wp\/v2\/types\/page"}],"author":[{"embeddable":true,"href":"https:\/\/wp.ufpel.edu.br\/prppg\/wp-json\/wp\/v2\/users\/45"}],"replies":[{"embeddable":true,"href":"https:\/\/wp.ufpel.edu.br\/prppg\/wp-json\/wp\/v2\/comments?post=11491"}],"version-history":[{"count":4,"href":"https:\/\/wp.ufpel.edu.br\/prppg\/wp-json\/wp\/v2\/pages\/11491\/revisions"}],"predecessor-version":[{"id":12389,"href":"https:\/\/wp.ufpel.edu.br\/prppg\/wp-json\/wp\/v2\/pages\/11491\/revisions\/12389"}],"up":[{"embeddable":true,"href":"https:\/\/wp.ufpel.edu.br\/prppg\/wp-json\/wp\/v2\/pages\/1686"}],"wp:attachment":[{"href":"https:\/\/wp.ufpel.edu.br\/prppg\/wp-json\/wp\/v2\/media?parent=11491"}],"curies":[{"name":"wp","href":"https:\/\/api.w.org\/{rel}","templated":true}]}}