{"id":11253,"date":"2025-02-10T11:28:11","date_gmt":"2025-02-10T14:28:11","guid":{"rendered":"https:\/\/wp.ufpel.edu.br\/prppg\/?page_id=11253"},"modified":"2025-02-10T11:32:54","modified_gmt":"2025-02-10T14:32:54","slug":"selecao-bolsas-de-desenvolvimento-institucional-2025","status":"publish","type":"page","link":"https:\/\/wp.ufpel.edu.br\/prppg\/selecao-bolsas-de-desenvolvimento-institucional-2025\/","title":{"rendered":"Sele\u00e7\u00e3o Bolsas de Desenvolvimento Institucional 2025"},"content":{"rendered":"<p>Fique atento! Em breve, divulgaremos todas as informa\u00e7\u00f5es sobre o processo de sele\u00e7\u00e3o para as\u00a0<strong>Bolsas de Desenvolvimento Institucional 2025<\/strong>.<\/p>\n","protected":false},"excerpt":{"rendered":"<p>Fique atento! Em breve, divulgaremos todas as informa\u00e7\u00f5es sobre o processo de sele\u00e7\u00e3o para as\u00a0Bolsas de Desenvolvimento Institucional 2025.<\/p>\n","protected":false},"author":45,"featured_media":0,"parent":0,"menu_order":0,"comment_status":"closed","ping_status":"closed","template":"","meta":{"footnotes":""},"class_list":["post-11253","page","type-page","status-publish","hentry"],"_links":{"self":[{"href":"https:\/\/wp.ufpel.edu.br\/prppg\/wp-json\/wp\/v2\/pages\/11253","targetHints":{"allow":["GET"]}}],"collection":[{"href":"https:\/\/wp.ufpel.edu.br\/prppg\/wp-json\/wp\/v2\/pages"}],"about":[{"href":"https:\/\/wp.ufpel.edu.br\/prppg\/wp-json\/wp\/v2\/types\/page"}],"author":[{"embeddable":true,"href":"https:\/\/wp.ufpel.edu.br\/prppg\/wp-json\/wp\/v2\/users\/45"}],"replies":[{"embeddable":true,"href":"https:\/\/wp.ufpel.edu.br\/prppg\/wp-json\/wp\/v2\/comments?post=11253"}],"version-history":[{"count":3,"href":"https:\/\/wp.ufpel.edu.br\/prppg\/wp-json\/wp\/v2\/pages\/11253\/revisions"}],"predecessor-version":[{"id":11349,"href":"https:\/\/wp.ufpel.edu.br\/prppg\/wp-json\/wp\/v2\/pages\/11253\/revisions\/11349"}],"wp:attachment":[{"href":"https:\/\/wp.ufpel.edu.br\/prppg\/wp-json\/wp\/v2\/media?parent=11253"}],"curies":[{"name":"wp","href":"https:\/\/api.w.org\/{rel}","templated":true}]}}