{"id":10873,"date":"2024-10-09T10:19:35","date_gmt":"2024-10-09T13:19:35","guid":{"rendered":"https:\/\/wp.ufpel.edu.br\/prppg\/?page_id=10873"},"modified":"2025-11-04T10:23:24","modified_gmt":"2025-11-04T13:23:24","slug":"editais-de-selecao-de-pos-doc","status":"publish","type":"page","link":"https:\/\/wp.ufpel.edu.br\/prppg\/editais-de-selecao-de-pos-doc\/","title":{"rendered":"Editais de Sele\u00e7\u00e3o de P\u00f3s-Doc"},"content":{"rendered":"<p><strong><span style=\"font-size: 18pt\">Editais de Sele\u00e7\u00e3o de p\u00f3s-doc do Programa Institucional de P\u00f3s-Doutorado &#8211; PIPD\u00a0 da CAPES<\/span><\/strong><\/p>\n<p>&nbsp;<\/p>\n<p>Tendo em vista a\u00a0<a href=\"https:\/\/cad.capes.gov.br\/ato-administrativo-detalhar?idAtoAdmElastic=16203#anchor\"><b>PORTARIA CAPES N\u00ba 282, DE 4 DE SETEMBRO DE 2024 <\/b><\/a>que <i style=\"color: var(--cor-texto);font-family: var(--fonte-corpo)\">Institui e regulamenta o Programa Institucional de P\u00f3s-Doutorado &#8211; PIPD, da Coordena\u00e7\u00e3o-Geral de Fomento Institucional \u00e0 P\u00f3s-Gradua\u00e7\u00e3o no Pa\u00eds &#8211; CGFIP, da Diretoria de Programas e Bolsas no Pa\u00eds &#8211; DPB, da Coordena\u00e7\u00e3o de Aperfei\u00e7oamento de Pessoal de N\u00edvel Superior &#8211; <\/i>listamos abaixo os PPG&#8217;s com sele\u00e7\u00e3o aberta para bolsista p\u00f3s-doc.<\/p>\n<ul>\n<li><a href=\"https:\/\/wp.ufpel.edu.br\/prppg\/files\/2025\/11\/Programa-Institucional-de-Pos-Doutorado-PIPD-PPGE.pdf\">Sele\u00e7\u00e3o P\u00f3s-Doc do PPG em Educa\u00e7\u00e3o (2025)<\/a><\/li>\n<li><a href=\"https:\/\/wp.ufpel.edu.br\/prppg\/files\/2025\/08\/SEI_3184683_Edital_de_selecao_PRPPG_134.pdf\">Sele\u00e7\u00e3o P\u00f3s-Doc do PPG em Enfermagem (2025)<\/a><\/li>\n<li><a href=\"https:\/\/wp.ufpel.edu.br\/prppg\/files\/2025\/10\/Selecao-Pos-Doc-PPGL.pdf\">Sele\u00e7\u00e3o P\u00f3s Doc PPGL<\/a><\/li>\n<li><a href=\"https:\/\/wp.ufpel.edu.br\/prppg\/files\/2025\/03\/PIPD-BBIO.pdf\">Sele\u00e7\u00e3o P\u00f3s-Doc do PPG em Bioqu\u00edmica e Bioprospec\u00e7\u00e3o &#8211; Novo &#8211;\u00a0 <\/a><a href=\"https:\/\/wp.ufpel.edu.br\/prppg\/files\/2025\/04\/PPGBBIO-3.pdf\">PPGBBIO 03-2025<\/a><\/li>\n<li><a href=\"https:\/\/wp.ufpel.edu.br\/prppg\/files\/2025\/03\/PIPD-BBIO.pdf\">Sele\u00e7\u00e3o P\u00f3s-Doc do PPG em Bioqu\u00edmica e Bioprospec\u00e7\u00e3o (02-2025)<\/a><\/li>\n<li><a href=\"https:\/\/wp.ufpel.edu.br\/prppg\/files\/2025\/02\/PPGBBIO.pdf\">Sele\u00e7\u00e3o P\u00f3s-Doc do PPG em Bioqu\u00edmica e Bioprospec\u00e7\u00e3o<\/a><\/li>\n<li><a href=\"https:\/\/wp.ufpel.edu.br\/prppg\/files\/2025\/01\/Selecao-Pos-Doc-do-PPG-em-Biotecnologia.pdf\">Sele\u00e7\u00e3o P\u00f3s-Doc do PPG em Biotecnologia<\/a><\/li>\n<li><a href=\"https:\/\/wp.ufpel.edu.br\/prppg\/files\/2024\/11\/PIPD-Enfermagem.pdf\">Sele\u00e7\u00e3o P\u00f3s-Doc do PPG em Enfermagem<\/a><\/li>\n<li><a href=\"https:\/\/wp.ufpel.edu.br\/prppg\/files\/2024\/11\/Edital-PIPD-PPGFS.pdf\">Sele\u00e7\u00e3o P\u00f3s-Doc do PPG Fitossanidade<\/a><\/li>\n<li><a href=\"https:\/\/wp.ufpel.edu.br\/prppg\/files\/2024\/10\/PPG-em-Veterinaria.pdf\">Sele\u00e7\u00e3o P\u00f3s-Doc do PPG em Veterin\u00e1ria<\/a><\/li>\n<li><a href=\"https:\/\/wp.ufpel.edu.br\/prppg\/files\/2024\/10\/Edital-de-Selecao-do-PPG-em-Ciencias-dos-Materiais.pdf\">Sele\u00e7\u00e3o P\u00f3s Doc do PPG em Ci\u00eancias dos Materiais<\/a><\/li>\n<li><a href=\"https:\/\/wp.ufpel.edu.br\/prppg\/files\/2024\/10\/PPG-em-Computacao.pdf\">Sele\u00e7\u00e3o P\u00f3s-Doc do PPG em Computa\u00e7\u00e3o<\/a><\/li>\n<li><a href=\"https:\/\/wp.ufpel.edu.br\/prppg\/files\/2024\/10\/Selecao-Pos-Doc-PPGEpidemio.pdf\">Sele\u00e7\u00e3o P\u00f3s Doc PPG Epidemio<\/a><\/li>\n<li><a href=\"https:\/\/wp.ufpel.edu.br\/prppg\/files\/2024\/10\/Selecao-Pos-Doc-PPGCTA.pdf\">Sele\u00e7\u00e3o P\u00f3s Doc PPGCTA<\/a><\/li>\n<li><a href=\"https:\/\/wp.ufpel.edu.br\/prppg\/files\/2024\/11\/Selecao-Pos-Doc-do-PPG-em-Letras-Anulado.pdf\">Sele\u00e7\u00e3o P\u00f3s-Doc do PPG em Letras (Anulado)<\/a><\/li>\n<li><a href=\"https:\/\/wp.ufpel.edu.br\/prppg\/files\/2024\/10\/Selecao-PPG-em-Quimica.pdf\">Sele\u00e7\u00e3o P\u00f3s-Doc do PPG em Qu\u00edmica<\/a><\/li>\n<li><a href=\"https:\/\/wp.ufpel.edu.br\/prppg\/files\/2024\/10\/Selecao-Pos-Doc-PPGMSPC.pdf\">Sele\u00e7\u00e3o P\u00f3s-Doc PPGMSPC<\/a><\/li>\n<li><a href=\"https:\/\/wp.ufpel.edu.br\/prppg\/files\/2024\/11\/Selecao-Pos-Doc-PROGRAU.pdf\">Sele\u00e7\u00e3o P\u00f3s-Doc PROGRAU<\/a><\/li>\n<li><a href=\"https:\/\/wp.ufpel.edu.br\/prppg\/files\/2024\/11\/2o-Selecao-Pos-Doc-PPGEpidemio-1.pdf\">2\u00ba Sele\u00e7\u00e3o P\u00f3s Doc PPGEpidemio<\/a><\/li>\n<li><a href=\"https:\/\/wp.ufpel.edu.br\/prppg\/files\/2024\/11\/Selecao-Pos-Doc-do-PPG-em-Ciencia-Politica.pdf\">Sele\u00e7\u00e3o P\u00f3s-Doc do PPG em Ci\u00eancia Pol\u00edtica<\/a>\n<ul>\n<li><a href=\"https:\/\/wp.ufpel.edu.br\/prppg\/files\/2024\/11\/Edital-Retificacao-PPG-Ciencia-Politica.pdf\">Edital Retifica\u00e7\u00e3o PPG Ci\u00eancia Pol\u00edtica<\/a><\/li>\n<\/ul>\n<\/li>\n<li><a href=\"https:\/\/wp.ufpel.edu.br\/prppg\/files\/2024\/11\/Edital-Selacao-PIPD-PPG-MPAR.pdf\">Sele\u00e7\u00e3o P\u00f3s-Doc do PPG Microbiologia e Parasitologia<\/a>\n<ul>\n<li><a href=\"https:\/\/wp.ufpel.edu.br\/prppg\/files\/2024\/11\/Edital-Retificacao-PPG-Microbiologia-e-Parasitologia.pdf\">Edital Retifica\u00e7\u00e3o PPG Microbiologia e Parasitologia<\/a><\/li>\n<\/ul>\n<\/li>\n<li><a href=\"https:\/\/wp.ufpel.edu.br\/prppg\/files\/2024\/11\/Selecao-pos-doc-do-PPG-em-Sociologia.pdf\">Sele\u00e7\u00e3o P\u00f3s-Doc do PPG em Sociologia<\/a><\/li>\n<\/ul>\n<p><a href=\"https:\/\/wp.ufpel.edu.br\/prppg\/files\/2024\/12\/Edital-de-Retificacao-01-Pos-Doc-Sociologia-1.pdf\">Edital de Retifica\u00e7\u00e3o 01 &#8211; P\u00f3s Doc Sociologia<\/a><\/p>\n<p><a href=\"https:\/\/wp.ufpel.edu.br\/prppg\/files\/2024\/12\/Edital-de-Retificacao-02-Pos-Doc-Sociologia-1.pdf\">Edital de Retifica\u00e7\u00e3o 02 &#8211; P\u00f3s Doc Sociologia<\/a><\/p>\n<ul>\n<li><a href=\"https:\/\/wp.ufpel.edu.br\/prppg\/files\/2024\/11\/Selecao-Pos-Doc-do-PPG-em-Bioquimica-e-Bioprospeccao.pdf\">Sele\u00e7\u00e3o P\u00f3s-Doc do PPG em Bioqu\u00edmica e Bioprospec\u00e7\u00e3o<\/a><\/li>\n<li><a href=\"https:\/\/wp.ufpel.edu.br\/prppg\/files\/2024\/11\/Edital-Selecao-Pos-Doc-PPG-em-Letras.pdf\">Sele\u00e7\u00e3o P\u00f3s-Doc PPG em Letras<\/a><\/li>\n<li><a href=\"https:\/\/wp.ufpel.edu.br\/prppg\/files\/2024\/11\/Selecao-Pos-Doc-PIPD-PPG-em-Sistemas-de-Producao-Agricola-e-Familiar.pdf\">Sele\u00e7\u00e3o P\u00f3s-Doc PIPD PPG em Sistemas de Produ\u00e7\u00e3o Agr\u00edcola e Familiar<\/a><\/li>\n<li><a href=\"https:\/\/wp.ufpel.edu.br\/prppg\/files\/2024\/12\/Selecao-Pos-Doc-PIPD-PPG-em-Educacao.pdf\">Sele\u00e7\u00e3o P\u00f3s-Doc PIPD PPG em Educa\u00e7\u00e3o<\/a><\/li>\n<\/ul>\n","protected":false},"excerpt":{"rendered":"<p>Editais de Sele\u00e7\u00e3o de p\u00f3s-doc do Programa Institucional de P\u00f3s-Doutorado &#8211; PIPD\u00a0 da CAPES &nbsp; Tendo em vista a\u00a0PORTARIA CAPES N\u00ba 282, DE 4 DE SETEMBRO DE 2024 que Institui e regulamenta o Programa Institucional de P\u00f3s-Doutorado &#8211; PIPD, da Coordena\u00e7\u00e3o-Geral de Fomento Institucional \u00e0 P\u00f3s-Gradua\u00e7\u00e3o no Pa\u00eds &#8211; CGFIP, da Diretoria de Programas e [&hellip;]<\/p>\n","protected":false},"author":45,"featured_media":0,"parent":0,"menu_order":0,"comment_status":"closed","ping_status":"closed","template":"","meta":{"footnotes":""},"class_list":["post-10873","page","type-page","status-publish","hentry"],"_links":{"self":[{"href":"https:\/\/wp.ufpel.edu.br\/prppg\/wp-json\/wp\/v2\/pages\/10873","targetHints":{"allow":["GET"]}}],"collection":[{"href":"https:\/\/wp.ufpel.edu.br\/prppg\/wp-json\/wp\/v2\/pages"}],"about":[{"href":"https:\/\/wp.ufpel.edu.br\/prppg\/wp-json\/wp\/v2\/types\/page"}],"author":[{"embeddable":true,"href":"https:\/\/wp.ufpel.edu.br\/prppg\/wp-json\/wp\/v2\/users\/45"}],"replies":[{"embeddable":true,"href":"https:\/\/wp.ufpel.edu.br\/prppg\/wp-json\/wp\/v2\/comments?post=10873"}],"version-history":[{"count":4,"href":"https:\/\/wp.ufpel.edu.br\/prppg\/wp-json\/wp\/v2\/pages\/10873\/revisions"}],"predecessor-version":[{"id":12372,"href":"https:\/\/wp.ufpel.edu.br\/prppg\/wp-json\/wp\/v2\/pages\/10873\/revisions\/12372"}],"wp:attachment":[{"href":"https:\/\/wp.ufpel.edu.br\/prppg\/wp-json\/wp\/v2\/media?parent=10873"}],"curies":[{"name":"wp","href":"https:\/\/api.w.org\/{rel}","templated":true}]}}