{"id":10782,"date":"2024-08-28T09:59:39","date_gmt":"2024-08-28T12:59:39","guid":{"rendered":"https:\/\/wp.ufpel.edu.br\/prppg\/?page_id=10782"},"modified":"2025-12-23T11:24:56","modified_gmt":"2025-12-23T14:24:56","slug":"rotinas-e-tutoriais-do-npg","status":"publish","type":"page","link":"https:\/\/wp.ufpel.edu.br\/prppg\/pos-graducao\/rotinas-e-tutoriais-do-npg\/","title":{"rendered":"Tutoriais e Rotinas do NPG"},"content":{"rendered":"<p>Abaixo seguem os links com tutoriais e rotinas do N\u00facleo de P\u00f3s-Gradua\u00e7\u00e3o para consulta:<\/p>\n<ul>\n<li><a href=\"https:\/\/docs.google.com\/document\/d\/1CCfAEftDfJYuPQM1uP1VkQ9Mm4SVgT19\/edit?usp=sharing&amp;ouid=107519455745258713382&amp;rtpof=true&amp;sd=true\"><strong><span style=\"font-size: 14pt\">A Pr\u00f3-Reitoria de Pesquisa e P\u00f3s Gradua\u00e7\u00e3o<\/span><\/strong><\/a>\n<ul>\n<li><a href=\"https:\/\/docs.google.com\/document\/d\/1M04dGthYqHqpAkOAW7eKQtXW_jsfnDxo\/edit?usp=sharing&amp;ouid=107519455745258713382&amp;rtpof=true&amp;sd=true\">Coordena\u00e7\u00e3o de Pesquisa (CPESQ)<\/a><\/li>\n<li><a href=\"https:\/\/docs.google.com\/document\/d\/1xBozAXDaiRO2n_woDhWDptt8K0TSGqTE\/edit?usp=sharing&amp;ouid=107519455745258713382&amp;rtpof=true&amp;sd=true\">Coordena\u00e7\u00e3o de P\u00f3s-Gradua\u00e7\u00e3o (CPG)<\/a><\/li>\n<li><a href=\"https:\/\/docs.google.com\/document\/d\/1aa0afZia25IM34y4abkinwLfMLkhi0CG\/edit?usp=sharing&amp;ouid=107519455745258713382&amp;rtpof=true&amp;sd=true\">N\u00facleo de P\u00f3s-Gradua\u00e7\u00e3o (NPG)<\/a><\/li>\n<li><a href=\"https:\/\/docs.google.com\/document\/d\/1P6ql8RYAadzaVT1sZ2i27shqrCoLk271\/edit?usp=sharing&amp;ouid=107519455745258713382&amp;rtpof=true&amp;sd=true\">N\u00facleo de Execu\u00e7\u00e3o Or\u00e7ament\u00e1ria (NEOR)<\/a><\/li>\n<li><a href=\"https:\/\/docs.google.com\/document\/d\/1SQVGgC6uryjiKDOciVvbZv0Xs19FHO17\/edit?usp=sharing&amp;ouid=107519455745258713382&amp;rtpof=true&amp;sd=true\">N\u00facleo de Interdisciplinaridade, Avalia\u00e7\u00e3o e Planejamento da \u00b4P\u00f3s-gradua\u00e7\u00e3o (NIAPP)<\/a><\/li>\n<\/ul>\n<\/li>\n<li><a href=\"https:\/\/docs.google.com\/document\/d\/19JVWYa-oVCoot8t2tnEVzZw86KGCQLbE\/edit?usp=sharing&amp;ouid=107519455745258713382&amp;rtpof=true&amp;sd=true\">Acesso ao Hist\u00f3rico (Discentes &#8211; Cobalto)<\/a><\/li>\n<li><a href=\"https:\/\/docs.google.com\/document\/d\/1XHzax4S49YpRIMC0_pdte7Ro21vBtgvs\/edit?usp=sharing&amp;ouid=107519455745258713382&amp;rtpof=true&amp;sd=true\">Altera\u00e7\u00e3o de Regimento<\/a><\/li>\n<li><a href=\"https:\/\/docs.google.com\/document\/d\/16FCYNp-parIaFg3gZ9Olc_YNvaStfGvw\/edit?usp=sharing&amp;ouid=107519455745258713382&amp;rtpof=true&amp;sd=true\">Aproveitamento<\/a><\/li>\n<li><a href=\"https:\/\/docs.google.com\/document\/d\/1Ng8S5isAljbeFOTwVHX1N7igkv3wMzbI\/edit?usp=sharing&amp;ouid=107519455745258713382&amp;rtpof=true&amp;sd=true\">Atestado de Matr\u00edcula (Discentes &#8211; Cobalto)<\/a><\/li>\n<li><a href=\"https:\/\/docs.google.com\/document\/d\/1MR6v9o3WBkLy9r7EkI4EbEGFTcYz-feL\/edit?usp=sharing&amp;ouid=107519455745258713382&amp;rtpof=true&amp;sd=true\">Bolsas de P\u00f3s-Gradua\u00e7\u00e3o Stricto Sensu (CAPES,CNPQ, FAPERGS, PIB, estrat\u00e9gicas, PDSE)<\/a><\/li>\n<li><a href=\"https:\/\/docs.google.com\/document\/d\/1BWq6F9LVEN6oWMrEqXBnldL_PgY8z13P\/edit?usp=sharing&amp;ouid=113201053995190049342&amp;rtpof=true&amp;sd=true\">Bolsista de p\u00f3s-doc<\/a><\/li>\n<li><a href=\"https:\/\/docs.google.com\/document\/d\/11hqGPJJfuDSf1hHIUuzGStMEsOeYfC4l\/edit?usp=sharing&amp;ouid=107519455745258713382&amp;rtpof=true&amp;sd=true\">Cadastro &#8211; Acesso Secret\u00e1rio \u00e0 Plataforma Sucupira\u00a0<\/a><\/li>\n<li><a href=\"https:\/\/docs.google.com\/document\/d\/1lTEtmRWG179_pGt7WWIthDqxGrvMGT4V\/edit?usp=sharing&amp;ouid=107519455745258713382&amp;rtpof=true&amp;sd=true\">Cadastro &#8211; Matr\u00edcula de Estudante em Disciplinas (Coordena\u00e7\u00e3o e matr\u00edcula no Cobalto)<\/a><\/li>\n<li><a href=\"https:\/\/docs.google.com\/document\/d\/11Y8Ty1u7AMCUTjxxQY07uvgEU7XL_NID\/edit?usp=sharing&amp;ouid=107519455745258713382&amp;rtpof=true&amp;sd=true\">Cadastro &#8211; Matr\u00edcula de Estudante Novo (Cobalto)<\/a><\/li>\n<li><a href=\"https:\/\/docs.google.com\/document\/d\/1hPKmE7Wo2JEVBeZWp2xrbxGRbWoMaq0A\/edit?usp=sharing&amp;ouid=107519455745258713382&amp;rtpof=true&amp;sd=true\">Cadastro &#8211; Orientador (Cobalto)<\/a><\/li>\n<li><a href=\"https:\/\/docs.google.com\/document\/d\/13-1Lq-jrYmfudYVD9JblJOTMfcfGpMET\/edit?usp=sharing&amp;ouid=107519455745258713382&amp;rtpof=true&amp;sd=true\">Cadastro de Profici\u00eancias (Cobalto)<\/a><\/li>\n<li><a href=\"https:\/\/docs.google.com\/document\/d\/1JKDxU5QiqODLWeyy3sD61-FWh0DkxYIq\/edit?usp=sharing&amp;ouid=107519455745258713382&amp;rtpof=true&amp;sd=true\">Cadastro e Consulta &#8211; Matr\u00edcula de Estudante Novo\u00a0<span style=\"text-align: justify;color: var(--cor-texto);font-family: var(--fonte-corpo)\">na Plataforma Sucupira\u00a0<\/span><\/a><\/li>\n<li><a href=\"https:\/\/docs.google.com\/document\/d\/1ZJenn-HthSwR0UIXPQ-2n02rBsm0kQfDyMrD2dwNCwE\/edit?usp=sharing\">Cadastro na Sucupira dos novos Coordenadores<\/a><\/li>\n<li><em><strong><a href=\"https:\/\/docs.google.com\/document\/d\/1RytsHVcqfD1rxJVoSsbt3qYi8uVZXf6_\/edit?usp=sharing&amp;ouid=107519455745258713382&amp;rtpof=true&amp;sd=true\">Calend\u00e1rio da P\u00f3s-Gradua\u00e7\u00e3o<\/a><\/strong><\/em><\/li>\n<li><a href=\"https:\/\/docs.google.com\/document\/d\/1EQmSvNqIc-BGmp2DqY7WVkKlZ2do83z7\/edit?usp=sharing&amp;ouid=107519455745258713382&amp;rtpof=true&amp;sd=true\">Cancelamento de Matr\u00edcula do Estudante em Disciplina Espec\u00edfica (Cobalto)<\/a><\/li>\n<li><a href=\"https:\/\/docs.google.com\/document\/d\/1o28hPWrbXvARdVX7UvV6xtzO4I7bziXd\/edit?usp=sharing&amp;ouid=113201053995190049342&amp;rtpof=true&amp;sd=true\">Confer\u00eancia de dados pelo aluno para diploma\u00e7\u00e3o\u00a0<\/a><\/li>\n<li><a href=\"https:\/\/docs.google.com\/document\/d\/1-R7u9V__LBcBZGr2aRzvfJdQtUfx-Ae7\/edit?usp=sharing&amp;ouid=107519455745258713382&amp;rtpof=true&amp;sd=true\">Coleta CAPES<\/a><\/li>\n<li><a href=\"https:\/\/docs.google.com\/document\/d\/142Ytw5r5LXAesKKBf4WuOF-SuuaEBEV0\/edit?usp=sharing&amp;ouid=107519455745258713382&amp;rtpof=true&amp;sd=true\">Cotutela<\/a><\/li>\n<li><a href=\"https:\/\/docs.google.com\/document\/d\/1WEB1-XbseaFghafCYpasQjctIclxDGhk\/edit?usp=sharing&amp;ouid=107519455745258713382&amp;rtpof=true&amp;sd=true\">Cria\u00e7\u00e3o de Novas Disciplinas<\/a><\/li>\n<li><a href=\"https:\/\/wp.ufpel.edu.br\/prppg\/files\/2024\/12\/Fluxograma-NPG.pdf\">Cria\u00e7\u00e3o de curso de Especializa\u00e7\u00e3o EAD<\/a><\/li>\n<li><a href=\"https:\/\/docs.google.com\/document\/d\/1Y5dkSu8Nv4IeCrmnkoQov633rAvDIlOw\/edit?usp=sharing&amp;ouid=107519455745258713382&amp;rtpof=true&amp;sd=true\">Disciplinas Transversais da PRPPG<\/a><\/li>\n<li><a href=\"https:\/\/docs.google.com\/document\/d\/1G83_Icb62mMgRbiceBiUZ4hoaG2Tv7xH\/edit?usp=sharing&amp;ouid=107519455745258713382&amp;rtpof=true&amp;sd=true\">Edital de Retifica\u00e7\u00e3o<\/a><\/li>\n<li><a href=\"https:\/\/docs.google.com\/document\/d\/12WiKec-5RrxEanPSag9r06Z5qePw2EtC\/edit?usp=sharing&amp;ouid=107519455745258713382&amp;rtpof=true&amp;sd=true\">Edital de Sele\u00e7\u00e3o de Estudante Especial<\/a><\/li>\n<li><a href=\"https:\/\/docs.google.com\/document\/d\/1kiFoZb_sjEnCztW44r4TVxnWlFZdbcGy\/edit?usp=sharing&amp;ouid=107519455745258713382&amp;rtpof=true&amp;sd=true\">Edital de Sele\u00e7\u00e3o de Estudante Regular<\/a><\/li>\n<li><a href=\"https:\/\/docs.google.com\/document\/d\/1tiq_eivIm8BZ_mzEbSjd-XJTKl4cAToc\/edit?usp=sharing&amp;ouid=107519455745258713382&amp;rtpof=true&amp;sd=true\">Estrutura das C\u00e2maras da P\u00f3s Gradua\u00e7\u00e3o (<em>Stricto Sensu e Lato Sensu<\/em>)\u00a0<\/a><\/li>\n<li><a href=\"https:\/\/docs.google.com\/document\/d\/1T-f80IqAD7-CjGRpgbeOevPBh1RCuE8m\/edit?usp=sharing&amp;ouid=107519455745258713382&amp;rtpof=true&amp;sd=true\">Legisla\u00e7\u00e3o de Reserva de Vagas<\/a><\/li>\n<li><a href=\"https:\/\/docs.google.com\/document\/d\/1nre0P726bzkRJcCdf2CQnmF_hQObVLOl\/edit?usp=sharing&amp;ouid=107519455745258713382&amp;rtpof=true&amp;sd=true\">Matr\u00edcula &#8211; Disciplinas da PRPPG para o \u00d4nibus (Cobalto)<\/a><\/li>\n<li><a href=\"https:\/\/docs.google.com\/document\/d\/100RTgFGJfrCYI7lLG5ZAZDD-dj_98qzRFh23DWcon5g\/edit?usp=sharing\">PDSE<\/a><\/li>\n<li><a href=\"https:\/\/docs.google.com\/document\/d\/1ToSSyREiGG3unoa9rvPb9DoI2ET4YWAn\/edit?usp=sharing&amp;ouid=107519455745258713382&amp;rtpof=true&amp;sd=true\">Portarias<\/a><\/li>\n<li><a href=\"https:\/\/docs.google.com\/document\/d\/17FOs4wZXqQ6VndurqUyVkgsGHgqgRYFI\/edit?usp=sharing&amp;ouid=107519455745258713382&amp;rtpof=true&amp;sd=true]\">Professor Visitante<\/a><\/li>\n<li><a href=\"https:\/\/docs.google.com\/document\/d\/1SiNfNAHsQZzHGsrvQWM5v1_X0xcCl9R4\/edit?usp=sharing&amp;ouid=107519455745258713382&amp;rtpof=true&amp;sd=true\">Professor Volunt\u00e1rio<\/a><\/li>\n<li><a href=\"https:\/\/docs.google.com\/document\/d\/1ov-nxWxUFygZpPkZheW-FnTcccghgoB3RGo7z95nB3w\/edit?usp=sharing\">Projetos de Coopera\u00e7\u00e3o entre Institui\u00e7\u00f5es para Qualifica\u00e7\u00e3o de Profissionais de N\u00edvel Superior (PCI)<\/a><\/li>\n<li><a href=\"https:\/\/docs.google.com\/document\/d\/1elsmiMhHA6qaZcArZmvFCS8e6AWDD3Bq\/edit?usp=sharing&amp;ouid=107519455745258713382&amp;rtpof=true&amp;sd=true\">Regime de Exerc\u00edcios Domiciliares<\/a><\/li>\n<li><a href=\"https:\/\/docs.google.com\/document\/d\/1RvxP0JxUwMMRXwlNKcSulWnGbyvhJJOS\/edit?usp=sharing&amp;ouid=107519455745258713382&amp;rtpof=true&amp;sd=true\">Regimentos<\/a><\/li>\n<li><a href=\"https:\/\/docs.google.com\/document\/d\/1sGBtnKNqXPBXi2q59KduD-L7AbZFR1Ys\/edit?usp=sharing&amp;ouid=107519455745258713382&amp;rtpof=true&amp;sd=true\">SIIEPE (2024)<\/a><\/li>\n<li><a href=\"https:\/\/docs.google.com\/document\/d\/13M333TSfQLyomyJH-asBwLM2xjcUYg1K\/edit?usp=sharing&amp;ouid=107519455745258713382&amp;rtpof=true&amp;sd=true\">Solicita\u00e7\u00e3o &#8211; Desligamento de Estudante<\/a><\/li>\n<li><a href=\"https:\/\/docs.google.com\/document\/d\/1eaH_0YRqH4fOKFf3QwwBpDiB4FGHu-9T\/edit?usp=sharing&amp;ouid=107519455745258713382&amp;rtpof=true&amp;sd=true\">Solicita\u00e7\u00e3o de Diplomas<\/a><\/li>\n<li><a href=\"https:\/\/docs.google.com\/document\/d\/1wL9zDKgG8YaB6vHsBnyPGO-4X_1Ly3XP\/edit?usp=sharing&amp;ouid=107519455745258713382&amp;rtpof=true&amp;sd=true\">Solicita\u00e7\u00e3o e Oferta de Disciplinas (Cobalto)<\/a><\/li>\n<li><a href=\"https:\/\/docs.google.com\/document\/d\/1uOjsOLRSOFWS7KbHo2llbNzHENE-10NK\/edit?usp=sharing&amp;ouid=107519455745258713382&amp;rtpof=true&amp;sd=true\">Trabalhos Finais (Cobalto)<\/a><\/li>\n<li><a href=\"https:\/\/docs.google.com\/document\/d\/1nEa6IV3QsOwbetphcG0Y13zblPawql5l\/edit?usp=sharing&amp;ouid=107519455745258713382&amp;rtpof=true&amp;sd=true\">Trancamento Geral de Semestre do Estudante<\/a><\/li>\n<\/ul>\n","protected":false},"excerpt":{"rendered":"<p>Abaixo seguem os links com tutoriais e rotinas do N\u00facleo de P\u00f3s-Gradua\u00e7\u00e3o para consulta: A Pr\u00f3-Reitoria de Pesquisa e P\u00f3s Gradua\u00e7\u00e3o Coordena\u00e7\u00e3o de Pesquisa (CPESQ) Coordena\u00e7\u00e3o de P\u00f3s-Gradua\u00e7\u00e3o (CPG) N\u00facleo de P\u00f3s-Gradua\u00e7\u00e3o (NPG) N\u00facleo de Execu\u00e7\u00e3o Or\u00e7ament\u00e1ria (NEOR) N\u00facleo de Interdisciplinaridade, Avalia\u00e7\u00e3o e Planejamento da \u00b4P\u00f3s-gradua\u00e7\u00e3o (NIAPP) Acesso ao Hist\u00f3rico (Discentes &#8211; Cobalto) Altera\u00e7\u00e3o de [&hellip;]<\/p>\n","protected":false},"author":45,"featured_media":0,"parent":39,"menu_order":0,"comment_status":"closed","ping_status":"closed","template":"","meta":{"footnotes":""},"class_list":["post-10782","page","type-page","status-publish","hentry"],"_links":{"self":[{"href":"https:\/\/wp.ufpel.edu.br\/prppg\/wp-json\/wp\/v2\/pages\/10782","targetHints":{"allow":["GET"]}}],"collection":[{"href":"https:\/\/wp.ufpel.edu.br\/prppg\/wp-json\/wp\/v2\/pages"}],"about":[{"href":"https:\/\/wp.ufpel.edu.br\/prppg\/wp-json\/wp\/v2\/types\/page"}],"author":[{"embeddable":true,"href":"https:\/\/wp.ufpel.edu.br\/prppg\/wp-json\/wp\/v2\/users\/45"}],"replies":[{"embeddable":true,"href":"https:\/\/wp.ufpel.edu.br\/prppg\/wp-json\/wp\/v2\/comments?post=10782"}],"version-history":[{"count":3,"href":"https:\/\/wp.ufpel.edu.br\/prppg\/wp-json\/wp\/v2\/pages\/10782\/revisions"}],"predecessor-version":[{"id":12539,"href":"https:\/\/wp.ufpel.edu.br\/prppg\/wp-json\/wp\/v2\/pages\/10782\/revisions\/12539"}],"up":[{"embeddable":true,"href":"https:\/\/wp.ufpel.edu.br\/prppg\/wp-json\/wp\/v2\/pages\/39"}],"wp:attachment":[{"href":"https:\/\/wp.ufpel.edu.br\/prppg\/wp-json\/wp\/v2\/media?parent=10782"}],"curies":[{"name":"wp","href":"https:\/\/api.w.org\/{rel}","templated":true}]}}