{"id":10264,"date":"2024-03-25T11:11:30","date_gmt":"2024-03-25T14:11:30","guid":{"rendered":"https:\/\/wp.ufpel.edu.br\/prppg\/?page_id=10264"},"modified":"2024-08-07T12:35:06","modified_gmt":"2024-08-07T15:35:06","slug":"pdse-2024-2","status":"publish","type":"page","link":"https:\/\/wp.ufpel.edu.br\/prppg\/pdse-capes\/pdse-2024-2\/","title":{"rendered":"PDSE CAPES &#8211; 2024"},"content":{"rendered":"<p><strong><span style=\"font-size: 18pt\">PROGRAMA INSTITUCIONAL DE DOUTORADO SANDU\u00cdCHE NO EXTERIOR (PDSE) \u2013 2024<\/span><\/strong><\/p>\n<ul>\n<li><a href=\"https:\/\/wp.ufpel.edu.br\/prppg\/files\/2024\/03\/21032024_Edital_2344636_SEI_2343579_Edital_6_2024.pdf\">Edital 6\/2024<\/a><\/li>\n<li><a href=\"https:\/\/wp.ufpel.edu.br\/prppg\/files\/2024\/03\/21032024_Edital_2339728_Anexo_I___Termo_de_Outorga_.pdf\">Anexo I &#8211; Termo de Outorga<\/a><\/li>\n<li><a href=\"https:\/\/wp.ufpel.edu.br\/prppg\/files\/2024\/03\/21032024_Edital_2287461_Declaracao_Reconhecimento_da_Fluencia_Linguistica_do_cooorientador_no_exterior__1_.pdf\">Anexo II &#8211; Declara\u00e7\u00e3o de Reconhecimento da Flu\u00eancia Lingu\u00edstica do cooorientador no exterior<\/a><\/li>\n<li><a href=\"https:\/\/wp.ufpel.edu.br\/prppg\/files\/2024\/03\/21032024_Edital_2287463_Declaracao_Reconhecimento_da_Fluencia___Orient_Brasileiro.pdf\">Anexo III &#8211; Declara\u00e7\u00e3o de Reconhecimento da Flu\u00eancia Orientador Brasileiro<\/a><\/li>\n<li><a href=\"https:\/\/wp.ufpel.edu.br\/prppg\/files\/2024\/03\/21032024_Edital_2339730_Anexo_IV__Proficiencia_2024.pdf\">Anexo IV &#8211; Profici\u00eancia 2024<\/a><\/li>\n<li><a href=\"https:\/\/wp.ufpel.edu.br\/prppg\/files\/2024\/03\/21032024_Edital_2339734_MODELO_DA_DECLARACAO_DO_COORIENTADOR_NO_EXTERIOR_2.pdf\">MODELO DA DECLARA\u00c7\u00c3O DO COORIENTADOR NO EXTERIOR<\/a><\/li>\n<li><a href=\"https:\/\/wp.ufpel.edu.br\/prppg\/files\/2024\/03\/Portaria-no-77-de-8-de-Marco-de-2024.pdf\">Portaria n\u00ba 77, de 8 de Mar\u00e7o de 2024 &#8211; regramento do PDSE<\/a><\/li>\n<\/ul>\n<p>&nbsp;<\/p>\n<p>Link do PDSE na CAPES: <a href=\"https:\/\/www.gov.br\/capes\/pt-br\/acesso-a-informacao\/acoes-e-programas\/bolsas\/bolsas-e-auxilios-internacionais\/encontre-aqui\/paises\/multinacional\/programa-de-doutorado-sanduiche-no-exterior-pdse\">https:\/\/www.gov.br\/capes\/pt-br\/acesso-a-informacao\/acoes-e-programas\/bolsas\/bolsas-e-auxilios-internacionais\/encontre-aqui\/paises\/multinacional\/programa-de-doutorado-sanduiche-no-exterior-pdse<\/a><\/p>\n<p>&nbsp;<\/p>\n<p>Cumpre destacar o cronograma do edital 06\/2024: <em><strong><span style=\"color: #ff0000\">(novo cronograma!!!!)<\/span><\/strong><\/em><\/p>\n<p><img src=\"https:\/\/www.gov.br\/capes\/pt-br\/media\/bolsas_auxilios_internacionais\/cronograma.png\/@@images\/14bc93f5-d671-4243-8447-12c6a618ef78.png\" \/><\/p>\n<p>&nbsp;<\/p>\n<p>Obs.: O(A) candidato(a) deve inscrever-se na Capes, exclusivamente via Internet, at\u00e9 \u00e0s 17h00m do \u00faltimo dia para inscri\u00e7\u00e3o, hor\u00e1rio de Bras\u00edlia, conforme estabelecido no calend\u00e1rio. A Capes n\u00e3o se responsabilizar\u00e1 por inscri\u00e7\u00f5es n\u00e3o recebidas dentro do prazo em decorr\u00eancia de eventuais problemas t\u00e9cnicos, de congestionamentos das linhas de comunica\u00e7\u00e3o, bem como por outros fatores que impossibilitem a transfer\u00eancia de dados.<\/p>\n<p>&nbsp;<\/p>\n<p>&nbsp;<\/p>\n<p><strong>Editais de Sele\u00e7\u00e3o Interna da UFPEL 2024<\/strong><\/p>\n<ul>\n<li style=\"list-style-type: none\">\n<ul>\n<li><a href=\"https:\/\/wp.ufpel.edu.br\/prppg\/files\/2024\/08\/Selecao-interna-PDSE-PPG-em-Nutricao-e-Alimentos.pdf\">Sele\u00e7\u00e3o interna PDSE PPG em Nutri\u00e7\u00e3o e Alimentos<\/a><\/li>\n<li><a href=\"https:\/\/wp.ufpel.edu.br\/prppg\/files\/2024\/08\/Programa-de-Pos-Graduacao-em-Ciencia-Politica-PDSE.pdf\">Sele\u00e7\u00e3o interna PDSE PPG em Ci\u00eancia Pol\u00edtica<\/a><\/li>\n<li><a href=\"https:\/\/wp.ufpel.edu.br\/prppg\/files\/2024\/08\/PDSE-Odonto.pdf\">Sele\u00e7\u00e3o interna PDSE PPG em Odontologia<\/a><\/li>\n<li><a href=\"https:\/\/wp.ufpel.edu.br\/prppg\/files\/2024\/08\/Selecao-interna-PDSE-PPG-em-Manejo-e-Conservacao-do-Solo-e-da-Agua.pdf\">Sele\u00e7\u00e3o interna PDSE PPG em Manejo e Conserva\u00e7\u00e3o do Solo e da \u00c1gua<\/a><\/li>\n<li>S<a href=\"https:\/\/wp.ufpel.edu.br\/prppg\/files\/2024\/08\/PDSE-Fisica.pdf\">ele\u00e7\u00e3o interna PDSE PPG em F\u00edsica<\/a><\/li>\n<li><a href=\"https:\/\/wp.ufpel.edu.br\/prppg\/files\/2024\/08\/Selecao-interna-PDSE-PPG-em-Letras.pdf\">Sele\u00e7\u00e3o interna PDSE PPG em Letras\u00a0<\/a><\/li>\n<li><a href=\"https:\/\/wp.ufpel.edu.br\/prppg\/files\/2024\/08\/Selecao-Interna-PDSE-PPG-em-Veterinaria.pdf\">Sele\u00e7\u00e3o Interna PDSE PPG em Veterin\u00e1ria<\/a><\/li>\n<li><a href=\"https:\/\/wp.ufpel.edu.br\/prppg\/files\/2024\/08\/Selecao-Interna-PDSE-PPG-em-Filosofia.pdf\">Sele\u00e7\u00e3o Interna PDSE PPG em Filosofia<\/a><\/li>\n<li><a href=\"https:\/\/wp.ufpel.edu.br\/prppg\/files\/2024\/08\/PDSE-PPGC.pdf\">Sele\u00e7\u00e3o Interna PDSE PPG em Computa\u00e7\u00e3o<\/a>\n<ul>\n<li><a href=\"https:\/\/wp.ufpel.edu.br\/prppg\/files\/2024\/08\/PDSE-Retificacao-PPGC.pdf\">Retifica\u00e7\u00e3o PDSE PPG em Computa\u00e7\u00e3o<\/a><\/li>\n<\/ul>\n<\/li>\n<li><a href=\"https:\/\/wp.ufpel.edu.br\/prppg\/files\/2024\/08\/Selecao-interna-PDSE-PPGCTA.pdf\">Sele\u00e7\u00e3o Interna PDSE PPGCTA<\/a><\/li>\n<li><a href=\"https:\/\/wp.ufpel.edu.br\/prppg\/files\/2024\/08\/Selecao-interna-PDSE-PPG-em-Sociologia.pdf\">Sele\u00e7\u00e3o interna PDSE PPG em Sociologia<\/a><\/li>\n<li><a href=\"https:\/\/wp.ufpel.edu.br\/prppg\/files\/2024\/04\/PDSE-em-Ciencia-e-Tecnologia-de-Sementes.pdf\">Sele\u00e7\u00e3o interna PDSE PPG em Ci\u00eancia e Tecnologia de Sementes<\/a><\/li>\n<li><a href=\"https:\/\/wp.ufpel.edu.br\/prppg\/files\/2024\/04\/Selecao-interna-PDSE-PPG-em-Enfermagem.pdf\">Sele\u00e7\u00e3o interna PDSE PPG em Enfermagem<\/a><\/li>\n<li><a href=\"https:\/\/wp.ufpel.edu.br\/prppg\/files\/2024\/04\/Selecao-interna-PDSE-PPG-em-Quimica.pdf\">Sele\u00e7\u00e3o interna PDSE PPG em Qu\u00edmica<\/a><\/li>\n<li><a href=\"https:\/\/wp.ufpel.edu.br\/prppg\/files\/2024\/04\/PDSE-Programa-de-Pos-Graduacao-em-Antropologia.pdf\">Sele\u00e7\u00e3o interna PDSE PPG em Antropologia<\/a><\/li>\n<li><a href=\"https:\/\/wp.ufpel.edu.br\/prppg\/files\/2024\/04\/Selecao-interna-PDSE-PPG-em-Fisiologia-Vegetal.pdf\">Sele\u00e7\u00e3o interna PDSE PPG em Fisiologia Vegetal<\/a><\/li>\n<li><a href=\"https:\/\/wp.ufpel.edu.br\/prppg\/files\/2024\/04\/Selecao-interna-PDSE-PPG-em-Biotecnologia.pdf\">Sele\u00e7\u00e3o interna PDSE PPG em Biotecnologia<\/a><\/li>\n<li><a href=\"https:\/\/wp.ufpel.edu.br\/prppg\/files\/2024\/04\/PDSE-em-Zootecnia.pdf\">Sele\u00e7\u00e3o interna PDSE PPG em Zootecnia<\/a><\/li>\n<li><a href=\"https:\/\/wp.ufpel.edu.br\/prppg\/files\/2024\/04\/Selecao-Interna-PDSE-PPG-em-Bioquimica-e-Bioprospeccao.pdf\">Sele\u00e7\u00e3o Interna PDSE PPG em Bioqu\u00edmica e Bioprospec\u00e7\u00e3o<\/a><\/li>\n<li><a href=\"https:\/\/wp.ufpel.edu.br\/prppg\/files\/2024\/04\/Selecao-interna-PDSE-PPG-em-Memoria-Social-e-Patrimonio-Cultural.pdf\">Sele\u00e7\u00e3o interna PDSE PPG em Mem\u00f3ria Social e Patrim\u00f4nio Cultural<\/a><\/li>\n<li><a href=\"https:\/\/wp.ufpel.edu.br\/prppg\/files\/2024\/04\/Selecao-interna-PDSE-PPG-em-Historia.pdf\">Sele\u00e7\u00e3o interna PDSE PPG em Hist\u00f3ria<\/a><\/li>\n<li><a href=\"https:\/\/wp.ufpel.edu.br\/prppg\/files\/2024\/04\/Selecao-interna-PDSE-PPG-em-Recursos-Hidricos.pdf\">Sele\u00e7\u00e3o interna PDSE PPG em Recursos H\u00eddricos<\/a><\/li>\n<\/ul>\n<\/li>\n<\/ul>\n<p>&nbsp;<\/p>\n<ul>\n<li><strong>Resultado da Sele\u00e7\u00e3o Interna:<\/strong><\/li>\n<\/ul>\n<p>Lista de Selecionados<\/p>\n<p><span style=\"color: #ff0000\">Obs.: O(A) candidato(a) deve inscrever-se na Capes, exclusivamente via Internet, at\u00e9 \u00e0s 17h00m do \u00faltimo dia para inscri\u00e7\u00e3o, hor\u00e1rio de Bras\u00edlia, conforme estabelecido no calend\u00e1rio. A Capes n\u00e3o se responsabilizar\u00e1 por inscri\u00e7\u00f5es n\u00e3o recebidas dentro do prazo em decorr\u00eancia de eventuais problemas t\u00e9cnicos, de congestionamentos das linhas de comunica\u00e7\u00e3o, bem como por outros fatores que impossibilitem a transfer\u00eancia de dados.<\/span><\/p>\n<p>O link da inscri\u00e7\u00e3o est\u00e1 na p\u00e1gina: https:\/\/www.gov.br\/capes\/pt-br\/acesso-a-informacao\/acoes-e-programas\/bolsas\/bolsas-e-auxilios-internacionais\/encontre-aqui\/paises\/multinacional\/programa-de-doutorado-sanduiche-no-exterior-pdse<\/p>\n<table style=\"border-collapse: collapse;width: 100%\" border=\"1\">\n<tbody>\n<tr style=\"height: 24px\">\n<td style=\"width: 409px;height: 24px\">PPG<\/td>\n<td style=\"width: 409px;height: 24px\">SELECIONADOS<\/td>\n<\/tr>\n<tr style=\"height: 24px\">\n<td style=\"width: 409px;height: 24px\">Agronomia<\/td>\n<td style=\"width: 409px;height: 24px\">1- Guilherme Nicolao<\/td>\n<\/tr>\n<tr style=\"height: 24px\">\n<td style=\"width: 409px;height: 24px\">Antropologia<\/td>\n<td style=\"width: 409px;height: 24px\">1- Rosilene Oliveira Silva<\/td>\n<\/tr>\n<tr style=\"height: 24px\">\n<td style=\"width: 409px;height: 24px\">Bioqu\u00edmica e Bioprospec\u00e7\u00e3o<\/td>\n<td style=\"width: 409px;height: 24px\">1- Keltyn Pereira da Motta<\/td>\n<\/tr>\n<tr style=\"height: 24px\">\n<td style=\"width: 409px;height: 24px\">Biotecnologia<\/td>\n<td style=\"width: 409px;height: 24px\">1- Michelle Dias Hornes da Rosa<\/td>\n<\/tr>\n<tr style=\"height: 92px\">\n<td style=\"width: 409px;height: 92px\">Ci\u00eancia e Engenharia de Materiais<\/td>\n<td style=\"width: 409px;height: 92px\">\n<p class=\"Texto_Justificado_Recuo_Primeira_Linha\">1- Brenda Aparecida Martineli Fragoso<\/p>\n<p class=\"Texto_Justificado_Recuo_Primeira_Linha\">2 &#8211; \u00c1lvaro Santos Piovesan <em>(suplente)\u00a0<\/em><\/p>\n<\/td>\n<\/tr>\n<tr style=\"height: 96px\">\n<td style=\"width: 409px;height: 96px\">Ci\u00eancia e Tecnologia de Alimentos<\/td>\n<td style=\"width: 409px;height: 96px\">1 &#8211; Felipe Nardo dos Santos<br \/>\n2 &#8211; Elder Pacheco da Cruz <em>(suplente)\u00a0<\/em><br \/>\n3 &#8211; Larissa Alves Rodrigues <em>(suplente)\u00a0<\/em><br \/>\n4 &#8211; Alice Pereira Lourenson <em>(suplente)\u00a0<\/em><\/td>\n<\/tr>\n<tr style=\"height: 92px\">\n<td style=\"width: 409px;height: 92px\">Ci\u00eancia Pol\u00edtica<\/td>\n<td style=\"width: 409px;height: 92px\">\n<p>1 &#8211; Yndira Coelho Soares<\/p>\n<p>2 &#8211;\u00a0Lucas Garcia da Silva\u00a0<em>(suplente)\u00a0<\/em><\/td>\n<\/tr>\n<tr style=\"height: 92px\">\n<td style=\"width: 409px;height: 92px\">Ci\u00eancia e Tecnologia de Sementes<\/td>\n<td style=\"width: 409px;height: 92px\">\n<p class=\"Texto_Justificado_Recuo_Primeira_Linha\">1-\u00a0Graziele Posser<\/p>\n<p class=\"Texto_Justificado_Recuo_Primeira_Linha\">2- Nat\u00e1lia Nogueira <em>(suplente)<\/em><\/p>\n<\/td>\n<\/tr>\n<tr style=\"height: 54px\">\n<td style=\"width: 409px;height: 54px\">Computa\u00e7\u00e3o<\/td>\n<td style=\"width: 409px;height: 54px\">\n<p class=\"Texto_Justificado_Recuo_Primeira_Linha\">1- Laura Quevedo Jurgina<\/p>\n<\/td>\n<\/tr>\n<tr style=\"height: 54px\">\n<td style=\"width: 409px;height: 54px\">Educa\u00e7\u00e3o F\u00edsica<\/td>\n<td style=\"width: 409px;height: 54px\">\n<p class=\"Texto_Justificado_Recuo_Primeira_Linha\">1- Maiara Gon\u00e7alves dos Santo<\/p>\n<\/td>\n<\/tr>\n<tr style=\"height: 24px\">\n<td style=\"width: 409px;height: 24px\">Enfermagem<\/td>\n<td style=\"width: 409px;height: 24px\">\n<p class=\"Texto_Justificado_Recuo_Primeira_Linha\">1\u00ba Eduarda Rosado Soares<\/p>\n<p class=\"Texto_Justificado_Recuo_Primeira_Linha\">2\u00ba Fernanda Eisenhardt de Mello <em>(suplente)<\/em><\/p>\n<p class=\"Texto_Justificado_Recuo_Primeira_Linha\">3\u00ba Marcia Le\u00e3o de Lima <em>(suplente)<\/em><\/p>\n<p class=\"Texto_Justificado_Recuo_Primeira_Linha\">\n<\/td>\n<\/tr>\n<tr style=\"height: 24px\">\n<td style=\"width: 409px;height: 24px\">Filosofia<\/td>\n<td style=\"width: 409px;height: 24px\">1- Roberto Barboza da Silva<\/td>\n<\/tr>\n<tr style=\"height: 24px\">\n<td style=\"width: 409px;height: 24px\">F\u00edsica<\/td>\n<td style=\"width: 409px;height: 24px\">1- Daniele Gon\u00e7alves Mesquita<\/td>\n<\/tr>\n<tr style=\"height: 24px\">\n<td style=\"width: 409px;height: 24px\">Fisiologia Vegetal<\/td>\n<td style=\"width: 409px;height: 24px\">1- Daiane Rodeghiero Vahl<\/td>\n<\/tr>\n<tr style=\"height: 24px\">\n<td style=\"width: 409px;height: 24px\">Fitossanidade<\/td>\n<td style=\"width: 409px;height: 24px\">1- F\u00e1bio Luis Galv\u00e3o da Silva<\/td>\n<\/tr>\n<tr style=\"height: 24px\">\n<td style=\"width: 409px;height: 24px\">Hist\u00f3ria<\/td>\n<td style=\"width: 409px;height: 24px\">\u00a0sem inscritos<\/td>\n<\/tr>\n<tr style=\"height: 24px\">\n<td style=\"width: 409px;height: 24px\">Letras<\/td>\n<td style=\"width: 409px;height: 24px\">1- Dudlei Floriano de Oliveira<\/td>\n<\/tr>\n<tr style=\"height: 92px\">\n<td style=\"width: 409px;height: 92px\">Manejo e Conserva\u00e7\u00e3o do Solo e da \u00c1gua<\/td>\n<td style=\"width: 409px;height: 92px\">\n<p>1- Ad\u00e3o Pagani J\u00fanior<\/p>\n<p>2- Maur\u00edcio Silva de Oliveira <em>(suplente)<\/em><\/td>\n<\/tr>\n<tr style=\"height: 24px\">\n<td style=\"width: 409px;height: 24px\">Mem\u00f3ria Social e Patrim\u00f4nio Cultural<\/td>\n<td style=\"width: 409px;height: 24px\">1. Giovane Rodrigues Jardim<br \/>\n2. Jennifer Paola Pisso Concha <em>(suplente)<\/em><br \/>\n3. Laiana Pereira da Silveira <em>(suplente)<\/em><br \/>\n4. Cl\u00e1udia da Silva Nogueira <em>(suplente)<\/em><\/td>\n<\/tr>\n<tr style=\"height: 24px\">\n<td style=\"width: 409px;height: 24px\">Nutri\u00e7\u00e3o e Alimentos<\/td>\n<td style=\"width: 409px;height: 24px\">1- Gabriela da Silva Schirmann<\/td>\n<\/tr>\n<tr style=\"height: 24px\">\n<td style=\"width: 409px;height: 24px\">Recursos H\u00eddricos<\/td>\n<td style=\"width: 409px;height: 24px\">1 &#8211; Paula Josyane dos Santos Francisco<\/td>\n<\/tr>\n<tr style=\"height: 24px\">\n<td style=\"width: 409px;height: 24px\">Sistemas de Produ\u00e7\u00e3o Agr\u00edcola e Familiar<\/td>\n<td style=\"width: 409px;height: 24px\">1- Jo\u00e9lio Farias Maia<\/td>\n<\/tr>\n<tr style=\"height: 24px\">\n<td style=\"width: 409px;height: 24px\">Sociologia<\/td>\n<td style=\"width: 409px;height: 24px\">1- Pedro Schlee Soler<\/td>\n<\/tr>\n<tr style=\"height: 24px\">\n<td style=\"width: 409px;height: 24px\">Veterin\u00e1ria<\/td>\n<td style=\"width: 409px;height: 24px\">\n<p class=\"Texto_Justificado_Recuo_Primeira_Linha\">1- Cesar Augusto Pinzon Osorio<\/p>\n<p class=\"Texto_Justificado_Recuo_Primeira_Linha\">2-Laura Valad\u00e3o Vieira <em>(suplente)<\/em><\/p>\n<\/td>\n<\/tr>\n<tr style=\"height: 24px\">\n<td style=\"width: 409px;height: 24px\">Zootecnia<\/td>\n<td style=\"width: 409px;height: 24px\">1- Jordani Borges Cardoso<\/td>\n<\/tr>\n<\/tbody>\n<\/table>\n<p>&nbsp;<\/p>\n<ul>\n<li>Lista de alunos homologados pela PRPPG<\/li>\n<\/ul>\n<table width=\"100%\">\n<tbody>\n<tr>\n<td width=\"24%\">Cotas<\/td>\n<td width=\"24%\">PPG<\/td>\n<td width=\"27%\">HOMOLOGADOS PELA PRPPG<\/td>\n<td width=\"24%\">Per\u00edodo<\/td>\n<\/tr>\n<tr>\n<td width=\"24%\">1<\/td>\n<td width=\"24%\">Agronomia<\/td>\n<td width=\"27%\">1- Guilherme Nicolao<\/td>\n<td width=\"24%\">09\/24 a 02\/25<\/td>\n<\/tr>\n<tr>\n<td width=\"24%\">2<\/td>\n<td width=\"24%\">Antropologia<\/td>\n<td width=\"27%\">1- Rosilene Oliveira Silva<\/td>\n<td width=\"24%\">\u00a009\/24 a 02\/25<\/td>\n<\/tr>\n<tr>\n<td width=\"24%\">3<\/td>\n<td width=\"24%\">Bioqu\u00edmica e Bioprospec\u00e7\u00e3o<\/td>\n<td width=\"27%\">1- Keltyn Pereira da Motta<\/td>\n<td width=\"24%\">11\/24 a 04\/25<\/td>\n<\/tr>\n<tr>\n<td width=\"24%\">4<\/td>\n<td width=\"24%\">Biotecnologia<\/td>\n<td width=\"27%\">1- Michelle Dias Hornes da Rosa<\/td>\n<td width=\"24%\">\u00a010\/24 a 03\/25<\/td>\n<\/tr>\n<tr>\n<td width=\"24%\">5<\/td>\n<td width=\"24%\">Ci\u00eancia e Engenharia de Materiais<\/td>\n<td width=\"27%\">1- Brenda Aparecida Martineli Fragoso<\/td>\n<td width=\"24%\">\u00a009\/24 a 02\/25<\/td>\n<\/tr>\n<tr>\n<td width=\"24%\">6<\/td>\n<td width=\"24%\">Ci\u00eancia e Tecnologia de Alimentos<\/td>\n<td width=\"27%\">1 \u2013 Felipe Nardo dos Santos<\/td>\n<td width=\"24%\">\u00a009\/24 a 02\/25<\/td>\n<\/tr>\n<tr>\n<td width=\"24%\">7<\/td>\n<td width=\"24%\">Ci\u00eancia Pol\u00edtica<\/td>\n<td width=\"27%\">1 \u2013 Yndira Coelho Soares<\/td>\n<td width=\"24%\">09\/24 a 02\/25<\/td>\n<\/tr>\n<tr>\n<td width=\"24%\">8<\/td>\n<td width=\"24%\">Ci\u00eancia e Tecnologia de Sementes<\/td>\n<td width=\"27%\">1-\u00a0Graziele Posser<\/td>\n<td width=\"24%\">\u00a009\/24 a 02\/25<\/td>\n<\/tr>\n<tr>\n<td width=\"24%\">9<\/td>\n<td width=\"24%\">Computa\u00e7\u00e3o<\/td>\n<td width=\"27%\">1- Laura Quevedo Jurgina<\/td>\n<td width=\"24%\">\u00a011\/24 a 04\/25<\/td>\n<\/tr>\n<tr>\n<td width=\"24%\">10<\/td>\n<td width=\"24%\">Educa\u00e7\u00e3o<\/td>\n<td width=\"27%\">1- Mirian Pereira Bohrer<\/td>\n<td width=\"24%\">\u00a011\/24 a 04\/25<\/td>\n<\/tr>\n<tr>\n<td width=\"24%\">11<\/td>\n<td width=\"24%\">Educa\u00e7\u00e3o F\u00edsica<\/td>\n<td width=\"27%\">1- Maiara Gon\u00e7alves dos Santo<\/td>\n<td width=\"24%\">\u00a009\/24 a 02\/25<\/td>\n<\/tr>\n<tr>\n<td width=\"24%\">12<\/td>\n<td width=\"24%\">Enfermagem<\/td>\n<td width=\"27%\">1\u00ba Eduarda Rosado Soares<\/td>\n<td width=\"24%\">\u00a010\/24 a 02\/25<\/td>\n<\/tr>\n<tr>\n<td width=\"24%\">13<\/td>\n<td width=\"24%\">Filosofia<\/td>\n<td width=\"27%\">1- Roberto Barboza da Silva<\/td>\n<td width=\"24%\">\u00a009\/24 a 11\/24<\/td>\n<\/tr>\n<tr>\n<td width=\"24%\">14<\/td>\n<td width=\"24%\">F\u00edsica<\/td>\n<td width=\"27%\">1- Daniele Gon\u00e7alves Mesquita<\/td>\n<td width=\"24%\">\u00a010\/24 a 03\/25<\/td>\n<\/tr>\n<tr>\n<td width=\"24%\">15<\/td>\n<td width=\"24%\">Fisiologia Vegetal<\/td>\n<td width=\"27%\">1- Daiane Rodeghiero Vahl<\/td>\n<td width=\"24%\">\u00a011\/24 a 04\/25<\/td>\n<\/tr>\n<tr>\n<td width=\"24%\">16<\/td>\n<td width=\"24%\">Fitossanidade<\/td>\n<td width=\"27%\">1- F\u00e1bio Luis Galv\u00e3o da Silva<\/td>\n<td width=\"24%\">\u00a011\/24 a 04\/25<\/td>\n<\/tr>\n<tr>\n<td width=\"24%\"><\/td>\n<td width=\"24%\">Hist\u00f3ria<\/td>\n<td width=\"27%\">\u00a0sem inscritos<\/td>\n<td width=\"24%\"><\/td>\n<\/tr>\n<tr>\n<td width=\"24%\">17<\/td>\n<td width=\"24%\">Letras<\/td>\n<td width=\"27%\">1- Dudlei Floriano de Oliveira<\/td>\n<td width=\"24%\">09\/24 a 01\/25<\/td>\n<\/tr>\n<tr>\n<td width=\"24%\">18<\/td>\n<td width=\"24%\">Manejo e Conserva\u00e7\u00e3o do Solo e da \u00c1gua<\/td>\n<td width=\"27%\">1- Ad\u00e3o Pagani J\u00fanior<\/td>\n<td width=\"24%\">\u00a010\/24 a 03\/25<\/td>\n<\/tr>\n<tr>\n<td width=\"24%\">19<\/td>\n<td width=\"24%\">Mem\u00f3ria Social e Patrim\u00f4nio Cultural<\/td>\n<td width=\"27%\">1. Giovane Rodrigues Jardim<\/td>\n<td width=\"24%\">\u00a009\/24 s 11\/24<\/td>\n<\/tr>\n<tr>\n<td width=\"24%\">20<\/td>\n<td width=\"24%\">Nutri\u00e7\u00e3o e Alimentos<\/td>\n<td width=\"27%\">1- Gabriela da Silva Schirmann<\/td>\n<td width=\"24%\">\u00a011\/24 a 04\/25<\/td>\n<\/tr>\n<tr>\n<td width=\"24%\">21<\/td>\n<td width=\"24%\">Recursos H\u00eddricos<\/td>\n<td width=\"27%\">1 \u2013 Paula Josyane dos Santos Francisco<\/td>\n<td width=\"24%\">\u00a009\/24 a 02\/25<\/td>\n<\/tr>\n<tr>\n<td width=\"24%\">22<\/td>\n<td width=\"24%\">Sistemas de Produ\u00e7\u00e3o Agr\u00edcola e Familiar<\/td>\n<td width=\"27%\">1- Jo\u00e9lio Farias Maia<\/td>\n<td width=\"24%\">\u00a010\/24 a 03\/25<\/td>\n<\/tr>\n<tr>\n<td width=\"24%\">23<\/td>\n<td width=\"24%\">Sociologia<\/td>\n<td width=\"27%\">1- Pedro Schlee Soler<\/td>\n<td width=\"24%\">\u00a009\/24 a 02\/25<\/td>\n<\/tr>\n<tr>\n<td width=\"24%\">24<\/td>\n<td width=\"24%\">Veterin\u00e1ria<\/td>\n<td width=\"27%\">1- Cesar Augusto Pinzon Osorio<\/td>\n<td width=\"24%\">\u00a011\/24 a 04\/25<\/td>\n<\/tr>\n<tr>\n<td width=\"24%\">25<\/td>\n<td width=\"24%\">Zootecnia<\/td>\n<td width=\"27%\">1- Jordani Borges Cardoso<\/td>\n<td width=\"24%\">\u00a009\/24 a 02\/25<\/td>\n<\/tr>\n<tr>\n<td width=\"24%\">26<\/td>\n<td width=\"24%\">Ci\u00eancia e Engenharia de Materiais<\/td>\n<td width=\"27%\">2 \u2013 \u00c1lvaro Santos Piovesan\u00a0<em>(suplente)\u00a0<\/em><\/td>\n<td width=\"24%\">\u00a011\/24 a 01\/25<\/td>\n<\/tr>\n<tr>\n<td width=\"24%\">27<\/td>\n<td width=\"24%\">Ci\u00eancia e Tecnologia de Alimentos<\/td>\n<td width=\"27%\">2 \u2013 Elder Pacheco da Cruz\u00a0<em>(suplente)\u00a0<\/em><\/td>\n<td width=\"24%\">11\/24 a 04\/25<\/td>\n<\/tr>\n<tr>\n<td width=\"24%\">28<\/td>\n<td width=\"24%\">Ci\u00eancia Pol\u00edtica<\/td>\n<td width=\"27%\">2 \u2013\u00a0Lucas Garcia da Silva\u00a0<em>(suplente)\u00a0<\/em><\/td>\n<td width=\"24%\">11\/24\u00a0 a 04\/25<\/td>\n<\/tr>\n<tr>\n<td width=\"24%\">29<\/td>\n<td width=\"24%\">Enfermagem<\/td>\n<td width=\"27%\">\n<p>2\u00ba Fernanda Eisenhardt de Mello\u00a0<em>(suplente)<\/em><\/p>\n<p>&nbsp;<\/p>\n<p>&nbsp;<\/td>\n<td width=\"24%\">\u00a009\/24 a 02\/25<\/td>\n<\/tr>\n<tr>\n<td width=\"24%\">30<\/td>\n<td width=\"24%\">F\u00edsica<\/td>\n<td width=\"27%\">2 \u2013 Alexsandra Pereira Santos<\/td>\n<td width=\"24%\">\u00a011\/24 a 04\/25<\/td>\n<\/tr>\n<tr>\n<td width=\"24%\">31<\/td>\n<td width=\"24%\">Manejo e Conserva\u00e7\u00e3o do Solo e da \u00c1gua<\/td>\n<td width=\"27%\">2- Maur\u00edcio Silva de Oliveira\u00a0<em>(suplente)<\/em><\/td>\n<td width=\"24%\">\u00a009\/24 a 02\/25<\/td>\n<\/tr>\n<tr>\n<td width=\"24%\">32<\/td>\n<td width=\"24%\">Mem\u00f3ria Social e Patrim\u00f4nio Cultural<\/td>\n<td width=\"27%\">2. Jennifer Paola Pisso Concha\u00a0<em>(suplente)<\/em><\/td>\n<td width=\"24%\">\u00a009\/24 a 12\/24<\/td>\n<\/tr>\n<tr>\n<td width=\"24%\">33<\/td>\n<td width=\"24%\">Veterin\u00e1ria<\/td>\n<td width=\"27%\">2-Laura Valad\u00e3o Vieira\u00a0<em>(suplente)<\/em><\/td>\n<td width=\"24%\">\u00a009\/24 a 12\/24<\/td>\n<\/tr>\n<tr>\n<td width=\"24%\">34<\/td>\n<td width=\"24%\">PPGMSPC<\/td>\n<td width=\"27%\">3. Laiana Pereira da Silveira\u00a0<em>(suplente)<\/em><\/td>\n<td width=\"24%\">\u00a010\/24 a 02\/25<\/td>\n<\/tr>\n<\/tbody>\n<\/table>\n<p>&nbsp;<\/p>\n<p class=\"Texto_Justificado_Recuo_Primeira_Linha\">\u00a0UFPEL tem 34 bolsas de PDSE, cada PPG com doutorado possui uma bolsa, o que permitiu que todos os primeiros colocados fossem aprovados, al\u00e9m de todos os segundos suplentes que se inscreveram.<\/p>\n<p class=\"Texto_Justificado_Recuo_Primeira_Linha\">Ao todo foram 37 inscritos, as alunas\u00a0Nat\u00e1lia Nogueira do PPGCTS e\u00a0Marcia Le\u00e3o de Lima\u00a0 do PPGENF n\u00e3o se inscreveram como suplente. As alunas\u00a0Cl\u00e1udia da Silva Nogueira\u00a0 (PPGMSPC) ,\u00a0Larissa Alves Rodrigues (PPGCTA) e\u00a0Alice Pereira Lourenson\u00a0(PPGCTA) n\u00e3o foram homologadas em raz\u00e3o de n\u00e3o ter mais vagas.<\/p>\n<p class=\"Texto_Justificado_Recuo_Primeira_Linha\">O crit\u00e9rio de desempate foi utilizado entre o PPGMPSC e o PPGCTA que possu\u00edam 3\u00ba suplentes inscritos no sistema da CAPES.\u00a0Assim, a distribui\u00e7\u00e3o a cota remanescente\u00a0se deu pela utiliza\u00e7\u00e3o do Ranqueamento de Programas 2024, j\u00e1 utilizado para distribui\u00e7\u00e3o de bolsas do Programa PIB-MD 2024, incluindo os Programas PROEX.<\/p>\n<p>Informamos que os alunos homologados pela PRPPG tamb\u00e9m tiveram suas inscri\u00e7\u00f5es homologadas pela CAPES, no link: <a href=\"https:\/\/www.gov.br\/capes\/pt-br\/centrais-de-conteudo\/resultados-dos-editais\/04072024_Lista_Listagem_2411214_lista_de_publicacao_homologados_em_PDF.pdf\">https:\/\/www.gov.br\/capes\/pt-br\/centrais-de-conteudo\/resultados-dos-editais\/04072024_Lista_Listagem_2411214_lista_de_publicacao_homologados_em_PDF.pdf<\/a><\/p>\n<p>&nbsp;<\/p>\n","protected":false},"excerpt":{"rendered":"<p>PROGRAMA INSTITUCIONAL DE DOUTORADO SANDU\u00cdCHE NO EXTERIOR (PDSE) \u2013 2024 Edital 6\/2024 Anexo I &#8211; Termo de Outorga Anexo II &#8211; Declara\u00e7\u00e3o de Reconhecimento da Flu\u00eancia Lingu\u00edstica do cooorientador no exterior Anexo III &#8211; Declara\u00e7\u00e3o de Reconhecimento da Flu\u00eancia Orientador Brasileiro Anexo IV &#8211; Profici\u00eancia 2024 MODELO DA DECLARA\u00c7\u00c3O DO COORIENTADOR NO EXTERIOR Portaria n\u00ba [&hellip;]<\/p>\n","protected":false},"author":45,"featured_media":0,"parent":2018,"menu_order":0,"comment_status":"closed","ping_status":"closed","template":"","meta":{"footnotes":""},"class_list":["post-10264","page","type-page","status-publish","hentry"],"_links":{"self":[{"href":"https:\/\/wp.ufpel.edu.br\/prppg\/wp-json\/wp\/v2\/pages\/10264","targetHints":{"allow":["GET"]}}],"collection":[{"href":"https:\/\/wp.ufpel.edu.br\/prppg\/wp-json\/wp\/v2\/pages"}],"about":[{"href":"https:\/\/wp.ufpel.edu.br\/prppg\/wp-json\/wp\/v2\/types\/page"}],"author":[{"embeddable":true,"href":"https:\/\/wp.ufpel.edu.br\/prppg\/wp-json\/wp\/v2\/users\/45"}],"replies":[{"embeddable":true,"href":"https:\/\/wp.ufpel.edu.br\/prppg\/wp-json\/wp\/v2\/comments?post=10264"}],"version-history":[{"count":46,"href":"https:\/\/wp.ufpel.edu.br\/prppg\/wp-json\/wp\/v2\/pages\/10264\/revisions"}],"predecessor-version":[{"id":10709,"href":"https:\/\/wp.ufpel.edu.br\/prppg\/wp-json\/wp\/v2\/pages\/10264\/revisions\/10709"}],"up":[{"embeddable":true,"href":"https:\/\/wp.ufpel.edu.br\/prppg\/wp-json\/wp\/v2\/pages\/2018"}],"wp:attachment":[{"href":"https:\/\/wp.ufpel.edu.br\/prppg\/wp-json\/wp\/v2\/media?parent=10264"}],"curies":[{"name":"wp","href":"https:\/\/api.w.org\/{rel}","templated":true}]}}