{"id":10037,"date":"2024-01-15T11:56:28","date_gmt":"2024-01-15T14:56:28","guid":{"rendered":"https:\/\/wp.ufpel.edu.br\/prppg\/?page_id=10037"},"modified":"2024-03-13T16:30:48","modified_gmt":"2024-03-13T19:30:48","slug":"bolsas-pib-tt-2","status":"publish","type":"page","link":"https:\/\/wp.ufpel.edu.br\/prppg\/bolsas-pib-tt\/bolsas-pib-tt-2\/","title":{"rendered":"Bolsas PIB TT &#8211; 2024"},"content":{"rendered":"<h1 class=\"corTexto\">Bolsas de Mestrado e Doutorado para estudantes travestis e transexuais<\/h1>\n<p>A Pr\u00f3-reitoria de Pesquisa e P\u00f3s-Gradua\u00e7\u00e3o da Universidade Federal de Pelotas torna p\u00fablico que est\u00e3o abertas as solicita\u00e7\u00f5es de cotas de bolsas de mestrado e doutorado alocadas na PRPPG, oriundas do Programa DS\/CAPES, com distribui\u00e7\u00e3o para estudantes travestis e transexuais, conforme Resolu\u00e7\u00f5es<br \/>\nCONSUN n<sup>o<\/sup>. 54\/2021 e 65\/2021 e Portaria n<sup>o<\/sup>. 475\/2022.<\/p>\n<p>Maiores informa\u00e7\u00f5es sobre prazo de inscri\u00e7\u00e3o, procedimentos e documentos necess\u00e1rios para submiss\u00e3o de pedidos pelas estudantes est\u00e3o dispon\u00edveis no Edital abaixo e anexos.<\/p>\n<ul>\n<li><a href=\"https:\/\/wp.ufpel.edu.br\/prppg\/files\/2024\/01\/Edital-02-24.pdf\">Edital n\u00ba 02\/2024<\/a><\/li>\n<li><a href=\"https:\/\/wp.ufpel.edu.br\/prppg\/files\/2024\/01\/Edital-de-retificacao-01-2024-Edital-de-bolsas-PIB-TT.pdf\"><span style=\"color: #ff0000\">Edital de retifica\u00e7\u00e3o 01-2024 &#8211; Edital de bolsas PIB TT<\/span><\/a><\/li>\n<li><a href=\"https:\/\/wp.ufpel.edu.br\/prppg\/files\/2024\/01\/anexos_I_1.docx\">Anexo I<\/a><\/li>\n<li><a href=\"https:\/\/wp.ufpel.edu.br\/prppg\/files\/2024\/01\/anexo_II_autodeclaracao_de_identidade_de_genero.docx\">Anexo II<\/a><\/li>\n<li><a href=\"https:\/\/wp.ufpel.edu.br\/prppg\/files\/2013\/08\/2046953ef9.xls\">Anexo III<\/a><\/li>\n<li><a href=\"https:\/\/wp.ufpel.edu.br\/prppg\/files\/2024\/01\/anexo_IV___Termo_de_compromisso.docx\">Anexo IV<\/a><\/li>\n<\/ul>\n<p>&nbsp;<\/p>\n<h1 class=\"corTexto\">Resultado Preliminar PIB TT 2024<\/h1>\n<p><strong>EDITAL PRPPG N.\u00ba 002\/2024<\/strong><\/p>\n<p><strong>(Bolsas PIB &#8211; TT &#8211; Cotas PRPPG)<\/strong><\/p>\n<p>&nbsp;<\/p>\n<p><em>A Pr\u00f3-Reitoria de Pesquisa e P\u00f3s-Gradua\u00e7\u00e3o da Universidade Federal de Pelotas torna p\u00fablico o <strong><u>resultado PRELIMINAR<\/u><\/strong> da an\u00e1lise de solicita\u00e7\u00f5es de bolsas de mestrado e doutorado alocadas na PRPPG, com distribui\u00e7\u00e3o priorit\u00e1ria para estudantes ingressantes via acesso afirmativo, conforme Resolu\u00e7\u00e3o CONSUN n\u00ba 54\/2021.<\/em><\/p>\n<p>&nbsp;<\/p>\n<p><strong>Solicita\u00e7\u00f5es de <u>renova\u00e7\u00e3o<\/u>: candidaturas N\u00c3O HOMOLOGADAS<\/strong><\/p>\n<p>&nbsp;<\/p>\n<table>\n<tbody>\n<tr>\n<td><\/td>\n<td><strong>Nome<\/strong><\/td>\n<td><strong>PPG<\/strong><\/td>\n<td><strong>\u00a0Motivo<\/strong><\/td>\n<\/tr>\n<tr>\n<td><strong>1.<\/strong><\/td>\n<td>BALBINA FRANCISCA MORAES DE S\u00c1<\/td>\n<td>ARTES<\/td>\n<td>inscri\u00e7\u00e3o sem assinatura do coordenador<\/td>\n<\/tr>\n<\/tbody>\n<\/table>\n<p>&nbsp;<\/p>\n<p>&nbsp;<\/p>\n<p><strong><u>Novas<\/u><\/strong><strong> solicita\u00e7\u00f5es de bolsas: <\/strong><strong>candidaturas HOMOLOGADAS<\/strong><\/p>\n<p>&nbsp;<\/p>\n<table>\n<tbody>\n<tr>\n<td><\/td>\n<td><strong>Nome<\/strong><\/td>\n<td><strong>N\u00edvel<\/strong><\/td>\n<td><strong>PPG<\/strong><\/td>\n<td><strong>Situa\u00e7\u00e3o<\/strong><\/td>\n<\/tr>\n<tr>\n<td>1.<\/td>\n<td>WEMI SOARES PEREIRA<\/td>\n<td>M<\/td>\n<td>ANTROPOLOGIA<\/td>\n<td>HOMOLOGADA<\/td>\n<\/tr>\n<tr>\n<td>2.<\/td>\n<td>MIRELLA ENCARNA\u00c7\u00c3O DA COSTA<\/td>\n<td>M<\/td>\n<td>DIREITO<\/td>\n<td>HOMOLOGADA<\/td>\n<\/tr>\n<tr>\n<td>3.<\/td>\n<td>AL\u00caXANDER CHRISTOPHER PEREIRA GARCIA<\/td>\n<td>M<\/td>\n<td>ARTES<\/td>\n<td>HOMOLOGADA<\/td>\n<\/tr>\n<\/tbody>\n<\/table>\n<p>&nbsp;<\/p>\n<p>&nbsp;<\/p>\n<p>&nbsp;<\/p>\n<p><strong><u>Novas<\/u><\/strong><strong> solicita\u00e7\u00f5es de bolsas: <\/strong><strong>inscri\u00e7\u00f5es N\u00c3O HOMOLOGADAS<\/strong><\/p>\n<p>&nbsp;<\/p>\n<table>\n<tbody>\n<tr>\n<td><\/td>\n<td><strong>Nome<\/strong><\/td>\n<td><strong>PPG<\/strong><\/td>\n<td><strong>Motivo<\/strong><\/td>\n<\/tr>\n<tr>\n<td><strong>1.<\/strong><\/td>\n<td>THAINES VALENDORF XAVIER MONTEIRO<\/td>\n<td>FILOSOFIA<\/td>\n<td>\n<p>sem declara\u00e7\u00e3o<\/p>\n<p>sem documentos previstos no item 3.1.1 do edital de retifica\u00e7\u00e3o n\u00ba 1\/2024 da PRPPG<\/td>\n<\/tr>\n<tr>\n<td><strong>2.<\/strong><\/td>\n<td>KELVIN MARUM MACHADO<\/td>\n<td>ARTES<\/td>\n<td>sem documento previsto no item 3.1.1 do edital de retifica\u00e7\u00e3o n\u00ba 1\/2024 da PRPPG<\/td>\n<\/tr>\n<\/tbody>\n<\/table>\n<p>&nbsp;<\/p>\n<p>Obs.: a interposi\u00e7\u00e3o de eventuais recursos deve ser feita conforme regramento do edital 002\/2024<\/p>\n<p>&nbsp;<\/p>\n<p>Informamos que, ap\u00f3s o per\u00edodo de an\u00e1lise recursal, ser\u00e1 divulgada a lista definitiva de discentes contemplados.<\/p>\n<p>Pelotas, 22 de fevereiro de 2024.<\/p>\n<p>CPG\/PRPPG\/UFPel.<\/p>\n<p>&nbsp;<\/p>\n<h1>Comunicado sobre o resultado da aprecia\u00e7\u00e3o dos recursos referentes \u00e0 homologa\u00e7\u00e3o das inscri\u00e7\u00f5es \u2013 PIB TT 2024<\/h1>\n<p>A Pr\u00f3-Reitoria de Pesquisa e P\u00f3s-Gradua\u00e7\u00e3o da Universidade Federal de Pelotas comunica que, devido ao alto n\u00famero de inscri\u00e7\u00f5es, o resultado da aprecia\u00e7\u00e3o dos recursos referentes \u00e0 homologa\u00e7\u00e3o das inscri\u00e7\u00f5es ser\u00e1 divulgado na ter\u00e7a-feira, 27\/02\/2024.<\/p>\n<p>Reiteramos que a interposi\u00e7\u00e3o de eventuais recursos deve ser feita conforme regramento do edital 002\/2024.<\/p>\n<p>Pelotas, 23 de fevereiro de 2024.<\/p>\n<p>CPG\/PRPPG\/UFPel.<\/p>\n<p>&nbsp;<\/p>\n<h1>Resultado da aprecia\u00e7\u00e3o dos recursos referentes \u00e0 homologa\u00e7\u00e3o das inscri\u00e7\u00f5es \u2013 PIB TT 2024<\/h1>\n<p>A Pr\u00f3-Reitoria de Pesquisa e P\u00f3s-Gradua\u00e7\u00e3o da Universidade Federal de Pelotas\u00a0<span style=\"font-weight: 400\">torna \u00a0 p\u00fablico o resultado da an\u00e1lise de recursos interpostos na fase de homologa\u00e7\u00e3o.<\/span><\/p>\n<p><span style=\"font-weight: 400\">Resultado da aprecia\u00e7\u00e3o de recursos referentes \u00e0 homologa\u00e7\u00e3o das inscri\u00e7\u00f5es: <a href=\"https:\/\/wp.ufpel.edu.br\/prppg\/files\/2024\/02\/Documento-sem-titulo-1.pdf\">RESULTADO DOS RECURSOS PIB TT<\/a><\/span><\/p>\n<p>Pelotas, 27 de fevereiro de 2024.<\/p>\n<p>CPG\/PRPPG\/UFPel.<\/p>\n<p>&nbsp;<\/p>\n<h1 class=\"corTexto\">Resultado Final PIB TT 2024<\/h1>\n<p><em>A Pr\u00f3-Reitoria de Pesquisa e P\u00f3s-Gradua\u00e7\u00e3o da Universidade Federal de Pelotas torna p\u00fablico o resultado final da an\u00e1lise de solicita\u00e7\u00f5es de bolsas alocadas na PRPPG,<\/em> <em>oriundas do Programa DS\/CAPES, com distribui\u00e7\u00e3o para estudantes travestis e transexuais, conforme Resolu\u00e7\u00f5es CONSUN n<sup>o<\/sup> 54\/2021 e 65\/2021 e Portaria n<sup>o<\/sup> 475\/2022.<\/em><\/p>\n<p>&nbsp;<\/p>\n<p><strong>Novas solicita\u00e7\u00f5es de bolsas \u2013 MESTRADO: candidaturas aprovadas<\/strong><\/p>\n<p><em>(A classifica\u00e7\u00e3o prioriza candidatos registrados no Cad\u00danico, conforme previsto no Edital n<sup>o<\/sup> 02\/2024, processo n\u00ba 23110.001859\/2024-70. Os candidatos com situa\u00e7\u00e3o \u201c<strong>concedida<\/strong>\u201d devem enviar o <strong>Formul\u00e1rio de Cadastro de Bolsista <\/strong>e o <strong>Termo de Compromisso <\/strong>para o NPG via e-mail (<strong>npg@ufpel.edu.br<\/strong>) de modo a implementar a concess\u00e3o.)<\/em><\/p>\n<p><em>\u00a0<\/em><\/p>\n<table width=\"501\">\n<tbody>\n<tr>\n<td width=\"29\"><strong>\u00a0<\/strong><\/td>\n<td width=\"327\"><strong>Nome<\/strong><\/td>\n<td width=\"75\"><strong>PPG<\/strong><\/td>\n<td width=\"71\"><strong>Situa\u00e7\u00e3o<\/strong><\/td>\n<\/tr>\n<tr>\n<td width=\"29\"><strong>1.\u00a0\u00a0 <\/strong><strong>\u00a0<\/strong><\/td>\n<td width=\"327\">AL\u00caXANDER CHRISTOPHER PEREIRA GARCIA<\/td>\n<td width=\"75\">PPGArtes<\/td>\n<td width=\"71\">Concedida<\/td>\n<\/tr>\n<tr>\n<td width=\"29\"><strong>2.\u00a0\u00a0 <\/strong><strong>\u00a0<\/strong><\/td>\n<td width=\"327\">MIRELLA ENCARNA\u00c7\u00c3O DA COSTA<\/td>\n<td width=\"75\">PPGD<\/td>\n<td width=\"71\">Concedida<\/td>\n<\/tr>\n<tr>\n<td width=\"29\"><strong>3.\u00a0\u00a0 <\/strong><strong>\u00a0<\/strong><\/td>\n<td width=\"327\">WEMI SOARES PEREIRA<\/td>\n<td width=\"75\">PPGAnt<\/td>\n<td width=\"71\">Suplente<\/td>\n<\/tr>\n<\/tbody>\n<\/table>\n<p>&nbsp;<\/p>\n<p><a href=\"https:\/\/wp.ufpel.edu.br\/prppg\/files\/2024\/03\/PIB-TT-resultado_2024_mestrado_doutorado.pdf\">Resultado Final PIB-TT-2024<\/a><\/p>\n<p>Ap\u00f3s observarem sua situa\u00e7\u00e3o na tabela de resultados, os estudantes devem enviar o\u00a0<strong>Formul\u00e1rio de Cadastro de Bolsista\u00a0<\/strong>e o\u00a0<strong>Termo de Compromisso (anexo II)\u00a0<\/strong>para o NPG via e-mail (<strong>npg@ufpel.edu.br<\/strong>) de modo a implementar a concess\u00e3o at\u00e9 a data improrrog\u00e1vel de <strong>25\/03\/2023<\/strong>.<\/p>\n<p>&nbsp;<\/p>\n<p>Pelotas, 13\/03\/2024.<\/p>\n","protected":false},"excerpt":{"rendered":"<p>Bolsas de Mestrado e Doutorado para estudantes travestis e transexuais A Pr\u00f3-reitoria de Pesquisa e P\u00f3s-Gradua\u00e7\u00e3o da Universidade Federal de Pelotas torna p\u00fablico que est\u00e3o abertas as solicita\u00e7\u00f5es de cotas de bolsas de mestrado e doutorado alocadas na PRPPG, oriundas do Programa DS\/CAPES, com distribui\u00e7\u00e3o para estudantes travestis e transexuais, conforme Resolu\u00e7\u00f5es CONSUN no. 54\/2021 [&hellip;]<\/p>\n","protected":false},"author":45,"featured_media":0,"parent":9107,"menu_order":0,"comment_status":"closed","ping_status":"closed","template":"","meta":{"footnotes":""},"class_list":["post-10037","page","type-page","status-publish","hentry"],"_links":{"self":[{"href":"https:\/\/wp.ufpel.edu.br\/prppg\/wp-json\/wp\/v2\/pages\/10037","targetHints":{"allow":["GET"]}}],"collection":[{"href":"https:\/\/wp.ufpel.edu.br\/prppg\/wp-json\/wp\/v2\/pages"}],"about":[{"href":"https:\/\/wp.ufpel.edu.br\/prppg\/wp-json\/wp\/v2\/types\/page"}],"author":[{"embeddable":true,"href":"https:\/\/wp.ufpel.edu.br\/prppg\/wp-json\/wp\/v2\/users\/45"}],"replies":[{"embeddable":true,"href":"https:\/\/wp.ufpel.edu.br\/prppg\/wp-json\/wp\/v2\/comments?post=10037"}],"version-history":[{"count":10,"href":"https:\/\/wp.ufpel.edu.br\/prppg\/wp-json\/wp\/v2\/pages\/10037\/revisions"}],"predecessor-version":[{"id":10232,"href":"https:\/\/wp.ufpel.edu.br\/prppg\/wp-json\/wp\/v2\/pages\/10037\/revisions\/10232"}],"up":[{"embeddable":true,"href":"https:\/\/wp.ufpel.edu.br\/prppg\/wp-json\/wp\/v2\/pages\/9107"}],"wp:attachment":[{"href":"https:\/\/wp.ufpel.edu.br\/prppg\/wp-json\/wp\/v2\/media?parent=10037"}],"curies":[{"name":"wp","href":"https:\/\/api.w.org\/{rel}","templated":true}]}}