{"id":967,"date":"2022-11-04T17:35:17","date_gmt":"2022-11-04T20:35:17","guid":{"rendered":"https:\/\/wp.ufpel.edu.br\/protparcial\/?page_id=967"},"modified":"2022-11-04T17:37:29","modified_gmt":"2022-11-04T20:37:29","slug":"extensao","status":"publish","type":"page","link":"https:\/\/wp.ufpel.edu.br\/protparcial\/extensao\/","title":{"rendered":"EXTENS\u00c3O"},"content":{"rendered":"<h4><span style=\"font-size: 18pt; color: #333399;\">Aqui encontras projetos de extens\u00e3o desenvolvidos na Faculdade de Odontologia, Universidade Federal de Pelotas:<\/span><\/h4>\n<ul>\n<li><span style=\"font-size: 14pt;\">Projeto de Extens\u00e3o Universit\u00e1ria, Atendimento Especial de Pacientes com Disfun\u00e7\u00e3o da Articula\u00e7\u00e3o Temporomandibular<a href=\"https:\/\/wp.ufpel.edu.br\/aditeme\/\"> &#8211; ADITEME<\/a><\/span><\/li>\n<\/ul>\n<ul>\n<li><span style=\"font-size: 14pt;\">Planejamento em Pr\u00f3tese Parcial \u2013 <a href=\"https:\/\/wp.ufpel.edu.br\/protparcial\/?page_id=948&amp;preview=true\">PLANPROS<\/a><\/span><\/li>\n<\/ul>\n<ul>\n<li>\n<h4><span style=\"font-size: 14pt;\">A Plataforma de Ensino Continuado de Odontologia e Sa\u00fade<\/span><a href=\"https:\/\/wp.ufpel.edu.br\/pecos\/missao\/\"><span style=\"font-size: 14pt;\"> \u2013 PECOS<\/span><\/a><\/h4>\n<\/li>\n<\/ul>\n","protected":false},"excerpt":{"rendered":"<p>Aqui encontras projetos de extens\u00e3o desenvolvidos na Faculdade de Odontologia, Universidade Federal de Pelotas: Projeto de Extens\u00e3o Universit\u00e1ria, Atendimento Especial de Pacientes com Disfun\u00e7\u00e3o da Articula\u00e7\u00e3o Temporomandibular &#8211; ADITEME Planejamento em Pr\u00f3tese Parcial \u2013 PLANPROS A Plataforma de Ensino Continuado &hellip; <a href=\"https:\/\/wp.ufpel.edu.br\/protparcial\/extensao\/\">Continue lendo <span class=\"meta-nav\">&rarr;<\/span><\/a><\/p>\n","protected":false},"author":575,"featured_media":0,"parent":0,"menu_order":6,"comment_status":"closed","ping_status":"closed","template":"","meta":{"jetpack_post_was_ever_published":false,"footnotes":""},"class_list":["post-967","page","type-page","status-publish","hentry"],"jetpack_sharing_enabled":true,"jetpack_shortlink":"https:\/\/wp.me\/P6Xzwn-fB","jetpack-related-posts":[],"_links":{"self":[{"href":"https:\/\/wp.ufpel.edu.br\/protparcial\/wp-json\/wp\/v2\/pages\/967","targetHints":{"allow":["GET"]}}],"collection":[{"href":"https:\/\/wp.ufpel.edu.br\/protparcial\/wp-json\/wp\/v2\/pages"}],"about":[{"href":"https:\/\/wp.ufpel.edu.br\/protparcial\/wp-json\/wp\/v2\/types\/page"}],"author":[{"embeddable":true,"href":"https:\/\/wp.ufpel.edu.br\/protparcial\/wp-json\/wp\/v2\/users\/575"}],"replies":[{"embeddable":true,"href":"https:\/\/wp.ufpel.edu.br\/protparcial\/wp-json\/wp\/v2\/comments?post=967"}],"version-history":[{"count":4,"href":"https:\/\/wp.ufpel.edu.br\/protparcial\/wp-json\/wp\/v2\/pages\/967\/revisions"}],"predecessor-version":[{"id":973,"href":"https:\/\/wp.ufpel.edu.br\/protparcial\/wp-json\/wp\/v2\/pages\/967\/revisions\/973"}],"wp:attachment":[{"href":"https:\/\/wp.ufpel.edu.br\/protparcial\/wp-json\/wp\/v2\/media?parent=967"}],"curies":[{"name":"wp","href":"https:\/\/api.w.org\/{rel}","templated":true}]}}