{"id":948,"date":"2022-11-03T19:29:42","date_gmt":"2022-11-03T22:29:42","guid":{"rendered":"https:\/\/wp.ufpel.edu.br\/protparcial\/?page_id=948"},"modified":"2025-03-19T18:11:58","modified_gmt":"2025-03-19T21:11:58","slug":"planejamento-em-protese-parcial-planpros","status":"publish","type":"page","link":"https:\/\/wp.ufpel.edu.br\/protparcial\/planejamento-em-protese-parcial-planpros\/","title":{"rendered":"Planejamento em Pr\u00f3tese Parcial &#8211; PLANPROS"},"content":{"rendered":"<p>&nbsp;<\/p>\n<p style=\"text-align: center;\"><span style=\"font-size: 14pt; color: #000080;\"><strong>Seja bem vindo ao PLANPROS!<\/strong><\/span><\/p>\n<p>&nbsp;<\/p>\n<p><strong>RESUMO<\/strong> &#8211; Este projeto visa, via meios digitais, promover, alavancar e desenvolver meios e estrat\u00e9gias para o planejamento de casos prot\u00e9ticos em pacientes edentados parciais e unimaxilares, via pr\u00f3teses convencionais (n\u00e3o implanto suportadas). A produ\u00e7\u00e3o consequente ser\u00e1 disponibilidade, via plataformas digitais, em livre acesso, com possibilidade de intera\u00e7\u00e3o com o p\u00fablico alvo &#8211; Estudantes e profissionais de Odontologia.<\/p>\n<p><strong>Link do Canal do canal do YOUTUBE\u00ae: <a href=\"https:\/\/www.youtube.com\/@PLANPROS\" target=\"_blank\" rel=\"noopener\">https:\/\/www.youtube.com\/@PLANPROS<\/a><\/strong><\/p>\n<p>Novos v\u00eddeos publicados!<\/p>\n<p><strong>P\u00daBLICO ALVO<\/strong> &#8211; acesso universal\u00a0 de acad\u00eamicos e egressos de Odontologia.<\/p>\n<p><strong>PARTICIPA\u00c7\u00c3O<\/strong> &#8211; inscri\u00e7\u00e3o, como Extensionista da UFPEL via <a href=\"https:\/\/wp.ufpel.edu.br\/protparcial\/contato\/\" target=\"_blank\" rel=\"noopener\">CONTATO<\/a>, e \u00e0s m\u00eddias envolvidas, como o canal acima, e intera\u00e7\u00e3o com o mesmo. <strong>Aos demais participantes<\/strong>, acesso ao canal acima, e intera\u00e7\u00e3o com o mesmo.<\/p>\n<p style=\"text-align: justify;\"><strong>OBJETIVO GERAL<\/strong> &#8211; Disseminar o conhecimento e intera\u00e7\u00e3o em planejamento em pr\u00f3tese parcial odontol\u00f3gica.<\/p>\n<p style=\"text-align: justify;\"><strong>JUSTIFICATIVA<\/strong> &#8211; Na realidade atual de nossa sociedade, o papel das m\u00eddias e meios digitais \u00e9 relevante para promover o disseminar o conhecimento.<\/p>\n<p style=\"text-align: justify;\"><strong>METODOLOGIA<\/strong> &#8211; Ser\u00e3o apresentados v\u00eddeos e imagens de casos prot\u00e9ticos de edentados parciais para livre acesso e intera\u00e7\u00e3o com o p\u00fablico alvo. A partir da intera\u00e7\u00e3o, imers\u00e3o e reflex\u00e3o do estudo, ser\u00e3o apresentados resultados correlatos ou alternativos ao casos estudados.<\/p>\n<p style=\"text-align: justify;\"><strong><span style=\"font-family: georgia, palatino, serif;\"><label id=\"lblIndicadoresMetasResultados\">INDICADORES, METAS E RESULTADOS ESPERADOS<\/label> <\/span><\/strong>&#8211; Ser\u00e1 almejada a contagem de acessos aos materiais dispon\u00edveis bem como as suas intera\u00e7\u00f5es. Espera-se uma ampla participa\u00e7\u00e3o dos atores envolvidos, com novas propostas e tecnologias para resolver a problem\u00e1tica de mutilados orais &#8211; edentados parciais &#8211; via pr\u00f3teses parciais e unimaxilares.<\/p>\n","protected":false},"excerpt":{"rendered":"<p>&nbsp; Seja bem vindo ao PLANPROS! &nbsp; RESUMO &#8211; Este projeto visa, via meios digitais, promover, alavancar e desenvolver meios e estrat\u00e9gias para o planejamento de casos prot\u00e9ticos em pacientes edentados parciais e unimaxilares, via pr\u00f3teses convencionais (n\u00e3o implanto suportadas). &hellip; <a href=\"https:\/\/wp.ufpel.edu.br\/protparcial\/planejamento-em-protese-parcial-planpros\/\">Continue lendo <span class=\"meta-nav\">&rarr;<\/span><\/a><\/p>\n","protected":false},"author":575,"featured_media":952,"parent":0,"menu_order":7,"comment_status":"closed","ping_status":"closed","template":"","meta":{"jetpack_post_was_ever_published":true,"footnotes":""},"class_list":["post-948","page","type-page","status-publish","has-post-thumbnail","hentry"],"jetpack_sharing_enabled":false,"jetpack_shortlink":"https:\/\/wp.me\/P6Xzwn-fi","jetpack-related-posts":[],"_links":{"self":[{"href":"https:\/\/wp.ufpel.edu.br\/protparcial\/wp-json\/wp\/v2\/pages\/948","targetHints":{"allow":["GET"]}}],"collection":[{"href":"https:\/\/wp.ufpel.edu.br\/protparcial\/wp-json\/wp\/v2\/pages"}],"about":[{"href":"https:\/\/wp.ufpel.edu.br\/protparcial\/wp-json\/wp\/v2\/types\/page"}],"author":[{"embeddable":true,"href":"https:\/\/wp.ufpel.edu.br\/protparcial\/wp-json\/wp\/v2\/users\/575"}],"replies":[{"embeddable":true,"href":"https:\/\/wp.ufpel.edu.br\/protparcial\/wp-json\/wp\/v2\/comments?post=948"}],"version-history":[{"count":11,"href":"https:\/\/wp.ufpel.edu.br\/protparcial\/wp-json\/wp\/v2\/pages\/948\/revisions"}],"predecessor-version":[{"id":987,"href":"https:\/\/wp.ufpel.edu.br\/protparcial\/wp-json\/wp\/v2\/pages\/948\/revisions\/987"}],"wp:featuredmedia":[{"embeddable":true,"href":"https:\/\/wp.ufpel.edu.br\/protparcial\/wp-json\/wp\/v2\/media\/952"}],"wp:attachment":[{"href":"https:\/\/wp.ufpel.edu.br\/protparcial\/wp-json\/wp\/v2\/media?parent=948"}],"curies":[{"name":"wp","href":"https:\/\/api.w.org\/{rel}","templated":true}]}}