{"id":75,"date":"2015-11-17T22:03:46","date_gmt":"2015-11-18T00:03:46","guid":{"rendered":"https:\/\/wp.ufpel.edu.br\/protparcial\/?page_id=75"},"modified":"2026-04-05T19:29:22","modified_gmt":"2026-04-05T22:29:22","slug":"monografias","status":"publish","type":"page","link":"https:\/\/wp.ufpel.edu.br\/protparcial\/materiais-didaticos\/monografias\/","title":{"rendered":"Monografias"},"content":{"rendered":"<p><a href=\"https:\/\/wp.ufpel.edu.br\/protparcial\/files\/2026\/04\/Passo-a-Passo-de-Preparos-Anteriores_2026.pdf\">Passo a Passo da Execu\u00e7\u00e3o de Preparo Total em Destes Anteriores (Coroa MC).<\/a><\/p>\n<p><a href=\"https:\/\/wp.ufpel.edu.br\/protparcial\/files\/2024\/07\/Gabarito-de-Eixo-de-Insercao_PPR_07_24.pdf\" target=\"_blank\" rel=\"noopener\">Guia de eixo de inser\u00e7\u00e3o e remo\u00e7\u00e3o em PPR (revisado);<\/a><\/p>\n<p><a href=\"https:\/\/wp.ufpel.edu.br\/protparcial\/files\/2023\/06\/Reparo-de-Retencao_PPR_15_06_23.pdf\" target=\"_blank\" rel=\"noopener\">Reparo de reten\u00e7\u00e3o direta em Pr\u00f3tese Parcial Remov\u00edvel (11p);<\/a><\/p>\n<p><a href=\"https:\/\/wp.ufpel.edu.br\/protparcial\/files\/2021\/01\/Passo-a-Passo-de-Provisorios-Anteriores_2020_21.pdf\" target=\"_blank\" rel=\"noopener noreferrer\">Passo a Passo da Execu\u00e7\u00e3o de Provis\u00f3rios em Anteriores &#8211; T\u00e9cnica da Faceta;<\/a><\/p>\n<p><a href=\"https:\/\/wp.ufpel.edu.br\/protparcial\/files\/2025\/12\/Planejamento-em-PPR_21_11_05.pdf\" target=\"_blank\" rel=\"noopener noreferrer\">Caderno de Planejamento em Pr\u00f3tese Parcial Remov\u00edvel &#8211; 2025 Revisado (14<\/a><a href=\"https:\/\/wp.ufpel.edu.br\/protparcial\/files\/2024\/07\/Caderno_Planej_PPR_21_07_24.pdf\" target=\"_blank\" rel=\"noopener noreferrer\"> p.):<\/a><\/p>\n<p><a href=\"https:\/\/wp.ufpel.edu.br\/protparcial\/files\/2016\/02\/AJUSTE-OCLUSAL-Guilherme-Guimar\u00e3es_2015.pdf\" target=\"_blank\" rel=\"noopener noreferrer\">Considera\u00e7\u00f5es sobre ajuste oclusal;<\/a><\/p>\n<p><a href=\"https:\/\/wp.ufpel.edu.br\/protparcial\/files\/2015\/11\/fusibilidade_2011.pdf\">Fusibilidade em Odontologia;<\/a><\/p>\n<p><a href=\"https:\/\/wp.ufpel.edu.br\/protparcial\/files\/2016\/02\/Ligas_Odontologia_2015.pdf\" target=\"_blank\" rel=\"noopener noreferrer\">Ligas Odontol\u00f3gicas;<\/a><\/p>\n<p><a href=\"https:\/\/wp.ufpel.edu.br\/protparcial\/files\/2021\/04\/Sistema_retencao_2021.pdf\" target=\"_blank\" rel=\"noopener noreferrer\">Sistemas de Reten\u00e7\u00e3o em Pr\u00f3tese Parcial Remov\u00edvel;<\/a><\/p>\n<p><a href=\"https:\/\/wp.ufpel.edu.br\/protparcial\/files\/2018\/02\/Tipo_Superficie_X_Ceramica_2017-18.pdf\" target=\"_blank\" rel=\"noopener noreferrer\">Rela\u00e7\u00e3o tipo de superf\u00edcie <em>versus<\/em> cer\u00e2micas odontol\u00f3gicas;<\/a><\/p>\n<p><a href=\"https:\/\/wp.ufpel.edu.br\/protparcial\/files\/2020\/10\/Revisao_PPF_2020.pdf\" target=\"_blank\" rel=\"noopener noreferrer\">Revis\u00e3o passo a passo de confec\u00e7\u00e3o de Pr\u00f3tese Parcial Fixa (22 p.);<\/a><\/p>\n<p><a href=\"https:\/\/wp.ufpel.edu.br\/protparcial\/files\/2018\/12\/Estetica-em-Protese_Rev-2018.pdf\">Est\u00e9tica em Pr\u00f3tese (26 p.)<\/a><\/p>\n<p><a href=\"https:\/\/wp.ufpel.edu.br\/protparcial\/files\/2016\/02\/Princ_Prep_2016.pdf\">Princ\u00edpios de Preparo em Pr\u00f3tese Fixa<\/a><\/p>\n<p>&nbsp;<\/p>\n<p>&nbsp;<\/p>\n<p>&nbsp;<\/p>\n<p>&nbsp;<\/p>\n<p>&nbsp;<\/p>\n","protected":false},"excerpt":{"rendered":"<p>Passo a Passo da Execu\u00e7\u00e3o de Preparo Total em Destes Anteriores (Coroa MC). Guia de eixo de inser\u00e7\u00e3o e remo\u00e7\u00e3o em PPR (revisado); Reparo de reten\u00e7\u00e3o direta em Pr\u00f3tese Parcial Remov\u00edvel (11p); Passo a Passo da Execu\u00e7\u00e3o de Provis\u00f3rios em &hellip; <a href=\"https:\/\/wp.ufpel.edu.br\/protparcial\/materiais-didaticos\/monografias\/\">Continue lendo <span class=\"meta-nav\">&rarr;<\/span><\/a><\/p>\n","protected":false},"author":575,"featured_media":0,"parent":7,"menu_order":0,"comment_status":"closed","ping_status":"closed","template":"","meta":{"jetpack_post_was_ever_published":false,"footnotes":""},"class_list":["post-75","page","type-page","status-publish","hentry"],"jetpack_sharing_enabled":true,"jetpack_shortlink":"https:\/\/wp.me\/P6Xzwn-1d","jetpack-related-posts":[],"_links":{"self":[{"href":"https:\/\/wp.ufpel.edu.br\/protparcial\/wp-json\/wp\/v2\/pages\/75","targetHints":{"allow":["GET"]}}],"collection":[{"href":"https:\/\/wp.ufpel.edu.br\/protparcial\/wp-json\/wp\/v2\/pages"}],"about":[{"href":"https:\/\/wp.ufpel.edu.br\/protparcial\/wp-json\/wp\/v2\/types\/page"}],"author":[{"embeddable":true,"href":"https:\/\/wp.ufpel.edu.br\/protparcial\/wp-json\/wp\/v2\/users\/575"}],"replies":[{"embeddable":true,"href":"https:\/\/wp.ufpel.edu.br\/protparcial\/wp-json\/wp\/v2\/comments?post=75"}],"version-history":[{"count":4,"href":"https:\/\/wp.ufpel.edu.br\/protparcial\/wp-json\/wp\/v2\/pages\/75\/revisions"}],"predecessor-version":[{"id":1206,"href":"https:\/\/wp.ufpel.edu.br\/protparcial\/wp-json\/wp\/v2\/pages\/75\/revisions\/1206"}],"up":[{"embeddable":true,"href":"https:\/\/wp.ufpel.edu.br\/protparcial\/wp-json\/wp\/v2\/pages\/7"}],"wp:attachment":[{"href":"https:\/\/wp.ufpel.edu.br\/protparcial\/wp-json\/wp\/v2\/media?parent=75"}],"curies":[{"name":"wp","href":"https:\/\/api.w.org\/{rel}","templated":true}]}}