{"id":7,"date":"2015-11-17T15:48:58","date_gmt":"2015-11-17T17:48:58","guid":{"rendered":"https:\/\/wp.ufpel.edu.br\/protparcial\/?page_id=7"},"modified":"2021-08-10T18:01:37","modified_gmt":"2021-08-10T21:01:37","slug":"materiais-didaticos","status":"publish","type":"page","link":"https:\/\/wp.ufpel.edu.br\/protparcial\/materiais-didaticos\/","title":{"rendered":"Downloads"},"content":{"rendered":"<p style=\"text-align: justify\">Aqui est\u00e3o dispon\u00edveis v\u00e1rios materiais de interesse em pr\u00f3tese. Todos os arquivos est\u00e3o autorizados para download e impress\u00e3o, sendo VEDADA qualquer altera\u00e7\u00e3o em seu conte\u00fado sem autoriza\u00e7\u00e3o. Tamb\u00e9m \u00e9 permitido a cita\u00e7\u00e3o do trabalho, desde que preservada a fonte e autores. Agradecemos desde j\u00e1 vosso interesse e estamos abertos \u00e0 sugest\u00f5es. <strong>ATEN\u00c7\u00c3O!<\/strong> <strong>ap\u00f3s<\/strong> acessar qualquer link, aperte <strong>Ctrl + F5<\/strong> no seu teclado para atualizar o seu navegador!<\/p>\n<p><strong>\u00a0<\/strong><\/p>\n","protected":false},"excerpt":{"rendered":"<p>Aqui est\u00e3o dispon\u00edveis v\u00e1rios materiais de interesse em pr\u00f3tese. Todos os arquivos est\u00e3o autorizados para download e impress\u00e3o, sendo VEDADA qualquer altera\u00e7\u00e3o em seu conte\u00fado sem autoriza\u00e7\u00e3o. Tamb\u00e9m \u00e9 permitido a cita\u00e7\u00e3o do trabalho, desde que preservada a fonte e &hellip; <a href=\"https:\/\/wp.ufpel.edu.br\/protparcial\/materiais-didaticos\/\">Continue lendo <span class=\"meta-nav\">&rarr;<\/span><\/a><\/p>\n","protected":false},"author":575,"featured_media":0,"parent":0,"menu_order":3,"comment_status":"closed","ping_status":"closed","template":"","meta":{"jetpack_post_was_ever_published":false,"footnotes":""},"class_list":["post-7","page","type-page","status-publish","hentry"],"jetpack_sharing_enabled":true,"jetpack_shortlink":"https:\/\/wp.me\/P6Xzwn-7","jetpack-related-posts":[],"_links":{"self":[{"href":"https:\/\/wp.ufpel.edu.br\/protparcial\/wp-json\/wp\/v2\/pages\/7","targetHints":{"allow":["GET"]}}],"collection":[{"href":"https:\/\/wp.ufpel.edu.br\/protparcial\/wp-json\/wp\/v2\/pages"}],"about":[{"href":"https:\/\/wp.ufpel.edu.br\/protparcial\/wp-json\/wp\/v2\/types\/page"}],"author":[{"embeddable":true,"href":"https:\/\/wp.ufpel.edu.br\/protparcial\/wp-json\/wp\/v2\/users\/575"}],"replies":[{"embeddable":true,"href":"https:\/\/wp.ufpel.edu.br\/protparcial\/wp-json\/wp\/v2\/comments?post=7"}],"version-history":[{"count":7,"href":"https:\/\/wp.ufpel.edu.br\/protparcial\/wp-json\/wp\/v2\/pages\/7\/revisions"}],"predecessor-version":[{"id":897,"href":"https:\/\/wp.ufpel.edu.br\/protparcial\/wp-json\/wp\/v2\/pages\/7\/revisions\/897"}],"wp:attachment":[{"href":"https:\/\/wp.ufpel.edu.br\/protparcial\/wp-json\/wp\/v2\/media?parent=7"}],"curies":[{"name":"wp","href":"https:\/\/api.w.org\/{rel}","templated":true}]}}