{"id":62,"date":"2015-11-17T21:48:32","date_gmt":"2015-11-17T23:48:32","guid":{"rendered":"https:\/\/wp.ufpel.edu.br\/protparcial\/?page_id=62"},"modified":"2026-03-09T22:14:16","modified_gmt":"2026-03-10T01:14:16","slug":"lista-de-instrumentais-e-materiais","status":"publish","type":"page","link":"https:\/\/wp.ufpel.edu.br\/protparcial\/materiais-didaticos\/lista-de-instrumentais-e-materiais\/","title":{"rendered":"Lista de Instrumentais e Materiais"},"content":{"rendered":"<div class=\"entry-content\">\n<h2 style=\"text-align: justify;\">Materiais e Instrumentais necess\u00e1rios para as pr\u00e1ticas laboratoriais e cl\u00ednicas (12 p.): <a href=\"https:\/\/wp.ufpel.edu.br\/protparcial\/files\/2026\/03\/ListaMaterial_UPDs_2026.pdf\" target=\"_blank\" rel=\"noopener noreferrer\">CLIQUE AQUI<\/a><\/h2>\n<p>N\u00e3o esque\u00e7a de clicar &#8220;Ctrl + F5&#8221; para recarregar totalmente a p\u00e1gina; clicar apenas o \u00edcone &#8220;recarregar&#8221; do seu navegador n\u00e3o \u00e9 efetivo.<\/p>\n<p><strong>ATUALIZADO:<\/strong> em breve, nova vers\u00e3o atualizada de acordo com os protocolos atuais de biosseguran\u00e7a. No entanto, continuam v\u00e1lidos os instrumentais necess\u00e1rios constantes na lista atual.<\/p>\n<\/div>\n","protected":false},"excerpt":{"rendered":"<p>Materiais e Instrumentais necess\u00e1rios para as pr\u00e1ticas laboratoriais e cl\u00ednicas (12 p.): CLIQUE AQUI N\u00e3o esque\u00e7a de clicar &#8220;Ctrl + F5&#8221; para recarregar totalmente a p\u00e1gina; clicar apenas o \u00edcone &#8220;recarregar&#8221; do seu navegador n\u00e3o \u00e9 efetivo. ATUALIZADO: em breve, &hellip; <a href=\"https:\/\/wp.ufpel.edu.br\/protparcial\/materiais-didaticos\/lista-de-instrumentais-e-materiais\/\">Continue lendo <span class=\"meta-nav\">&rarr;<\/span><\/a><\/p>\n","protected":false},"author":575,"featured_media":0,"parent":7,"menu_order":0,"comment_status":"closed","ping_status":"closed","template":"","meta":{"jetpack_post_was_ever_published":false,"footnotes":""},"class_list":["post-62","page","type-page","status-publish","hentry"],"jetpack_sharing_enabled":true,"jetpack_shortlink":"https:\/\/wp.me\/P6Xzwn-10","jetpack-related-posts":[],"_links":{"self":[{"href":"https:\/\/wp.ufpel.edu.br\/protparcial\/wp-json\/wp\/v2\/pages\/62","targetHints":{"allow":["GET"]}}],"collection":[{"href":"https:\/\/wp.ufpel.edu.br\/protparcial\/wp-json\/wp\/v2\/pages"}],"about":[{"href":"https:\/\/wp.ufpel.edu.br\/protparcial\/wp-json\/wp\/v2\/types\/page"}],"author":[{"embeddable":true,"href":"https:\/\/wp.ufpel.edu.br\/protparcial\/wp-json\/wp\/v2\/users\/575"}],"replies":[{"embeddable":true,"href":"https:\/\/wp.ufpel.edu.br\/protparcial\/wp-json\/wp\/v2\/comments?post=62"}],"version-history":[{"count":4,"href":"https:\/\/wp.ufpel.edu.br\/protparcial\/wp-json\/wp\/v2\/pages\/62\/revisions"}],"predecessor-version":[{"id":1199,"href":"https:\/\/wp.ufpel.edu.br\/protparcial\/wp-json\/wp\/v2\/pages\/62\/revisions\/1199"}],"up":[{"embeddable":true,"href":"https:\/\/wp.ufpel.edu.br\/protparcial\/wp-json\/wp\/v2\/pages\/7"}],"wp:attachment":[{"href":"https:\/\/wp.ufpel.edu.br\/protparcial\/wp-json\/wp\/v2\/media?parent=62"}],"curies":[{"name":"wp","href":"https:\/\/api.w.org\/{rel}","templated":true}]}}