{"id":58,"date":"2015-11-17T21:41:59","date_gmt":"2015-11-17T23:41:59","guid":{"rendered":"https:\/\/wp.ufpel.edu.br\/protparcial\/?page_id=58"},"modified":"2026-03-09T22:12:44","modified_gmt":"2026-03-10T01:12:44","slug":"upd-iii","status":"publish","type":"page","link":"https:\/\/wp.ufpel.edu.br\/protparcial\/disciplinas\/upd-iii\/","title":{"rendered":"UPD III"},"content":{"rendered":"<h2><span style=\"color: #800000;\">Unidade de Pr\u00f3tese Dent\u00e1ria III<\/span><\/h2>\n<ul>\n<li>Docente respons\u00e1vel: Prof. Dr. Renato Waldemarin<\/li>\n<li><small>O<\/small><small> atendimento na cl\u00ednica ser\u00e1 com pacientes previamente agendados.<\/small><small> <\/small><small>Devem ser preenchidos os procedimentos executados no dia na pasta de presen\u00e7a (uma linha por paciente e respectiva data). Atentem para o hor\u00e1rio das cl\u00ednicas!\u00a0 Preencham toda a documenta\u00e7\u00e3o necess\u00e1ria.<\/small><\/li>\n<li><small>Aten\u00e7\u00e3o:\u00a0 pegue <a href=\"http:\/\/odonto.ufpel.edu.br\/DepOdontRestau\/Ficha_Laboratorio.pdf\">aqui <\/a>ficha de laborat\u00f3rio para o PLANEJAMENTO.<br \/>\n<\/small><\/li>\n<li><small>PLANO DE ENSINO: <\/small><small>os alunos devem ler atentamente a caracteriza\u00e7\u00e3o da UPD III apresentada pelo Docente Respons\u00e1vel. Ser\u00e1 o momento de dissolver as d\u00favidas pois ap\u00f3s ser\u00e1 entregue ao Colegiado de Curso cumprindo-se assim delibera\u00e7\u00e3o do mesmo. Acesso via Cobalto.<\/small><\/li>\n<\/ul>\n","protected":false},"excerpt":{"rendered":"<p>Unidade de Pr\u00f3tese Dent\u00e1ria III Docente respons\u00e1vel: Prof. Dr. Renato Waldemarin O atendimento na cl\u00ednica ser\u00e1 com pacientes previamente agendados. Devem ser preenchidos os procedimentos executados no dia na pasta de presen\u00e7a (uma linha por paciente e respectiva data). Atentem &hellip; <a href=\"https:\/\/wp.ufpel.edu.br\/protparcial\/disciplinas\/upd-iii\/\">Continue lendo <span class=\"meta-nav\">&rarr;<\/span><\/a><\/p>\n","protected":false},"author":575,"featured_media":0,"parent":53,"menu_order":2,"comment_status":"closed","ping_status":"closed","template":"","meta":{"jetpack_post_was_ever_published":false,"footnotes":""},"class_list":["post-58","page","type-page","status-publish","hentry"],"jetpack_sharing_enabled":true,"jetpack_shortlink":"https:\/\/wp.me\/P6Xzwn-W","jetpack-related-posts":[],"_links":{"self":[{"href":"https:\/\/wp.ufpel.edu.br\/protparcial\/wp-json\/wp\/v2\/pages\/58","targetHints":{"allow":["GET"]}}],"collection":[{"href":"https:\/\/wp.ufpel.edu.br\/protparcial\/wp-json\/wp\/v2\/pages"}],"about":[{"href":"https:\/\/wp.ufpel.edu.br\/protparcial\/wp-json\/wp\/v2\/types\/page"}],"author":[{"embeddable":true,"href":"https:\/\/wp.ufpel.edu.br\/protparcial\/wp-json\/wp\/v2\/users\/575"}],"replies":[{"embeddable":true,"href":"https:\/\/wp.ufpel.edu.br\/protparcial\/wp-json\/wp\/v2\/comments?post=58"}],"version-history":[{"count":3,"href":"https:\/\/wp.ufpel.edu.br\/protparcial\/wp-json\/wp\/v2\/pages\/58\/revisions"}],"predecessor-version":[{"id":1198,"href":"https:\/\/wp.ufpel.edu.br\/protparcial\/wp-json\/wp\/v2\/pages\/58\/revisions\/1198"}],"up":[{"embeddable":true,"href":"https:\/\/wp.ufpel.edu.br\/protparcial\/wp-json\/wp\/v2\/pages\/53"}],"wp:attachment":[{"href":"https:\/\/wp.ufpel.edu.br\/protparcial\/wp-json\/wp\/v2\/media?parent=58"}],"curies":[{"name":"wp","href":"https:\/\/api.w.org\/{rel}","templated":true}]}}