{"id":56,"date":"2015-11-17T21:40:23","date_gmt":"2015-11-17T23:40:23","guid":{"rendered":"https:\/\/wp.ufpel.edu.br\/protparcial\/?page_id=56"},"modified":"2026-03-09T22:10:53","modified_gmt":"2026-03-10T01:10:53","slug":"upd-ii","status":"publish","type":"page","link":"https:\/\/wp.ufpel.edu.br\/protparcial\/disciplinas\/upd-ii\/","title":{"rendered":"UPD II"},"content":{"rendered":"<p><span style=\"color: #800000;\"><strong>Unidade de Pr\u00f3tese Dent\u00e1ria II<\/strong><\/span><\/p>\n<ul>\n<li>Docente Respons\u00e1vel: Prof. D. Guilherme B. Camacho<\/li>\n<li>Lista de Instrumentais e Materiais, <a href=\"https:\/\/wp.ufpel.edu.br\/protparcial\/files\/2026\/03\/ListaMaterial_UPDs_2026.pdf\" target=\"_blank\" rel=\"noopener\">CLIQUE AQUI!<\/a><\/li>\n<li><small>PLANO DE ENSINO: <\/small><small>os alunos devem ler atentamente a caracteriza\u00e7\u00e3o da UPD II apresentada pelo Docente Respons\u00e1vel. Ser\u00e1 o momento de dissolver as d\u00favidas pois ap\u00f3s ser\u00e1 entregue ao Colegiado de Curso cumprindo-se assim delibera\u00e7\u00e3o do mesmo. Acesso via Cobalto.<br \/>\n<\/small><\/li>\n<\/ul>\n","protected":false},"excerpt":{"rendered":"<p>Unidade de Pr\u00f3tese Dent\u00e1ria II Docente Respons\u00e1vel: Prof. D. Guilherme B. Camacho Lista de Instrumentais e Materiais, CLIQUE AQUI! PLANO DE ENSINO: os alunos devem ler atentamente a caracteriza\u00e7\u00e3o da UPD II apresentada pelo Docente Respons\u00e1vel. Ser\u00e1 o momento de &hellip; <a href=\"https:\/\/wp.ufpel.edu.br\/protparcial\/disciplinas\/upd-ii\/\">Continue lendo <span class=\"meta-nav\">&rarr;<\/span><\/a><\/p>\n","protected":false},"author":575,"featured_media":0,"parent":53,"menu_order":1,"comment_status":"closed","ping_status":"closed","template":"","meta":{"jetpack_post_was_ever_published":false,"footnotes":""},"class_list":["post-56","page","type-page","status-publish","hentry"],"jetpack_sharing_enabled":true,"jetpack_shortlink":"https:\/\/wp.me\/P6Xzwn-U","jetpack-related-posts":[],"_links":{"self":[{"href":"https:\/\/wp.ufpel.edu.br\/protparcial\/wp-json\/wp\/v2\/pages\/56","targetHints":{"allow":["GET"]}}],"collection":[{"href":"https:\/\/wp.ufpel.edu.br\/protparcial\/wp-json\/wp\/v2\/pages"}],"about":[{"href":"https:\/\/wp.ufpel.edu.br\/protparcial\/wp-json\/wp\/v2\/types\/page"}],"author":[{"embeddable":true,"href":"https:\/\/wp.ufpel.edu.br\/protparcial\/wp-json\/wp\/v2\/users\/575"}],"replies":[{"embeddable":true,"href":"https:\/\/wp.ufpel.edu.br\/protparcial\/wp-json\/wp\/v2\/comments?post=56"}],"version-history":[{"count":3,"href":"https:\/\/wp.ufpel.edu.br\/protparcial\/wp-json\/wp\/v2\/pages\/56\/revisions"}],"predecessor-version":[{"id":1087,"href":"https:\/\/wp.ufpel.edu.br\/protparcial\/wp-json\/wp\/v2\/pages\/56\/revisions\/1087"}],"up":[{"embeddable":true,"href":"https:\/\/wp.ufpel.edu.br\/protparcial\/wp-json\/wp\/v2\/pages\/53"}],"wp:attachment":[{"href":"https:\/\/wp.ufpel.edu.br\/protparcial\/wp-json\/wp\/v2\/media?parent=56"}],"curies":[{"name":"wp","href":"https:\/\/api.w.org\/{rel}","templated":true}]}}