{"id":51,"date":"2015-11-17T21:34:38","date_gmt":"2015-11-17T23:34:38","guid":{"rendered":"https:\/\/wp.ufpel.edu.br\/protparcial\/?page_id=51"},"modified":"2026-03-09T22:11:55","modified_gmt":"2026-03-10T01:11:55","slug":"unidade-de-protese-dentaria-i","status":"publish","type":"page","link":"https:\/\/wp.ufpel.edu.br\/protparcial\/disciplinas\/unidade-de-protese-dentaria-i\/","title":{"rendered":"UPD I"},"content":{"rendered":"<h2><strong>Unidade de Pr\u00f3tese Dent\u00e1ria I<\/strong><\/h2>\n<p>STATUS ATUAL: em atividades suspensas.<\/p>\n<ul>\n<li><span style=\"font-size: 12pt;\">Docente Respons\u00e1vel: Prof. Dr. Renato Waldemarin<\/span><\/li>\n<li><span style=\"font-size: 12pt;\"><small>Providenciem os<strong> instrumentais e materiais necess\u00e1rios<\/strong>! Leiam as normas e a rela\u00e7\u00e3o acima. <a href=\"https:\/\/wp.ufpel.edu.br\/protparcial\/files\/2026\/03\/ListaMaterial_UPDs_2026.pdf\"><strong>Clique aqui<\/strong><\/a> para obter a rela\u00e7\u00e3o de materiais\/instrumentais para as primeiras aulas.<\/small><\/span><\/li>\n<li><span style=\"font-size: 12pt;\"><small>Aten\u00e7\u00e3o: \u00a0o diagrama de preparos,<small> esquema sequencial de execu\u00e7\u00e3o de uma PPF,<\/small> <\/small>\u00a0e o passo a a passo na confec\u00e7\u00e3o de provis\u00f3rios, acessem a aba Monografias.<\/span><\/li>\n<li><span style=\"font-size: 12pt;\"><small>CARACTERIZA\u00c7\u00c3O DA DISCIPLINA: os alunos devem ler atentamente a caracteriza\u00e7\u00e3o da UPD I. Em caso de d\u00favidas consulte o Professor Respons\u00e1vel pela Disciplina pois ap\u00f3s ser\u00e1 entregue ao Colegiado de Curso, cumprindo-se assim delibera\u00e7\u00e3o do mesmo.<\/small><\/span><\/li>\n<\/ul>\n<p>&nbsp;<\/p>\n","protected":false},"excerpt":{"rendered":"<p>Unidade de Pr\u00f3tese Dent\u00e1ria I STATUS ATUAL: em atividades suspensas. Docente Respons\u00e1vel: Prof. Dr. Renato Waldemarin Providenciem os instrumentais e materiais necess\u00e1rios! Leiam as normas e a rela\u00e7\u00e3o acima. Clique aqui para obter a rela\u00e7\u00e3o de materiais\/instrumentais para as primeiras &hellip; <a href=\"https:\/\/wp.ufpel.edu.br\/protparcial\/disciplinas\/unidade-de-protese-dentaria-i\/\">Continue lendo <span class=\"meta-nav\">&rarr;<\/span><\/a><\/p>\n","protected":false},"author":575,"featured_media":0,"parent":53,"menu_order":0,"comment_status":"closed","ping_status":"closed","template":"","meta":{"jetpack_post_was_ever_published":false,"footnotes":""},"class_list":["post-51","page","type-page","status-publish","hentry"],"jetpack_sharing_enabled":true,"jetpack_shortlink":"https:\/\/wp.me\/P6Xzwn-P","jetpack-related-posts":[],"_links":{"self":[{"href":"https:\/\/wp.ufpel.edu.br\/protparcial\/wp-json\/wp\/v2\/pages\/51","targetHints":{"allow":["GET"]}}],"collection":[{"href":"https:\/\/wp.ufpel.edu.br\/protparcial\/wp-json\/wp\/v2\/pages"}],"about":[{"href":"https:\/\/wp.ufpel.edu.br\/protparcial\/wp-json\/wp\/v2\/types\/page"}],"author":[{"embeddable":true,"href":"https:\/\/wp.ufpel.edu.br\/protparcial\/wp-json\/wp\/v2\/users\/575"}],"replies":[{"embeddable":true,"href":"https:\/\/wp.ufpel.edu.br\/protparcial\/wp-json\/wp\/v2\/comments?post=51"}],"version-history":[{"count":4,"href":"https:\/\/wp.ufpel.edu.br\/protparcial\/wp-json\/wp\/v2\/pages\/51\/revisions"}],"predecessor-version":[{"id":754,"href":"https:\/\/wp.ufpel.edu.br\/protparcial\/wp-json\/wp\/v2\/pages\/51\/revisions\/754"}],"up":[{"embeddable":true,"href":"https:\/\/wp.ufpel.edu.br\/protparcial\/wp-json\/wp\/v2\/pages\/53"}],"wp:attachment":[{"href":"https:\/\/wp.ufpel.edu.br\/protparcial\/wp-json\/wp\/v2\/media?parent=51"}],"curies":[{"name":"wp","href":"https:\/\/api.w.org\/{rel}","templated":true}]}}