{"id":2,"date":"2015-10-15T11:38:01","date_gmt":"2015-10-15T14:38:01","guid":{"rendered":"https:\/\/wp.ufpel.edu.br\/protparcial\/?page_id=2"},"modified":"2025-08-18T04:17:29","modified_gmt":"2025-08-18T07:17:29","slug":"pagina-exemplo","status":"publish","type":"page","link":"https:\/\/wp.ufpel.edu.br\/protparcial\/pagina-exemplo\/","title":{"rendered":"Quem somos?"},"content":{"rendered":"<p style=\"text-align: justify;\"><span style=\"color: #800000;\">Seja\u00a0 Bem-vindo \u00e0 p\u00e1gina das Unidades de Pr\u00f3tese Dent\u00e1ria (UPDs).<\/span><br \/>\n<span style=\"color: #800000;\"> Em 28 de Junho de 2005, inaugurou-se esta p\u00e1gina, heran\u00e7a das antigas\u00a0 p\u00e1ginas das\u00a0 disciplinas de Pr\u00f3tese Total e Pr\u00f3tese Parcial I e II, p\u00e1ginas estas\u00a0 inauguradas em Mar\u00e7o de 1999. Agora, em nova plataforma WordPress!<\/span><\/p>\n<p>Corpo docente:<\/p>\n<ul>\n<li style=\"list-style-type: none;\">\n<ul>\n<li style=\"list-style-type: none;\">\n<ul>\n<li style=\"list-style-type: none;\">\n<ul>\n<li style=\"list-style-type: none;\">\n<ul>\n<li>Prof. Dr. Cesar Bergoli<\/li>\n<li>Profa. Dra. Fernanda Faot<\/li>\n<li>Prof. Dr. Guilherme Camacho<\/li>\n<li>Profa. Dra. Luciana de Rezende<\/li>\n<li>Prof. Dr. Mateus Bertolini<\/li>\n<li>Profa. Dra. Noeli Boscato<\/li>\n<li>Prof. Dr. Renato Waldemarin<\/li>\n<li>Profa. Dra. Anna Pozzebon<\/li>\n<li>Profa. Dra. Helena Pinheiro<\/li>\n<\/ul>\n<\/li>\n<\/ul>\n<\/li>\n<\/ul>\n<\/li>\n<\/ul>\n<\/li>\n<\/ul>\n<hr \/>\n<p style=\"text-align: left;\">UNIDADE DE PR\u00d3TESE DENT\u00c1RIA I:\u00a0\u00a0 Coordenador: Prof. Dr. Cesar Dalmolin Bergoli<\/p>\n<p style=\"text-align: left;\">UNIDADE DE PR\u00d3TESE DENT\u00c1RIA II:\u00a0\u00a0 Coordenador:\u00a0 Prof. Dr. Guilherme Bri\u00e3o Camacho<\/p>\n<p style=\"text-align: left;\">UNIDADE DE PR\u00d3TESE DENT\u00c1RIA III: Coordenador: Prof. Dr. Renato Waldemarin<\/p>\n<p><span style=\"color: #800000;\">Nestas tr\u00eas Unidades, os alunos entrar\u00e3o em contato com a ci\u00eancia da pr\u00f3tese dent\u00e1ria, em seus tr\u00eas ramos principais: Pr\u00f3tese Parcial Fixa, Pr\u00f3tese parcial Remov\u00edvel e Pr\u00f3tese Total.<\/span><\/p>\n<ul>\n<li><small>IMPORTANTE: Est\u00e1 dispon\u00edvel a RELA\u00c7\u00c3O DE MATERIAIS <\/small><small>E INSTRUMENTAIS<\/small><small> para as atividades pr\u00e1ticas \/ laboratoriais. <a href=\"https:\/\/wp.ufpel.edu.br\/protparcial\/files\/2019\/09\/ListaMaterial_UPD_2019-2.pdf\">Clique aqui!! <\/a>. \u00c9 necess\u00e1rio um programa leitor de PDF. Organize o material j\u00e1 adquirido em semestres anteriores e verifique o que deve ser adquirido.<br \/>\n<\/small><\/li>\n<\/ul>\n<ul>\n<li><span style=\"color: #800000;\"><small>IMPORTANTE: confira seus n\u00fameros de faltas. A Unidade encaminhar\u00e1 o relat\u00f3rio de presen\u00e7as mensalmente ao DRA o que impossibilitar\u00e1 quaisquer altera\u00e7\u00f5es. Lembrando que ao ultrapassar-se o n\u00famero limite faltas ocorrer\u00e1 a reprova\u00e7\u00e3o autom\u00e1tica do aluno.<\/small><\/span><\/li>\n<\/ul>\n<p>&nbsp;<\/p>\n<p style=\"padding-left: 210px;\"><span style=\"font-size: 10pt;\">P\u00e1gina provida pela <a href=\"http:\/\/portal.ufpel.edu.br\/\" target=\"_blank\" rel=\"noopener noreferrer\">Universidade Federal de Pelotas<\/a>, em acordo com as normas legais e regimentais desta. <\/span><span style=\"font-size: 10pt;\">P\u00e1gina administrada por Guilherme B. Camacho. Contato? <a href=\"https:\/\/wp.ufpel.edu.br\/protparcial\/contato\/\" target=\"_blank\" rel=\"noopener noreferrer\">CLIQUE AQUI!<\/a><\/span><\/p>\n","protected":false},"excerpt":{"rendered":"<p>Seja\u00a0 Bem-vindo \u00e0 p\u00e1gina das Unidades de Pr\u00f3tese Dent\u00e1ria (UPDs). Em 28 de Junho de 2005, inaugurou-se esta p\u00e1gina, heran\u00e7a das antigas\u00a0 p\u00e1ginas das\u00a0 disciplinas de Pr\u00f3tese Total e Pr\u00f3tese Parcial I e II, p\u00e1ginas estas\u00a0 inauguradas em Mar\u00e7o de &hellip; <a href=\"https:\/\/wp.ufpel.edu.br\/protparcial\/pagina-exemplo\/\">Continue lendo <span class=\"meta-nav\">&rarr;<\/span><\/a><\/p>\n","protected":false},"author":575,"featured_media":0,"parent":0,"menu_order":0,"comment_status":"closed","ping_status":"closed","template":"","meta":{"jetpack_post_was_ever_published":false,"footnotes":""},"class_list":["post-2","page","type-page","status-publish","hentry"],"jetpack_sharing_enabled":true,"jetpack_shortlink":"https:\/\/wp.me\/P6Xzwn-2","jetpack-related-posts":[],"_links":{"self":[{"href":"https:\/\/wp.ufpel.edu.br\/protparcial\/wp-json\/wp\/v2\/pages\/2","targetHints":{"allow":["GET"]}}],"collection":[{"href":"https:\/\/wp.ufpel.edu.br\/protparcial\/wp-json\/wp\/v2\/pages"}],"about":[{"href":"https:\/\/wp.ufpel.edu.br\/protparcial\/wp-json\/wp\/v2\/types\/page"}],"author":[{"embeddable":true,"href":"https:\/\/wp.ufpel.edu.br\/protparcial\/wp-json\/wp\/v2\/users\/575"}],"replies":[{"embeddable":true,"href":"https:\/\/wp.ufpel.edu.br\/protparcial\/wp-json\/wp\/v2\/comments?post=2"}],"version-history":[{"count":3,"href":"https:\/\/wp.ufpel.edu.br\/protparcial\/wp-json\/wp\/v2\/pages\/2\/revisions"}],"predecessor-version":[{"id":1183,"href":"https:\/\/wp.ufpel.edu.br\/protparcial\/wp-json\/wp\/v2\/pages\/2\/revisions\/1183"}],"wp:attachment":[{"href":"https:\/\/wp.ufpel.edu.br\/protparcial\/wp-json\/wp\/v2\/media?parent=2"}],"curies":[{"name":"wp","href":"https:\/\/api.w.org\/{rel}","templated":true}]}}