{"id":190,"date":"2016-03-02T22:25:18","date_gmt":"2016-03-03T01:25:18","guid":{"rendered":"https:\/\/wp.ufpel.edu.br\/protparcial\/?page_id=190"},"modified":"2018-12-05T21:57:01","modified_gmt":"2018-12-05T23:57:01","slug":"corpo-editorial","status":"publish","type":"page","link":"https:\/\/wp.ufpel.edu.br\/protparcial\/corpo-editorial\/","title":{"rendered":"Corpo Editorial"},"content":{"rendered":"<p>Editor Chefe:<\/p>\n<p>Guilherme Bri\u00e3o Camacho<br \/>\nProfessor da Faculdade de Odontologia da Universidade Federal de Pelotas, RS, Brazil<\/p>\n<p>Editor Adjunto:<\/p>\n<p>Renato Fabr\u00edcio de Andrade Waldemarin<br \/>\nProfessor da Faculdade de Odontologia da Universidade Federal de Pelotas, RS, Brasil<\/p>\n<p>Colaboradores:<\/p>\n<p>Eduardo Luiz Barbin<br \/>\nProfessor Adjunto da Faculdade de Odontologia da Universidade Federal de Pelotas, RS, Brasil<\/p>\n<p>J\u00falio C\u00e9sar Emboava Span\u00f3<br \/>\nProfessor Adjunto da Faculdade de Odontologia da Universidade Federal de Pelotas, RS, Brasil<\/p>\n","protected":false},"excerpt":{"rendered":"<p>Editor Chefe: Guilherme Bri\u00e3o Camacho Professor da Faculdade de Odontologia da Universidade Federal de Pelotas, RS, Brazil Editor Adjunto: Renato Fabr\u00edcio de Andrade Waldemarin Professor da Faculdade de Odontologia da Universidade Federal de Pelotas, RS, Brasil Colaboradores: Eduardo Luiz Barbin &hellip; <a href=\"https:\/\/wp.ufpel.edu.br\/protparcial\/corpo-editorial\/\">Continue lendo <span class=\"meta-nav\">&rarr;<\/span><\/a><\/p>\n","protected":false},"author":575,"featured_media":0,"parent":0,"menu_order":6,"comment_status":"closed","ping_status":"closed","template":"","meta":{"jetpack_post_was_ever_published":false,"footnotes":""},"class_list":["post-190","page","type-page","status-publish","hentry"],"jetpack_sharing_enabled":true,"jetpack_shortlink":"https:\/\/wp.me\/P6Xzwn-34","jetpack-related-posts":[],"_links":{"self":[{"href":"https:\/\/wp.ufpel.edu.br\/protparcial\/wp-json\/wp\/v2\/pages\/190","targetHints":{"allow":["GET"]}}],"collection":[{"href":"https:\/\/wp.ufpel.edu.br\/protparcial\/wp-json\/wp\/v2\/pages"}],"about":[{"href":"https:\/\/wp.ufpel.edu.br\/protparcial\/wp-json\/wp\/v2\/types\/page"}],"author":[{"embeddable":true,"href":"https:\/\/wp.ufpel.edu.br\/protparcial\/wp-json\/wp\/v2\/users\/575"}],"replies":[{"embeddable":true,"href":"https:\/\/wp.ufpel.edu.br\/protparcial\/wp-json\/wp\/v2\/comments?post=190"}],"version-history":[{"count":2,"href":"https:\/\/wp.ufpel.edu.br\/protparcial\/wp-json\/wp\/v2\/pages\/190\/revisions"}],"predecessor-version":[{"id":687,"href":"https:\/\/wp.ufpel.edu.br\/protparcial\/wp-json\/wp\/v2\/pages\/190\/revisions\/687"}],"wp:attachment":[{"href":"https:\/\/wp.ufpel.edu.br\/protparcial\/wp-json\/wp\/v2\/media?parent=190"}],"curies":[{"name":"wp","href":"https:\/\/api.w.org\/{rel}","templated":true}]}}