{"id":42,"date":"2026-03-16T10:50:37","date_gmt":"2026-03-16T13:50:37","guid":{"rendered":"https:\/\/wp.ufpel.edu.br\/proton\/?page_id=42"},"modified":"2026-03-16T19:28:40","modified_gmt":"2026-03-16T22:28:40","slug":"materias-de-estudo","status":"publish","type":"page","link":"https:\/\/wp.ufpel.edu.br\/proton\/materias-de-estudo\/","title":{"rendered":"Materias de Estudo"},"content":{"rendered":"<p>O Projeto Pr\u00f3ton, por conta de sua proposta did\u00e1tico-pedag\u00f3gica, centra-se no desenvolvimento de materiais que auxiliem na compreens\u00e3o b\u00e1sica dos fundamentos te\u00f3ricos da disciplina de Qu\u00edmica &#8211; especialmente os necess\u00e1rios \u00e0 compreens\u00e3o das bases que ser\u00e3o tratadas na disciplina de Qu\u00edmica Geral.<\/p>\n<p>Por essa perspectiva, a equipe coordenadora e o grupo de docentes elaboram os materiais did\u00e1ticos a serem empregados tanto no curso\u00a0quanto nas tutorias.<\/p>\n<p>Cada estudante do Projeto poder\u00e1, abaixo, fazer o download dos materiais de trabalho.<\/p>\n<h2>Apostilas<\/h2>\n<p><a href=\"https:\/\/wp.ufpel.edu.br\/proton\/files\/2026\/03\/Interpretacao-de-Textos-para-Problemas-Matematicos.pdf\">Interpreta\u00e7\u00e3o de Textos para Problemas Matem\u00e1ticos<\/a><\/p>\n<p><a href=\"https:\/\/wp.ufpel.edu.br\/proton\/files\/2026\/03\/Apostila-Tabela-Periodica.pdf\">Apostila Tabela Peri\u00f3dica<\/a><\/p>\n<p><a href=\"https:\/\/wp.ufpel.edu.br\/proton\/files\/2026\/03\/Apostila-de-Revisao-Quimica-Geral-prova-1.pdf\">Apostila de Revis\u00e3o &#8211; Qu\u00edmica Geral prova 1<\/a><\/p>\n<p><a href=\"https:\/\/wp.ufpel.edu.br\/proton\/files\/2026\/03\/Apostila-de-Revisao-Quimica-Geral-prova-2.pdf\">Apostila de Revis\u00e3o &#8211; Qu\u00edmica Geral prova 2<\/a><\/p>\n<p><a href=\"https:\/\/wp.ufpel.edu.br\/proton\/files\/2026\/03\/Separacao-de-misturas.pdf\">Separa\u00e7\u00e3o de misturas<\/a><\/p>\n<p><a href=\"https:\/\/wp.ufpel.edu.br\/proton\/files\/2026\/03\/Apostila-Cinetica-Quimica.pdf\">Apostila Cin\u00e9tica Qu\u00edmica<\/a><\/p>\n<h2>Listas de exerc\u00edcios<\/h2>\n<p><a href=\"https:\/\/wp.ufpel.edu.br\/proton\/files\/2026\/03\/Lista-Matematica.pdf\">Lista Matem\u00e1tica<\/a><\/p>\n<p><a href=\"https:\/\/wp.ufpel.edu.br\/proton\/files\/2026\/03\/Lista-unidade-1.pdf\">Lista unidade 1<\/a><\/p>\n<p><a href=\"https:\/\/wp.ufpel.edu.br\/proton\/files\/2026\/03\/Lista-unidade-2.pdf\">Lista unidade 2<\/a><\/p>\n<p><a href=\"https:\/\/wp.ufpel.edu.br\/proton\/files\/2026\/03\/Lista-tabela-periodica-e-periodicidade.pdf\">Lista unidade 3<\/a><\/p>\n<p><a href=\"https:\/\/wp.ufpel.edu.br\/proton\/files\/2026\/03\/Lista-unidades-1-a-3.pdf\">Lista unidades 1 a 3<\/a><\/p>\n<p><a href=\"https:\/\/wp.ufpel.edu.br\/proton\/files\/2026\/03\/Lista-unidade-4.pdf\">Lista unidade 4<\/a><\/p>\n<p><a href=\"https:\/\/wp.ufpel.edu.br\/proton\/files\/2026\/03\/Lista-2-unidade-4.pdf\">Lista 2 unidade 4<\/a><\/p>\n<p><a href=\"https:\/\/wp.ufpel.edu.br\/proton\/files\/2026\/03\/Lista-Born-Haber.pdf\">Lista Born Haber<\/a><\/p>\n<p><a href=\"https:\/\/wp.ufpel.edu.br\/proton\/files\/2026\/03\/Lista-solucoes.pdf\">Lista unidade 5<\/a><\/p>\n<p><a href=\"https:\/\/wp.ufpel.edu.br\/proton\/files\/2026\/03\/Lista-unidade-6.pdf\">Lista unidade 6 e 7<\/a><\/p>\n<p><a href=\"https:\/\/wp.ufpel.edu.br\/proton\/files\/2026\/03\/Lista-2-unidade-6.pdf\">Lista 2 unidade 6 e 7<\/a><\/p>\n<p><a href=\"https:\/\/wp.ufpel.edu.br\/proton\/files\/2026\/03\/Lista-Cinetica.pdf\">Lista unidade 8<\/a><\/p>\n<p><a href=\"https:\/\/wp.ufpel.edu.br\/proton\/files\/2026\/03\/Lista-unidade-9.pdf\">Lista unidade 9<\/a><\/p>\n<p><a href=\"https:\/\/wp.ufpel.edu.br\/proton\/files\/2026\/03\/Lista-unidade-10.pdf\">Lista unidade 10<\/a><\/p>\n<h2>Flashcard<\/h2>\n<p><a href=\"https:\/\/drive.google.com\/drive\/folders\/1LBTt1AxB4EbXmmn0Vdf1ajR86xgMN5XE?usp=sharing\">Flashcards para o aplicativo AnkiDroid<\/a><\/p>\n","protected":false},"excerpt":{"rendered":"<p>O Projeto Pr\u00f3ton, por conta de sua proposta did\u00e1tico-pedag\u00f3gica, centra-se no desenvolvimento de materiais que auxiliem na compreens\u00e3o b\u00e1sica dos fundamentos te\u00f3ricos da disciplina de Qu\u00edmica &#8211; especialmente os necess\u00e1rios \u00e0 compreens\u00e3o das bases que ser\u00e3o tratadas na disciplina de Qu\u00edmica Geral. Por essa perspectiva, a equipe coordenadora e o grupo de docentes elaboram os [&hellip;]<\/p>\n","protected":false},"author":1285,"featured_media":0,"parent":0,"menu_order":0,"comment_status":"closed","ping_status":"closed","template":"","meta":{"footnotes":""},"class_list":["post-42","page","type-page","status-publish","hentry"],"_links":{"self":[{"href":"https:\/\/wp.ufpel.edu.br\/proton\/wp-json\/wp\/v2\/pages\/42","targetHints":{"allow":["GET"]}}],"collection":[{"href":"https:\/\/wp.ufpel.edu.br\/proton\/wp-json\/wp\/v2\/pages"}],"about":[{"href":"https:\/\/wp.ufpel.edu.br\/proton\/wp-json\/wp\/v2\/types\/page"}],"author":[{"embeddable":true,"href":"https:\/\/wp.ufpel.edu.br\/proton\/wp-json\/wp\/v2\/users\/1285"}],"replies":[{"embeddable":true,"href":"https:\/\/wp.ufpel.edu.br\/proton\/wp-json\/wp\/v2\/comments?post=42"}],"version-history":[{"count":3,"href":"https:\/\/wp.ufpel.edu.br\/proton\/wp-json\/wp\/v2\/pages\/42\/revisions"}],"predecessor-version":[{"id":299,"href":"https:\/\/wp.ufpel.edu.br\/proton\/wp-json\/wp\/v2\/pages\/42\/revisions\/299"}],"wp:attachment":[{"href":"https:\/\/wp.ufpel.edu.br\/proton\/wp-json\/wp\/v2\/media?parent=42"}],"curies":[{"name":"wp","href":"https:\/\/api.w.org\/{rel}","templated":true}]}}