{"id":217,"date":"2026-03-16T19:28:57","date_gmt":"2026-03-16T22:28:57","guid":{"rendered":"https:\/\/wp.ufpel.edu.br\/proton\/?page_id=217"},"modified":"2026-03-16T19:28:57","modified_gmt":"2026-03-16T22:28:57","slug":"recomendados","status":"publish","type":"page","link":"https:\/\/wp.ufpel.edu.br\/proton\/recomendados\/","title":{"rendered":"Recomendados"},"content":{"rendered":"<div>Buscando uma compreens\u00e3o s\u00f3lida dos conte\u00fados apresentados, recomendamos as seguintes m\u00eddias digitais como fonte de revis\u00e3o e lazer:<\/div>\n<div><\/div>\n<h2>Propriedades da Mat\u00e9ria<\/h2>\n<div>LIVRO: Os bot\u00f5es de Napole\u00e3o &#8211; Penny Le Couteur e Jay Burreson<\/div>\n<div><a href=\"https:\/\/www.youtube.com\/watch?v=NRjafzwzwlg\">Arquimedes &#8211; Ilustrando Hist\u00f3ria<\/a><\/div>\n<h2>Atom\u00edstica<\/h2>\n<div>FILME: &#8211; Radioactive (2019)<\/div>\n<div>MINISS\u00c9RIE: &#8211; Chernobyl (2019)<\/div>\n<div><a href=\"https:\/\/youtu.be\/IAXfAOhapEU?si=ZOM1e-ZxbF5wCOwU\">Pr\u00f3tons, el\u00e9trons, n\u00eautrons e massa F\u00e1cil- como calcular e exemplos &#8211; KiFacil<\/a><\/div>\n<div><a href=\"https:\/\/youtu.be\/yhaJQeu8te4?si=komT041GA7CcFMbp\">O que \u00e9 Mol ? &#8211; Agora voc\u00ea entende!!!! &#8211; Caf\u00e9 com qu\u00edmica<\/a><\/div>\n<h2>Tabela Peri\u00f3dica<\/h2>\n<div>LIVRO: O sonho de Mendeleiev &#8211; Paul Strathern<\/div>\n<div><a href=\"https:\/\/youtu.be\/rTHrnyH93r4?si=gGTNLkqv80qoXra4\">Elementos que n\u00e3o seguem o diagrama de Pauling &#8211; Mundo da Qu\u00edmica<\/a><\/div>\n<div><a href=\"https:\/\/youtu.be\/C9w8_uMn4MY?si=rRNivXr-SiA3vYuU\">O Sonho de Dimitri Mendeleev &#8211; organizando a tabela peri\u00f3dica &#8211; Qu\u00edmica Legal.<\/a><\/div>\n<div><a href=\"https:\/\/youtu.be\/qtXv7BZAIqg?si=s6-KQG6MkKYwR-9F\">O ESSENCIAL SOBRE TABELA PERI\u00d3DICA &#8211; Caf\u00e9 com qu\u00edmica<\/a><\/div>\n<div><a href=\"https:\/\/youtu.be\/NtFAVjnOvRk?si=kKwp-3_Z4a427DMV\">\u00c1gua sanit\u00e1ria: f\u00f3rmula, utilidades, propriedades e concentra\u00e7\u00e3o. &#8211; Caf\u00e9 com qu\u00edmica<\/a><\/div>\n<div><a href=\"https:\/\/youtu.be\/eqFGa9hcdMc?si=NbDnbmGKNUeLVXjE\">Tabela &#8211; Propriedades peri\u00f3dicas. &#8211; Caf\u00e9 com qu\u00edmica<\/a><\/div>\n<h2>Liga\u00e7\u00f5es Qu\u00edmicas e Geometria Molecular<\/h2>\n<div><a href=\"https:\/\/youtu.be\/t2UREuDSHoU?si=n0nOMFEf2ThCxgHC\">As EXCE\u00c7\u00d5ES da Regra do Octeto &#8211; NatQuimica<\/a><\/div>\n<div><a href=\"https:\/\/youtu.be\/qanm75Vaj8U?si=3ozE9KmFtXhfrwAp\">POR QUE O GELO FLUTUA NA \u00c1GUA? J\u00c1 OUVIU FALAR NO COMPORTAMENTO AN\u00d4MALO DA \u00c1GUA? &#8211; Diego Fares<\/a><\/div>\n<h2>Teoria da Liga\u00e7\u00e3o de Valencia e Intera\u00e7\u00e3o Molecular<\/h2>\n<div><a href=\"https:\/\/youtu.be\/yTPUzxER1j4?si=4wSBASOWMJI0Iw0p\">Tens\u00e3o Superficial da \u00c1gua &#8211; Biologia de Verdade<\/a><\/div>\n<h2>Solu\u00e7\u00f5es<\/h2>\n<div><a href=\"https:\/\/youtu.be\/dH8BQLQs3Og?si=2Bn9pxDCo8w6CPDg\">PREPARO E INTERPRETA\u00c7\u00c3O DE SOLU\u00c7\u00d5ES &#8211; JO QU\u00cdMICA<\/a><\/div>\n<div><a href=\"https:\/\/youtu.be\/NoKeltAldPM?si=B0zb6s6NQK8B_0QX\">A qu\u00edmica do refrigerante &#8211; Caf\u00e9 com qu\u00edmica<\/a><\/div>\n<h2>Rea\u00e7\u00f5es Qu\u00edmicas e Termodin\u00e2mica<\/h2>\n<div><a href=\"https:\/\/youtu.be\/gF-NVAVPaz0?si=yXbED4AdcILiNUg_\">Revis\u00e3o de estequiometria: Receita de bolo!! &#8211; Caf\u00e9 com qu\u00edmica<\/a><\/div>\n<div><a href=\"https:\/\/youtu.be\/LEPWyNb280c?si=ysuKVC0J0hPxn2Sp\">REVIS\u00c3O ESTEQUIOMETRIA PARTE I &#8211; Caf\u00e9 com qu\u00edmica<\/a><\/div>\n<div><a href=\"https:\/\/youtu.be\/WkErO7SHLT4?si=QjVzkq2mojWFg5r-\">REVIS\u00c3O ESTEQUIOMETRIA II &#8211; Caf\u00e9 com qu\u00edmica<\/a><\/div>\n<div><a href=\"https:\/\/youtu.be\/FV_hXHh3vNg?si=nwxX5zd42GlvAFqF\">ESTEQUIOMETRIA, VOC\u00ca VAI ENTENDER TUDO!!!! &#8211; Caf\u00e9 com qu\u00edmica<\/a><\/div>\n<div><a href=\"https:\/\/youtu.be\/2_gJKQoXyxo?si=DsdgVOzP11oTNoVQ\">Combust\u00e3o &#8211; Brasil Escola<\/a><\/div>\n<h2>Cin\u00e9tica Qu\u00edmica<\/h2>\n<div><a href=\"https:\/\/youtu.be\/XFvZmwruoq4?si=2kolMKP-ajXjXp2t\">An\u00e1lise da Cin\u00e9tica Qu\u00edmica em um Comprimido Efervescente &#8211; PET Qu\u00edmica UFRN<\/a><\/div>\n<div><a href=\"https:\/\/youtu.be\/hAbD2taWUT8?si=OV5q-08dy3LT-gZ2\">Os CFCs e a Camada de Oz\u00f4nio || Entrando no Clima || 2016 &#8211; DelicatePoem Edits<\/a><\/div>\n<div><a href=\"https:\/\/youtu.be\/9ULLvdbvmIM?si=S5UVb9PO1BV8E0NY\">OUTRO AMOR DO ENEM = CATALISADOR &#8211; CIN\u00c9TICA QU\u00cdMICA &#8211; Caf\u00e9 com qu\u00edmica<\/a><\/div>\n<h2>Equil\u00edbrio Qu\u00edmico<\/h2>\n<div><a href=\"https:\/\/youtu.be\/jjWxisB1I-U?si=pFpYhiQgZKUrCtZu\">Equil\u00edbrio Qu\u00edmico &#8211; KiFacil<\/a><\/div>\n<div><a href=\"https:\/\/youtu.be\/li1W-WDT1nQ?si=GLkhyrNi5RZDztxr\">DESLOCAMENTO DE EQUIL\u00cdBRIO &#8211; CONCENTRA\u00c7\u00c3O &#8211; \u00cdON COMUM E \u00cdON N\u00c3O COMUM &#8211; Caf\u00e9 com qu\u00edmica<\/a><\/div>\n<h2>Outros<\/h2>\n<div><a href=\"https:\/\/youtu.be\/Qxvz9BROOmI?si=dzAlA65eEoWTe1hz\">Como Calcular Nota\u00e7\u00e3o Cient\u00edfica na Calculadora Cient\u00edfica &#8211; Educador Interativo<\/a><\/div>\n<div><a href=\"https:\/\/youtu.be\/Lw3UBGVw4Ak?si=huS4VN0aNKXKHIbP\">Tem medicamento na sua \u00e1gua, voc\u00ea deve se preocupar? &#8211; Flavonoide<\/a><\/div>\n<div><a href=\"https:\/\/youtu.be\/Oo0jm1PPRuo?si=vkbZijNWulRlHYpZ\">How We&#8217;re Redefining the kg &#8211; Veritasium<\/a><\/div>\n<div><a href=\"https:\/\/youtu.be\/3shEF1zNlCg?si=u-73D8ZxxVGcy4Kw\">QUEM MEDE o METRO? &#8211; Manual do Mundo<\/a><\/div>\n<div>LIVRO: Descobertas Acidentais Em Ci\u00eancias &#8211; Royston M. Roberts<\/div>\n","protected":false},"excerpt":{"rendered":"<p>Buscando uma compreens\u00e3o s\u00f3lida dos conte\u00fados apresentados, recomendamos as seguintes m\u00eddias digitais como fonte de revis\u00e3o e lazer: Propriedades da Mat\u00e9ria LIVRO: Os bot\u00f5es de Napole\u00e3o &#8211; Penny Le Couteur e Jay Burreson Arquimedes &#8211; Ilustrando Hist\u00f3ria Atom\u00edstica FILME: &#8211; Radioactive (2019) MINISS\u00c9RIE: &#8211; Chernobyl (2019) Pr\u00f3tons, el\u00e9trons, n\u00eautrons e massa F\u00e1cil- como calcular e [&hellip;]<\/p>\n","protected":false},"author":1285,"featured_media":0,"parent":0,"menu_order":0,"comment_status":"closed","ping_status":"closed","template":"","meta":{"footnotes":""},"class_list":["post-217","page","type-page","status-publish","hentry"],"_links":{"self":[{"href":"https:\/\/wp.ufpel.edu.br\/proton\/wp-json\/wp\/v2\/pages\/217","targetHints":{"allow":["GET"]}}],"collection":[{"href":"https:\/\/wp.ufpel.edu.br\/proton\/wp-json\/wp\/v2\/pages"}],"about":[{"href":"https:\/\/wp.ufpel.edu.br\/proton\/wp-json\/wp\/v2\/types\/page"}],"author":[{"embeddable":true,"href":"https:\/\/wp.ufpel.edu.br\/proton\/wp-json\/wp\/v2\/users\/1285"}],"replies":[{"embeddable":true,"href":"https:\/\/wp.ufpel.edu.br\/proton\/wp-json\/wp\/v2\/comments?post=217"}],"version-history":[{"count":3,"href":"https:\/\/wp.ufpel.edu.br\/proton\/wp-json\/wp\/v2\/pages\/217\/revisions"}],"predecessor-version":[{"id":266,"href":"https:\/\/wp.ufpel.edu.br\/proton\/wp-json\/wp\/v2\/pages\/217\/revisions\/266"}],"wp:attachment":[{"href":"https:\/\/wp.ufpel.edu.br\/proton\/wp-json\/wp\/v2\/media?parent=217"}],"curies":[{"name":"wp","href":"https:\/\/api.w.org\/{rel}","templated":true}]}}