{"id":2,"date":"2026-03-16T09:52:47","date_gmt":"2026-03-16T12:52:47","guid":{"rendered":"https:\/\/wp.ufpel.edu.br\/proton\/?page_id=2"},"modified":"2026-03-16T19:28:48","modified_gmt":"2026-03-16T22:28:48","slug":"sobre","status":"publish","type":"page","link":"https:\/\/wp.ufpel.edu.br\/proton\/sobre\/","title":{"rendered":"O Projeto Pr\u00f3ton"},"content":{"rendered":"\r\n<h1>Objetivos do Projeto Pr\u00f3ton<\/h1>\r\n<p>O projeto tem como objetivo geral preparar e auxiliar os estudantes de graduac\u0327a\u0303o no sentido da aprovac\u0327a\u0303o em Qui\u0301mica Geral, assim como evitar a reprovac\u0327a\u0303o e afastar a evasa\u0303o e retenc\u0327a\u0303o dos estudantes nessa disciplina ofertada pelo CCQFA.<\/p>\r\n<p>Como desdobramentos, de modo especi\u0301fico, o projeto visa:<\/p>\r\n<ul>\r\n<li>Envolver os estudantes vinculados aos cursos de graduac\u0327a\u0303o e po\u0301s-graduac\u0327a\u0303o do CCQFA como monitores\/docentes do projeto, qualificando sua formac\u0327a\u0303o;<\/li>\r\n<li>Trazer alternativas para aprimorar a pra\u0301tica docente e contribuir na compreensa\u0303o dos estudantes dos conteu\u0301dos de Qui\u0301mica Geral em ni\u0301vel ba\u0301sico e superior;<\/li>\r\n<li>Criar e disponibilizar espac\u0327os presenciais colaborativos para trocas de experie\u0302ncias e a interac\u0327a\u0303o entre pares para o melhor aproveitamento da disciplina de Qui\u0301mica Geral para os cursos a ela vinculados.<\/li>\r\n<\/ul>\r\n<h2>Metodologias e Estrat\u00e9gias do Projeto Pr\u00f3ton<\/h2>\r\n<p>O projeto contara\u0301 com va\u0301rias etapas ao longo de sua execuc\u0327a\u0303o:<\/p>\r\n<ul>\r\n<li>Busca de informac\u0327o\u0303es e organiza\u00e7\u00e3o de material de embasamento da equipe;<\/li>\r\n<li>Oferta de aulas complementares ao conte\u00fado curricular;<\/li>\r\n<li>Atividades de monitoria;<\/li>\r\n<li>Avaliac\u0327a\u0303o das ac\u0327o\u0303es desenvolvidas no projeto.<\/li>\r\n<\/ul>\r\n<p>Em relac\u0327a\u0303o ao encontros, os mo\u0301dulos sera\u0303o acordados com docentes que ministram as disciplinas de Qui\u0301mica Geral. As aulas sera\u0303o ministradas por discentes de graduac\u0327a\u0303o, preferencialmente em licenciatura, e de po\u0301s-graduac\u0327a\u0303o volunta\u0301rios do projeto sob orientac\u0327a\u0303o e acompanhamento de professores colaboradores do projeto. O curso sera\u0301 divulgado pelos colegiados dos cursos do CCQFA diretamente por e-mail para os discentes ingressantes.<\/p>\r\n<p>No que tange a\u0300s monitorias, os monitores volunta\u0301rios e os docentes envolvidos no Projeto ira\u0303o realizar atendimento extraclasse para as turmas de Qui\u0301mica Geral visando esclarecer du\u0301vidas nos conteu\u0301dos e nos exerci\u0301cios propostos pelo professor da turma. Ale\u0301m disso, os monitores podem ser solicitados pelos professores colaboradores para alguma atividade em sala de aula.<\/p>\r\n<p>As ac\u0327o\u0303es contempladas como orientac\u0327o\u0303es, resoluc\u0327o\u0303es de exerci\u0301cios, ac\u0327o\u0303es de planejamento de estudos, tutoria, dentre outras, para o bom andamento dos discentes matriculados em Qui\u0301mica Geral, sera\u0303o compartilhadas com toda a comunidade acade\u0302mica.<\/p>\r\n<p>Em seu desenvolvimento, ser\u00e3o buscadas metodologias ativas para a produ\u00e7\u00e3o de um conhecimento basal a respeito da qu\u00edmica e seus fundamentos, mobilizando e inserindo uma atitude dos estudantes no processo de aprendizagem.<\/p>\r\n","protected":false},"excerpt":{"rendered":"<p>Objetivos do Projeto Pr\u00f3ton O projeto tem como objetivo geral preparar e auxiliar os estudantes de graduac\u0327a\u0303o no sentido da aprovac\u0327a\u0303o em Qui\u0301mica Geral, assim como evitar a reprovac\u0327a\u0303o e afastar a evasa\u0303o e retenc\u0327a\u0303o dos estudantes nessa disciplina ofertada pelo CCQFA. Como desdobramentos, de modo especi\u0301fico, o projeto visa: Envolver os estudantes vinculados aos [&hellip;]<\/p>\n","protected":false},"author":1285,"featured_media":0,"parent":0,"menu_order":0,"comment_status":"closed","ping_status":"closed","template":"","meta":{"footnotes":""},"class_list":["post-2","page","type-page","status-publish","hentry"],"_links":{"self":[{"href":"https:\/\/wp.ufpel.edu.br\/proton\/wp-json\/wp\/v2\/pages\/2","targetHints":{"allow":["GET"]}}],"collection":[{"href":"https:\/\/wp.ufpel.edu.br\/proton\/wp-json\/wp\/v2\/pages"}],"about":[{"href":"https:\/\/wp.ufpel.edu.br\/proton\/wp-json\/wp\/v2\/types\/page"}],"author":[{"embeddable":true,"href":"https:\/\/wp.ufpel.edu.br\/proton\/wp-json\/wp\/v2\/users\/1285"}],"replies":[{"embeddable":true,"href":"https:\/\/wp.ufpel.edu.br\/proton\/wp-json\/wp\/v2\/comments?post=2"}],"version-history":[{"count":3,"href":"https:\/\/wp.ufpel.edu.br\/proton\/wp-json\/wp\/v2\/pages\/2\/revisions"}],"predecessor-version":[{"id":228,"href":"https:\/\/wp.ufpel.edu.br\/proton\/wp-json\/wp\/v2\/pages\/2\/revisions\/228"}],"wp:attachment":[{"href":"https:\/\/wp.ufpel.edu.br\/proton\/wp-json\/wp\/v2\/media?parent=2"}],"curies":[{"name":"wp","href":"https:\/\/api.w.org\/{rel}","templated":true}]}}