{"id":17,"date":"2026-03-16T15:00:07","date_gmt":"2026-03-16T18:00:07","guid":{"rendered":"https:\/\/wp.ufpel.edu.br\/proton\/?page_id=17"},"modified":"2026-03-16T19:28:14","modified_gmt":"2026-03-16T22:28:14","slug":"equipe","status":"publish","type":"page","link":"https:\/\/wp.ufpel.edu.br\/proton\/equipe\/","title":{"rendered":"Equipe"},"content":{"rendered":"<h1>Coordena\u00e7\u00e3o Geral<\/h1>\n<table style=\"width: 100%; border-collapse: collapse;\" border=\"0\">\n<tbody>\n<tr style=\"height: 161px;\">\n<td style=\"width: 29.2453%; height: 170px;\"><img class=\"wp-image-275 aligncenter\" src=\"https:\/\/wp.ufpel.edu.br\/proton\/files\/2026\/03\/3-1-200x200.png\" alt=\"\" width=\"150\" height=\"150\" srcset=\"https:\/\/wp.ufpel.edu.br\/proton\/files\/2026\/03\/3-1-200x200.png 200w, https:\/\/wp.ufpel.edu.br\/proton\/files\/2026\/03\/3-1-400x400.png 400w, https:\/\/wp.ufpel.edu.br\/proton\/files\/2026\/03\/3-1-768x768.png 768w, https:\/\/wp.ufpel.edu.br\/proton\/files\/2026\/03\/3-1.png 800w\" sizes=\"(max-width: 150px) 100vw, 150px\" \/><\/td>\n<td style=\"width: 70.545%; height: 111px; vertical-align: top;\">\n<h3>Prof. Dr. Diogo La Rosa Novo<\/h3>\n<p><a href=\"https:\/\/institucional.ufpel.edu.br\/servidores\/id\/19095\">Dados institucionais<\/a><\/td>\n<\/tr>\n<tr style=\"height: 200px;\">\n<td style=\"width: 20%; height: 170px;\"><img class=\"wp-image-276 aligncenter\" src=\"https:\/\/wp.ufpel.edu.br\/proton\/files\/2026\/03\/4-1-200x200.png\" alt=\"\" width=\"150\" height=\"150\" srcset=\"https:\/\/wp.ufpel.edu.br\/proton\/files\/2026\/03\/4-1-200x200.png 200w, https:\/\/wp.ufpel.edu.br\/proton\/files\/2026\/03\/4-1-400x400.png 400w, https:\/\/wp.ufpel.edu.br\/proton\/files\/2026\/03\/4-1-768x768.png 768w, https:\/\/wp.ufpel.edu.br\/proton\/files\/2026\/03\/4-1.png 800w\" sizes=\"(max-width: 150px) 100vw, 150px\" \/><\/td>\n<td style=\"width: 70.545%; height: 110px; vertical-align: top;\">\n<h3>Prof. Dr. Wiliam Boschetti<\/h3>\n<p><a href=\"https:\/\/institucional.ufpel.edu.br\/servidores\/id\/201936\">Dados institucionais<\/a><\/td>\n<\/tr>\n<\/tbody>\n<\/table>\n<p>&nbsp;<\/p>\n<h1>Coordena\u00e7\u00e3o Pedag\u00f3gica<\/h1>\n<table style=\"width: 100%; border-collapse: collapse;\" border=\"0\">\n<tbody>\n<tr>\n<td style=\"width: 19.3711%; height: 170px;\"><img class=\"aligncenter wp-image-277\" src=\"https:\/\/wp.ufpel.edu.br\/proton\/files\/2026\/03\/2-1-400x400.png\" alt=\"\" width=\"150\" height=\"150\" srcset=\"https:\/\/wp.ufpel.edu.br\/proton\/files\/2026\/03\/2-1-400x400.png 400w, https:\/\/wp.ufpel.edu.br\/proton\/files\/2026\/03\/2-1-200x200.png 200w, https:\/\/wp.ufpel.edu.br\/proton\/files\/2026\/03\/2-1-768x768.png 768w, https:\/\/wp.ufpel.edu.br\/proton\/files\/2026\/03\/2-1.png 800w\" sizes=\"(max-width: 150px) 100vw, 150px\" \/><\/td>\n<td style=\"width: 47.0649%; vertical-align: top;\">\n<h3>Profa. Dra. Bruna Adriane Fary<\/h3>\n<p><a href=\"https:\/\/institucional.ufpel.edu.br\/servidores\/id\/203470\">Dados institucionais<\/a><\/td>\n<\/tr>\n<tr>\n<td style=\"width: 19.3711%; height: 170px;\"><img class=\"aligncenter wp-image-278\" src=\"https:\/\/wp.ufpel.edu.br\/proton\/files\/2026\/03\/6-400x400.png\" alt=\"\" width=\"150\" height=\"150\" srcset=\"https:\/\/wp.ufpel.edu.br\/proton\/files\/2026\/03\/6-400x400.png 400w, https:\/\/wp.ufpel.edu.br\/proton\/files\/2026\/03\/6-200x200.png 200w, https:\/\/wp.ufpel.edu.br\/proton\/files\/2026\/03\/6-768x768.png 768w, https:\/\/wp.ufpel.edu.br\/proton\/files\/2026\/03\/6.png 800w\" sizes=\"(max-width: 150px) 100vw, 150px\" \/><\/td>\n<td style=\"width: 47.0649%; vertical-align: top;\">\n<h3>Prof. Dr. Alessandro Cury Soares<\/h3>\n<p><a href=\"https:\/\/institucional.ufpel.edu.br\/servidores\/id\/35768\">Dados institucionais<\/a><\/td>\n<\/tr>\n<tr>\n<td style=\"width: 19.3711%; height: 170px;\"><img class=\"aligncenter wp-image-279\" src=\"https:\/\/wp.ufpel.edu.br\/proton\/files\/2026\/03\/5-400x400.png\" alt=\"\" width=\"150\" height=\"150\" srcset=\"https:\/\/wp.ufpel.edu.br\/proton\/files\/2026\/03\/5-400x400.png 400w, https:\/\/wp.ufpel.edu.br\/proton\/files\/2026\/03\/5-200x200.png 200w, https:\/\/wp.ufpel.edu.br\/proton\/files\/2026\/03\/5-768x768.png 768w, https:\/\/wp.ufpel.edu.br\/proton\/files\/2026\/03\/5.png 800w\" sizes=\"(max-width: 150px) 100vw, 150px\" \/><\/td>\n<td style=\"width: 47.0649%; vertical-align: top;\">\n<h3>Prof. Dr. Bruno dos Santos Pastoriza<\/h3>\n<p><a href=\"https:\/\/institucional.ufpel.edu.br\/servidores\/id\/152315\">Dados institucionais<\/a><\/td>\n<\/tr>\n<\/tbody>\n<\/table>\n<p>&nbsp;<\/p>\n<h1>Tutores e Docentes<\/h1>\n<table style=\"width: 100%; border-collapse: collapse;\" border=\"0\">\n<tbody>\n<tr>\n<td style=\"width: 29.3501%; height: 170px;\"><img class=\"aligncenter wp-image-281\" src=\"https:\/\/wp.ufpel.edu.br\/proton\/files\/2026\/03\/7-400x400.png\" alt=\"\" width=\"150\" height=\"150\" srcset=\"https:\/\/wp.ufpel.edu.br\/proton\/files\/2026\/03\/7-400x400.png 400w, https:\/\/wp.ufpel.edu.br\/proton\/files\/2026\/03\/7-200x200.png 200w, https:\/\/wp.ufpel.edu.br\/proton\/files\/2026\/03\/7-768x768.png 768w, https:\/\/wp.ufpel.edu.br\/proton\/files\/2026\/03\/7.png 800w\" sizes=\"(max-width: 150px) 100vw, 150px\" \/><\/td>\n<td style=\"width: 70.6499%; vertical-align: top;\">\n<h3>Let\u00edcia da Costa Tavares da Silva<\/h3>\n<p class=\"_04xlpA direction-ltr align-start para-style-body\"><span class=\"WdYUQQ\">Aluna do curso de Qu\u00edmica Forense da Universidade Federal de Pelotas.<\/span><\/p>\n<p>Colaboradora edi\u00e7\u00e3o 2023<\/td>\n<\/tr>\n<tr>\n<td style=\"width: 29.3501%; height: 170px;\"><img class=\"aligncenter wp-image-283\" src=\"https:\/\/wp.ufpel.edu.br\/proton\/files\/2026\/03\/9-400x400.png\" alt=\"\" width=\"150\" height=\"150\" srcset=\"https:\/\/wp.ufpel.edu.br\/proton\/files\/2026\/03\/9-400x400.png 400w, https:\/\/wp.ufpel.edu.br\/proton\/files\/2026\/03\/9-200x200.png 200w, https:\/\/wp.ufpel.edu.br\/proton\/files\/2026\/03\/9-768x768.png 768w, https:\/\/wp.ufpel.edu.br\/proton\/files\/2026\/03\/9.png 800w\" sizes=\"(max-width: 150px) 100vw, 150px\" \/><\/td>\n<td style=\"width: 70.6499%; vertical-align: top;\">\n<h3>Nat\u00e1lia Maiquele Dalmann Maron<\/h3>\n<p class=\"_04xlpA direction-ltr align-start para-style-body\"><span class=\"WdYUQQ\">Aluna do curso de Qu\u00edmica Licenciatura da Universidade Federal de Pelotas.<\/span><\/p>\n<p>Colaboradora edi\u00e7\u00e3o 2024<\/td>\n<\/tr>\n<tr>\n<td style=\"width: 29.3501%; height: 170px;\"><img class=\"aligncenter wp-image-282\" src=\"https:\/\/wp.ufpel.edu.br\/proton\/files\/2026\/03\/8-400x400.png\" alt=\"\" width=\"150\" height=\"150\" srcset=\"https:\/\/wp.ufpel.edu.br\/proton\/files\/2026\/03\/8-400x400.png 400w, https:\/\/wp.ufpel.edu.br\/proton\/files\/2026\/03\/8-200x200.png 200w, https:\/\/wp.ufpel.edu.br\/proton\/files\/2026\/03\/8-768x768.png 768w, https:\/\/wp.ufpel.edu.br\/proton\/files\/2026\/03\/8.png 800w\" sizes=\"(max-width: 150px) 100vw, 150px\" \/><\/td>\n<td style=\"width: 70.6499%; vertical-align: top;\">\n<h3>Eduarda Moreira Hartmann<\/h3>\n<p class=\"_04xlpA direction-ltr align-start para-style-body\"><span class=\"WdYUQQ\">Aluna do curso de Qu\u00edmica Forense da Universidade Federal de Pelotas.<\/span><\/p>\n<p>Colaboradora edi\u00e7\u00e3o 2024<\/td>\n<\/tr>\n<tr>\n<td style=\"width: 29.3501%; height: 170px;\"><img class=\"aligncenter wp-image-280\" src=\"https:\/\/wp.ufpel.edu.br\/proton\/files\/2026\/03\/1-1-400x400.png\" alt=\"\" width=\"150\" height=\"150\" srcset=\"https:\/\/wp.ufpel.edu.br\/proton\/files\/2026\/03\/1-1-400x400.png 400w, https:\/\/wp.ufpel.edu.br\/proton\/files\/2026\/03\/1-1-200x200.png 200w, https:\/\/wp.ufpel.edu.br\/proton\/files\/2026\/03\/1-1-768x768.png 768w, https:\/\/wp.ufpel.edu.br\/proton\/files\/2026\/03\/1-1.png 800w\" sizes=\"(max-width: 150px) 100vw, 150px\" \/><\/td>\n<td style=\"width: 70.6499%; vertical-align: top;\">\n<h3>Nathali de Assis Magalhaes<\/h3>\n<p class=\"_04xlpA direction-ltr align-start para-style-body\"><span class=\"WdYUQQ\">Aluna do curso de Qu\u00edmica Forense da Universidade Federal de Pelotas.<\/span><\/p>\n<p>Colaboradora edi\u00e7\u00e3o 2024<\/td>\n<\/tr>\n<tr>\n<td style=\"width: 29.3501%; height: 170px;\"><img class=\"wp-image-285 aligncenter\" src=\"https:\/\/wp.ufpel.edu.br\/proton\/files\/2026\/03\/11-400x400.png\" alt=\"\" width=\"150\" height=\"150\" srcset=\"https:\/\/wp.ufpel.edu.br\/proton\/files\/2026\/03\/11-400x400.png 400w, https:\/\/wp.ufpel.edu.br\/proton\/files\/2026\/03\/11-200x200.png 200w, https:\/\/wp.ufpel.edu.br\/proton\/files\/2026\/03\/11-768x768.png 768w, https:\/\/wp.ufpel.edu.br\/proton\/files\/2026\/03\/11.png 800w\" sizes=\"(max-width: 150px) 100vw, 150px\" \/><\/td>\n<td style=\"width: 70.6499%; vertical-align: top;\">\n<h3>Gabriel Gomes<\/h3>\n<p class=\"_04xlpA direction-ltr align-start para-style-body\"><span class=\"WdYUQQ\">Aluno do curso de Farm\u00e1cia da Universidade Federal de Pelotas.<\/span><\/p>\n<p>Colaborador edi\u00e7\u00e3o 2025 e 2026<\/td>\n<\/tr>\n<tr>\n<td style=\"width: 29.3501%; height: 170px;\"><img class=\"aligncenter wp-image-284\" src=\"https:\/\/wp.ufpel.edu.br\/proton\/files\/2026\/03\/10-400x400.png\" alt=\"\" width=\"150\" height=\"150\" srcset=\"https:\/\/wp.ufpel.edu.br\/proton\/files\/2026\/03\/10-400x400.png 400w, https:\/\/wp.ufpel.edu.br\/proton\/files\/2026\/03\/10-200x200.png 200w, https:\/\/wp.ufpel.edu.br\/proton\/files\/2026\/03\/10-768x768.png 768w, https:\/\/wp.ufpel.edu.br\/proton\/files\/2026\/03\/10.png 800w\" sizes=\"(max-width: 150px) 100vw, 150px\" \/><\/td>\n<td style=\"width: 70.6499%; vertical-align: top;\">\n<h3>Gabriella Christina Petri<\/h3>\n<p class=\"_04xlpA direction-ltr align-start para-style-body\"><span class=\"WdYUQQ\">Aluna do curso de Qu\u00edmica Forense da Universidade Federal de Pelotas.<\/span><\/p>\n<p>Colaboradora edi\u00e7\u00e3o 2026<\/td>\n<\/tr>\n<\/tbody>\n<\/table>\n<p>&nbsp;<\/p>\n","protected":false},"excerpt":{"rendered":"<p>Coordena\u00e7\u00e3o Geral Prof. Dr. Diogo La Rosa Novo Dados institucionais Prof. Dr. Wiliam Boschetti Dados institucionais &nbsp; Coordena\u00e7\u00e3o Pedag\u00f3gica Profa. Dra. Bruna Adriane Fary Dados institucionais Prof. Dr. Alessandro Cury Soares Dados institucionais Prof. Dr. Bruno dos Santos Pastoriza Dados institucionais &nbsp; Tutores e Docentes Let\u00edcia da Costa Tavares da Silva Aluna do curso de [&hellip;]<\/p>\n","protected":false},"author":1285,"featured_media":0,"parent":0,"menu_order":0,"comment_status":"closed","ping_status":"closed","template":"","meta":{"footnotes":""},"class_list":["post-17","page","type-page","status-publish","hentry"],"_links":{"self":[{"href":"https:\/\/wp.ufpel.edu.br\/proton\/wp-json\/wp\/v2\/pages\/17","targetHints":{"allow":["GET"]}}],"collection":[{"href":"https:\/\/wp.ufpel.edu.br\/proton\/wp-json\/wp\/v2\/pages"}],"about":[{"href":"https:\/\/wp.ufpel.edu.br\/proton\/wp-json\/wp\/v2\/types\/page"}],"author":[{"embeddable":true,"href":"https:\/\/wp.ufpel.edu.br\/proton\/wp-json\/wp\/v2\/users\/1285"}],"replies":[{"embeddable":true,"href":"https:\/\/wp.ufpel.edu.br\/proton\/wp-json\/wp\/v2\/comments?post=17"}],"version-history":[{"count":3,"href":"https:\/\/wp.ufpel.edu.br\/proton\/wp-json\/wp\/v2\/pages\/17\/revisions"}],"predecessor-version":[{"id":300,"href":"https:\/\/wp.ufpel.edu.br\/proton\/wp-json\/wp\/v2\/pages\/17\/revisions\/300"}],"wp:attachment":[{"href":"https:\/\/wp.ufpel.edu.br\/proton\/wp-json\/wp\/v2\/media?parent=17"}],"curies":[{"name":"wp","href":"https:\/\/api.w.org\/{rel}","templated":true}]}}