{"id":814,"date":"2013-07-19T17:09:11","date_gmt":"2013-07-19T17:09:11","guid":{"rendered":"https:\/\/wp.ufpel.edu.br\/prpd\/?page_id=814"},"modified":"2013-07-19T17:09:11","modified_gmt":"2013-07-19T17:09:11","slug":"coordenadorias","status":"publish","type":"page","link":"https:\/\/wp.ufpel.edu.br\/proplad\/prpd\/coordenadorias\/","title":{"rendered":"Coordenadorias"},"content":{"rendered":"<p><span style=\"font-family: arial, helvetica, sans-serif;font-size: 10pt;color: #000000\"><strong>PROPLAN<\/strong> &#8211;<strong><a title=\"PRPD\" href=\"https:\/\/wp.ufpel.edu.br\/prpd\/prpd\/\"><span style=\"color: #000000\"> Pr\u00f3-Reitoria de Planejamento e Desenvolvimento<\/span><\/a><\/strong><\/span><br \/>\n<span style=\"font-family: arial, helvetica, sans-serif;font-size: 10pt;color: #000000\"> <strong><a title=\"Secretaria Executiva\" href=\"https:\/\/wp.ufpel.edu.br\/prpd\/secretaria-executiva\/\"><span style=\"color: #000000\">Secretaria Executiva<\/span><\/a><\/strong><\/span><\/p>\n<p><span style=\"font-family: arial, helvetica, sans-serif;font-size: 10pt;color: #000000\"><strong>NGE<\/strong> &#8211; <a title=\"N\u00facleo de Gest\u00e3o de Espa\u00e7os\" href=\"https:\/\/wp.ufpel.edu.br\/prpd\/nge\/\"><span style=\"color: #000000\"><strong>N\u00facleo de Gest\u00e3o de Espa\u00e7os<\/strong><\/span><\/a><\/span><\/p>\n<p><span style=\"font-family: arial, helvetica, sans-serif;font-size: 10pt;color: #000000\"><strong>COOR<\/strong> &#8211;<a title=\"Coordena\u00e7\u00e3o de Or\u00e7amento\" href=\"https:\/\/wp.ufpel.edu.br\/prpd\/cppgef\/\"><span style=\"color: #000000\"><strong> Coordena\u00e7\u00e3o de Or\u00e7amento<\/strong><\/span><\/a><\/span><br \/>\n<span style=\"font-family: arial, helvetica, sans-serif;font-size: 10pt;color: #000000\"> <a title=\"N\u00facleo de Execu\u00e7\u00e3o Or\u00e7ament\u00e1ria\" href=\"https:\/\/wp.ufpel.edu.br\/prpd\/nucleo-de-projetos-e-obras\/\"><span style=\"color: #000000\">N\u00facleo de Execu\u00e7\u00e3o Or\u00e7ament\u00e1ria<\/span><\/a><\/span><br \/>\n<span style=\"font-family: arial, helvetica, sans-serif;font-size: 10pt;color: #000000\"> <a title=\"Se\u00e7\u00e3o de Acompanhamento de Despesas\" href=\"https:\/\/wp.ufpel.edu.br\/proplan\/secao-de-acompanhamento-de-despesas\/\"><span style=\"color: #000000\">Se\u00e7\u00e3o de Acompanhamento de Despesas<\/span><\/a><\/span><\/p>\n<p><span style=\"font-family: arial, helvetica, sans-serif;font-size: 10pt;color: #000000\"><strong>COPF<\/strong> &#8211; <strong><a href=\"https:\/\/wp.ufpel.edu.br\/proplan\/copf\/\" target=\"_blank\"><span style=\"color: #000000\">Coordena\u00e7\u00e3o de Obras e Planejamento F\u00edsico<\/span><\/a><\/strong><\/span><br \/>\n<span style=\"font-family: arial, helvetica, sans-serif;font-size: 10pt;color: #000000\"> <a title=\"N\u00facleo de Planejamento Administrativo\" href=\"https:\/\/wp.ufpel.edu.br\/proplan\/nucleo-de-planejamento-administrativo\/\" target=\"_blank\"><span style=\"color: #000000\">N\u00facleo de Planejamento Administrativo<\/span><\/a><\/span><br \/>\n<span style=\"font-family: arial, helvetica, sans-serif;font-size: 10pt;color: #000000\"> <a title=\"N\u00facleo de Planejamento T\u00e9cnico\" href=\"https:\/\/wp.ufpel.edu.br\/proplan\/nucleo-de-planejamento-tecnico\/\" target=\"_blank\"><span style=\"color: #000000\">N\u00facleo de Planejamento T\u00e9cnico<\/span><\/a><\/span><\/p>\n<p><span style=\"font-family: arial, helvetica, sans-serif;font-size: 10pt;color: #000000\"><strong>CPDI<\/strong> &#8211; <strong><a title=\"Coordena\u00e7\u00e3o de Planejamento e Desenvolvimento Institucional\" href=\"https:\/\/wp.ufpel.edu.br\/proplan\/cpdi\/\" target=\"_blank\"><span style=\"color: #000000\">Coordena\u00e7\u00e3o de Planejamento e Desenvolvimento Institucional<\/span><\/a><\/strong><\/span><br \/>\n<span style=\"font-family: arial, helvetica, sans-serif;font-size: 10pt;color: #000000\"> <a title=\"N\u00facleo de Informa\u00e7\u00f5es Institucionais\" href=\"https:\/\/wp.ufpel.edu.br\/proplan\/cpdi\/ninfi\/\" target=\"_blank\"><span style=\"color: #000000\">N\u00facleo de informa\u00e7\u00f5es Institucionais<\/span><\/a><\/span><br \/>\n<span style=\"font-family: arial, helvetica, sans-serif;font-size: 10pt;color: #000000\"> <a title=\"Se\u00e7\u00e3o de Processos Organizacionais\" href=\"https:\/\/wp.ufpel.edu.br\/proplan\/secao-de-processos-organizacionais\/\" target=\"_blank\"><span style=\"color: #000000\">Se\u00e7\u00e3o de Processos Organizacionais<\/span><\/a><\/span><br \/>\n<span style=\"font-family: arial, helvetica, sans-serif;font-size: 10pt;color: #000000\"> <a title=\"N\u00facleo de Elabora\u00e7\u00e3o e Acompanhamento de Projetos\" href=\"https:\/\/wp.ufpel.edu.br\/proplan\/nucleo-de-elaboracao-e-acompanhamento-de-projetos\/\" target=\"_blank\"><span style=\"color: #000000\">N\u00facleo de Elabora\u00e7\u00e3o e Acompanhamento de Projetos<\/span><\/a><\/span><\/p>\n<p><span style=\"font-family: arial, helvetica, sans-serif;font-size: 10pt;color: #000000\"><strong>CORAC<\/strong> &#8211; <a title=\"Coordena\u00e7\u00e3o de Regula\u00e7\u00e3o e Acompanhamento\" href=\"https:\/\/wp.ufpel.edu.br\/proplan\/coordenacao-de-regulacao-e-acompanhamento\/\" target=\"_blank\"><span style=\"color: #000000\"><strong>Coordena\u00e7\u00e3o de Regula\u00e7\u00e3o e Acompanhamento<\/strong><\/span><\/a><\/span><\/p>\n<p><span style=\"font-family: arial, helvetica, sans-serif;font-size: 10pt;color: #000000\"><strong><a title=\"N\u00facleo de Gest\u00e3o dos Processos Regulat\u00f3rios\" href=\"https:\/\/wp.ufpel.edu.br\/proplan\/nucleo-de-gestao-dos-processos-regulatorios\/\" target=\"_blank\"><span style=\"color: #000000\">N\u00facleo de Gest\u00e3o dos Processos Regulat\u00f3rios<\/span><\/a><\/strong><\/span><br \/>\n<span style=\"font-family: arial, helvetica, sans-serif;font-size: 10pt;color: #000000\"> <a title=\"Se\u00e7\u00e3o de Regula\u00e7\u00e3o de Cursos de Gradua\u00e7\u00e3o\" href=\"https:\/\/wp.ufpel.edu.br\/proplan\/secao-de-regulacao-de-cursos-de-graduacao\/\" target=\"_blank\"><span style=\"color: #000000\">Se\u00e7\u00e3o de Regula\u00e7\u00e3o de Cursos de Gradua\u00e7\u00e3o<\/span><\/a><\/span><\/p>\n<p><span style=\"font-family: arial, helvetica, sans-serif;font-size: 10pt;color: #000000\"><strong><a title=\"N\u00facleo de Acompanhamento e Apoio \u00e0s Coordena\u00e7\u00f5es de Cursos\" href=\"https:\/\/wp.ufpel.edu.br\/proplan\/nucleo-de-acompanhamento-e-apoio-as-coordenacoes-de-cursos\/\" target=\"_blank\"><span style=\"color: #000000\">N\u00facleo de Acompanhamento e Apoio \u00e0s Coordena\u00e7\u00f5es de Cursos<\/span><\/a><\/strong><\/span><br \/>\n<span style=\"font-family: arial, helvetica, sans-serif;font-size: 10pt;color: #000000\"> <a title=\"Se\u00e7\u00e3o de Assessoria \u00e0 Gest\u00e3o de Cursos\" href=\"https:\/\/wp.ufpel.edu.br\/proplan\/secao-de-assessoria-a-gestao-de-cursos\/\" target=\"_blank\"><span style=\"color: #000000\">Se\u00e7\u00e3o de Assessoria \u00e0 Gest\u00e3o de Cursos<\/span><\/a><\/span><\/p>\n","protected":false},"excerpt":{"rendered":"<p>PROPLAN &#8211; Pr\u00f3-Reitoria de Planejamento e Desenvolvimento Secretaria Executiva NGE &#8211; N\u00facleo de Gest\u00e3o de Espa\u00e7os COOR &#8211; Coordena\u00e7\u00e3o de Or\u00e7amento N\u00facleo de Execu\u00e7\u00e3o Or\u00e7ament\u00e1ria Se\u00e7\u00e3o de Acompanhamento de Despesas COPF &#8211; Coordena\u00e7\u00e3o de Obras e Planejamento F\u00edsico N\u00facleo de Planejamento Administrativo N\u00facleo de Planejamento T\u00e9cnico CPDI &#8211; Coordena\u00e7\u00e3o de Planejamento e Desenvolvimento Institucional N\u00facleo [&hellip;]<\/p>\n","protected":false},"author":1353,"featured_media":0,"parent":367,"menu_order":0,"comment_status":"closed","ping_status":"closed","template":"","meta":{"jetpack_post_was_ever_published":false,"footnotes":""},"class_list":["post-814","page","type-page","status-publish","hentry"],"jetpack_sharing_enabled":true,"_links":{"self":[{"href":"https:\/\/wp.ufpel.edu.br\/proplad\/wp-json\/wp\/v2\/pages\/814","targetHints":{"allow":["GET"]}}],"collection":[{"href":"https:\/\/wp.ufpel.edu.br\/proplad\/wp-json\/wp\/v2\/pages"}],"about":[{"href":"https:\/\/wp.ufpel.edu.br\/proplad\/wp-json\/wp\/v2\/types\/page"}],"author":[{"embeddable":true,"href":"https:\/\/wp.ufpel.edu.br\/proplad\/wp-json\/wp\/v2\/users\/1353"}],"replies":[{"embeddable":true,"href":"https:\/\/wp.ufpel.edu.br\/proplad\/wp-json\/wp\/v2\/comments?post=814"}],"version-history":[{"count":0,"href":"https:\/\/wp.ufpel.edu.br\/proplad\/wp-json\/wp\/v2\/pages\/814\/revisions"}],"up":[{"embeddable":true,"href":"https:\/\/wp.ufpel.edu.br\/proplad\/wp-json\/wp\/v2\/pages\/367"}],"wp:attachment":[{"href":"https:\/\/wp.ufpel.edu.br\/proplad\/wp-json\/wp\/v2\/media?parent=814"}],"curies":[{"name":"wp","href":"https:\/\/api.w.org\/{rel}","templated":true}]}}