{"id":771,"date":"2013-07-19T15:19:09","date_gmt":"2013-07-19T15:19:09","guid":{"rendered":"https:\/\/wp.ufpel.edu.br\/prpd\/?page_id=771"},"modified":"2013-07-19T15:19:09","modified_gmt":"2013-07-19T15:19:09","slug":"secretaria-executiva","status":"publish","type":"page","link":"https:\/\/wp.ufpel.edu.br\/proplad\/secretaria-executiva\/","title":{"rendered":"Secretaria Executiva"},"content":{"rendered":"<p><span style=\"font-family: arial, helvetica, sans-serif;font-size: 10pt;color: #000000\">S\u00e3o atribui\u00e7\u00f5es da Secretaria Executiva:<\/span><\/p>\n<ul>\n<li><span style=\"font-family: arial, helvetica, sans-serif;font-size: 10pt;color: #000000\">Planejar, organizar e dirigir os servi\u00e7os de secretaria;<\/span><\/li>\n<li><span style=\"font-family: arial, helvetica, sans-serif;font-size: 10pt;color: #000000\">Assessorar o Pr\u00f3-Reitor e Coordena\u00e7\u00f5es;<\/span><\/li>\n<li><span style=\"font-family: arial, helvetica, sans-serif;font-size: 10pt;color: #000000\">Coletar informa\u00e7\u00f5es para a realiza\u00e7\u00e3o de a\u00e7\u00f5es;<\/span><\/li>\n<li><span style=\"font-family: arial, helvetica, sans-serif;font-size: 10pt;color: #000000\">Redigir documentos e elaborar relat\u00f3rios;<\/span><\/li>\n<li><span style=\"font-family: arial, helvetica, sans-serif;font-size: 10pt;color: #000000\">Executar servi\u00e7os de protocolo e controlar correspond\u00eancias e arquivos da Pr\u00f3-Reitoria;<\/span><\/li>\n<li><span style=\"font-family: arial, helvetica, sans-serif;font-size: 10pt;color: #000000\">Organizar e distribuir atividades de expediente e outras correlatas \u00e0 secretaria.<\/span><\/li>\n<\/ul>\n<p><span style=\"font-family: arial, helvetica, sans-serif;font-size: 10pt;color: #000000\"><strong>Secret\u00e1ria: <\/strong>Aline Lamas<\/span><br \/>\n<span style=\"font-family: arial, helvetica, sans-serif;font-size: 10pt;color: #000000\"> <strong>Telefone:<\/strong> (53) 3921-1025<\/span><br \/>\n<span style=\"font-family: arial, helvetica, sans-serif;font-size: 10pt;color: #000000\"> <strong>e-mail:<\/strong>\u00a0 \u00a0proplan@ufpel.edu.br<\/span><\/p>\n<p><span style=\"font-family: arial, helvetica, sans-serif;font-size: 10pt;color: #000000\"><strong>Apoio:<\/strong><\/span><\/p>\n<ul>\n<li><span style=\"font-family: arial, helvetica, sans-serif;font-size: 10pt;color: #000000\">Maur\u00edcio Rezende de Lacerda<\/span><\/li>\n<li><span style=\"color: #000000;font-family: Arial;font-size: small\">Rosana \u00c1vila Pereira<\/span><\/li>\n<\/ul>\n","protected":false},"excerpt":{"rendered":"<p>S\u00e3o atribui\u00e7\u00f5es da Secretaria Executiva: Planejar, organizar e dirigir os servi\u00e7os de secretaria; Assessorar o Pr\u00f3-Reitor e Coordena\u00e7\u00f5es; Coletar informa\u00e7\u00f5es para a realiza\u00e7\u00e3o de a\u00e7\u00f5es; Redigir documentos e elaborar relat\u00f3rios; Executar servi\u00e7os de protocolo e controlar correspond\u00eancias e arquivos da Pr\u00f3-Reitoria; Organizar e distribuir atividades de expediente e outras correlatas \u00e0 secretaria. Secret\u00e1ria: Aline Lamas [&hellip;]<\/p>\n","protected":false},"author":1353,"featured_media":0,"parent":0,"menu_order":0,"comment_status":"closed","ping_status":"open","template":"","meta":{"jetpack_post_was_ever_published":false,"footnotes":""},"class_list":["post-771","page","type-page","status-publish","hentry"],"jetpack_sharing_enabled":true,"_links":{"self":[{"href":"https:\/\/wp.ufpel.edu.br\/proplad\/wp-json\/wp\/v2\/pages\/771","targetHints":{"allow":["GET"]}}],"collection":[{"href":"https:\/\/wp.ufpel.edu.br\/proplad\/wp-json\/wp\/v2\/pages"}],"about":[{"href":"https:\/\/wp.ufpel.edu.br\/proplad\/wp-json\/wp\/v2\/types\/page"}],"author":[{"embeddable":true,"href":"https:\/\/wp.ufpel.edu.br\/proplad\/wp-json\/wp\/v2\/users\/1353"}],"replies":[{"embeddable":true,"href":"https:\/\/wp.ufpel.edu.br\/proplad\/wp-json\/wp\/v2\/comments?post=771"}],"version-history":[{"count":0,"href":"https:\/\/wp.ufpel.edu.br\/proplad\/wp-json\/wp\/v2\/pages\/771\/revisions"}],"wp:attachment":[{"href":"https:\/\/wp.ufpel.edu.br\/proplad\/wp-json\/wp\/v2\/media?parent=771"}],"curies":[{"name":"wp","href":"https:\/\/api.w.org\/{rel}","templated":true}]}}