{"id":767,"date":"2013-07-19T15:08:35","date_gmt":"2013-07-19T15:08:35","guid":{"rendered":"https:\/\/wp.ufpel.edu.br\/prpd\/?page_id=767"},"modified":"2013-07-19T15:08:35","modified_gmt":"2013-07-19T15:08:35","slug":"nucleo-de-projetos-e-obras","status":"publish","type":"page","link":"https:\/\/wp.ufpel.edu.br\/proplad\/nucleo-de-projetos-e-obras\/","title":{"rendered":"N\u00facleo de Execu\u00e7\u00e3o Or\u00e7ament\u00e1ria"},"content":{"rendered":"<p><span style=\"font-family: arial, helvetica, sans-serif;font-size: 10pt;color: #000000\">S\u00e3o atribui\u00e7\u00f5es do N\u00facleo de Execu\u00e7\u00e3o Or\u00e7ament\u00e1ria:<\/span><\/p>\n<ul>\n<li><span style=\"font-family: arial, helvetica, sans-serif;font-size: 10pt;color: #000000\">Acompanhar e controlar cr\u00e9ditos descentralizados, envolvendo libera\u00e7\u00e3o, execu\u00e7\u00e3o e devolu\u00e7\u00e3o de saldos n\u00e3o utilizados aos \u00f3rg\u00e3os concedentes;<\/span><\/li>\n<li><span style=\"font-family: arial, helvetica, sans-serif;font-size: 10pt;color: #000000\">Suporte \u00e0 execu\u00e7\u00e3o de projetos;<\/span><\/li>\n<li><span style=\"font-family: arial, helvetica, sans-serif;font-size: 10pt;color: #000000\">Acompanhar legisla\u00e7\u00e3o e altera\u00e7\u00f5es or\u00e7ament\u00e1rias;<\/span><\/li>\n<li><span style=\"font-family: arial, helvetica, sans-serif;font-size: 10pt;color: #000000\">Acompanhar e alterar despesas de folha de pagamento.<\/span><\/li>\n<\/ul>\n","protected":false},"excerpt":{"rendered":"<p>S\u00e3o atribui\u00e7\u00f5es do N\u00facleo de Execu\u00e7\u00e3o Or\u00e7ament\u00e1ria: Acompanhar e controlar cr\u00e9ditos descentralizados, envolvendo libera\u00e7\u00e3o, execu\u00e7\u00e3o e devolu\u00e7\u00e3o de saldos n\u00e3o utilizados aos \u00f3rg\u00e3os concedentes; Suporte \u00e0 execu\u00e7\u00e3o de projetos; Acompanhar legisla\u00e7\u00e3o e altera\u00e7\u00f5es or\u00e7ament\u00e1rias; Acompanhar e alterar despesas de folha de pagamento.<\/p>\n","protected":false},"author":1353,"featured_media":0,"parent":0,"menu_order":0,"comment_status":"closed","ping_status":"open","template":"","meta":{"jetpack_post_was_ever_published":false,"footnotes":""},"class_list":["post-767","page","type-page","status-publish","hentry"],"jetpack_sharing_enabled":true,"_links":{"self":[{"href":"https:\/\/wp.ufpel.edu.br\/proplad\/wp-json\/wp\/v2\/pages\/767","targetHints":{"allow":["GET"]}}],"collection":[{"href":"https:\/\/wp.ufpel.edu.br\/proplad\/wp-json\/wp\/v2\/pages"}],"about":[{"href":"https:\/\/wp.ufpel.edu.br\/proplad\/wp-json\/wp\/v2\/types\/page"}],"author":[{"embeddable":true,"href":"https:\/\/wp.ufpel.edu.br\/proplad\/wp-json\/wp\/v2\/users\/1353"}],"replies":[{"embeddable":true,"href":"https:\/\/wp.ufpel.edu.br\/proplad\/wp-json\/wp\/v2\/comments?post=767"}],"version-history":[{"count":0,"href":"https:\/\/wp.ufpel.edu.br\/proplad\/wp-json\/wp\/v2\/pages\/767\/revisions"}],"wp:attachment":[{"href":"https:\/\/wp.ufpel.edu.br\/proplad\/wp-json\/wp\/v2\/media?parent=767"}],"curies":[{"name":"wp","href":"https:\/\/api.w.org\/{rel}","templated":true}]}}