{"id":5387,"date":"2025-04-17T10:03:45","date_gmt":"2025-04-17T13:03:45","guid":{"rendered":"https:\/\/wp.ufpel.edu.br\/proplan\/?page_id=5387"},"modified":"2025-04-17T10:03:45","modified_gmt":"2025-04-17T13:03:45","slug":"suinfra","status":"publish","type":"page","link":"https:\/\/wp.ufpel.edu.br\/proplad\/suinfra\/","title":{"rendered":"SUINFRA"},"content":{"rendered":"<p><span style=\"font-weight: 400\">Com a uni\u00e3o das antigas Pr\u00f3-Reitoria de Planejamento e Desenvolvimento (PROPLAN) e Pr\u00f3-Reitoria de Administra\u00e7\u00e3o (PRA) a <strong>Superintend\u00eancia de Infraestrutura (SUINFRA<\/strong>) passa a estar vinculada \u00e0 PROPLAD.<\/span><\/p>\n<p><span style=\"font-weight: 400\">Ao unificar essas pr\u00f3-reitorias, evita-se a fragmenta\u00e7\u00e3o das fun\u00e7\u00f5es administrativas e financeiras, possibilitando uma gest\u00e3o mais coesa e coordenada, al\u00e9m de aproximar a <\/span><span style=\"font-weight: 400\"><b>infraestrutura <\/b>do planejamento de obras e espa\u00e7os f\u00edsicos da Institui\u00e7\u00e3o. Isso contribui para a otimiza\u00e7\u00e3o de processos, a racionaliza\u00e7\u00e3o do uso dos recursos p\u00fablicos e a melhoria da tomada de decis\u00f5es. Com isso, a universidade ganha em governan\u00e7a e aumenta a capacidade de resposta \u00e0s necessidades acad\u00eamicas e institucionais.<\/span><\/p>\n<p><a href=\"https:\/\/wp.ufpel.edu.br\/suinfra\/\">Acesse aqui a p\u00e1gina da SUINFRA.<\/a><\/p>\n","protected":false},"excerpt":{"rendered":"<p>Com a uni\u00e3o das antigas Pr\u00f3-Reitoria de Planejamento e Desenvolvimento (PROPLAN) e Pr\u00f3-Reitoria de Administra\u00e7\u00e3o (PRA) a Superintend\u00eancia de Infraestrutura (SUINFRA) passa a estar vinculada \u00e0 PROPLAD. Ao unificar essas pr\u00f3-reitorias, evita-se a fragmenta\u00e7\u00e3o das fun\u00e7\u00f5es administrativas e financeiras, possibilitando uma gest\u00e3o mais coesa e coordenada, al\u00e9m de aproximar a infraestrutura do planejamento de obras [&hellip;]<\/p>\n","protected":false},"author":1353,"featured_media":0,"parent":0,"menu_order":0,"comment_status":"closed","ping_status":"closed","template":"","meta":{"jetpack_post_was_ever_published":false,"footnotes":""},"class_list":["post-5387","page","type-page","status-publish","hentry"],"jetpack_sharing_enabled":true,"_links":{"self":[{"href":"https:\/\/wp.ufpel.edu.br\/proplad\/wp-json\/wp\/v2\/pages\/5387","targetHints":{"allow":["GET"]}}],"collection":[{"href":"https:\/\/wp.ufpel.edu.br\/proplad\/wp-json\/wp\/v2\/pages"}],"about":[{"href":"https:\/\/wp.ufpel.edu.br\/proplad\/wp-json\/wp\/v2\/types\/page"}],"author":[{"embeddable":true,"href":"https:\/\/wp.ufpel.edu.br\/proplad\/wp-json\/wp\/v2\/users\/1353"}],"replies":[{"embeddable":true,"href":"https:\/\/wp.ufpel.edu.br\/proplad\/wp-json\/wp\/v2\/comments?post=5387"}],"version-history":[{"count":0,"href":"https:\/\/wp.ufpel.edu.br\/proplad\/wp-json\/wp\/v2\/pages\/5387\/revisions"}],"wp:attachment":[{"href":"https:\/\/wp.ufpel.edu.br\/proplad\/wp-json\/wp\/v2\/media?parent=5387"}],"curies":[{"name":"wp","href":"https:\/\/api.w.org\/{rel}","templated":true}]}}