{"id":5384,"date":"2025-04-17T10:02:04","date_gmt":"2025-04-17T13:02:04","guid":{"rendered":"https:\/\/wp.ufpel.edu.br\/proplan\/?page_id=5384"},"modified":"2025-04-17T10:02:04","modified_gmt":"2025-04-17T13:02:04","slug":"sga","status":"publish","type":"page","link":"https:\/\/wp.ufpel.edu.br\/proplad\/sga\/","title":{"rendered":"SGA"},"content":{"rendered":"<p><span style=\"font-weight: 400\">Da uni\u00e3o das antigas Pr\u00f3-Reitoria de Planejamento e Desenvolvimento (PROPLAN) e Pr\u00f3-Reitoria de Administra\u00e7\u00e3o (PRA) surge a <strong>Superintend\u00eancia de Gest\u00e3o Administrativa (SGA)<\/strong> a fim de executar as atribui\u00e7\u00f5es administrativas da PROPLAD, incluindo a gesta\u0303o financeira, material, patrimonial e contratual.<\/span><\/p>\n<p><span style=\"font-weight: 400\">A unifica\u00e7\u00e3o, a partir da Resolu\u00e7\u00e3o CONSUN n\u00ba 121, de 10 de mar\u00e7o de 2025, representa uma estrat\u00e9gia para fortalecer a gest\u00e3o institucional, promovendo maior efici\u00eancia na aloca\u00e7\u00e3o de recursos e na execu\u00e7\u00e3o das atividades administrativas e de planejamento.\u00a0<\/span><\/p>\n<p><span style=\"font-weight: 400\">Ao unificar essas pr\u00f3-reitorias, evita-se a fragmenta\u00e7\u00e3o das fun\u00e7\u00f5es administrativas e financeiras, possibilitando uma gest\u00e3o mais coesa e coordenada, al\u00e9m de aproximar a Superintend\u00eancia de Infraestrutura (SUINFRA) do planejamento de obras e espa\u00e7os f\u00edsicos da Institui\u00e7\u00e3o. Isso contribui para a otimiza\u00e7\u00e3o de processos, a racionaliza\u00e7\u00e3o do uso dos recursos p\u00fablicos e a melhoria da tomada de decis\u00f5es. Com isso, a universidade ganha em governan\u00e7a e aumenta a capacidade de resposta \u00e0s necessidades acad\u00eamicas e institucionais.<\/span><\/p>\n<p><a href=\"https:\/\/wp.ufpel.edu.br\/pra\/\">Acesse aqui a p\u00e1gina da SGA.<\/a><\/p>\n","protected":false},"excerpt":{"rendered":"<p>Da uni\u00e3o das antigas Pr\u00f3-Reitoria de Planejamento e Desenvolvimento (PROPLAN) e Pr\u00f3-Reitoria de Administra\u00e7\u00e3o (PRA) surge a Superintend\u00eancia de Gest\u00e3o Administrativa (SGA) a fim de executar as atribui\u00e7\u00f5es administrativas da PROPLAD, incluindo a gesta\u0303o financeira, material, patrimonial e contratual. A unifica\u00e7\u00e3o, a partir da Resolu\u00e7\u00e3o CONSUN n\u00ba 121, de 10 de mar\u00e7o de 2025, representa [&hellip;]<\/p>\n","protected":false},"author":1353,"featured_media":0,"parent":0,"menu_order":0,"comment_status":"closed","ping_status":"closed","template":"","meta":{"jetpack_post_was_ever_published":false,"footnotes":""},"class_list":["post-5384","page","type-page","status-publish","hentry"],"jetpack_sharing_enabled":true,"_links":{"self":[{"href":"https:\/\/wp.ufpel.edu.br\/proplad\/wp-json\/wp\/v2\/pages\/5384","targetHints":{"allow":["GET"]}}],"collection":[{"href":"https:\/\/wp.ufpel.edu.br\/proplad\/wp-json\/wp\/v2\/pages"}],"about":[{"href":"https:\/\/wp.ufpel.edu.br\/proplad\/wp-json\/wp\/v2\/types\/page"}],"author":[{"embeddable":true,"href":"https:\/\/wp.ufpel.edu.br\/proplad\/wp-json\/wp\/v2\/users\/1353"}],"replies":[{"embeddable":true,"href":"https:\/\/wp.ufpel.edu.br\/proplad\/wp-json\/wp\/v2\/comments?post=5384"}],"version-history":[{"count":0,"href":"https:\/\/wp.ufpel.edu.br\/proplad\/wp-json\/wp\/v2\/pages\/5384\/revisions"}],"wp:attachment":[{"href":"https:\/\/wp.ufpel.edu.br\/proplad\/wp-json\/wp\/v2\/media?parent=5384"}],"curies":[{"name":"wp","href":"https:\/\/api.w.org\/{rel}","templated":true}]}}