{"id":5034,"date":"2022-07-15T15:24:26","date_gmt":"2022-07-15T18:24:26","guid":{"rendered":"https:\/\/wp.ufpel.edu.br\/proplan\/?page_id=5034"},"modified":"2022-07-15T15:24:26","modified_gmt":"2022-07-15T18:24:26","slug":"faurb","status":"publish","type":"page","link":"https:\/\/wp.ufpel.edu.br\/proplad\/agenda-das-salas\/faurb\/","title":{"rendered":"FAURB"},"content":{"rendered":"<p><strong>A SACE conta com a colabora\u00e7\u00e3o da unidade em quest\u00e3o. A FAURB disponibiliza apenas o per\u00edodo noturno para compartilhamento de salas, n\u00e3o sendo poss\u00edvel realizar agendamentos no per\u00edodo diurno atrav\u00e9s da SACE nesse pr\u00e9dio.<\/strong><\/p>\n<p>&nbsp;<\/p>\n\n<!-- iframe plugin v.6.0 wordpress.org\/plugins\/iframe\/ -->\n<iframe src=\"https:\/\/calendar.google.com\/calendar\/embed?src=proplan.ufpel.edu.br_2d39333039393031302d3836%40resource.calendar.google.com&#038;ctz=America%2FSao_Paulo\" style=\"border: 0\" width=\"700\" height=\"500\" frameborder=\"0\" scrolling=\"no\" class=\"iframe-class\"><\/iframe>\n\n<div style=\"float: right;clear: right;margin-top: 2%;width: 230px;height: 60px\">\n<p style=\"line-height: 100%\"><strong>Capacidade: <\/strong>30<\/p>\n<\/div>\n<p>&nbsp;<\/p>\n\n<!-- iframe plugin v.6.0 wordpress.org\/plugins\/iframe\/ -->\n<iframe src=\"https:\/\/calendar.google.com\/calendar\/embed?src=proplan.ufpel.edu.br_3630303234303636323339%40resource.calendar.google.com&#038;ctz=America%2FSao_Paulo\" style=\"border: 0\" width=\"700\" height=\"500\" frameborder=\"0\" scrolling=\"no\" class=\"iframe-class\"><\/iframe>\n\n<div style=\"float: right;clear: right;margin-top: 2%;width: 230px;height: 60px\">\n<p style=\"line-height: 100%\"><strong>Capacidade: <\/strong>35<\/p>\n<\/div>\n<p>&nbsp;<\/p>\n\n<!-- iframe plugin v.6.0 wordpress.org\/plugins\/iframe\/ -->\n<iframe src=\"https:\/\/calendar.google.com\/calendar\/embed?src=proplan.ufpel.edu.br_2d3637363732303636373532%40resource.calendar.google.com&#038;ctz=America%2FSao_Paulo\" style=\"border: 0\" width=\"700\" height=\"500\" frameborder=\"0\" scrolling=\"no\" class=\"iframe-class\"><\/iframe>\n\n<div style=\"float: right;clear: right;margin-top: 2%;width: 230px;height: 60px\">\n<p style=\"line-height: 100%\"><strong>Capacidade: <\/strong>35<\/p>\n<\/div>\n<p>&nbsp;<\/p>\n\n<!-- iframe plugin v.6.0 wordpress.org\/plugins\/iframe\/ -->\n<iframe src=\"https:\/\/calendar.google.com\/calendar\/embed?src=proplan.ufpel.edu.br_2d3436373630333430393635%40resource.calendar.google.com&#038;ctz=America%2FSao_Paulo\" style=\"border: 0\" width=\"700\" height=\"500\" frameborder=\"0\" scrolling=\"no\" class=\"iframe-class\"><\/iframe>\n\n<div style=\"float: right;clear: right;margin-top: 2%;width: 230px;height: 60px\">\n<p style=\"line-height: 100%\"><strong>Capacidade: <\/strong>17<\/p>\n<\/div>\n<p>&nbsp;<\/p>\n\n<!-- iframe plugin v.6.0 wordpress.org\/plugins\/iframe\/ -->\n<iframe src=\"https:\/\/calendar.google.com\/calendar\/embed?src=proplan.ufpel.edu.br_39393338353337302d373239%40resource.calendar.google.com&#038;ctz=America%2FSao_Paulo\" style=\"border: 0\" width=\"700\" height=\"500\" frameborder=\"0\" scrolling=\"no\" class=\"iframe-class\"><\/iframe>\n\n<div style=\"float: right;clear: right;margin-top: 2%;width: 230px;height: 60px\">\n<p style=\"line-height: 100%\"><strong>Capacidade: <\/strong>17<\/p>\n<\/div>\n<p>&nbsp;<\/p>\n","protected":false},"excerpt":{"rendered":"<p>A SACE conta com a colabora\u00e7\u00e3o da unidade em quest\u00e3o. A FAURB disponibiliza apenas o per\u00edodo noturno para compartilhamento de salas, n\u00e3o sendo poss\u00edvel realizar agendamentos no per\u00edodo diurno atrav\u00e9s da SACE nesse pr\u00e9dio. &nbsp; Capacidade: 30 &nbsp; Capacidade: 35 &nbsp; Capacidade: 35 &nbsp; Capacidade: 17 &nbsp; Capacidade: 17 &nbsp;<\/p>\n","protected":false},"author":1353,"featured_media":0,"parent":1361,"menu_order":0,"comment_status":"closed","ping_status":"closed","template":"page-sem-sidebar.php","meta":{"jetpack_post_was_ever_published":false,"footnotes":""},"class_list":["post-5034","page","type-page","status-publish","hentry"],"jetpack_sharing_enabled":true,"_links":{"self":[{"href":"https:\/\/wp.ufpel.edu.br\/proplad\/wp-json\/wp\/v2\/pages\/5034","targetHints":{"allow":["GET"]}}],"collection":[{"href":"https:\/\/wp.ufpel.edu.br\/proplad\/wp-json\/wp\/v2\/pages"}],"about":[{"href":"https:\/\/wp.ufpel.edu.br\/proplad\/wp-json\/wp\/v2\/types\/page"}],"author":[{"embeddable":true,"href":"https:\/\/wp.ufpel.edu.br\/proplad\/wp-json\/wp\/v2\/users\/1353"}],"replies":[{"embeddable":true,"href":"https:\/\/wp.ufpel.edu.br\/proplad\/wp-json\/wp\/v2\/comments?post=5034"}],"version-history":[{"count":0,"href":"https:\/\/wp.ufpel.edu.br\/proplad\/wp-json\/wp\/v2\/pages\/5034\/revisions"}],"up":[{"embeddable":true,"href":"https:\/\/wp.ufpel.edu.br\/proplad\/wp-json\/wp\/v2\/pages\/1361"}],"wp:attachment":[{"href":"https:\/\/wp.ufpel.edu.br\/proplad\/wp-json\/wp\/v2\/media?parent=5034"}],"curies":[{"name":"wp","href":"https:\/\/api.w.org\/{rel}","templated":true}]}}