{"id":4982,"date":"2022-07-11T16:30:54","date_gmt":"2022-07-11T19:30:54","guid":{"rendered":"https:\/\/wp.ufpel.edu.br\/proplan\/?page_id=4982"},"modified":"2022-07-11T16:30:54","modified_gmt":"2022-07-11T19:30:54","slug":"capao-do-leao-aulario-2-predio-da-meteorologia","status":"publish","type":"page","link":"https:\/\/wp.ufpel.edu.br\/proplad\/agenda-das-salas\/capao-do-leao-aulario-2-predio-da-meteorologia\/","title":{"rendered":"CAP\u00c3O DO LE\u00c3O &#8211; AUL\u00c1RIO 2 &#8211; PR\u00c9DIO DA METEOROLOGIA"},"content":{"rendered":"\n<!-- iframe plugin v.6.0 wordpress.org\/plugins\/iframe\/ -->\n<iframe src=\"https:\/\/calendar.google.com\/calendar\/embed?src=c_188fdksaijjesjvolfa1ufssphvra%40resource.calendar.google.com&#038;ctz=America%2FSao_Paulo\" style=\"border: 0\" width=\"700\" height=\"500\" frameborder=\"0\" scrolling=\"no\" class=\"iframe-class\"><\/iframe>\n\n<div style=\"float: right;clear: right;margin-top: 2%;width: 230px;height: 60px\">\n<p style=\"line-height: 100%\"><strong>Capacidade: <\/strong>32<\/p>\n<p style=\"line-height: 100%\"><strong>Projetor<\/strong><\/p>\n<p style=\"line-height: 100%\"><strong>Ar Condicionado<\/strong><\/p>\n<p style=\"line-height: 100%\"><strong>Tipo de cadeira: <\/strong>prancheta deslizante<\/p>\n<\/div>\n<p>&nbsp;<\/p>\n\n<!-- iframe plugin v.6.0 wordpress.org\/plugins\/iframe\/ -->\n<iframe src=\"https:\/\/calendar.google.com\/calendar\/embed?src=c_1888e9ij3qn6chelnpctegm9vuk2s%40resource.calendar.google.com&#038;ctz=America%2FSao_Paulo\" style=\"border: 0\" width=\"700\" height=\"500\" frameborder=\"0\" scrolling=\"no\" class=\"iframe-class\"><\/iframe>\n\n<div style=\"float: right;clear: right;margin-top: 2%;width: 230px;height: 60px\">\n<p style=\"line-height: 100%\"><strong>Capacidade: <\/strong>55<\/p>\n<p style=\"line-height: 100%\"><strong>Projetor<\/strong><\/p>\n<p style=\"line-height: 100%\"><strong>Ar Condicionado<\/strong><\/p>\n<p style=\"line-height: 100%\"><strong>Tipo de cadeira: <\/strong>prancheta estofada<\/p>\n<\/div>\n<p>&nbsp;<\/p>\n\n<!-- iframe plugin v.6.0 wordpress.org\/plugins\/iframe\/ -->\n<iframe src=\"https:\/\/calendar.google.com\/calendar\/embed?src=c_188ars51enoqohfqhj44g50kak4c6%40resource.calendar.google.com&#038;ctz=America%2FSao_Paulo\" style=\"border: 0\" width=\"700\" height=\"500\" frameborder=\"0\" scrolling=\"no\" class=\"iframe-class\"><\/iframe>\n\n<div style=\"float: right;clear: right;margin-top: 2%;width: 230px;height: 60px\">\n<p style=\"line-height: 100%\"><strong>Capacidade: <\/strong>30<\/p>\n<p style=\"line-height: 100%\"><strong>Projetor<\/strong><\/p>\n<p style=\"line-height: 100%\"><strong>Ar Condicionado<\/strong><\/p>\n<p style=\"line-height: 100%\"><strong>Tipo de cadeira: <\/strong>prancheta estofada<\/p>\n<\/div>\n<p>&nbsp;<\/p>\n\n<!-- iframe plugin v.6.0 wordpress.org\/plugins\/iframe\/ -->\n<iframe src=\"https:\/\/calendar.google.com\/calendar\/embed?src=c_18876atb33808idniou53lr7t0ds4%40resource.calendar.google.com&#038;ctz=America%2FSao_Paulo\" style=\"border: 0\" width=\"700\" height=\"500\" frameborder=\"0\" scrolling=\"no\" class=\"iframe-class\"><\/iframe>\n\n<div style=\"float: right;clear: right;margin-top: 2%;width: 230px;height: 60px\">\n<p style=\"line-height: 100%\"><strong>Capacidade: <\/strong>30<\/p>\n<p style=\"line-height: 100%\"><strong>Projetor<\/strong><\/p>\n<p style=\"line-height: 100%\"><strong>Ar Condicionado<\/strong><\/p>\n<p style=\"line-height: 100%\"><strong>Tipo de cadeira: <\/strong>prancheta estofada<\/p>\n<\/div>\n<p>&nbsp;<\/p>\n\n<!-- iframe plugin v.6.0 wordpress.org\/plugins\/iframe\/ -->\n<iframe src=\"https:\/\/calendar.google.com\/calendar\/embed?src=c_188eb35r0vpqmiqsmujq3r5infa4o%40resource.calendar.google.com&#038;ctz=America%2FSao_Paulo\" style=\"border: 0\" width=\"700\" height=\"500\" frameborder=\"0\" scrolling=\"no\" class=\"iframe-class\"><\/iframe>\n\n<div style=\"float: right;clear: right;margin-top: 2%;width: 230px;height: 60px\">\n<p style=\"line-height: 100%\"><strong>Capacidade: <\/strong>55<\/p>\n<p style=\"line-height: 100%\"><strong>Projetor<\/strong><\/p>\n<p style=\"line-height: 100%\"><strong>Ar Condicionado<\/strong><\/p>\n<p style=\"line-height: 100%\"><strong>Tipo de cadeira: <\/strong>prancheta estofada<\/p>\n<\/div>\n<p>&nbsp;<\/p>\n\n<!-- iframe plugin v.6.0 wordpress.org\/plugins\/iframe\/ -->\n<iframe src=\"https:\/\/calendar.google.com\/calendar\/embed?src=c_188a9nrt1mpaui9gkumhkantl76is%40resource.calendar.google.com&#038;ctz=America%2FSao_Paulo\" style=\"border: 0\" width=\"700\" height=\"500\" frameborder=\"0\" scrolling=\"no\" class=\"iframe-class\"><\/iframe>\n\n<div style=\"float: right;clear: right;margin-top: 2%;width: 230px;height: 60px\">\n<p style=\"line-height: 100%\"><strong>Capacidade: <\/strong>95<\/p>\n<p style=\"line-height: 100%\"><strong>Projetor<\/strong><\/p>\n<p style=\"line-height: 100%\"><strong>Ar Condicionado<\/strong><\/p>\n<p style=\"line-height: 100%\"><strong>Tipo de cadeira: <\/strong>prancheta estofada<\/p>\n<\/div>\n<p>&nbsp;<\/p>\n","protected":false},"excerpt":{"rendered":"<p>Capacidade: 32 Projetor Ar Condicionado Tipo de cadeira: prancheta deslizante &nbsp; Capacidade: 55 Projetor Ar Condicionado Tipo de cadeira: prancheta estofada &nbsp; Capacidade: 30 Projetor Ar Condicionado Tipo de cadeira: prancheta estofada &nbsp; Capacidade: 30 Projetor Ar Condicionado Tipo de cadeira: prancheta estofada &nbsp; Capacidade: 55 Projetor Ar Condicionado Tipo de cadeira: prancheta estofada &nbsp; [&hellip;]<\/p>\n","protected":false},"author":1353,"featured_media":0,"parent":1361,"menu_order":0,"comment_status":"closed","ping_status":"closed","template":"page-sem-sidebar.php","meta":{"jetpack_post_was_ever_published":false,"footnotes":""},"class_list":["post-4982","page","type-page","status-publish","hentry"],"jetpack_sharing_enabled":true,"_links":{"self":[{"href":"https:\/\/wp.ufpel.edu.br\/proplad\/wp-json\/wp\/v2\/pages\/4982","targetHints":{"allow":["GET"]}}],"collection":[{"href":"https:\/\/wp.ufpel.edu.br\/proplad\/wp-json\/wp\/v2\/pages"}],"about":[{"href":"https:\/\/wp.ufpel.edu.br\/proplad\/wp-json\/wp\/v2\/types\/page"}],"author":[{"embeddable":true,"href":"https:\/\/wp.ufpel.edu.br\/proplad\/wp-json\/wp\/v2\/users\/1353"}],"replies":[{"embeddable":true,"href":"https:\/\/wp.ufpel.edu.br\/proplad\/wp-json\/wp\/v2\/comments?post=4982"}],"version-history":[{"count":0,"href":"https:\/\/wp.ufpel.edu.br\/proplad\/wp-json\/wp\/v2\/pages\/4982\/revisions"}],"up":[{"embeddable":true,"href":"https:\/\/wp.ufpel.edu.br\/proplad\/wp-json\/wp\/v2\/pages\/1361"}],"wp:attachment":[{"href":"https:\/\/wp.ufpel.edu.br\/proplad\/wp-json\/wp\/v2\/media?parent=4982"}],"curies":[{"name":"wp","href":"https:\/\/api.w.org\/{rel}","templated":true}]}}