{"id":4712,"date":"2019-10-10T18:22:47","date_gmt":"2019-10-10T21:22:47","guid":{"rendered":"https:\/\/wp.ufpel.edu.br\/proplan\/?page_id=4712"},"modified":"2019-10-10T18:22:47","modified_gmt":"2019-10-10T21:22:47","slug":"faculdade-de-odontologia","status":"publish","type":"page","link":"https:\/\/wp.ufpel.edu.br\/proplad\/agenda-das-salas\/faculdade-de-odontologia\/","title":{"rendered":"Faculdade de Odontologia"},"content":{"rendered":"<p><strong>A SACE conta com a colabora\u00e7\u00e3o da unidade em quest\u00e3o. A Odontologia disponibiliza apenas o per\u00edodo noturno para compartilhamento de salas, n\u00e3o sendo poss\u00edvel realizar agendamentos no per\u00edodo diurno atrav\u00e9s da SACE nesse pr\u00e9dio.<\/strong><\/p>\n<p>&nbsp;<\/p>\n\n<!-- iframe plugin v.6.0 wordpress.org\/plugins\/iframe\/ -->\n<iframe src=\"https:\/\/calendar.google.com\/calendar\/b\/2\/embed?height=600&#038;wkst=1&#038;bgcolor=%23ffffff&#038;ctz=America%2FSao_Paulo&#038;src=cHJvcGxhbi51ZnBlbC5lZHUuYnJfMzgzNjMwMzQzNzM3MzEzNTJkMzkzNTMyQHJlc291cmNlLmNhbGVuZGFyLmdvb2dsZS5jb20&#038;color=%23039BE5&#038;mode=WEEK\" style=\"border-width:0\" width=\"700\" height=\"500\" frameborder=\"0\" scrolling=\"no\" class=\"iframe-class\"><\/iframe>\n\n<div style=\"float: right;clear: right;margin-top: 2%;width: 230px;height: 60px\">\n<p style=\"line-height: 100%\"><strong>Capacidade: <\/strong>65<\/p>\n<p style=\"line-height: 100%\"><strong>Projetor<\/strong><\/p>\n<\/div>\n<p>&nbsp;<\/p>\n\n<!-- iframe plugin v.6.0 wordpress.org\/plugins\/iframe\/ -->\n<iframe src=\"https:\/\/calendar.google.com\/calendar\/b\/2\/embed?height=500&#038;wkst=1&#038;bgcolor=%23ffffff&#038;ctz=America%2FSao_Paulo&#038;src=cHJvcGxhbi51ZnBlbC5lZHUuYnJfMzUzOTM0MzczNjMzMzUzMjJkMzUzNTMyQHJlc291cmNlLmNhbGVuZGFyLmdvb2dsZS5jb20&#038;color=%233F51B5&#038;mode=WEEK\" style=\"border-width:0\" width=\"700\" height=\"500\" frameborder=\"0\" scrolling=\"no\" class=\"iframe-class\"><\/iframe>\n\n<div style=\"float: right;clear: right;margin-top: 2%;width: 230px;height: 60px\">\n<p style=\"line-height: 100%\"><strong>Capacidade: <\/strong>65<\/p>\n<p style=\"line-height: 100%\"><strong>Projetor<\/strong><\/p>\n<\/div>\n<p>&nbsp;<\/p>\n\n<!-- iframe plugin v.6.0 wordpress.org\/plugins\/iframe\/ -->\n<iframe src=\"https:\/\/calendar.google.com\/calendar\/b\/2\/embed?height=500&#038;wkst=1&#038;bgcolor=%23ffffff&#038;ctz=America%2FSao_Paulo&#038;src=cHJvcGxhbi51ZnBlbC5lZHUuYnJfMzQzMTMxMzIzNTM3MzEzMzM5MzkzMEByZXNvdXJjZS5jYWxlbmRhci5nb29nbGUuY29t&#038;color=%23C0CA33&#038;mode=WEEK\" style=\"border-width:0\" width=\"700\" height=\"500\" frameborder=\"0\" scrolling=\"no\" class=\"iframe-class\"><\/iframe>\n\n<div style=\"float: right;clear: right;margin-top: 2%;width: 230px;height: 60px\">\n<p style=\"line-height: 100%\"><strong>Capacidade: <\/strong>73<\/p>\n<p style=\"line-height: 100%\"><strong>Projetor<\/strong><\/p>\n<\/div>\n<p>&nbsp;<\/p>\n\n<!-- iframe plugin v.6.0 wordpress.org\/plugins\/iframe\/ -->\n<iframe src=\"https:\/\/calendar.google.com\/calendar\/b\/2\/embed?height=500&#038;wkst=1&#038;bgcolor=%23ffffff&#038;ctz=America%2FSao_Paulo&#038;src=cHJvcGxhbi51ZnBlbC5lZHUuYnJfMzEzNzM2MzQzNTM0MzYzNjJkMzUzNDM1QHJlc291cmNlLmNhbGVuZGFyLmdvb2dsZS5jb20&#038;color=%23E4C441&#038;mode=WEEK\" style=\"border-width:0\" width=\"700\" height=\"500\" frameborder=\"0\" scrolling=\"no\" class=\"iframe-class\"><\/iframe>\n\n<div style=\"float: right;clear: right;margin-top: 2%;width: 230px;height: 60px\">\n<p style=\"line-height: 100%\"><strong>Capacidade: <\/strong>73<\/p>\n<p style=\"line-height: 100%\"><strong>Projetor<\/strong><\/p>\n<\/div>\n<p>&nbsp;<\/p>\n","protected":false},"excerpt":{"rendered":"<p>A SACE conta com a colabora\u00e7\u00e3o da unidade em quest\u00e3o. A Odontologia disponibiliza apenas o per\u00edodo noturno para compartilhamento de salas, n\u00e3o sendo poss\u00edvel realizar agendamentos no per\u00edodo diurno atrav\u00e9s da SACE nesse pr\u00e9dio. &nbsp; Capacidade: 65 Projetor &nbsp; Capacidade: 65 Projetor &nbsp; Capacidade: 73 Projetor &nbsp; Capacidade: 73 Projetor &nbsp;<\/p>\n","protected":false},"author":1353,"featured_media":0,"parent":1361,"menu_order":0,"comment_status":"closed","ping_status":"closed","template":"page-sem-sidebar.php","meta":{"jetpack_post_was_ever_published":false,"footnotes":""},"class_list":["post-4712","page","type-page","status-publish","hentry"],"jetpack_sharing_enabled":true,"_links":{"self":[{"href":"https:\/\/wp.ufpel.edu.br\/proplad\/wp-json\/wp\/v2\/pages\/4712","targetHints":{"allow":["GET"]}}],"collection":[{"href":"https:\/\/wp.ufpel.edu.br\/proplad\/wp-json\/wp\/v2\/pages"}],"about":[{"href":"https:\/\/wp.ufpel.edu.br\/proplad\/wp-json\/wp\/v2\/types\/page"}],"author":[{"embeddable":true,"href":"https:\/\/wp.ufpel.edu.br\/proplad\/wp-json\/wp\/v2\/users\/1353"}],"replies":[{"embeddable":true,"href":"https:\/\/wp.ufpel.edu.br\/proplad\/wp-json\/wp\/v2\/comments?post=4712"}],"version-history":[{"count":0,"href":"https:\/\/wp.ufpel.edu.br\/proplad\/wp-json\/wp\/v2\/pages\/4712\/revisions"}],"up":[{"embeddable":true,"href":"https:\/\/wp.ufpel.edu.br\/proplad\/wp-json\/wp\/v2\/pages\/1361"}],"wp:attachment":[{"href":"https:\/\/wp.ufpel.edu.br\/proplad\/wp-json\/wp\/v2\/media?parent=4712"}],"curies":[{"name":"wp","href":"https:\/\/api.w.org\/{rel}","templated":true}]}}