{"id":4271,"date":"2018-06-15T14:37:33","date_gmt":"2018-06-15T17:37:33","guid":{"rendered":"https:\/\/wp.ufpel.edu.br\/proplan\/?page_id=4271"},"modified":"2018-06-15T14:37:33","modified_gmt":"2018-06-15T17:37:33","slug":"materiais","status":"publish","type":"page","link":"https:\/\/wp.ufpel.edu.br\/proplad\/superintendencia-de-orcamento-e-gestao-de-recursos\/nucleos-sor\/materiais\/","title":{"rendered":"Materiais"},"content":{"rendered":"<p>Confira abaixo o material utilizado no treinamento sobre procedimentos or\u00e7ament\u00e1rios na UFPel, o qual foi ministrado em junho de 2018 no curso &#8220;Procedimentos Administrativos&#8221;, promovido pela CDP\/PROGEP.<\/p>\n<p><a href=\"https:\/\/wp.ufpel.edu.br\/proplad\/files\/2018\/06\/Treinamento_SOR_UFPel_2018.pdf\">Treinamento_SOR_UFPel_2018<\/a><\/p>\n<p>_______________________________________________________________________________________________________<\/p>\n<p>Tutorial do sistema de cr\u00e9ditos or\u00e7ament\u00e1rios no Cobalto<\/p>\n<p><a href=\"https:\/\/wp.ufpel.edu.br\/proplad\/files\/2019\/01\/Sistema-de-creditos-orcamentarios-Cobalto-V1-2.pdf\">Sistema de cr\u00e9ditos or\u00e7ament\u00e1rios &#8211; Cobalto V1 &#8211; 2<\/a><\/p>\n<p>Tutorial para gestor conceder acesso ao Cobalto<\/p>\n<p><a href=\"https:\/\/wp.ufpel.edu.br\/proplad\/files\/2019\/01\/Rotina-para-conceder-acesso.pdf\">Rotina para conceder acesso<\/a><\/p>\n<p>_______________________________________________________________________________________________________<\/p>\n<p>Treinamento &#8211; Procedimentos Or\u00e7ament\u00e1rios<a href=\"https:\/\/wp.ufpel.edu.br\/proplad\/files\/2019\/03\/Treinamento_UFPel_SOR_2019.pdf\"><br \/>\nTreinamento_UFPel_SOR_2019<\/a><\/p>\n","protected":false},"excerpt":{"rendered":"<p>Confira abaixo o material utilizado no treinamento sobre procedimentos or\u00e7ament\u00e1rios na UFPel, o qual foi ministrado em junho de 2018 no curso &#8220;Procedimentos Administrativos&#8221;, promovido pela CDP\/PROGEP. Treinamento_SOR_UFPel_2018 _______________________________________________________________________________________________________ Tutorial do sistema de cr\u00e9ditos or\u00e7ament\u00e1rios no Cobalto Sistema de cr\u00e9ditos or\u00e7ament\u00e1rios &#8211; Cobalto V1 &#8211; 2 Tutorial para gestor conceder acesso ao Cobalto Rotina para [&hellip;]<\/p>\n","protected":false},"author":1353,"featured_media":0,"parent":3683,"menu_order":0,"comment_status":"closed","ping_status":"closed","template":"","meta":{"jetpack_post_was_ever_published":false,"footnotes":""},"class_list":["post-4271","page","type-page","status-publish","hentry"],"jetpack_sharing_enabled":true,"_links":{"self":[{"href":"https:\/\/wp.ufpel.edu.br\/proplad\/wp-json\/wp\/v2\/pages\/4271","targetHints":{"allow":["GET"]}}],"collection":[{"href":"https:\/\/wp.ufpel.edu.br\/proplad\/wp-json\/wp\/v2\/pages"}],"about":[{"href":"https:\/\/wp.ufpel.edu.br\/proplad\/wp-json\/wp\/v2\/types\/page"}],"author":[{"embeddable":true,"href":"https:\/\/wp.ufpel.edu.br\/proplad\/wp-json\/wp\/v2\/users\/1353"}],"replies":[{"embeddable":true,"href":"https:\/\/wp.ufpel.edu.br\/proplad\/wp-json\/wp\/v2\/comments?post=4271"}],"version-history":[{"count":0,"href":"https:\/\/wp.ufpel.edu.br\/proplad\/wp-json\/wp\/v2\/pages\/4271\/revisions"}],"up":[{"embeddable":true,"href":"https:\/\/wp.ufpel.edu.br\/proplad\/wp-json\/wp\/v2\/pages\/3683"}],"wp:attachment":[{"href":"https:\/\/wp.ufpel.edu.br\/proplad\/wp-json\/wp\/v2\/media?parent=4271"}],"curies":[{"name":"wp","href":"https:\/\/api.w.org\/{rel}","templated":true}]}}