{"id":4132,"date":"2018-05-08T09:16:39","date_gmt":"2018-05-08T12:16:39","guid":{"rendered":"https:\/\/wp.ufpel.edu.br\/proplan\/?page_id=4132"},"modified":"2018-05-08T09:16:39","modified_gmt":"2018-05-08T12:16:39","slug":"horarios","status":"publish","type":"page","link":"https:\/\/wp.ufpel.edu.br\/proplad\/horarios\/","title":{"rendered":"Hor\u00e1rios"},"content":{"rendered":"<p style=\"text-align: center\"><strong>HOR\u00c1RIOS DE ATENDIMENTO<\/strong><\/p>\n<p>De 6 de janeiro a 28 de fevereiro turno \u00fanico: das 8h \u00e0s 12h.<\/p>\n<p>(com exce\u00e7\u00e3o de 26 de fevereiro &#8211; Quarta-feira de Cinzas &#8211; cujo hor\u00e1rio ser\u00e1 das 14h \u00e0s 18h)<\/p>\n","protected":false},"excerpt":{"rendered":"<p>HOR\u00c1RIOS DE ATENDIMENTO De 6 de janeiro a 28 de fevereiro turno \u00fanico: das 8h \u00e0s 12h. (com exce\u00e7\u00e3o de 26 de fevereiro &#8211; Quarta-feira de Cinzas &#8211; cujo hor\u00e1rio ser\u00e1 das 14h \u00e0s 18h)<\/p>\n","protected":false},"author":1353,"featured_media":0,"parent":0,"menu_order":0,"comment_status":"closed","ping_status":"closed","template":"","meta":{"jetpack_post_was_ever_published":false,"footnotes":""},"class_list":["post-4132","page","type-page","status-publish","hentry"],"jetpack_sharing_enabled":true,"_links":{"self":[{"href":"https:\/\/wp.ufpel.edu.br\/proplad\/wp-json\/wp\/v2\/pages\/4132","targetHints":{"allow":["GET"]}}],"collection":[{"href":"https:\/\/wp.ufpel.edu.br\/proplad\/wp-json\/wp\/v2\/pages"}],"about":[{"href":"https:\/\/wp.ufpel.edu.br\/proplad\/wp-json\/wp\/v2\/types\/page"}],"author":[{"embeddable":true,"href":"https:\/\/wp.ufpel.edu.br\/proplad\/wp-json\/wp\/v2\/users\/1353"}],"replies":[{"embeddable":true,"href":"https:\/\/wp.ufpel.edu.br\/proplad\/wp-json\/wp\/v2\/comments?post=4132"}],"version-history":[{"count":0,"href":"https:\/\/wp.ufpel.edu.br\/proplad\/wp-json\/wp\/v2\/pages\/4132\/revisions"}],"wp:attachment":[{"href":"https:\/\/wp.ufpel.edu.br\/proplad\/wp-json\/wp\/v2\/media?parent=4132"}],"curies":[{"name":"wp","href":"https:\/\/api.w.org\/{rel}","templated":true}]}}