{"id":4077,"date":"2017-09-27T13:39:57","date_gmt":"2017-09-27T16:39:57","guid":{"rendered":"https:\/\/wp.ufpel.edu.br\/proplan\/?page_id=4077"},"modified":"2017-09-27T13:39:57","modified_gmt":"2017-09-27T16:39:57","slug":"cartilha-de-especificacao-de-moveis-e-equipamentos","status":"publish","type":"page","link":"https:\/\/wp.ufpel.edu.br\/proplad\/cartilha-de-especificacao-de-moveis-e-equipamentos\/","title":{"rendered":"Cartilha de Especifica\u00e7\u00e3o de M\u00f3veis e Equipamentos"},"content":{"rendered":"<p><a href=\"https:\/\/wp.ufpel.edu.br\/proplad\/files\/2020\/03\/Cartilha-Moveis-UFPel.pdf\">Cartilha M\u00f3veis UFPel<\/a><\/p>\n","protected":false},"excerpt":{"rendered":"<p>Cartilha M\u00f3veis UFPel<\/p>\n","protected":false},"author":1353,"featured_media":0,"parent":0,"menu_order":0,"comment_status":"closed","ping_status":"closed","template":"","meta":{"jetpack_post_was_ever_published":false,"footnotes":""},"class_list":["post-4077","page","type-page","status-publish","hentry"],"jetpack_sharing_enabled":true,"_links":{"self":[{"href":"https:\/\/wp.ufpel.edu.br\/proplad\/wp-json\/wp\/v2\/pages\/4077","targetHints":{"allow":["GET"]}}],"collection":[{"href":"https:\/\/wp.ufpel.edu.br\/proplad\/wp-json\/wp\/v2\/pages"}],"about":[{"href":"https:\/\/wp.ufpel.edu.br\/proplad\/wp-json\/wp\/v2\/types\/page"}],"author":[{"embeddable":true,"href":"https:\/\/wp.ufpel.edu.br\/proplad\/wp-json\/wp\/v2\/users\/1353"}],"replies":[{"embeddable":true,"href":"https:\/\/wp.ufpel.edu.br\/proplad\/wp-json\/wp\/v2\/comments?post=4077"}],"version-history":[{"count":0,"href":"https:\/\/wp.ufpel.edu.br\/proplad\/wp-json\/wp\/v2\/pages\/4077\/revisions"}],"wp:attachment":[{"href":"https:\/\/wp.ufpel.edu.br\/proplad\/wp-json\/wp\/v2\/media?parent=4077"}],"curies":[{"name":"wp","href":"https:\/\/api.w.org\/{rel}","templated":true}]}}