{"id":3724,"date":"2017-01-26T08:56:32","date_gmt":"2017-01-26T10:56:32","guid":{"rendered":"https:\/\/wp.ufpel.edu.br\/proplan\/?page_id=3724"},"modified":"2017-01-26T08:56:32","modified_gmt":"2017-01-26T10:56:32","slug":"planejamento-ambiental","status":"publish","type":"page","link":"https:\/\/wp.ufpel.edu.br\/proplad\/coordenacao-de-desenvolvimento-do-plano-diretor\/nucleos-diretor\/planejamento-ambiental\/","title":{"rendered":"N\u00facleo de Gest\u00e3o Ambiental"},"content":{"rendered":"<p><span style=\"font-family: arial, helvetica, sans-serif;font-size: 10pt\">Planejamento do ambiental institucional, encaminhando licenciamentos ambientais, redu\u00e7\u00e3o de passivos ambientais, preserva\u00e7\u00e3o do ambiente natural e pol\u00edtica de educa\u00e7\u00e3o ambiental institucional.<\/span><\/p>\n<p>&nbsp;<\/p>\n<p><span style=\"font-family: arial, helvetica, sans-serif;font-size: 10pt\">Finalidade:<\/span><\/p>\n<ul>\n<li><span style=\"font-family: arial, helvetica, sans-serif;font-size: 10pt\">Desenvolver a pol\u00edtica de preserva\u00e7\u00e3o e valoriza\u00e7\u00e3o ambiental institucional.<\/span><\/li>\n<li><span style=\"font-family: arial, helvetica, sans-serif;font-size: 10pt\">Encaminhar licenciamentos ambientais.<\/span><\/li>\n<li><span style=\"font-family: arial, helvetica, sans-serif;font-size: 10pt\">Desenvolve plano para mitiga\u00e7\u00e3o dos de impactos e passivos ambientais.<\/span><\/li>\n<li><span style=\"font-family: arial, helvetica, sans-serif;font-size: 10pt\">Elaborar planos de educa\u00e7\u00e3o e conscientiza\u00e7\u00e3o ambiental.<\/span><\/li>\n<\/ul>\n<p>&nbsp;<\/p>\n<p><strong><span style=\"font-family: arial, helvetica, sans-serif;font-size: 10pt\">Contato<\/span><\/strong><\/p>\n<p><span style=\"font-family: arial, helvetica, sans-serif;font-size: 10pt\">Rubia Flores Romani<\/span><\/p>\n<p><span style=\"font-family: arial, helvetica, sans-serif;font-size: 10pt\">Telefone: (53) 3284 &#8211; 3915<\/span><\/p>\n<p><span style=\"font-family: arial, helvetica, sans-serif;font-size: 10pt\">E-mail:\u00a0 <a href=\"mailto:planodiretor@ufpel.edu.br\" target=\"_blank\" rel=\"noopener noreferrer\">planodiretor@ufpel.edu.br<\/a><\/span><\/p>\n","protected":false},"excerpt":{"rendered":"<p>Planejamento do ambiental institucional, encaminhando licenciamentos ambientais, redu\u00e7\u00e3o de passivos ambientais, preserva\u00e7\u00e3o do ambiente natural e pol\u00edtica de educa\u00e7\u00e3o ambiental institucional. &nbsp; Finalidade: Desenvolver a pol\u00edtica de preserva\u00e7\u00e3o e valoriza\u00e7\u00e3o ambiental institucional. Encaminhar licenciamentos ambientais. Desenvolve plano para mitiga\u00e7\u00e3o dos de impactos e passivos ambientais. Elaborar planos de educa\u00e7\u00e3o e conscientiza\u00e7\u00e3o ambiental. &nbsp; Contato Rubia [&hellip;]<\/p>\n","protected":false},"author":1353,"featured_media":0,"parent":3707,"menu_order":0,"comment_status":"closed","ping_status":"closed","template":"","meta":{"jetpack_post_was_ever_published":false,"footnotes":""},"class_list":["post-3724","page","type-page","status-publish","hentry"],"jetpack_sharing_enabled":true,"_links":{"self":[{"href":"https:\/\/wp.ufpel.edu.br\/proplad\/wp-json\/wp\/v2\/pages\/3724","targetHints":{"allow":["GET"]}}],"collection":[{"href":"https:\/\/wp.ufpel.edu.br\/proplad\/wp-json\/wp\/v2\/pages"}],"about":[{"href":"https:\/\/wp.ufpel.edu.br\/proplad\/wp-json\/wp\/v2\/types\/page"}],"author":[{"embeddable":true,"href":"https:\/\/wp.ufpel.edu.br\/proplad\/wp-json\/wp\/v2\/users\/1353"}],"replies":[{"embeddable":true,"href":"https:\/\/wp.ufpel.edu.br\/proplad\/wp-json\/wp\/v2\/comments?post=3724"}],"version-history":[{"count":0,"href":"https:\/\/wp.ufpel.edu.br\/proplad\/wp-json\/wp\/v2\/pages\/3724\/revisions"}],"up":[{"embeddable":true,"href":"https:\/\/wp.ufpel.edu.br\/proplad\/wp-json\/wp\/v2\/pages\/3707"}],"wp:attachment":[{"href":"https:\/\/wp.ufpel.edu.br\/proplad\/wp-json\/wp\/v2\/media?parent=3724"}],"curies":[{"name":"wp","href":"https:\/\/api.w.org\/{rel}","templated":true}]}}