{"id":3710,"date":"2017-01-26T08:46:04","date_gmt":"2017-01-26T10:46:04","guid":{"rendered":"https:\/\/wp.ufpel.edu.br\/proplan\/?page_id=3710"},"modified":"2025-06-06T17:18:39","modified_gmt":"2025-06-06T20:18:39","slug":"contato-diretor","status":"publish","type":"page","link":"https:\/\/wp.ufpel.edu.br\/proplad\/coordenacao-de-desenvolvimento-do-plano-diretor\/contato-diretor\/","title":{"rendered":"Contato CGAPD"},"content":{"rendered":"<h4><strong><span style=\"font-family: arial, helvetica, sans-serif; font-size: 12pt;\">Coordena\u00e7\u00e3o de Gest\u00e3o Ambiental e Plano Diretor<\/span><\/strong><\/h4>\n<p><span style=\"font-family: arial, helvetica, sans-serif; font-size: 10pt;\">Pr\u00f3-Reitoria de Planejamento e Administra\u00e7\u00e3o | PROPLAD<\/span><\/p>\n<p><span style=\"font-family: georgia, palatino, serif; font-size: 10pt; color: #000000;\"><strong>Coordenadora:\u00a0<\/strong>C\u00edntia\u00a0Vieira Essinger<\/span><br \/>\n<span style=\"font-family: georgia, palatino, serif; font-size: 10pt; color: #000000;\"><strong>Telefone: <\/strong>(53) 3284 \u2013 3965<\/span><br \/>\n<span style=\"font-family: georgia, palatino, serif; font-size: 10pt; color: #000000;\"> <strong>e-mail:<\/strong>cgapd@ufpel.edu.br<\/span><br \/>\n<span style=\"font-family: georgia, palatino, serif; font-size: 10pt; color: #000000;\"> <strong>Endere\u00e7o: <\/strong>Rua Gomes Carneiro, 01 | Sala 306\/307 | Bloco A<\/span><\/p>\n\n<div class=\"wpcf7 no-js\" id=\"wpcf7-f3957-o1\" lang=\"pt-PT\" dir=\"ltr\" data-wpcf7-id=\"3957\">\n<div class=\"screen-reader-response\"><p role=\"status\" aria-live=\"polite\" aria-atomic=\"true\"><\/p> <ul><\/ul><\/div>\n<form action=\"\/proplad\/wp-json\/wp\/v2\/pages\/3710#wpcf7-f3957-o1\" method=\"post\" class=\"wpcf7-form init\" aria-label=\"Formul\u00e1rios de contato\" novalidate=\"novalidate\" data-status=\"init\">\n<fieldset class=\"hidden-fields-container\"><input type=\"hidden\" name=\"_wpcf7\" value=\"3957\" \/><input type=\"hidden\" name=\"_wpcf7_version\" value=\"6.1.4\" \/><input type=\"hidden\" name=\"_wpcf7_locale\" value=\"pt_PT\" \/><input type=\"hidden\" name=\"_wpcf7_unit_tag\" value=\"wpcf7-f3957-o1\" \/><input type=\"hidden\" name=\"_wpcf7_container_post\" value=\"0\" \/><input type=\"hidden\" name=\"_wpcf7_posted_data_hash\" value=\"\" \/>\n<\/fieldset>\n<p>\n\t<font color=\"black\" size=\"10\" face=\"arial\">Nome (obrigat\u00f3rio)\n\n <span class=\"wpcf7-form-control-wrap\" data-name=\"your-name\"><input size=\"40\" maxlength=\"400\" class=\"wpcf7-form-control wpcf7-text wpcf7-validates-as-required\" aria-required=\"true\" aria-invalid=\"false\" value=\"\" type=\"text\" name=\"your-name\" \/><\/span>\n\t<\/font>\n<\/p>\n<p>\n\t<font color=\"black\" size=\"10\" face=\"arial\">E-maill (obrigat\u00f3rio)\n\n <span class=\"wpcf7-form-control-wrap\" data-name=\"your-email\"><input size=\"40\" maxlength=\"400\" class=\"wpcf7-form-control wpcf7-email wpcf7-validates-as-required wpcf7-text wpcf7-validates-as-email\" aria-required=\"true\" aria-invalid=\"false\" value=\"\" type=\"email\" name=\"your-email\" \/><\/span>\n\t<\/font>\n<\/p>\n<p>\n\t<font color=\"black\" size=\"10\" face=\"arial\">Assunto\n\n <span class=\"wpcf7-form-control-wrap\" data-name=\"your-subject\"><input size=\"40\" maxlength=\"400\" class=\"wpcf7-form-control wpcf7-text\" aria-invalid=\"false\" value=\"\" type=\"text\" name=\"your-subject\" \/><\/span>\n\t<\/font>\n<\/p>\n<p>\n\t<font color=\"black\" size=\"10\" face=\"arial\">Mensagem\n\n <span class=\"wpcf7-form-control-wrap\" data-name=\"your-message\"><textarea cols=\"40\" rows=\"10\" maxlength=\"2000\" class=\"wpcf7-form-control wpcf7-textarea\" aria-invalid=\"false\" name=\"your-message\"><\/textarea><\/span>\n\t<\/font>\n<\/p>\n<p>\n\t<font color=\"black\" size=\"10\" face=\"arial\"><input class=\"wpcf7-form-control wpcf7-submit has-spinner\" type=\"submit\" value=\"Enviar\" \/>\n\t<\/font>\n<\/p><p style=\"display: none !important;\" class=\"akismet-fields-container\" data-prefix=\"_wpcf7_ak_\"><label>&#916;<textarea name=\"_wpcf7_ak_hp_textarea\" cols=\"45\" rows=\"8\" maxlength=\"100\"><\/textarea><\/label><input type=\"hidden\" id=\"ak_js_1\" name=\"_wpcf7_ak_js\" value=\"126\"\/><script>document.getElementById( \"ak_js_1\" ).setAttribute( \"value\", ( new Date() ).getTime() );<\/script><\/p><div class=\"wpcf7-response-output\" aria-hidden=\"true\"><\/div>\n<\/form>\n<\/div>\n\n","protected":false},"excerpt":{"rendered":"<p>Coordena\u00e7\u00e3o de Gest\u00e3o Ambiental e Plano Diretor Pr\u00f3-Reitoria de Planejamento e Administra\u00e7\u00e3o | PROPLAD Coordenadora:\u00a0C\u00edntia\u00a0Vieira Essinger Telefone: (53) 3284 \u2013 3965 e-mail:cgapd@ufpel.edu.br Endere\u00e7o: Rua Gomes Carneiro, 01 | Sala 306\/307 | Bloco A<\/p>\n","protected":false},"author":1353,"featured_media":0,"parent":3649,"menu_order":0,"comment_status":"closed","ping_status":"closed","template":"","meta":{"jetpack_post_was_ever_published":false,"footnotes":""},"class_list":["post-3710","page","type-page","status-publish","hentry"],"jetpack_sharing_enabled":true,"_links":{"self":[{"href":"https:\/\/wp.ufpel.edu.br\/proplad\/wp-json\/wp\/v2\/pages\/3710","targetHints":{"allow":["GET"]}}],"collection":[{"href":"https:\/\/wp.ufpel.edu.br\/proplad\/wp-json\/wp\/v2\/pages"}],"about":[{"href":"https:\/\/wp.ufpel.edu.br\/proplad\/wp-json\/wp\/v2\/types\/page"}],"author":[{"embeddable":true,"href":"https:\/\/wp.ufpel.edu.br\/proplad\/wp-json\/wp\/v2\/users\/1353"}],"replies":[{"embeddable":true,"href":"https:\/\/wp.ufpel.edu.br\/proplad\/wp-json\/wp\/v2\/comments?post=3710"}],"version-history":[{"count":1,"href":"https:\/\/wp.ufpel.edu.br\/proplad\/wp-json\/wp\/v2\/pages\/3710\/revisions"}],"predecessor-version":[{"id":5484,"href":"https:\/\/wp.ufpel.edu.br\/proplad\/wp-json\/wp\/v2\/pages\/3710\/revisions\/5484"}],"up":[{"embeddable":true,"href":"https:\/\/wp.ufpel.edu.br\/proplad\/wp-json\/wp\/v2\/pages\/3649"}],"wp:attachment":[{"href":"https:\/\/wp.ufpel.edu.br\/proplad\/wp-json\/wp\/v2\/media?parent=3710"}],"curies":[{"name":"wp","href":"https:\/\/api.w.org\/{rel}","templated":true}]}}