{"id":3692,"date":"2017-01-25T11:46:18","date_gmt":"2017-01-25T13:46:18","guid":{"rendered":"https:\/\/wp.ufpel.edu.br\/proplan\/?page_id=3692"},"modified":"2026-03-10T09:50:21","modified_gmt":"2026-03-10T12:50:21","slug":"secao-de-alocacao-e-compartilhamento-de-espacos","status":"publish","type":"page","link":"https:\/\/wp.ufpel.edu.br\/proplad\/superintendencia-de-orcamento-e-gestao-de-recursos\/nucleos-sor\/secao-de-alocacao-e-compartilhamento-de-espacos\/","title":{"rendered":"Se\u00e7\u00e3o de Aloca\u00e7\u00e3o e Compartilhamento de Espa\u00e7os"},"content":{"rendered":"<h3>\u00d3rg\u00e3o respons\u00e1vel por sistematizar as informa\u00e7\u00f5es de disponibilidade, compartilhamento e uso dos espa\u00e7os institucionais.<\/h3>\n<h3><span style=\"font-family: tahoma, arial, helvetica, sans-serif;\"><strong>Documentos:<\/strong><\/span><\/h3>\n<p><a style=\"color: #000000;\" href=\"https:\/\/wp.ufpel.edu.br\/proplad\/files\/2025\/07\/SEI_3139185_Portaria_193.pdf\" target=\"_blank\" rel=\"noopener\">Audit\u00f3rio FAEM &#8211; Portaria n\u00b0 193 de 4\/07\/2025<\/a><br \/>\n<a style=\"color: #000000;\" href=\"https:\/\/wp.ufpel.edu.br\/proplad\/files\/2025\/04\/Wordpress-Eventos-Cobalto-1-2.pdf\">Tutorial Eventos<\/a><br \/>\n<a style=\"color: #000000;\" href=\"https:\/\/wp.ufpel.edu.br\/proplad\/files\/2025\/07\/Tutorial-Disciplinas.pdf\">Tutorial Disciplinas<\/a><br \/>\n<a style=\"color: #000000;\" href=\"https:\/\/cobalto.ufpel.edu.br\/servicosgerais\/consultas\/salasDeAula\">Consultar agendamentos de aulas e eventos no Cobalto<\/a><br \/>\n<a style=\"color: #000000;\" href=\"https:\/\/wp.ufpel.edu.br\/proplad\/files\/2025\/07\/planilha-falta-sala.xlsx\">Planilha Falta Sala<\/a><br \/>\n<a style=\"color: #000000;\" href=\"https:\/\/wp.ufpel.edu.br\/proplad\/files\/2025\/07\/Formulario-Correcao-Sala.docx\">Tabela de corre\u00e7\u00e3o de sala<\/a><\/p>\n<h3><span style=\"color: #000000; font-family: tahoma, arial, helvetica, sans-serif; font-size: 12pt;\"><strong><br \/>\nContato<\/strong><\/span><\/h3>\n<h3><span style=\"color: #000000; font-family: tahoma, arial, helvetica, sans-serif; font-size: 12pt;\"><strong>E-mail: sace@ufpel.edu.br<\/strong><\/span><\/h3>\n<p><span style=\"font-family: tahoma, arial, helvetica, sans-serif; font-size: 12pt;\"><span style=\"color: #000000;\"><a href=\"https:\/\/institucional.ufpel.edu.br\/servidores\/id\/136743\">Carina Franco<\/a><br \/>\n<a href=\"https:\/\/institucional.ufpel.edu.br\/servidores\/id\/77275\">Mar\u00edlia Brykalski<\/a><\/span><\/span><\/p>\n<p>Telefone: (53) 3284 3953<br \/>\nLocal: Sala A307<br \/>\nCampus Anglo<\/p>\n","protected":false},"excerpt":{"rendered":"<p>\u00d3rg\u00e3o respons\u00e1vel por sistematizar as informa\u00e7\u00f5es de disponibilidade, compartilhamento e uso dos espa\u00e7os institucionais. Documentos: Audit\u00f3rio FAEM &#8211; Portaria n\u00b0 193 de 4\/07\/2025 Tutorial Eventos Tutorial Disciplinas Consultar agendamentos de aulas e eventos no Cobalto Planilha Falta Sala Tabela de corre\u00e7\u00e3o de sala Contato E-mail: sace@ufpel.edu.br Carina Franco Mar\u00edlia Brykalski Telefone: (53) 3284 3953 Local: [&hellip;]<\/p>\n","protected":false},"author":1353,"featured_media":0,"parent":3683,"menu_order":0,"comment_status":"closed","ping_status":"closed","template":"","meta":{"jetpack_post_was_ever_published":false,"footnotes":""},"class_list":["post-3692","page","type-page","status-publish","hentry"],"jetpack_sharing_enabled":true,"_links":{"self":[{"href":"https:\/\/wp.ufpel.edu.br\/proplad\/wp-json\/wp\/v2\/pages\/3692","targetHints":{"allow":["GET"]}}],"collection":[{"href":"https:\/\/wp.ufpel.edu.br\/proplad\/wp-json\/wp\/v2\/pages"}],"about":[{"href":"https:\/\/wp.ufpel.edu.br\/proplad\/wp-json\/wp\/v2\/types\/page"}],"author":[{"embeddable":true,"href":"https:\/\/wp.ufpel.edu.br\/proplad\/wp-json\/wp\/v2\/users\/1353"}],"replies":[{"embeddable":true,"href":"https:\/\/wp.ufpel.edu.br\/proplad\/wp-json\/wp\/v2\/comments?post=3692"}],"version-history":[{"count":5,"href":"https:\/\/wp.ufpel.edu.br\/proplad\/wp-json\/wp\/v2\/pages\/3692\/revisions"}],"predecessor-version":[{"id":5622,"href":"https:\/\/wp.ufpel.edu.br\/proplad\/wp-json\/wp\/v2\/pages\/3692\/revisions\/5622"}],"up":[{"embeddable":true,"href":"https:\/\/wp.ufpel.edu.br\/proplad\/wp-json\/wp\/v2\/pages\/3683"}],"wp:attachment":[{"href":"https:\/\/wp.ufpel.edu.br\/proplad\/wp-json\/wp\/v2\/media?parent=3692"}],"curies":[{"name":"wp","href":"https:\/\/api.w.org\/{rel}","templated":true}]}}