{"id":3653,"date":"2017-01-25T11:08:12","date_gmt":"2017-01-25T13:08:12","guid":{"rendered":"https:\/\/wp.ufpel.edu.br\/proplan\/?page_id=3653"},"modified":"2017-01-25T11:08:12","modified_gmt":"2017-01-25T13:08:12","slug":"coordenacao-de-obras-e-projetos-para-estrutura-fisica","status":"publish","type":"page","link":"https:\/\/wp.ufpel.edu.br\/proplad\/coordenacao-de-obras-e-projetos-para-estrutura-fisica\/","title":{"rendered":"Coordena\u00e7\u00e3o de Obras e Projetos para Estrutura F\u00edsica"},"content":{"rendered":"<p><span style=\"font-family: arial, helvetica, sans-serif;font-size: 10pt;color: #000000\">Coordenar o desenvolvimento das obras e dos projetos sobre temas e demandas espec\u00edficas para o espa\u00e7o f\u00edsico institucional. Desenvolver anteprojetos, projetos executivos, especifica\u00e7\u00f5es, or\u00e7amentos, fiscaliza\u00e7\u00e3o, avalia\u00e7\u00f5es de im\u00f3veis, e estudos de viabilidade t\u00e9cnica.<\/span><\/p>\n<p><span style=\"font-family: arial, helvetica, sans-serif;font-size: 10pt;color: #000000\">Finalidade:<\/span><\/p>\n<ul>\n<li><span style=\"font-family: arial, helvetica, sans-serif;font-size: 10pt;color: #000000\">Desenvolve estudos de viabilidade t\u00e9cnica e econ\u00f4mica dos projetos;<\/span><\/li>\n<li><span style=\"font-family: arial, helvetica, sans-serif;font-size: 10pt;color: #000000\">Acompanha as aprova\u00e7\u00f5es dos projetos junto aos \u00f3rg\u00e3os competentes;<\/span><\/li>\n<li><span style=\"font-family: arial, helvetica, sans-serif;font-size: 10pt;color: #000000\">Elabora projetos arquitet\u00f4nicos, de desenho urbano, de reformas e de infraestruturas;<\/span><\/li>\n<li><span style=\"font-family: arial, helvetica, sans-serif;font-size: 10pt;color: #000000\">Elabora planos e projetos complementares: estrutural, hidrossanit\u00e1rio, instala\u00e7\u00f5es el\u00e9tricas, climatiza\u00e7\u00e3o, (SPDA) sistemas de prote\u00e7\u00e3o contra descargas atmosf\u00e9ricas, rede estruturada de l\u00f3gica e telefonia, e (PPCI) Plano de Preven\u00e7\u00e3o e Combate \u00e0 Incendio;<\/span><\/li>\n<li><span style=\"font-family: arial, helvetica, sans-serif;font-size: 10pt;color: #000000\">Elabora especifica\u00e7\u00f5es t\u00e9cnicas, or\u00e7amentos e demais documentos para encaminhamento do projeto para a licita\u00e7\u00e3o;<\/span><\/li>\n<li><span style=\"font-family: arial, helvetica, sans-serif;font-size: 10pt;color: #000000\">Realiza avalia\u00e7\u00f5es de im\u00f3veis, laudos e pareceres t\u00e9cnicos;<\/span><\/li>\n<li><span style=\"font-family: arial, helvetica, sans-serif;font-size: 10pt;color: #000000\">Fiscaliza a execu\u00e7\u00e3o das obras;<\/span><\/li>\n<li><span style=\"font-family: arial, helvetica, sans-serif;font-size: 10pt;color: #000000\">Sistematiza procedimentos para a pr\u00e1tica de fiscaliza\u00e7\u00e3o das obras;<\/span><\/li>\n<li><span style=\"font-family: arial, helvetica, sans-serif;font-size: 10pt;color: #000000\">Desenvolve estudos nas \u00e1reas tecnol\u00f3gicas para o aperfei\u00e7oamento dos projetos visando a sustentabilidade e efici\u00eancia energ\u00e9tica;<\/span><\/li>\n<li><span style=\"font-family: arial, helvetica, sans-serif;font-size: 10pt;color: #000000\">Presta assessoria t\u00e9cnica \u00e0 superintend\u00eancia de infraestrutura da Pr\u00f3-reitoria administrativa.<\/span><\/li>\n<\/ul>\n<p>&nbsp;<\/p>\n","protected":false},"excerpt":{"rendered":"<p>Coordenar o desenvolvimento das obras e dos projetos sobre temas e demandas espec\u00edficas para o espa\u00e7o f\u00edsico institucional. Desenvolver anteprojetos, projetos executivos, especifica\u00e7\u00f5es, or\u00e7amentos, fiscaliza\u00e7\u00e3o, avalia\u00e7\u00f5es de im\u00f3veis, e estudos de viabilidade t\u00e9cnica. Finalidade: Desenvolve estudos de viabilidade t\u00e9cnica e econ\u00f4mica dos projetos; Acompanha as aprova\u00e7\u00f5es dos projetos junto aos \u00f3rg\u00e3os competentes; Elabora projetos arquitet\u00f4nicos, [&hellip;]<\/p>\n","protected":false},"author":1353,"featured_media":0,"parent":0,"menu_order":0,"comment_status":"closed","ping_status":"closed","template":"","meta":{"jetpack_post_was_ever_published":false,"footnotes":""},"class_list":["post-3653","page","type-page","status-publish","hentry"],"jetpack_sharing_enabled":true,"_links":{"self":[{"href":"https:\/\/wp.ufpel.edu.br\/proplad\/wp-json\/wp\/v2\/pages\/3653","targetHints":{"allow":["GET"]}}],"collection":[{"href":"https:\/\/wp.ufpel.edu.br\/proplad\/wp-json\/wp\/v2\/pages"}],"about":[{"href":"https:\/\/wp.ufpel.edu.br\/proplad\/wp-json\/wp\/v2\/types\/page"}],"author":[{"embeddable":true,"href":"https:\/\/wp.ufpel.edu.br\/proplad\/wp-json\/wp\/v2\/users\/1353"}],"replies":[{"embeddable":true,"href":"https:\/\/wp.ufpel.edu.br\/proplad\/wp-json\/wp\/v2\/comments?post=3653"}],"version-history":[{"count":0,"href":"https:\/\/wp.ufpel.edu.br\/proplad\/wp-json\/wp\/v2\/pages\/3653\/revisions"}],"wp:attachment":[{"href":"https:\/\/wp.ufpel.edu.br\/proplad\/wp-json\/wp\/v2\/media?parent=3653"}],"curies":[{"name":"wp","href":"https:\/\/api.w.org\/{rel}","templated":true}]}}